{"id":7410,"date":"2021-02-04T13:00:44","date_gmt":"2024-10-29T17:56:49","guid":{"rendered":"https:\/\/uniest.it\/prodotto\/wiederverwendbare-kochsalzbinden-kit\/"},"modified":"2024-10-29T18:56:49","modified_gmt":"2024-10-29T17:56:49","slug":"wiederverwendbare-kochsalzbinden-kit","status":"publish","type":"product","link":"https:\/\/uniest.it\/de\/prodotto\/wiederverwendbare-kochsalzbinden-kit\/","title":{"rendered":"Wiederverwendbare Kochsalzbinden-KIT"},"content":{"rendered":"<p>WIEDERVERWENDBARE, mit weichem Gel getr\u00e4nkte Salzverb\u00e4nde (250 ml + 50 ml KOSTENLOS), die 30 % Salze aus dem Toten Meer enthalten, die seit jeher als die besten Verb\u00fcndeten f\u00fcr Sch\u00f6nheit und Gesundheit gelten. Dank ihrer hohen Konzentration an nat\u00fcrlichen Mineralien sind sie eine hervorragende Hilfe bei der Bek\u00e4mpfung von Cellulite und Wassereinlagerungen, spenden der Haut tiefe Feuchtigkeit, bek\u00e4mpfen schlaffe Haut, indem sie die Haut revitalisieren, und haben au\u00dferdem eine abschwellende und entgiftende Wirkung. Salze wirken durch einen Umkehrosmosemechanismus und geben dem K\u00f6rper ihren Gehalt an Mineralien und Spurenelementen, gleichzeitig scheidet der K\u00f6rper Fl\u00fcssigkeiten und Giftstoffe aus. Dieser Formel wird eine jodierte Verbindung zugesetzt, die die Wirkung von Salzen aus dem Toten Meer verst\u00e4rkt und das Produkt speziell f\u00fcr Patienten mit Cellulite, Wassereinlagerungen und Fett zur Behandlung zu Hause macht. Ihre besondere Form erm\u00f6glicht eine Verl\u00e4ngerung der Bandage um 10 Zentimeter in der H\u00f6he und eine Verl\u00e4ngerung um mehrere Meter, um die Verwendung zu erleichtern.<\/p>\n","protected":false},"excerpt":{"rendered":"<p>WIEDERVERWENDBARE, mit weichem Gel getr\u00e4nkte Salzverb\u00e4nde (250 ml + 50 ml KOSTENLOS), die 30 % Salze aus dem Toten Meer enthalten, die seit jeher als die besten Verb\u00fcndeten f\u00fcr Sch\u00f6nheit und Gesundheit gelten. Dank ihrer hohen Konzentration an nat\u00fcrlichen Mineralien sind sie eine hervorragende Hilfe bei der Bek\u00e4mpfung von Cellulite und Wassereinlagerungen, spenden der Haut [&hellip;]<\/p>\n","protected":false},"featured_media":7411,"template":"","meta":{"_acf_changed":false,"inline_featured_image":false},"product_brand":[],"product_cat":[1489],"product_tag":[],"class_list":{"0":"post-7410","1":"product","2":"type-product","3":"status-publish","4":"has-post-thumbnail","6":"product_beauty-anti-cellulite","7":"product_beauty-detox-e-dren","8":"product_beauty-idratare","9":"product_beauty-rassodare-e-tonificare","10":"product_skin-cellulite","11":"product_skin-tutte-le-pelli","12":"product_kind-cellulite-e-tonificazione","13":"product_kind-trattamenti-speciali","14":"product_lines-cellulite-e-ritenzione","15":"product_cat-corpo-de","16":"pa_size-kit-bende-saline-1-busta-da-2-pz-2-x-10-ml-crema-cellulite-lozione-trattamento-1-biro-1-metro-1-scatola-1-autoadesivo-scheda-utilizzo-de","18":"first","19":"instock","20":"taxable","21":"shipping-taxable","22":"purchasable","23":"product-type-simple"},"acf":[],"yoast_head":"<!-- This site is optimized with the Yoast SEO plugin v24.6 - https:\/\/yoast.com\/wordpress\/plugins\/seo\/ -->\n<title>Wiederverwendbare Kochsalzbinden-KIT - Uniest<\/title>\n<meta name=\"robots\" content=\"index, follow, max-snippet:-1, max-image-preview:large, max-video-preview:-1\" \/>\n<link rel=\"canonical\" href=\"https:\/\/uniest.it\/prodotto\/wiederverwendbare-kochsalzbinden-kit\/\" \/>\n<meta property=\"og:locale\" content=\"de_DE\" \/>\n<meta property=\"og:type\" content=\"article\" \/>\n<meta property=\"og:title\" content=\"Wiederverwendbare Kochsalzbinden-KIT - Uniest\" \/>\n<meta property=\"og:description\" content=\"WIEDERVERWENDBARE, mit weichem Gel getr\u00e4nkte Salzverb\u00e4nde (250 ml + 50 ml KOSTENLOS), die 30 % Salze aus dem Toten Meer enthalten, die seit jeher als die besten Verb\u00fcndeten f\u00fcr Sch\u00f6nheit und Gesundheit gelten. Dank ihrer hohen Konzentration an nat\u00fcrlichen Mineralien sind sie eine hervorragende Hilfe bei der Bek\u00e4mpfung von Cellulite und Wassereinlagerungen, spenden der Haut [&hellip;]\" \/>\n<meta property=\"og:url\" content=\"https:\/\/uniest.it\/prodotto\/wiederverwendbare-kochsalzbinden-kit\/\" \/>\n<meta property=\"og:site_name\" content=\"Uniest\" \/>\n<meta name=\"twitter:card\" content=\"summary_large_image\" \/>\n<meta name=\"twitter:label1\" content=\"Gesch\u00e4tzte Lesezeit\" \/>\n\t<meta name=\"twitter:data1\" content=\"1\u00a0Minute\" \/>\n<script type=\"application\/ld+json\" class=\"yoast-schema-graph\">{\"@context\":\"https:\/\/schema.org\",\"@graph\":[{\"@type\":\"WebPage\",\"@id\":\"https:\/\/uniest.it\/prodotto\/wiederverwendbare-kochsalzbinden-kit\/\",\"url\":\"https:\/\/uniest.it\/prodotto\/wiederverwendbare-kochsalzbinden-kit\/\",\"name\":\"Wiederverwendbare Kochsalzbinden-KIT - Uniest\",\"isPartOf\":{\"@id\":\"https:\/\/uniest.it\/#website\"},\"primaryImageOfPage\":{\"@id\":\"https:\/\/uniest.it\/prodotto\/wiederverwendbare-kochsalzbinden-kit\/#primaryimage\"},\"image\":{\"@id\":\"https:\/\/uniest.it\/prodotto\/wiederverwendbare-kochsalzbinden-kit\/#primaryimage\"},\"thumbnailUrl\":\"https:\/\/uniest.it\/wp-content\/uploads\/2021\/02\/028AAE.png\",\"datePublished\":\"2024-10-29T17:56:49+00:00\",\"breadcrumb\":{\"@id\":\"https:\/\/uniest.it\/prodotto\/wiederverwendbare-kochsalzbinden-kit\/#breadcrumb\"},\"inLanguage\":\"de\",\"potentialAction\":[{\"@type\":\"ReadAction\",\"target\":[\"https:\/\/uniest.it\/prodotto\/wiederverwendbare-kochsalzbinden-kit\/\"]}]},{\"@type\":\"ImageObject\",\"inLanguage\":\"de\",\"@id\":\"https:\/\/uniest.it\/prodotto\/wiederverwendbare-kochsalzbinden-kit\/#primaryimage\",\"url\":\"https:\/\/uniest.it\/wp-content\/uploads\/2021\/02\/028AAE.png\",\"contentUrl\":\"https:\/\/uniest.it\/wp-content\/uploads\/2021\/02\/028AAE.png\",\"width\":1283,\"height\":2001},{\"@type\":\"BreadcrumbList\",\"@id\":\"https:\/\/uniest.it\/prodotto\/wiederverwendbare-kochsalzbinden-kit\/#breadcrumb\",\"itemListElement\":[{\"@type\":\"ListItem\",\"position\":1,\"name\":\"Home\",\"item\":\"https:\/\/uniest.it\/de\/\"},{\"@type\":\"ListItem\",\"position\":2,\"name\":\"Shop\",\"item\":\"https:\/\/uniest.it\/shop\/\"},{\"@type\":\"ListItem\",\"position\":3,\"name\":\"Wiederverwendbare Kochsalzbinden-KIT\"}]},{\"@type\":\"WebSite\",\"@id\":\"https:\/\/uniest.it\/#website\",\"url\":\"https:\/\/uniest.it\/\",\"name\":\"Uniest\",\"description\":\"Cosmetici Naturali e Bio\",\"potentialAction\":[{\"@type\":\"SearchAction\",\"target\":{\"@type\":\"EntryPoint\",\"urlTemplate\":\"https:\/\/uniest.it\/?s={search_term_string}\"},\"query-input\":{\"@type\":\"PropertyValueSpecification\",\"valueRequired\":true,\"valueName\":\"search_term_string\"}}],\"inLanguage\":\"de\"}]}<\/script>\n<!-- \/ Yoast SEO plugin. -->","yoast_head_json":{"title":"Wiederverwendbare Kochsalzbinden-KIT - Uniest","robots":{"index":"index","follow":"follow","max-snippet":"max-snippet:-1","max-image-preview":"max-image-preview:large","max-video-preview":"max-video-preview:-1"},"canonical":"https:\/\/uniest.it\/prodotto\/wiederverwendbare-kochsalzbinden-kit\/","og_locale":"de_DE","og_type":"article","og_title":"Wiederverwendbare Kochsalzbinden-KIT - Uniest","og_description":"WIEDERVERWENDBARE, mit weichem Gel getr\u00e4nkte Salzverb\u00e4nde (250 ml + 50 ml KOSTENLOS), die 30 % Salze aus dem Toten Meer enthalten, die seit jeher als die besten Verb\u00fcndeten f\u00fcr Sch\u00f6nheit und Gesundheit gelten. Dank ihrer hohen Konzentration an nat\u00fcrlichen Mineralien sind sie eine hervorragende Hilfe bei der Bek\u00e4mpfung von Cellulite und Wassereinlagerungen, spenden der Haut [&hellip;]","og_url":"https:\/\/uniest.it\/prodotto\/wiederverwendbare-kochsalzbinden-kit\/","og_site_name":"Uniest","twitter_card":"summary_large_image","twitter_misc":{"Gesch\u00e4tzte Lesezeit":"1\u00a0Minute"},"schema":{"@context":"https:\/\/schema.org","@graph":[{"@type":"WebPage","@id":"https:\/\/uniest.it\/prodotto\/wiederverwendbare-kochsalzbinden-kit\/","url":"https:\/\/uniest.it\/prodotto\/wiederverwendbare-kochsalzbinden-kit\/","name":"Wiederverwendbare Kochsalzbinden-KIT - Uniest","isPartOf":{"@id":"https:\/\/uniest.it\/#website"},"primaryImageOfPage":{"@id":"https:\/\/uniest.it\/prodotto\/wiederverwendbare-kochsalzbinden-kit\/#primaryimage"},"image":{"@id":"https:\/\/uniest.it\/prodotto\/wiederverwendbare-kochsalzbinden-kit\/#primaryimage"},"thumbnailUrl":"https:\/\/uniest.it\/wp-content\/uploads\/2021\/02\/028AAE.png","datePublished":"2024-10-29T17:56:49+00:00","breadcrumb":{"@id":"https:\/\/uniest.it\/prodotto\/wiederverwendbare-kochsalzbinden-kit\/#breadcrumb"},"inLanguage":"de","potentialAction":[{"@type":"ReadAction","target":["https:\/\/uniest.it\/prodotto\/wiederverwendbare-kochsalzbinden-kit\/"]}]},{"@type":"ImageObject","inLanguage":"de","@id":"https:\/\/uniest.it\/prodotto\/wiederverwendbare-kochsalzbinden-kit\/#primaryimage","url":"https:\/\/uniest.it\/wp-content\/uploads\/2021\/02\/028AAE.png","contentUrl":"https:\/\/uniest.it\/wp-content\/uploads\/2021\/02\/028AAE.png","width":1283,"height":2001},{"@type":"BreadcrumbList","@id":"https:\/\/uniest.it\/prodotto\/wiederverwendbare-kochsalzbinden-kit\/#breadcrumb","itemListElement":[{"@type":"ListItem","position":1,"name":"Home","item":"https:\/\/uniest.it\/de\/"},{"@type":"ListItem","position":2,"name":"Shop","item":"https:\/\/uniest.it\/shop\/"},{"@type":"ListItem","position":3,"name":"Wiederverwendbare Kochsalzbinden-KIT"}]},{"@type":"WebSite","@id":"https:\/\/uniest.it\/#website","url":"https:\/\/uniest.it\/","name":"Uniest","description":"Cosmetici Naturali e Bio","potentialAction":[{"@type":"SearchAction","target":{"@type":"EntryPoint","urlTemplate":"https:\/\/uniest.it\/?s={search_term_string}"},"query-input":{"@type":"PropertyValueSpecification","valueRequired":true,"valueName":"search_term_string"}}],"inLanguage":"de"}]}},"_links":{"self":[{"href":"https:\/\/uniest.it\/de\/wp-json\/wp\/v2\/product\/7410","targetHints":{"allow":["GET"]}}],"collection":[{"href":"https:\/\/uniest.it\/de\/wp-json\/wp\/v2\/product"}],"about":[{"href":"https:\/\/uniest.it\/de\/wp-json\/wp\/v2\/types\/product"}],"wp:featuredmedia":[{"embeddable":true,"href":"https:\/\/uniest.it\/de\/wp-json\/wp\/v2\/media\/7411"}],"wp:attachment":[{"href":"https:\/\/uniest.it\/de\/wp-json\/wp\/v2\/media?parent=7410"}],"wp:term":[{"taxonomy":"product_brand","embeddable":true,"href":"https:\/\/uniest.it\/de\/wp-json\/wp\/v2\/product_brand?post=7410"},{"taxonomy":"product_cat","embeddable":true,"href":"https:\/\/uniest.it\/de\/wp-json\/wp\/v2\/product_cat?post=7410"},{"taxonomy":"product_tag","embeddable":true,"href":"https:\/\/uniest.it\/de\/wp-json\/wp\/v2\/product_tag?post=7410"}],"curies":[{"name":"wp","href":"https:\/\/api.w.org\/{rel}","templated":true}]}}