{"id":7413,"date":"2021-09-17T08:39:52","date_gmt":"2024-10-29T17:56:51","guid":{"rendered":"https:\/\/uniest.it\/prodotto\/seidiges-oel\/"},"modified":"2024-12-17T00:02:08","modified_gmt":"2024-12-16T23:02:08","slug":"seidiges-oel","status":"publish","type":"product","link":"https:\/\/uniest.it\/de\/prodotto\/seidiges-oel\/","title":{"rendered":"Seidiges \u00d6l"},"content":{"rendered":"<p>Das seidige \u00d6l n\u00e4hrt, gl\u00e4ttet, sch\u00fctzt und hydratisiert die Haut von Gesicht und K\u00f6rper, die st\u00e4ndig physischen und umweltbedingten Belastungen ausgesetzt ist, und macht sie weich und elastisch, ohne fettig zu sein. Es besteht aus einer Mischung feiner nat\u00fcrlicher \u00d6le (Reiskleie, Weizenkeime, Karotte, Soja, Jojoba, <u>Bio-S\u00fc\u00dfmandeln<\/u><u>*<\/u>, pflanzliches Squalan), die mit ihrer feuchtigkeitsspendenden und Die Wirkung gegen freie Radikale verleiht der Haut einen glatten und samtigen Effekt. Der kluge Zusatz von Nativem Oliven\u00f6l Extra DOP gilt als echtes \u201eNutrazeutikum\u201c, reich an den Vitaminen A, E, F, B, Lecithin, Mineralsalzen und Enzymen, weshalb es als starker Verb\u00fcndeter f\u00fcr die Sch\u00f6nheit gilt. Das native Oliven\u00f6l extra DOP stammt aus dem Gardasee und ist f\u00fcr seine blutdrucksenkenden, antioxidativen, aufhellenden, Anti-Aging- und sch\u00fctzenden Eigenschaften bekannt. Dar\u00fcber hinaus kann das Seiden\u00f6l dank der enthaltenen Wirkstoffe dank des Komplexes aus Malven-, Ringelblumen- und Althea-Pflanzenextrakten in <u>Bio-Sonnenblumen\u00f6l*<\/u Linderung und Wohlbefinden f\u00fcr die Haut bringen > In Kombination mit dem wertvollen Vitamin C und Vitamin E haben sie eine starke antioxidative und regenerierende Wirkung auf reife Haut und eine vorbeugende Wirkung auf j\u00fcngere Haut. Sie beugen Austrocknung vor, f\u00f6rdern die Elastizit\u00e4t und verz\u00f6gern vorzeitige Hautalterung, wodurch die Haut glatt und samtig wirkt.<\/p>\n","protected":false},"excerpt":{"rendered":"<p>Das seidige \u00d6l n\u00e4hrt, gl\u00e4ttet, sch\u00fctzt und hydratisiert die Haut von Gesicht und K\u00f6rper, die st\u00e4ndig physischen und umweltbedingten Belastungen ausgesetzt ist, und macht sie weich und elastisch, ohne fettig zu sein. Es besteht aus einer Mischung feiner nat\u00fcrlicher \u00d6le (Reiskleie, Weizenkeime, Karotte, Soja, Jojoba, Bio-S\u00fc\u00dfmandeln*, pflanzliches Squalan), die mit ihrer feuchtigkeitsspendenden und Die Wirkung [&hellip;]<\/p>\n","protected":false},"featured_media":7414,"template":"","meta":{"_acf_changed":false,"inline_featured_image":false},"product_brand":[],"product_cat":[1492,1497,1493,1489],"product_tag":[],"class_list":{"0":"post-7413","1":"product","2":"type-product","3":"status-publish","4":"has-post-thumbnail","6":"product_skin-tutte-le-pelli","7":"product_cat-garda-lake-beauty-de","8":"product_cat-viso-de","9":"product_cat-mani-e-piedi-de","10":"product_cat-corpo-de","11":"pa_size-100-de","13":"first","14":"instock","15":"taxable","16":"shipping-taxable","17":"purchasable","18":"product-type-simple"},"acf":[],"yoast_head":"<!-- This site is optimized with the Yoast SEO plugin v24.6 - https:\/\/yoast.com\/wordpress\/plugins\/seo\/ -->\n<title>Seidiges \u00d6l - Uniest<\/title>\n<meta name=\"robots\" content=\"index, follow, max-snippet:-1, max-image-preview:large, max-video-preview:-1\" \/>\n<link rel=\"canonical\" href=\"https:\/\/uniest.it\/prodotto\/seidiges-oel\/\" \/>\n<meta property=\"og:locale\" content=\"de_DE\" \/>\n<meta property=\"og:type\" content=\"article\" \/>\n<meta property=\"og:title\" content=\"Seidiges \u00d6l - Uniest\" \/>\n<meta property=\"og:description\" content=\"Das seidige \u00d6l n\u00e4hrt, gl\u00e4ttet, sch\u00fctzt und hydratisiert die Haut von Gesicht und K\u00f6rper, die st\u00e4ndig physischen und umweltbedingten Belastungen ausgesetzt ist, und macht sie weich und elastisch, ohne fettig zu sein. Es besteht aus einer Mischung feiner nat\u00fcrlicher \u00d6le (Reiskleie, Weizenkeime, Karotte, Soja, Jojoba, Bio-S\u00fc\u00dfmandeln*, pflanzliches Squalan), die mit ihrer feuchtigkeitsspendenden und Die Wirkung [&hellip;]\" \/>\n<meta property=\"og:url\" content=\"https:\/\/uniest.it\/prodotto\/seidiges-oel\/\" \/>\n<meta property=\"og:site_name\" content=\"Uniest\" \/>\n<meta property=\"article:modified_time\" content=\"2024-12-16T23:02:08+00:00\" \/>\n<meta name=\"twitter:card\" content=\"summary_large_image\" \/>\n<meta name=\"twitter:label1\" content=\"Gesch\u00e4tzte Lesezeit\" \/>\n\t<meta name=\"twitter:data1\" content=\"1\u00a0Minute\" \/>\n<script type=\"application\/ld+json\" class=\"yoast-schema-graph\">{\"@context\":\"https:\/\/schema.org\",\"@graph\":[{\"@type\":\"WebPage\",\"@id\":\"https:\/\/uniest.it\/prodotto\/seidiges-oel\/\",\"url\":\"https:\/\/uniest.it\/prodotto\/seidiges-oel\/\",\"name\":\"Seidiges \u00d6l - Uniest\",\"isPartOf\":{\"@id\":\"https:\/\/uniest.it\/#website\"},\"primaryImageOfPage\":{\"@id\":\"https:\/\/uniest.it\/prodotto\/seidiges-oel\/#primaryimage\"},\"image\":{\"@id\":\"https:\/\/uniest.it\/prodotto\/seidiges-oel\/#primaryimage\"},\"thumbnailUrl\":\"https:\/\/uniest.it\/wp-content\/uploads\/2021\/09\/036LGB.png\",\"datePublished\":\"2024-10-29T17:56:51+00:00\",\"dateModified\":\"2024-12-16T23:02:08+00:00\",\"breadcrumb\":{\"@id\":\"https:\/\/uniest.it\/prodotto\/seidiges-oel\/#breadcrumb\"},\"inLanguage\":\"de\",\"potentialAction\":[{\"@type\":\"ReadAction\",\"target\":[\"https:\/\/uniest.it\/prodotto\/seidiges-oel\/\"]}]},{\"@type\":\"ImageObject\",\"inLanguage\":\"de\",\"@id\":\"https:\/\/uniest.it\/prodotto\/seidiges-oel\/#primaryimage\",\"url\":\"https:\/\/uniest.it\/wp-content\/uploads\/2021\/09\/036LGB.png\",\"contentUrl\":\"https:\/\/uniest.it\/wp-content\/uploads\/2021\/09\/036LGB.png\",\"width\":1283,\"height\":2000},{\"@type\":\"BreadcrumbList\",\"@id\":\"https:\/\/uniest.it\/prodotto\/seidiges-oel\/#breadcrumb\",\"itemListElement\":[{\"@type\":\"ListItem\",\"position\":1,\"name\":\"Home\",\"item\":\"https:\/\/uniest.it\/de\/\"},{\"@type\":\"ListItem\",\"position\":2,\"name\":\"Shop\",\"item\":\"https:\/\/uniest.it\/shop\/\"},{\"@type\":\"ListItem\",\"position\":3,\"name\":\"Seidiges \u00d6l\"}]},{\"@type\":\"WebSite\",\"@id\":\"https:\/\/uniest.it\/#website\",\"url\":\"https:\/\/uniest.it\/\",\"name\":\"Uniest\",\"description\":\"Cosmetici Naturali e Bio\",\"potentialAction\":[{\"@type\":\"SearchAction\",\"target\":{\"@type\":\"EntryPoint\",\"urlTemplate\":\"https:\/\/uniest.it\/?s={search_term_string}\"},\"query-input\":{\"@type\":\"PropertyValueSpecification\",\"valueRequired\":true,\"valueName\":\"search_term_string\"}}],\"inLanguage\":\"de\"}]}<\/script>\n<!-- \/ Yoast SEO plugin. -->","yoast_head_json":{"title":"Seidiges \u00d6l - Uniest","robots":{"index":"index","follow":"follow","max-snippet":"max-snippet:-1","max-image-preview":"max-image-preview:large","max-video-preview":"max-video-preview:-1"},"canonical":"https:\/\/uniest.it\/prodotto\/seidiges-oel\/","og_locale":"de_DE","og_type":"article","og_title":"Seidiges \u00d6l - Uniest","og_description":"Das seidige \u00d6l n\u00e4hrt, gl\u00e4ttet, sch\u00fctzt und hydratisiert die Haut von Gesicht und K\u00f6rper, die st\u00e4ndig physischen und umweltbedingten Belastungen ausgesetzt ist, und macht sie weich und elastisch, ohne fettig zu sein. Es besteht aus einer Mischung feiner nat\u00fcrlicher \u00d6le (Reiskleie, Weizenkeime, Karotte, Soja, Jojoba, Bio-S\u00fc\u00dfmandeln*, pflanzliches Squalan), die mit ihrer feuchtigkeitsspendenden und Die Wirkung [&hellip;]","og_url":"https:\/\/uniest.it\/prodotto\/seidiges-oel\/","og_site_name":"Uniest","article_modified_time":"2024-12-16T23:02:08+00:00","twitter_card":"summary_large_image","twitter_misc":{"Gesch\u00e4tzte Lesezeit":"1\u00a0Minute"},"schema":{"@context":"https:\/\/schema.org","@graph":[{"@type":"WebPage","@id":"https:\/\/uniest.it\/prodotto\/seidiges-oel\/","url":"https:\/\/uniest.it\/prodotto\/seidiges-oel\/","name":"Seidiges \u00d6l - Uniest","isPartOf":{"@id":"https:\/\/uniest.it\/#website"},"primaryImageOfPage":{"@id":"https:\/\/uniest.it\/prodotto\/seidiges-oel\/#primaryimage"},"image":{"@id":"https:\/\/uniest.it\/prodotto\/seidiges-oel\/#primaryimage"},"thumbnailUrl":"https:\/\/uniest.it\/wp-content\/uploads\/2021\/09\/036LGB.png","datePublished":"2024-10-29T17:56:51+00:00","dateModified":"2024-12-16T23:02:08+00:00","breadcrumb":{"@id":"https:\/\/uniest.it\/prodotto\/seidiges-oel\/#breadcrumb"},"inLanguage":"de","potentialAction":[{"@type":"ReadAction","target":["https:\/\/uniest.it\/prodotto\/seidiges-oel\/"]}]},{"@type":"ImageObject","inLanguage":"de","@id":"https:\/\/uniest.it\/prodotto\/seidiges-oel\/#primaryimage","url":"https:\/\/uniest.it\/wp-content\/uploads\/2021\/09\/036LGB.png","contentUrl":"https:\/\/uniest.it\/wp-content\/uploads\/2021\/09\/036LGB.png","width":1283,"height":2000},{"@type":"BreadcrumbList","@id":"https:\/\/uniest.it\/prodotto\/seidiges-oel\/#breadcrumb","itemListElement":[{"@type":"ListItem","position":1,"name":"Home","item":"https:\/\/uniest.it\/de\/"},{"@type":"ListItem","position":2,"name":"Shop","item":"https:\/\/uniest.it\/shop\/"},{"@type":"ListItem","position":3,"name":"Seidiges \u00d6l"}]},{"@type":"WebSite","@id":"https:\/\/uniest.it\/#website","url":"https:\/\/uniest.it\/","name":"Uniest","description":"Cosmetici Naturali e Bio","potentialAction":[{"@type":"SearchAction","target":{"@type":"EntryPoint","urlTemplate":"https:\/\/uniest.it\/?s={search_term_string}"},"query-input":{"@type":"PropertyValueSpecification","valueRequired":true,"valueName":"search_term_string"}}],"inLanguage":"de"}]}},"_links":{"self":[{"href":"https:\/\/uniest.it\/de\/wp-json\/wp\/v2\/product\/7413","targetHints":{"allow":["GET"]}}],"collection":[{"href":"https:\/\/uniest.it\/de\/wp-json\/wp\/v2\/product"}],"about":[{"href":"https:\/\/uniest.it\/de\/wp-json\/wp\/v2\/types\/product"}],"wp:featuredmedia":[{"embeddable":true,"href":"https:\/\/uniest.it\/de\/wp-json\/wp\/v2\/media\/7414"}],"wp:attachment":[{"href":"https:\/\/uniest.it\/de\/wp-json\/wp\/v2\/media?parent=7413"}],"wp:term":[{"taxonomy":"product_brand","embeddable":true,"href":"https:\/\/uniest.it\/de\/wp-json\/wp\/v2\/product_brand?post=7413"},{"taxonomy":"product_cat","embeddable":true,"href":"https:\/\/uniest.it\/de\/wp-json\/wp\/v2\/product_cat?post=7413"},{"taxonomy":"product_tag","embeddable":true,"href":"https:\/\/uniest.it\/de\/wp-json\/wp\/v2\/product_tag?post=7413"}],"curies":[{"name":"wp","href":"https:\/\/api.w.org\/{rel}","templated":true}]}}