{"id":7415,"date":"2021-09-17T08:48:07","date_gmt":"2024-10-29T17:56:51","guid":{"rendered":"https:\/\/uniest.it\/prodotto\/bio-sonnenblumenoel-malve-althea-und-calendula\/"},"modified":"2024-10-29T18:56:51","modified_gmt":"2024-10-29T17:56:51","slug":"bio-sonnenblumenoel-malve-althea-und-calendula","status":"publish","type":"product","link":"https:\/\/uniest.it\/de\/prodotto\/bio-sonnenblumenoel-malve-althea-und-calendula\/","title":{"rendered":"BIO-Sonnenblumen\u00f6l + Malve, Althea und Calendula"},"content":{"rendered":"<p>Extrem reines <em><u>Bio*<\/u><\/em>-\u00d6l von <em>Helianthus Annuus<\/em>, das durch Kaltpressen der Samen des Baumes gewonnen wird. Bio-Sonnenblumen\u00f6l ist reich an unges\u00e4ttigten Fetts\u00e4uren, Vitamin E, Linols\u00e4ure und \u00d6ls\u00e4ure, die der Haut wertvolle Substanzen wie Omega-3 und Omega-6 verleihen k\u00f6nnen. Dank des enthaltenen Vitamin E hat es eine <u>antioxidative<\/u> Wirkung, hilft bei der Bek\u00e4mpfung freier Radikale und beugt der Zellalterung vor, wodurch die Haut mit Feuchtigkeit versorgt, gen\u00e4hrt, glatt, elastisch und gestrafft bleibt. Unser Labor hat festgestellt, dass es sich dank der klugen Zugabe des Malven-, Althea- und Calendula-Komplexes in Bio-Sonnenblumen\u00f6l* als ausgezeichnetes \u00d6l f\u00fcr die Durchf\u00fchrung erweichender Massagen erweist, weshalb es allein oder in Synergie damit verwendet werden kann \u00e4therische \u00d6le, um seine Eigenschaften hervorzuheben. Die im Sonnenblumen\u00f6l enthaltene Linols\u00e4ure hat nicht nur starke antioxidative Eigenschaften, sondern f\u00f6rdert auch die Aufrechterhaltung des Hydro-Lipid-Gleichgewichts. Es tr\u00e4gt dazu bei, Haarbruch zu begrenzen und Spliss zu beseitigen, es zu reparieren und somit beim Wachstum zu unterst\u00fctzen, wodurch ein ges\u00fcnderes Aussehen entsteht, das Haar weicher, gl\u00e4nzender und einfacher zu handhaben ist. Dank seiner <u>beruhigenden<\/u> Eigenschaften kann es auch auf der Kopfhaut angewendet werden, um Schuppen und Juckreiz zu lindern.<\/p>\n","protected":false},"excerpt":{"rendered":"<p>Extrem reines Bio*-\u00d6l von Helianthus Annuus, das durch Kaltpressen der Samen des Baumes gewonnen wird. Bio-Sonnenblumen\u00f6l ist reich an unges\u00e4ttigten Fetts\u00e4uren, Vitamin E, Linols\u00e4ure und \u00d6ls\u00e4ure, die der Haut wertvolle Substanzen wie Omega-3 und Omega-6 verleihen k\u00f6nnen. Dank des enthaltenen Vitamin E hat es eine antioxidative Wirkung, hilft bei der Bek\u00e4mpfung freier Radikale und beugt [&hellip;]<\/p>\n","protected":false},"featured_media":7416,"template":"","meta":{"_acf_changed":false,"inline_featured_image":false},"product_brand":[],"product_cat":[1491,1497,1489],"product_tag":[],"class_list":{"0":"post-7415","1":"product","2":"type-product","3":"status-publish","4":"has-post-thumbnail","6":"product_skin-tutte-le-pelli","7":"product_lines-oli-pregiati-puri","8":"product_cat-famiglia-e-pet-de","9":"product_cat-viso-de","10":"product_cat-corpo-de","11":"pa_size-100-de","13":"first","14":"instock","15":"taxable","16":"shipping-taxable","17":"purchasable","18":"product-type-simple"},"acf":[],"yoast_head":"<!-- This site is optimized with the Yoast SEO plugin v24.6 - https:\/\/yoast.com\/wordpress\/plugins\/seo\/ -->\n<title>BIO-Sonnenblumen\u00f6l + Malve, Althea und Calendula - Uniest<\/title>\n<meta name=\"robots\" content=\"index, follow, max-snippet:-1, max-image-preview:large, max-video-preview:-1\" \/>\n<link rel=\"canonical\" href=\"https:\/\/uniest.it\/prodotto\/bio-sonnenblumenoel-malve-althea-und-calendula\/\" \/>\n<meta property=\"og:locale\" content=\"de_DE\" \/>\n<meta property=\"og:type\" content=\"article\" \/>\n<meta property=\"og:title\" content=\"BIO-Sonnenblumen\u00f6l + Malve, Althea und Calendula - Uniest\" \/>\n<meta property=\"og:description\" content=\"Extrem reines Bio*-\u00d6l von Helianthus Annuus, das durch Kaltpressen der Samen des Baumes gewonnen wird. Bio-Sonnenblumen\u00f6l ist reich an unges\u00e4ttigten Fetts\u00e4uren, Vitamin E, Linols\u00e4ure und \u00d6ls\u00e4ure, die der Haut wertvolle Substanzen wie Omega-3 und Omega-6 verleihen k\u00f6nnen. Dank des enthaltenen Vitamin E hat es eine antioxidative Wirkung, hilft bei der Bek\u00e4mpfung freier Radikale und beugt [&hellip;]\" \/>\n<meta property=\"og:url\" content=\"https:\/\/uniest.it\/prodotto\/bio-sonnenblumenoel-malve-althea-und-calendula\/\" \/>\n<meta property=\"og:site_name\" content=\"Uniest\" \/>\n<meta name=\"twitter:card\" content=\"summary_large_image\" \/>\n<meta name=\"twitter:label1\" content=\"Gesch\u00e4tzte Lesezeit\" \/>\n\t<meta name=\"twitter:data1\" content=\"1\u00a0Minute\" \/>\n<script type=\"application\/ld+json\" class=\"yoast-schema-graph\">{\"@context\":\"https:\/\/schema.org\",\"@graph\":[{\"@type\":\"WebPage\",\"@id\":\"https:\/\/uniest.it\/prodotto\/bio-sonnenblumenoel-malve-althea-und-calendula\/\",\"url\":\"https:\/\/uniest.it\/prodotto\/bio-sonnenblumenoel-malve-althea-und-calendula\/\",\"name\":\"BIO-Sonnenblumen\u00f6l + Malve, Althea und Calendula - Uniest\",\"isPartOf\":{\"@id\":\"https:\/\/uniest.it\/#website\"},\"primaryImageOfPage\":{\"@id\":\"https:\/\/uniest.it\/prodotto\/bio-sonnenblumenoel-malve-althea-und-calendula\/#primaryimage\"},\"image\":{\"@id\":\"https:\/\/uniest.it\/prodotto\/bio-sonnenblumenoel-malve-althea-und-calendula\/#primaryimage\"},\"thumbnailUrl\":\"https:\/\/uniest.it\/wp-content\/uploads\/2021\/09\/534AAM.png\",\"datePublished\":\"2024-10-29T17:56:51+00:00\",\"breadcrumb\":{\"@id\":\"https:\/\/uniest.it\/prodotto\/bio-sonnenblumenoel-malve-althea-und-calendula\/#breadcrumb\"},\"inLanguage\":\"de\",\"potentialAction\":[{\"@type\":\"ReadAction\",\"target\":[\"https:\/\/uniest.it\/prodotto\/bio-sonnenblumenoel-malve-althea-und-calendula\/\"]}]},{\"@type\":\"ImageObject\",\"inLanguage\":\"de\",\"@id\":\"https:\/\/uniest.it\/prodotto\/bio-sonnenblumenoel-malve-althea-und-calendula\/#primaryimage\",\"url\":\"https:\/\/uniest.it\/wp-content\/uploads\/2021\/09\/534AAM.png\",\"contentUrl\":\"https:\/\/uniest.it\/wp-content\/uploads\/2021\/09\/534AAM.png\",\"width\":1283,\"height\":2000},{\"@type\":\"BreadcrumbList\",\"@id\":\"https:\/\/uniest.it\/prodotto\/bio-sonnenblumenoel-malve-althea-und-calendula\/#breadcrumb\",\"itemListElement\":[{\"@type\":\"ListItem\",\"position\":1,\"name\":\"Home\",\"item\":\"https:\/\/uniest.it\/de\/\"},{\"@type\":\"ListItem\",\"position\":2,\"name\":\"Shop\",\"item\":\"https:\/\/uniest.it\/shop\/\"},{\"@type\":\"ListItem\",\"position\":3,\"name\":\"BIO-Sonnenblumen\u00f6l + Malve, Althea und Calendula\"}]},{\"@type\":\"WebSite\",\"@id\":\"https:\/\/uniest.it\/#website\",\"url\":\"https:\/\/uniest.it\/\",\"name\":\"Uniest\",\"description\":\"Cosmetici Naturali e Bio\",\"potentialAction\":[{\"@type\":\"SearchAction\",\"target\":{\"@type\":\"EntryPoint\",\"urlTemplate\":\"https:\/\/uniest.it\/?s={search_term_string}\"},\"query-input\":{\"@type\":\"PropertyValueSpecification\",\"valueRequired\":true,\"valueName\":\"search_term_string\"}}],\"inLanguage\":\"de\"}]}<\/script>\n<!-- \/ Yoast SEO plugin. -->","yoast_head_json":{"title":"BIO-Sonnenblumen\u00f6l + Malve, Althea und Calendula - Uniest","robots":{"index":"index","follow":"follow","max-snippet":"max-snippet:-1","max-image-preview":"max-image-preview:large","max-video-preview":"max-video-preview:-1"},"canonical":"https:\/\/uniest.it\/prodotto\/bio-sonnenblumenoel-malve-althea-und-calendula\/","og_locale":"de_DE","og_type":"article","og_title":"BIO-Sonnenblumen\u00f6l + Malve, Althea und Calendula - Uniest","og_description":"Extrem reines Bio*-\u00d6l von Helianthus Annuus, das durch Kaltpressen der Samen des Baumes gewonnen wird. Bio-Sonnenblumen\u00f6l ist reich an unges\u00e4ttigten Fetts\u00e4uren, Vitamin E, Linols\u00e4ure und \u00d6ls\u00e4ure, die der Haut wertvolle Substanzen wie Omega-3 und Omega-6 verleihen k\u00f6nnen. Dank des enthaltenen Vitamin E hat es eine antioxidative Wirkung, hilft bei der Bek\u00e4mpfung freier Radikale und beugt [&hellip;]","og_url":"https:\/\/uniest.it\/prodotto\/bio-sonnenblumenoel-malve-althea-und-calendula\/","og_site_name":"Uniest","twitter_card":"summary_large_image","twitter_misc":{"Gesch\u00e4tzte Lesezeit":"1\u00a0Minute"},"schema":{"@context":"https:\/\/schema.org","@graph":[{"@type":"WebPage","@id":"https:\/\/uniest.it\/prodotto\/bio-sonnenblumenoel-malve-althea-und-calendula\/","url":"https:\/\/uniest.it\/prodotto\/bio-sonnenblumenoel-malve-althea-und-calendula\/","name":"BIO-Sonnenblumen\u00f6l + Malve, Althea und Calendula - Uniest","isPartOf":{"@id":"https:\/\/uniest.it\/#website"},"primaryImageOfPage":{"@id":"https:\/\/uniest.it\/prodotto\/bio-sonnenblumenoel-malve-althea-und-calendula\/#primaryimage"},"image":{"@id":"https:\/\/uniest.it\/prodotto\/bio-sonnenblumenoel-malve-althea-und-calendula\/#primaryimage"},"thumbnailUrl":"https:\/\/uniest.it\/wp-content\/uploads\/2021\/09\/534AAM.png","datePublished":"2024-10-29T17:56:51+00:00","breadcrumb":{"@id":"https:\/\/uniest.it\/prodotto\/bio-sonnenblumenoel-malve-althea-und-calendula\/#breadcrumb"},"inLanguage":"de","potentialAction":[{"@type":"ReadAction","target":["https:\/\/uniest.it\/prodotto\/bio-sonnenblumenoel-malve-althea-und-calendula\/"]}]},{"@type":"ImageObject","inLanguage":"de","@id":"https:\/\/uniest.it\/prodotto\/bio-sonnenblumenoel-malve-althea-und-calendula\/#primaryimage","url":"https:\/\/uniest.it\/wp-content\/uploads\/2021\/09\/534AAM.png","contentUrl":"https:\/\/uniest.it\/wp-content\/uploads\/2021\/09\/534AAM.png","width":1283,"height":2000},{"@type":"BreadcrumbList","@id":"https:\/\/uniest.it\/prodotto\/bio-sonnenblumenoel-malve-althea-und-calendula\/#breadcrumb","itemListElement":[{"@type":"ListItem","position":1,"name":"Home","item":"https:\/\/uniest.it\/de\/"},{"@type":"ListItem","position":2,"name":"Shop","item":"https:\/\/uniest.it\/shop\/"},{"@type":"ListItem","position":3,"name":"BIO-Sonnenblumen\u00f6l + Malve, Althea und Calendula"}]},{"@type":"WebSite","@id":"https:\/\/uniest.it\/#website","url":"https:\/\/uniest.it\/","name":"Uniest","description":"Cosmetici Naturali e Bio","potentialAction":[{"@type":"SearchAction","target":{"@type":"EntryPoint","urlTemplate":"https:\/\/uniest.it\/?s={search_term_string}"},"query-input":{"@type":"PropertyValueSpecification","valueRequired":true,"valueName":"search_term_string"}}],"inLanguage":"de"}]}},"_links":{"self":[{"href":"https:\/\/uniest.it\/de\/wp-json\/wp\/v2\/product\/7415","targetHints":{"allow":["GET"]}}],"collection":[{"href":"https:\/\/uniest.it\/de\/wp-json\/wp\/v2\/product"}],"about":[{"href":"https:\/\/uniest.it\/de\/wp-json\/wp\/v2\/types\/product"}],"wp:featuredmedia":[{"embeddable":true,"href":"https:\/\/uniest.it\/de\/wp-json\/wp\/v2\/media\/7416"}],"wp:attachment":[{"href":"https:\/\/uniest.it\/de\/wp-json\/wp\/v2\/media?parent=7415"}],"wp:term":[{"taxonomy":"product_brand","embeddable":true,"href":"https:\/\/uniest.it\/de\/wp-json\/wp\/v2\/product_brand?post=7415"},{"taxonomy":"product_cat","embeddable":true,"href":"https:\/\/uniest.it\/de\/wp-json\/wp\/v2\/product_cat?post=7415"},{"taxonomy":"product_tag","embeddable":true,"href":"https:\/\/uniest.it\/de\/wp-json\/wp\/v2\/product_tag?post=7415"}],"curies":[{"name":"wp","href":"https:\/\/api.w.org\/{rel}","templated":true}]}}