{"id":7417,"date":"2021-10-14T07:40:01","date_gmt":"2024-10-29T17:56:52","guid":{"rendered":"https:\/\/uniest.it\/prodotto\/anti-aging-feuchtigkeitsmaske-aus-100-zellulose\/"},"modified":"2024-10-29T18:56:52","modified_gmt":"2024-10-29T17:56:52","slug":"anti-aging-feuchtigkeitsmaske-aus-100-zellulose","status":"publish","type":"product","link":"https:\/\/uniest.it\/de\/prodotto\/anti-aging-feuchtigkeitsmaske-aus-100-zellulose\/","title":{"rendered":"Anti-Aging-Feuchtigkeitsmaske aus 100 % Zellulose"},"content":{"rendered":"<p>Stoffmaske aus 100 % Zellulose, verrutscht nicht und garantiert ein tiefes Eindringen des Wirkstoffs. Reich an Hyalurons\u00e4ure spendet es Feuchtigkeit und n\u00e4hrt, mildert Falten und Mimikfalten, wirkt Zellsch\u00e4den durch freie Radikale entgegen und sch\u00fctzt vor vorzeitiger Hautalterung, in Synergie mit Octapeptid-3 mit Lifting-Effekt. Ab der ersten Anwendung wird die Haut weicher, seidiger und glatter. Formulierung mit einem innovativen Peptid und einem Extrakt auf Basis des brasilianischen Brunnenkresse-Extrakts (Spilanthes acmella) mit Anti-Aging- und Lifting-Effekt. Angereichert mit Macadamia\u00f6l, Vitamin C, Vitamin E mit antioxidativer Wirkung, feuchtigkeitsspendender Bio-Aloe* und Bio-Malvenextrakt* mit beruhigenden und n\u00e4hrenden Eigenschaften. In ihrer Synergie schenken sie der Haut einen Moment des Wohlbefindens. Verpackung f\u00fcr zwei Verwendungszwecke geeignet!<\/p>\n","protected":false},"excerpt":{"rendered":"<p>Stoffmaske aus 100 % Zellulose, verrutscht nicht und garantiert ein tiefes Eindringen des Wirkstoffs. Reich an Hyalurons\u00e4ure spendet es Feuchtigkeit und n\u00e4hrt, mildert Falten und Mimikfalten, wirkt Zellsch\u00e4den durch freie Radikale entgegen und sch\u00fctzt vor vorzeitiger Hautalterung, in Synergie mit Octapeptid-3 mit Lifting-Effekt. Ab der ersten Anwendung wird die Haut weicher, seidiger und glatter. Formulierung [&hellip;]<\/p>\n","protected":false},"featured_media":7421,"template":"","meta":{"_acf_changed":false,"inline_featured_image":false},"product_brand":[],"product_cat":[1497],"product_tag":[],"class_list":{"0":"post-7417","1":"product","2":"type-product","3":"status-publish","4":"has-post-thumbnail","6":"product_beauty-antirughe","7":"product_beauty-idratare","8":"product_beauty-lenire","9":"product_beauty-nutrire-e-rigenerare","10":"product_beauty-rassodare-e-tonificare","11":"product_skin-pelli-giovani-e-prime-rughe","12":"product_skin-pelli-secche-e-normali","13":"product_skin-tutte-le-pelli","14":"product_kind-maschere-ed-esfolianti","15":"product_kind-trattamenti-speciali","16":"product_lines-pelli-normali-e-prime-rughe","17":"product_cat-viso-de","18":"pa_size-15-de","20":"first","21":"instock","22":"taxable","23":"shipping-taxable","24":"purchasable","25":"product-type-simple"},"acf":[],"yoast_head":"<!-- This site is optimized with the Yoast SEO plugin v24.6 - https:\/\/yoast.com\/wordpress\/plugins\/seo\/ -->\n<title>Anti-Aging-Feuchtigkeitsmaske aus 100 % Zellulose - Uniest<\/title>\n<meta name=\"robots\" content=\"index, follow, max-snippet:-1, max-image-preview:large, max-video-preview:-1\" \/>\n<link rel=\"canonical\" href=\"https:\/\/uniest.it\/prodotto\/anti-aging-feuchtigkeitsmaske-aus-100-zellulose\/\" \/>\n<meta property=\"og:locale\" content=\"de_DE\" \/>\n<meta property=\"og:type\" content=\"article\" \/>\n<meta property=\"og:title\" content=\"Anti-Aging-Feuchtigkeitsmaske aus 100 % Zellulose - Uniest\" \/>\n<meta property=\"og:description\" content=\"Stoffmaske aus 100 % Zellulose, verrutscht nicht und garantiert ein tiefes Eindringen des Wirkstoffs. Reich an Hyalurons\u00e4ure spendet es Feuchtigkeit und n\u00e4hrt, mildert Falten und Mimikfalten, wirkt Zellsch\u00e4den durch freie Radikale entgegen und sch\u00fctzt vor vorzeitiger Hautalterung, in Synergie mit Octapeptid-3 mit Lifting-Effekt. Ab der ersten Anwendung wird die Haut weicher, seidiger und glatter. Formulierung [&hellip;]\" \/>\n<meta property=\"og:url\" content=\"https:\/\/uniest.it\/prodotto\/anti-aging-feuchtigkeitsmaske-aus-100-zellulose\/\" \/>\n<meta property=\"og:site_name\" content=\"Uniest\" \/>\n<meta name=\"twitter:card\" content=\"summary_large_image\" \/>\n<meta name=\"twitter:label1\" content=\"Gesch\u00e4tzte Lesezeit\" \/>\n\t<meta name=\"twitter:data1\" content=\"1\u00a0Minute\" \/>\n<script type=\"application\/ld+json\" class=\"yoast-schema-graph\">{\"@context\":\"https:\/\/schema.org\",\"@graph\":[{\"@type\":\"WebPage\",\"@id\":\"https:\/\/uniest.it\/prodotto\/anti-aging-feuchtigkeitsmaske-aus-100-zellulose\/\",\"url\":\"https:\/\/uniest.it\/prodotto\/anti-aging-feuchtigkeitsmaske-aus-100-zellulose\/\",\"name\":\"Anti-Aging-Feuchtigkeitsmaske aus 100 % Zellulose - Uniest\",\"isPartOf\":{\"@id\":\"https:\/\/uniest.it\/#website\"},\"primaryImageOfPage\":{\"@id\":\"https:\/\/uniest.it\/prodotto\/anti-aging-feuchtigkeitsmaske-aus-100-zellulose\/#primaryimage\"},\"image\":{\"@id\":\"https:\/\/uniest.it\/prodotto\/anti-aging-feuchtigkeitsmaske-aus-100-zellulose\/#primaryimage\"},\"thumbnailUrl\":\"https:\/\/uniest.it\/wp-content\/uploads\/2021\/10\/maschera-tnt.jpg\",\"datePublished\":\"2024-10-29T17:56:52+00:00\",\"breadcrumb\":{\"@id\":\"https:\/\/uniest.it\/prodotto\/anti-aging-feuchtigkeitsmaske-aus-100-zellulose\/#breadcrumb\"},\"inLanguage\":\"de\",\"potentialAction\":[{\"@type\":\"ReadAction\",\"target\":[\"https:\/\/uniest.it\/prodotto\/anti-aging-feuchtigkeitsmaske-aus-100-zellulose\/\"]}]},{\"@type\":\"ImageObject\",\"inLanguage\":\"de\",\"@id\":\"https:\/\/uniest.it\/prodotto\/anti-aging-feuchtigkeitsmaske-aus-100-zellulose\/#primaryimage\",\"url\":\"https:\/\/uniest.it\/wp-content\/uploads\/2021\/10\/maschera-tnt.jpg\",\"contentUrl\":\"https:\/\/uniest.it\/wp-content\/uploads\/2021\/10\/maschera-tnt.jpg\",\"width\":395,\"height\":261,\"caption\":\"052AAE\"},{\"@type\":\"BreadcrumbList\",\"@id\":\"https:\/\/uniest.it\/prodotto\/anti-aging-feuchtigkeitsmaske-aus-100-zellulose\/#breadcrumb\",\"itemListElement\":[{\"@type\":\"ListItem\",\"position\":1,\"name\":\"Home\",\"item\":\"https:\/\/uniest.it\/de\/\"},{\"@type\":\"ListItem\",\"position\":2,\"name\":\"Shop\",\"item\":\"https:\/\/uniest.it\/shop\/\"},{\"@type\":\"ListItem\",\"position\":3,\"name\":\"Anti-Aging-Feuchtigkeitsmaske aus 100 % Zellulose\"}]},{\"@type\":\"WebSite\",\"@id\":\"https:\/\/uniest.it\/#website\",\"url\":\"https:\/\/uniest.it\/\",\"name\":\"Uniest\",\"description\":\"Cosmetici Naturali e Bio\",\"potentialAction\":[{\"@type\":\"SearchAction\",\"target\":{\"@type\":\"EntryPoint\",\"urlTemplate\":\"https:\/\/uniest.it\/?s={search_term_string}\"},\"query-input\":{\"@type\":\"PropertyValueSpecification\",\"valueRequired\":true,\"valueName\":\"search_term_string\"}}],\"inLanguage\":\"de\"}]}<\/script>\n<!-- \/ Yoast SEO plugin. -->","yoast_head_json":{"title":"Anti-Aging-Feuchtigkeitsmaske aus 100 % Zellulose - Uniest","robots":{"index":"index","follow":"follow","max-snippet":"max-snippet:-1","max-image-preview":"max-image-preview:large","max-video-preview":"max-video-preview:-1"},"canonical":"https:\/\/uniest.it\/prodotto\/anti-aging-feuchtigkeitsmaske-aus-100-zellulose\/","og_locale":"de_DE","og_type":"article","og_title":"Anti-Aging-Feuchtigkeitsmaske aus 100 % Zellulose - Uniest","og_description":"Stoffmaske aus 100 % Zellulose, verrutscht nicht und garantiert ein tiefes Eindringen des Wirkstoffs. Reich an Hyalurons\u00e4ure spendet es Feuchtigkeit und n\u00e4hrt, mildert Falten und Mimikfalten, wirkt Zellsch\u00e4den durch freie Radikale entgegen und sch\u00fctzt vor vorzeitiger Hautalterung, in Synergie mit Octapeptid-3 mit Lifting-Effekt. Ab der ersten Anwendung wird die Haut weicher, seidiger und glatter. Formulierung [&hellip;]","og_url":"https:\/\/uniest.it\/prodotto\/anti-aging-feuchtigkeitsmaske-aus-100-zellulose\/","og_site_name":"Uniest","twitter_card":"summary_large_image","twitter_misc":{"Gesch\u00e4tzte Lesezeit":"1\u00a0Minute"},"schema":{"@context":"https:\/\/schema.org","@graph":[{"@type":"WebPage","@id":"https:\/\/uniest.it\/prodotto\/anti-aging-feuchtigkeitsmaske-aus-100-zellulose\/","url":"https:\/\/uniest.it\/prodotto\/anti-aging-feuchtigkeitsmaske-aus-100-zellulose\/","name":"Anti-Aging-Feuchtigkeitsmaske aus 100 % Zellulose - Uniest","isPartOf":{"@id":"https:\/\/uniest.it\/#website"},"primaryImageOfPage":{"@id":"https:\/\/uniest.it\/prodotto\/anti-aging-feuchtigkeitsmaske-aus-100-zellulose\/#primaryimage"},"image":{"@id":"https:\/\/uniest.it\/prodotto\/anti-aging-feuchtigkeitsmaske-aus-100-zellulose\/#primaryimage"},"thumbnailUrl":"https:\/\/uniest.it\/wp-content\/uploads\/2021\/10\/maschera-tnt.jpg","datePublished":"2024-10-29T17:56:52+00:00","breadcrumb":{"@id":"https:\/\/uniest.it\/prodotto\/anti-aging-feuchtigkeitsmaske-aus-100-zellulose\/#breadcrumb"},"inLanguage":"de","potentialAction":[{"@type":"ReadAction","target":["https:\/\/uniest.it\/prodotto\/anti-aging-feuchtigkeitsmaske-aus-100-zellulose\/"]}]},{"@type":"ImageObject","inLanguage":"de","@id":"https:\/\/uniest.it\/prodotto\/anti-aging-feuchtigkeitsmaske-aus-100-zellulose\/#primaryimage","url":"https:\/\/uniest.it\/wp-content\/uploads\/2021\/10\/maschera-tnt.jpg","contentUrl":"https:\/\/uniest.it\/wp-content\/uploads\/2021\/10\/maschera-tnt.jpg","width":395,"height":261,"caption":"052AAE"},{"@type":"BreadcrumbList","@id":"https:\/\/uniest.it\/prodotto\/anti-aging-feuchtigkeitsmaske-aus-100-zellulose\/#breadcrumb","itemListElement":[{"@type":"ListItem","position":1,"name":"Home","item":"https:\/\/uniest.it\/de\/"},{"@type":"ListItem","position":2,"name":"Shop","item":"https:\/\/uniest.it\/shop\/"},{"@type":"ListItem","position":3,"name":"Anti-Aging-Feuchtigkeitsmaske aus 100 % Zellulose"}]},{"@type":"WebSite","@id":"https:\/\/uniest.it\/#website","url":"https:\/\/uniest.it\/","name":"Uniest","description":"Cosmetici Naturali e Bio","potentialAction":[{"@type":"SearchAction","target":{"@type":"EntryPoint","urlTemplate":"https:\/\/uniest.it\/?s={search_term_string}"},"query-input":{"@type":"PropertyValueSpecification","valueRequired":true,"valueName":"search_term_string"}}],"inLanguage":"de"}]}},"_links":{"self":[{"href":"https:\/\/uniest.it\/de\/wp-json\/wp\/v2\/product\/7417","targetHints":{"allow":["GET"]}}],"collection":[{"href":"https:\/\/uniest.it\/de\/wp-json\/wp\/v2\/product"}],"about":[{"href":"https:\/\/uniest.it\/de\/wp-json\/wp\/v2\/types\/product"}],"wp:featuredmedia":[{"embeddable":true,"href":"https:\/\/uniest.it\/de\/wp-json\/wp\/v2\/media\/7421"}],"wp:attachment":[{"href":"https:\/\/uniest.it\/de\/wp-json\/wp\/v2\/media?parent=7417"}],"wp:term":[{"taxonomy":"product_brand","embeddable":true,"href":"https:\/\/uniest.it\/de\/wp-json\/wp\/v2\/product_brand?post=7417"},{"taxonomy":"product_cat","embeddable":true,"href":"https:\/\/uniest.it\/de\/wp-json\/wp\/v2\/product_cat?post=7417"},{"taxonomy":"product_tag","embeddable":true,"href":"https:\/\/uniest.it\/de\/wp-json\/wp\/v2\/product_tag?post=7417"}],"curies":[{"name":"wp","href":"https:\/\/api.w.org\/{rel}","templated":true}]}}