{"id":7422,"date":"2024-10-29T18:56:52","date_gmt":"2024-10-29T17:56:52","guid":{"rendered":"https:\/\/uniest.it\/prodotto\/botoage-maske-aus-100-zellulose\/"},"modified":"2024-10-29T18:56:52","modified_gmt":"2024-10-29T17:56:52","slug":"botoage-maske-aus-100-zellulose","status":"publish","type":"product","link":"https:\/\/uniest.it\/de\/prodotto\/botoage-maske-aus-100-zellulose\/","title":{"rendered":"Botoage-Maske aus 100 % Zellulose"},"content":{"rendered":"<p>Einwegmaske aus 100 % Zellulosegewebe mit Lifting-Effekt, verrutscht nicht und garantiert ein tiefes Eindringen der Wirkstoffe. Es enth\u00e4lt ein Serum mit einer besonderen Formulierung, bei der zwei Peptide (Hexapeptid-8 und Hexapeptid-19) synergetisch wirken, Botulinumtoxin imitieren und altersbedingte Sch\u00e4den reparieren. Es handelt sich also um eine aufpolsternde, straffende, verdichtende und gl\u00e4ttende Maske. Die Haut erscheint bereits nach der ersten Anwendung j\u00fcnger. Es enth\u00e4lt au\u00dferdem Bio-B\u00e4rentraube* mit aufhellender Wirkung und Centella Asiatica-Extrakt mit elastisierenden Eigenschaften. Verleiht der Haut ein reichhaltiges, wohltuendes Aussehen. Verpackung f\u00fcr zwei Verwendungszwecke geeignet!<\/p>\n","protected":false},"excerpt":{"rendered":"<p>Einwegmaske aus 100 % Zellulosegewebe mit Lifting-Effekt, verrutscht nicht und garantiert ein tiefes Eindringen der Wirkstoffe. Es enth\u00e4lt ein Serum mit einer besonderen Formulierung, bei der zwei Peptide (Hexapeptid-8 und Hexapeptid-19) synergetisch wirken, Botulinumtoxin imitieren und altersbedingte Sch\u00e4den reparieren. Es handelt sich also um eine aufpolsternde, straffende, verdichtende und gl\u00e4ttende Maske. Die Haut erscheint bereits [&hellip;]<\/p>\n","protected":false},"featured_media":7423,"template":"","meta":{"_acf_changed":false,"inline_featured_image":false},"product_brand":[],"product_cat":[1497],"product_tag":[],"class_list":{"0":"post-7422","1":"product","2":"type-product","3":"status-publish","4":"has-post-thumbnail","6":"product_beauty-antirughe","7":"product_beauty-nutrire-e-rigenerare","8":"product_beauty-schiarire","9":"product_skin-pelli-mature","10":"product_skin-pelli-mature-e-rughe","11":"product_kind-maschere-ed-esfolianti-viso","12":"product_lines-antirughe","13":"product_cat-viso-de","14":"pa_size-15-de","16":"first","17":"instock","18":"taxable","19":"shipping-taxable","20":"purchasable","21":"product-type-simple"},"acf":[],"yoast_head":"<!-- This site is optimized with the Yoast SEO plugin v24.6 - https:\/\/yoast.com\/wordpress\/plugins\/seo\/ -->\n<title>Botoage-Maske aus 100 % Zellulose - Uniest<\/title>\n<meta name=\"robots\" content=\"index, follow, max-snippet:-1, max-image-preview:large, max-video-preview:-1\" \/>\n<link rel=\"canonical\" href=\"https:\/\/uniest.it\/prodotto\/botoage-maske-aus-100-zellulose\/\" \/>\n<meta property=\"og:locale\" content=\"de_DE\" \/>\n<meta property=\"og:type\" content=\"article\" \/>\n<meta property=\"og:title\" content=\"Botoage-Maske aus 100 % Zellulose - Uniest\" \/>\n<meta property=\"og:description\" content=\"Einwegmaske aus 100 % Zellulosegewebe mit Lifting-Effekt, verrutscht nicht und garantiert ein tiefes Eindringen der Wirkstoffe. Es enth\u00e4lt ein Serum mit einer besonderen Formulierung, bei der zwei Peptide (Hexapeptid-8 und Hexapeptid-19) synergetisch wirken, Botulinumtoxin imitieren und altersbedingte Sch\u00e4den reparieren. Es handelt sich also um eine aufpolsternde, straffende, verdichtende und gl\u00e4ttende Maske. Die Haut erscheint bereits [&hellip;]\" \/>\n<meta property=\"og:url\" content=\"https:\/\/uniest.it\/prodotto\/botoage-maske-aus-100-zellulose\/\" \/>\n<meta property=\"og:site_name\" content=\"Uniest\" \/>\n<meta name=\"twitter:card\" content=\"summary_large_image\" \/>\n<script type=\"application\/ld+json\" class=\"yoast-schema-graph\">{\"@context\":\"https:\/\/schema.org\",\"@graph\":[{\"@type\":\"WebPage\",\"@id\":\"https:\/\/uniest.it\/prodotto\/botoage-maske-aus-100-zellulose\/\",\"url\":\"https:\/\/uniest.it\/prodotto\/botoage-maske-aus-100-zellulose\/\",\"name\":\"Botoage-Maske aus 100 % Zellulose - Uniest\",\"isPartOf\":{\"@id\":\"https:\/\/uniest.it\/#website\"},\"primaryImageOfPage\":{\"@id\":\"https:\/\/uniest.it\/prodotto\/botoage-maske-aus-100-zellulose\/#primaryimage\"},\"image\":{\"@id\":\"https:\/\/uniest.it\/prodotto\/botoage-maske-aus-100-zellulose\/#primaryimage\"},\"thumbnailUrl\":\"https:\/\/uniest.it\/wp-content\/uploads\/2021\/11\/maschera-tnt.jpg\",\"datePublished\":\"2024-10-29T17:56:52+00:00\",\"breadcrumb\":{\"@id\":\"https:\/\/uniest.it\/prodotto\/botoage-maske-aus-100-zellulose\/#breadcrumb\"},\"inLanguage\":\"de\",\"potentialAction\":[{\"@type\":\"ReadAction\",\"target\":[\"https:\/\/uniest.it\/prodotto\/botoage-maske-aus-100-zellulose\/\"]}]},{\"@type\":\"ImageObject\",\"inLanguage\":\"de\",\"@id\":\"https:\/\/uniest.it\/prodotto\/botoage-maske-aus-100-zellulose\/#primaryimage\",\"url\":\"https:\/\/uniest.it\/wp-content\/uploads\/2021\/11\/maschera-tnt.jpg\",\"contentUrl\":\"https:\/\/uniest.it\/wp-content\/uploads\/2021\/11\/maschera-tnt.jpg\",\"width\":395,\"height\":261,\"caption\":\"053AAE\"},{\"@type\":\"BreadcrumbList\",\"@id\":\"https:\/\/uniest.it\/prodotto\/botoage-maske-aus-100-zellulose\/#breadcrumb\",\"itemListElement\":[{\"@type\":\"ListItem\",\"position\":1,\"name\":\"Home\",\"item\":\"https:\/\/uniest.it\/de\/\"},{\"@type\":\"ListItem\",\"position\":2,\"name\":\"Shop\",\"item\":\"https:\/\/uniest.it\/shop\/\"},{\"@type\":\"ListItem\",\"position\":3,\"name\":\"Botoage-Maske aus 100 % Zellulose\"}]},{\"@type\":\"WebSite\",\"@id\":\"https:\/\/uniest.it\/#website\",\"url\":\"https:\/\/uniest.it\/\",\"name\":\"Uniest\",\"description\":\"Cosmetici Naturali e Bio\",\"potentialAction\":[{\"@type\":\"SearchAction\",\"target\":{\"@type\":\"EntryPoint\",\"urlTemplate\":\"https:\/\/uniest.it\/?s={search_term_string}\"},\"query-input\":{\"@type\":\"PropertyValueSpecification\",\"valueRequired\":true,\"valueName\":\"search_term_string\"}}],\"inLanguage\":\"de\"}]}<\/script>\n<!-- \/ Yoast SEO plugin. -->","yoast_head_json":{"title":"Botoage-Maske aus 100 % Zellulose - Uniest","robots":{"index":"index","follow":"follow","max-snippet":"max-snippet:-1","max-image-preview":"max-image-preview:large","max-video-preview":"max-video-preview:-1"},"canonical":"https:\/\/uniest.it\/prodotto\/botoage-maske-aus-100-zellulose\/","og_locale":"de_DE","og_type":"article","og_title":"Botoage-Maske aus 100 % Zellulose - Uniest","og_description":"Einwegmaske aus 100 % Zellulosegewebe mit Lifting-Effekt, verrutscht nicht und garantiert ein tiefes Eindringen der Wirkstoffe. Es enth\u00e4lt ein Serum mit einer besonderen Formulierung, bei der zwei Peptide (Hexapeptid-8 und Hexapeptid-19) synergetisch wirken, Botulinumtoxin imitieren und altersbedingte Sch\u00e4den reparieren. Es handelt sich also um eine aufpolsternde, straffende, verdichtende und gl\u00e4ttende Maske. Die Haut erscheint bereits [&hellip;]","og_url":"https:\/\/uniest.it\/prodotto\/botoage-maske-aus-100-zellulose\/","og_site_name":"Uniest","twitter_card":"summary_large_image","schema":{"@context":"https:\/\/schema.org","@graph":[{"@type":"WebPage","@id":"https:\/\/uniest.it\/prodotto\/botoage-maske-aus-100-zellulose\/","url":"https:\/\/uniest.it\/prodotto\/botoage-maske-aus-100-zellulose\/","name":"Botoage-Maske aus 100 % Zellulose - Uniest","isPartOf":{"@id":"https:\/\/uniest.it\/#website"},"primaryImageOfPage":{"@id":"https:\/\/uniest.it\/prodotto\/botoage-maske-aus-100-zellulose\/#primaryimage"},"image":{"@id":"https:\/\/uniest.it\/prodotto\/botoage-maske-aus-100-zellulose\/#primaryimage"},"thumbnailUrl":"https:\/\/uniest.it\/wp-content\/uploads\/2021\/11\/maschera-tnt.jpg","datePublished":"2024-10-29T17:56:52+00:00","breadcrumb":{"@id":"https:\/\/uniest.it\/prodotto\/botoage-maske-aus-100-zellulose\/#breadcrumb"},"inLanguage":"de","potentialAction":[{"@type":"ReadAction","target":["https:\/\/uniest.it\/prodotto\/botoage-maske-aus-100-zellulose\/"]}]},{"@type":"ImageObject","inLanguage":"de","@id":"https:\/\/uniest.it\/prodotto\/botoage-maske-aus-100-zellulose\/#primaryimage","url":"https:\/\/uniest.it\/wp-content\/uploads\/2021\/11\/maschera-tnt.jpg","contentUrl":"https:\/\/uniest.it\/wp-content\/uploads\/2021\/11\/maschera-tnt.jpg","width":395,"height":261,"caption":"053AAE"},{"@type":"BreadcrumbList","@id":"https:\/\/uniest.it\/prodotto\/botoage-maske-aus-100-zellulose\/#breadcrumb","itemListElement":[{"@type":"ListItem","position":1,"name":"Home","item":"https:\/\/uniest.it\/de\/"},{"@type":"ListItem","position":2,"name":"Shop","item":"https:\/\/uniest.it\/shop\/"},{"@type":"ListItem","position":3,"name":"Botoage-Maske aus 100 % Zellulose"}]},{"@type":"WebSite","@id":"https:\/\/uniest.it\/#website","url":"https:\/\/uniest.it\/","name":"Uniest","description":"Cosmetici Naturali e Bio","potentialAction":[{"@type":"SearchAction","target":{"@type":"EntryPoint","urlTemplate":"https:\/\/uniest.it\/?s={search_term_string}"},"query-input":{"@type":"PropertyValueSpecification","valueRequired":true,"valueName":"search_term_string"}}],"inLanguage":"de"}]}},"_links":{"self":[{"href":"https:\/\/uniest.it\/de\/wp-json\/wp\/v2\/product\/7422","targetHints":{"allow":["GET"]}}],"collection":[{"href":"https:\/\/uniest.it\/de\/wp-json\/wp\/v2\/product"}],"about":[{"href":"https:\/\/uniest.it\/de\/wp-json\/wp\/v2\/types\/product"}],"wp:featuredmedia":[{"embeddable":true,"href":"https:\/\/uniest.it\/de\/wp-json\/wp\/v2\/media\/7423"}],"wp:attachment":[{"href":"https:\/\/uniest.it\/de\/wp-json\/wp\/v2\/media?parent=7422"}],"wp:term":[{"taxonomy":"product_brand","embeddable":true,"href":"https:\/\/uniest.it\/de\/wp-json\/wp\/v2\/product_brand?post=7422"},{"taxonomy":"product_cat","embeddable":true,"href":"https:\/\/uniest.it\/de\/wp-json\/wp\/v2\/product_cat?post=7422"},{"taxonomy":"product_tag","embeddable":true,"href":"https:\/\/uniest.it\/de\/wp-json\/wp\/v2\/product_tag?post=7422"}],"curies":[{"name":"wp","href":"https:\/\/api.w.org\/{rel}","templated":true}]}}