{"id":7426,"date":"2021-11-25T11:34:04","date_gmt":"2024-10-29T17:56:54","guid":{"rendered":"https:\/\/uniest.it\/prodotto\/jugend-koerpermilch-6-in-1-aloe\/"},"modified":"2024-12-17T00:02:08","modified_gmt":"2024-12-16T23:02:08","slug":"jugend-koerpermilch-6-in-1-aloe","status":"publish","type":"product","link":"https:\/\/uniest.it\/de\/prodotto\/jugend-koerpermilch-6-in-1-aloe\/","title":{"rendered":"Jugend-K\u00f6rpermilch 6 in 1 Aloe"},"content":{"rendered":"<p>Weiche Jugend-K\u00f6rpermilch, die speziell entwickelt wurde, um den ganzen Tag \u00fcber eine gute Ern\u00e4hrung und gute Fl\u00fcssigkeitszufuhr zu erm\u00f6glichen. F\u00fcr jedes Alter und jeden Hauttyp geeignet. Natives Oliven\u00f6l extra gilt als echtes \u201eNutrazeutikum\u201c und ist reich an den Vitaminen A, E, F, B, Lecithin, Mineralsalzen und Enzymen, w\u00e4hrend Rotwein aufgrund seiner vielf\u00e4ltigen Wirkung reich an Alphahydroxys\u00e4uren, Polyphenolen, Zuckern und Lipiden ist Sie wirken auf unsere Haut und gelten als starker Verb\u00fcndeter der Sch\u00f6nheit. Das DOP-Oliven\u00f6l Extra Vergine und der DOC-Wein stammen beide vom Gardasee und haben nachweislich blutdrucksenkende, antioxidative, aufhellende, Anti-Aging- und sch\u00fctzende Eigenschaften. Angereichert mit Zitronensaft und \u00e4therischem \u00d6l, reich an Vitamin C und Bio-Sheabutter*, um die n\u00e4hrende, feuchtigkeitsspendende und Anti-Falten-Wirkung zu verst\u00e4rken. Dank seiner nat\u00fcrlichen Vielseitigkeit duftet es zart nach Zitronenessenz und eignet sich sowohl f\u00fcr die Anwendung nach dem Bad oder der Dusche als auch f\u00fcr alle anderen Gelegenheiten, bei denen Sie sich eine glatte, weiche und samtige Haut w\u00fcnschen. *Hergestellt aus biologischem Anbau<\/p>\n","protected":false},"excerpt":{"rendered":"<p>Weiche Jugend-K\u00f6rpermilch, die speziell entwickelt wurde, um den ganzen Tag \u00fcber eine gute Ern\u00e4hrung und gute Fl\u00fcssigkeitszufuhr zu erm\u00f6glichen. F\u00fcr jedes Alter und jeden Hauttyp geeignet. Natives Oliven\u00f6l extra gilt als echtes \u201eNutrazeutikum\u201c und ist reich an den Vitaminen A, E, F, B, Lecithin, Mineralsalzen und Enzymen, w\u00e4hrend Rotwein aufgrund seiner vielf\u00e4ltigen Wirkung reich an [&hellip;]<\/p>\n","protected":false},"featured_media":7427,"template":"","meta":{"_acf_changed":false,"inline_featured_image":false},"product_brand":[],"product_cat":[1492,1489],"product_tag":[],"class_list":{"0":"post-7426","1":"product","2":"type-product","3":"status-publish","4":"has-post-thumbnail","6":"product_beauty-aromatizzare-e-profumare","7":"product_beauty-idratare","8":"product_beauty-lenire","9":"product_beauty-nutrire-e-rigenerare","10":"product_beauty-proteggere","11":"product_beauty-rassodare-e-tonificare","12":"product_skin-tutte-le-pelli","13":"product_kind-trattamenti-speciali","14":"product_kind-tutte-le-creme-corpo","15":"product_lines-garda-lake-beauty","16":"product_cat-garda-lake-beauty-de","17":"product_cat-corpo-de","18":"pa_size-150-de","20":"first","21":"instock","22":"taxable","23":"shipping-taxable","24":"purchasable","25":"product-type-simple"},"acf":[],"yoast_head":"<!-- This site is optimized with the Yoast SEO plugin v24.6 - https:\/\/yoast.com\/wordpress\/plugins\/seo\/ -->\n<title>Jugend-K\u00f6rpermilch 6 in 1 Aloe - Uniest<\/title>\n<meta name=\"robots\" content=\"index, follow, max-snippet:-1, max-image-preview:large, max-video-preview:-1\" \/>\n<link rel=\"canonical\" href=\"https:\/\/uniest.it\/de\/prodotto\/jugend-koerpermilch-6-in-1-aloe\/\" \/>\n<meta property=\"og:locale\" content=\"de_DE\" \/>\n<meta property=\"og:type\" content=\"article\" \/>\n<meta property=\"og:title\" content=\"Jugend-K\u00f6rpermilch 6 in 1 Aloe - Uniest\" \/>\n<meta property=\"og:description\" content=\"Weiche Jugend-K\u00f6rpermilch, die speziell entwickelt wurde, um den ganzen Tag \u00fcber eine gute Ern\u00e4hrung und gute Fl\u00fcssigkeitszufuhr zu erm\u00f6glichen. F\u00fcr jedes Alter und jeden Hauttyp geeignet. Natives Oliven\u00f6l extra gilt als echtes \u201eNutrazeutikum\u201c und ist reich an den Vitaminen A, E, F, B, Lecithin, Mineralsalzen und Enzymen, w\u00e4hrend Rotwein aufgrund seiner vielf\u00e4ltigen Wirkung reich an [&hellip;]\" \/>\n<meta property=\"og:url\" content=\"https:\/\/uniest.it\/de\/prodotto\/jugend-koerpermilch-6-in-1-aloe\/\" \/>\n<meta property=\"og:site_name\" content=\"Uniest\" \/>\n<meta property=\"article:modified_time\" content=\"2024-12-16T23:02:08+00:00\" \/>\n<meta property=\"og:image\" content=\"https:\/\/uniest.it\/wp-content\/uploads\/2021\/11\/035LGB.png\" \/>\n\t<meta property=\"og:image:width\" content=\"1283\" \/>\n\t<meta property=\"og:image:height\" content=\"2000\" \/>\n\t<meta property=\"og:image:type\" content=\"image\/png\" \/>\n<meta name=\"twitter:card\" content=\"summary_large_image\" \/>\n<meta name=\"twitter:label1\" content=\"Gesch\u00e4tzte Lesezeit\" \/>\n\t<meta name=\"twitter:data1\" content=\"1\u00a0Minute\" \/>\n<script type=\"application\/ld+json\" class=\"yoast-schema-graph\">{\"@context\":\"https:\/\/schema.org\",\"@graph\":[{\"@type\":\"WebPage\",\"@id\":\"https:\/\/uniest.it\/de\/prodotto\/jugend-koerpermilch-6-in-1-aloe\/\",\"url\":\"https:\/\/uniest.it\/de\/prodotto\/jugend-koerpermilch-6-in-1-aloe\/\",\"name\":\"Jugend-K\u00f6rpermilch 6 in 1 Aloe - Uniest\",\"isPartOf\":{\"@id\":\"https:\/\/uniest.it\/#website\"},\"primaryImageOfPage\":{\"@id\":\"https:\/\/uniest.it\/de\/prodotto\/jugend-koerpermilch-6-in-1-aloe\/#primaryimage\"},\"image\":{\"@id\":\"https:\/\/uniest.it\/de\/prodotto\/jugend-koerpermilch-6-in-1-aloe\/#primaryimage\"},\"thumbnailUrl\":\"https:\/\/uniest.it\/wp-content\/uploads\/2021\/11\/035LGB.png\",\"datePublished\":\"2024-10-29T17:56:54+00:00\",\"dateModified\":\"2024-12-16T23:02:08+00:00\",\"breadcrumb\":{\"@id\":\"https:\/\/uniest.it\/de\/prodotto\/jugend-koerpermilch-6-in-1-aloe\/#breadcrumb\"},\"inLanguage\":\"de\",\"potentialAction\":[{\"@type\":\"ReadAction\",\"target\":[\"https:\/\/uniest.it\/de\/prodotto\/jugend-koerpermilch-6-in-1-aloe\/\"]}]},{\"@type\":\"ImageObject\",\"inLanguage\":\"de\",\"@id\":\"https:\/\/uniest.it\/de\/prodotto\/jugend-koerpermilch-6-in-1-aloe\/#primaryimage\",\"url\":\"https:\/\/uniest.it\/wp-content\/uploads\/2021\/11\/035LGB.png\",\"contentUrl\":\"https:\/\/uniest.it\/wp-content\/uploads\/2021\/11\/035LGB.png\",\"width\":1283,\"height\":2000},{\"@type\":\"BreadcrumbList\",\"@id\":\"https:\/\/uniest.it\/de\/prodotto\/jugend-koerpermilch-6-in-1-aloe\/#breadcrumb\",\"itemListElement\":[{\"@type\":\"ListItem\",\"position\":1,\"name\":\"Home\",\"item\":\"https:\/\/uniest.it\/de\/\"},{\"@type\":\"ListItem\",\"position\":2,\"name\":\"Shop\",\"item\":\"https:\/\/uniest.it\/shop\/\"},{\"@type\":\"ListItem\",\"position\":3,\"name\":\"Jugend-K\u00f6rpermilch 6 in 1 Aloe\"}]},{\"@type\":\"WebSite\",\"@id\":\"https:\/\/uniest.it\/#website\",\"url\":\"https:\/\/uniest.it\/\",\"name\":\"Uniest\",\"description\":\"Cosmetici Naturali e Bio\",\"potentialAction\":[{\"@type\":\"SearchAction\",\"target\":{\"@type\":\"EntryPoint\",\"urlTemplate\":\"https:\/\/uniest.it\/?s={search_term_string}\"},\"query-input\":{\"@type\":\"PropertyValueSpecification\",\"valueRequired\":true,\"valueName\":\"search_term_string\"}}],\"inLanguage\":\"de\"}]}<\/script>\n<!-- \/ Yoast SEO plugin. -->","yoast_head_json":{"title":"Jugend-K\u00f6rpermilch 6 in 1 Aloe - Uniest","robots":{"index":"index","follow":"follow","max-snippet":"max-snippet:-1","max-image-preview":"max-image-preview:large","max-video-preview":"max-video-preview:-1"},"canonical":"https:\/\/uniest.it\/de\/prodotto\/jugend-koerpermilch-6-in-1-aloe\/","og_locale":"de_DE","og_type":"article","og_title":"Jugend-K\u00f6rpermilch 6 in 1 Aloe - Uniest","og_description":"Weiche Jugend-K\u00f6rpermilch, die speziell entwickelt wurde, um den ganzen Tag \u00fcber eine gute Ern\u00e4hrung und gute Fl\u00fcssigkeitszufuhr zu erm\u00f6glichen. F\u00fcr jedes Alter und jeden Hauttyp geeignet. Natives Oliven\u00f6l extra gilt als echtes \u201eNutrazeutikum\u201c und ist reich an den Vitaminen A, E, F, B, Lecithin, Mineralsalzen und Enzymen, w\u00e4hrend Rotwein aufgrund seiner vielf\u00e4ltigen Wirkung reich an [&hellip;]","og_url":"https:\/\/uniest.it\/de\/prodotto\/jugend-koerpermilch-6-in-1-aloe\/","og_site_name":"Uniest","article_modified_time":"2024-12-16T23:02:08+00:00","og_image":[{"width":1283,"height":2000,"url":"https:\/\/uniest.it\/wp-content\/uploads\/2021\/11\/035LGB.png","type":"image\/png"}],"twitter_card":"summary_large_image","twitter_misc":{"Gesch\u00e4tzte Lesezeit":"1\u00a0Minute"},"schema":{"@context":"https:\/\/schema.org","@graph":[{"@type":"WebPage","@id":"https:\/\/uniest.it\/de\/prodotto\/jugend-koerpermilch-6-in-1-aloe\/","url":"https:\/\/uniest.it\/de\/prodotto\/jugend-koerpermilch-6-in-1-aloe\/","name":"Jugend-K\u00f6rpermilch 6 in 1 Aloe - Uniest","isPartOf":{"@id":"https:\/\/uniest.it\/#website"},"primaryImageOfPage":{"@id":"https:\/\/uniest.it\/de\/prodotto\/jugend-koerpermilch-6-in-1-aloe\/#primaryimage"},"image":{"@id":"https:\/\/uniest.it\/de\/prodotto\/jugend-koerpermilch-6-in-1-aloe\/#primaryimage"},"thumbnailUrl":"https:\/\/uniest.it\/wp-content\/uploads\/2021\/11\/035LGB.png","datePublished":"2024-10-29T17:56:54+00:00","dateModified":"2024-12-16T23:02:08+00:00","breadcrumb":{"@id":"https:\/\/uniest.it\/de\/prodotto\/jugend-koerpermilch-6-in-1-aloe\/#breadcrumb"},"inLanguage":"de","potentialAction":[{"@type":"ReadAction","target":["https:\/\/uniest.it\/de\/prodotto\/jugend-koerpermilch-6-in-1-aloe\/"]}]},{"@type":"ImageObject","inLanguage":"de","@id":"https:\/\/uniest.it\/de\/prodotto\/jugend-koerpermilch-6-in-1-aloe\/#primaryimage","url":"https:\/\/uniest.it\/wp-content\/uploads\/2021\/11\/035LGB.png","contentUrl":"https:\/\/uniest.it\/wp-content\/uploads\/2021\/11\/035LGB.png","width":1283,"height":2000},{"@type":"BreadcrumbList","@id":"https:\/\/uniest.it\/de\/prodotto\/jugend-koerpermilch-6-in-1-aloe\/#breadcrumb","itemListElement":[{"@type":"ListItem","position":1,"name":"Home","item":"https:\/\/uniest.it\/de\/"},{"@type":"ListItem","position":2,"name":"Shop","item":"https:\/\/uniest.it\/shop\/"},{"@type":"ListItem","position":3,"name":"Jugend-K\u00f6rpermilch 6 in 1 Aloe"}]},{"@type":"WebSite","@id":"https:\/\/uniest.it\/#website","url":"https:\/\/uniest.it\/","name":"Uniest","description":"Cosmetici Naturali e Bio","potentialAction":[{"@type":"SearchAction","target":{"@type":"EntryPoint","urlTemplate":"https:\/\/uniest.it\/?s={search_term_string}"},"query-input":{"@type":"PropertyValueSpecification","valueRequired":true,"valueName":"search_term_string"}}],"inLanguage":"de"}]}},"_links":{"self":[{"href":"https:\/\/uniest.it\/de\/wp-json\/wp\/v2\/product\/7426","targetHints":{"allow":["GET"]}}],"collection":[{"href":"https:\/\/uniest.it\/de\/wp-json\/wp\/v2\/product"}],"about":[{"href":"https:\/\/uniest.it\/de\/wp-json\/wp\/v2\/types\/product"}],"wp:featuredmedia":[{"embeddable":true,"href":"https:\/\/uniest.it\/de\/wp-json\/wp\/v2\/media\/7427"}],"wp:attachment":[{"href":"https:\/\/uniest.it\/de\/wp-json\/wp\/v2\/media?parent=7426"}],"wp:term":[{"taxonomy":"product_brand","embeddable":true,"href":"https:\/\/uniest.it\/de\/wp-json\/wp\/v2\/product_brand?post=7426"},{"taxonomy":"product_cat","embeddable":true,"href":"https:\/\/uniest.it\/de\/wp-json\/wp\/v2\/product_cat?post=7426"},{"taxonomy":"product_tag","embeddable":true,"href":"https:\/\/uniest.it\/de\/wp-json\/wp\/v2\/product_tag?post=7426"}],"curies":[{"name":"wp","href":"https:\/\/api.w.org\/{rel}","templated":true}]}}