{"id":7428,"date":"2021-12-10T12:46:53","date_gmt":"2024-10-29T17:56:54","guid":{"rendered":"https:\/\/uniest.it\/prodotto\/hanfoel-seifenstueck\/"},"modified":"2024-10-29T18:56:54","modified_gmt":"2024-10-29T17:56:54","slug":"hanfoel-seifenstueck","status":"publish","type":"product","link":"https:\/\/uniest.it\/de\/prodotto\/hanfoel-seifenstueck\/","title":{"rendered":"Hanf\u00f6l-Seifenst\u00fcck"},"content":{"rendered":"<p>100 % pflanzliche Seife mit Hanf\u00f6l: reines Kokos\u00f6l, hergestellt im klassischen Kaltmischverfahren. Ohne tierische Fette, Konservierungsstoffe und Allergene. Angereichert mit verseiftem Hanf\u00f6l, das neben den reinigenden Eigenschaften der Seife auch n\u00e4hrende und geschmeidig machende Eigenschaften bietet.<\/p>\n","protected":false},"excerpt":{"rendered":"<p>100 % pflanzliche Seife mit Hanf\u00f6l: reines Kokos\u00f6l, hergestellt im klassischen Kaltmischverfahren. Ohne tierische Fette, Konservierungsstoffe und Allergene. Angereichert mit verseiftem Hanf\u00f6l, das neben den reinigenden Eigenschaften der Seife auch n\u00e4hrende und geschmeidig machende Eigenschaften bietet.<\/p>\n","protected":false},"featured_media":7431,"template":"","meta":{"_acf_changed":false,"inline_featured_image":false},"product_brand":[],"product_cat":[1497,1493,1489],"product_tag":[],"class_list":{"0":"post-7428","1":"product","2":"type-product","3":"status-publish","4":"has-post-thumbnail","6":"product_skin-tutte-le-pelli","7":"product_cat-viso-de","8":"product_cat-mani-e-piedi-de","9":"product_cat-corpo-de","10":"pa_size-100-gr-de","12":"first","13":"instock","14":"taxable","15":"shipping-taxable","16":"purchasable","17":"product-type-simple"},"acf":[],"yoast_head":"<!-- This site is optimized with the Yoast SEO plugin v24.6 - https:\/\/yoast.com\/wordpress\/plugins\/seo\/ -->\n<title>Hanf\u00f6l-Seifenst\u00fcck - Uniest<\/title>\n<meta name=\"robots\" content=\"index, follow, max-snippet:-1, max-image-preview:large, max-video-preview:-1\" \/>\n<link rel=\"canonical\" href=\"https:\/\/uniest.it\/prodotto\/hanfoel-seifenstueck\/\" \/>\n<meta property=\"og:locale\" content=\"de_DE\" \/>\n<meta property=\"og:type\" content=\"article\" \/>\n<meta property=\"og:title\" content=\"Hanf\u00f6l-Seifenst\u00fcck - Uniest\" \/>\n<meta property=\"og:description\" content=\"100 % pflanzliche Seife mit Hanf\u00f6l: reines Kokos\u00f6l, hergestellt im klassischen Kaltmischverfahren. Ohne tierische Fette, Konservierungsstoffe und Allergene. Angereichert mit verseiftem Hanf\u00f6l, das neben den reinigenden Eigenschaften der Seife auch n\u00e4hrende und geschmeidig machende Eigenschaften bietet.\" \/>\n<meta property=\"og:url\" content=\"https:\/\/uniest.it\/prodotto\/hanfoel-seifenstueck\/\" \/>\n<meta property=\"og:site_name\" content=\"Uniest\" \/>\n<meta name=\"twitter:card\" content=\"summary_large_image\" \/>\n<script type=\"application\/ld+json\" class=\"yoast-schema-graph\">{\"@context\":\"https:\/\/schema.org\",\"@graph\":[{\"@type\":\"WebPage\",\"@id\":\"https:\/\/uniest.it\/prodotto\/hanfoel-seifenstueck\/\",\"url\":\"https:\/\/uniest.it\/prodotto\/hanfoel-seifenstueck\/\",\"name\":\"Hanf\u00f6l-Seifenst\u00fcck - Uniest\",\"isPartOf\":{\"@id\":\"https:\/\/uniest.it\/#website\"},\"primaryImageOfPage\":{\"@id\":\"https:\/\/uniest.it\/prodotto\/hanfoel-seifenstueck\/#primaryimage\"},\"image\":{\"@id\":\"https:\/\/uniest.it\/prodotto\/hanfoel-seifenstueck\/#primaryimage\"},\"thumbnailUrl\":\"https:\/\/uniest.it\/wp-content\/uploads\/2021\/12\/Progetto-senza-titolo-2.png\",\"datePublished\":\"2024-10-29T17:56:54+00:00\",\"breadcrumb\":{\"@id\":\"https:\/\/uniest.it\/prodotto\/hanfoel-seifenstueck\/#breadcrumb\"},\"inLanguage\":\"de\",\"potentialAction\":[{\"@type\":\"ReadAction\",\"target\":[\"https:\/\/uniest.it\/prodotto\/hanfoel-seifenstueck\/\"]}]},{\"@type\":\"ImageObject\",\"inLanguage\":\"de\",\"@id\":\"https:\/\/uniest.it\/prodotto\/hanfoel-seifenstueck\/#primaryimage\",\"url\":\"https:\/\/uniest.it\/wp-content\/uploads\/2021\/12\/Progetto-senza-titolo-2.png\",\"contentUrl\":\"https:\/\/uniest.it\/wp-content\/uploads\/2021\/12\/Progetto-senza-titolo-2.png\",\"width\":1414,\"height\":2000,\"caption\":\"021ZSA\"},{\"@type\":\"BreadcrumbList\",\"@id\":\"https:\/\/uniest.it\/prodotto\/hanfoel-seifenstueck\/#breadcrumb\",\"itemListElement\":[{\"@type\":\"ListItem\",\"position\":1,\"name\":\"Home\",\"item\":\"https:\/\/uniest.it\/de\/\"},{\"@type\":\"ListItem\",\"position\":2,\"name\":\"Shop\",\"item\":\"https:\/\/uniest.it\/shop\/\"},{\"@type\":\"ListItem\",\"position\":3,\"name\":\"Hanf\u00f6l-Seifenst\u00fcck\"}]},{\"@type\":\"WebSite\",\"@id\":\"https:\/\/uniest.it\/#website\",\"url\":\"https:\/\/uniest.it\/\",\"name\":\"Uniest\",\"description\":\"Cosmetici Naturali e Bio\",\"potentialAction\":[{\"@type\":\"SearchAction\",\"target\":{\"@type\":\"EntryPoint\",\"urlTemplate\":\"https:\/\/uniest.it\/?s={search_term_string}\"},\"query-input\":{\"@type\":\"PropertyValueSpecification\",\"valueRequired\":true,\"valueName\":\"search_term_string\"}}],\"inLanguage\":\"de\"}]}<\/script>\n<!-- \/ Yoast SEO plugin. -->","yoast_head_json":{"title":"Hanf\u00f6l-Seifenst\u00fcck - Uniest","robots":{"index":"index","follow":"follow","max-snippet":"max-snippet:-1","max-image-preview":"max-image-preview:large","max-video-preview":"max-video-preview:-1"},"canonical":"https:\/\/uniest.it\/prodotto\/hanfoel-seifenstueck\/","og_locale":"de_DE","og_type":"article","og_title":"Hanf\u00f6l-Seifenst\u00fcck - Uniest","og_description":"100 % pflanzliche Seife mit Hanf\u00f6l: reines Kokos\u00f6l, hergestellt im klassischen Kaltmischverfahren. Ohne tierische Fette, Konservierungsstoffe und Allergene. Angereichert mit verseiftem Hanf\u00f6l, das neben den reinigenden Eigenschaften der Seife auch n\u00e4hrende und geschmeidig machende Eigenschaften bietet.","og_url":"https:\/\/uniest.it\/prodotto\/hanfoel-seifenstueck\/","og_site_name":"Uniest","twitter_card":"summary_large_image","schema":{"@context":"https:\/\/schema.org","@graph":[{"@type":"WebPage","@id":"https:\/\/uniest.it\/prodotto\/hanfoel-seifenstueck\/","url":"https:\/\/uniest.it\/prodotto\/hanfoel-seifenstueck\/","name":"Hanf\u00f6l-Seifenst\u00fcck - Uniest","isPartOf":{"@id":"https:\/\/uniest.it\/#website"},"primaryImageOfPage":{"@id":"https:\/\/uniest.it\/prodotto\/hanfoel-seifenstueck\/#primaryimage"},"image":{"@id":"https:\/\/uniest.it\/prodotto\/hanfoel-seifenstueck\/#primaryimage"},"thumbnailUrl":"https:\/\/uniest.it\/wp-content\/uploads\/2021\/12\/Progetto-senza-titolo-2.png","datePublished":"2024-10-29T17:56:54+00:00","breadcrumb":{"@id":"https:\/\/uniest.it\/prodotto\/hanfoel-seifenstueck\/#breadcrumb"},"inLanguage":"de","potentialAction":[{"@type":"ReadAction","target":["https:\/\/uniest.it\/prodotto\/hanfoel-seifenstueck\/"]}]},{"@type":"ImageObject","inLanguage":"de","@id":"https:\/\/uniest.it\/prodotto\/hanfoel-seifenstueck\/#primaryimage","url":"https:\/\/uniest.it\/wp-content\/uploads\/2021\/12\/Progetto-senza-titolo-2.png","contentUrl":"https:\/\/uniest.it\/wp-content\/uploads\/2021\/12\/Progetto-senza-titolo-2.png","width":1414,"height":2000,"caption":"021ZSA"},{"@type":"BreadcrumbList","@id":"https:\/\/uniest.it\/prodotto\/hanfoel-seifenstueck\/#breadcrumb","itemListElement":[{"@type":"ListItem","position":1,"name":"Home","item":"https:\/\/uniest.it\/de\/"},{"@type":"ListItem","position":2,"name":"Shop","item":"https:\/\/uniest.it\/shop\/"},{"@type":"ListItem","position":3,"name":"Hanf\u00f6l-Seifenst\u00fcck"}]},{"@type":"WebSite","@id":"https:\/\/uniest.it\/#website","url":"https:\/\/uniest.it\/","name":"Uniest","description":"Cosmetici Naturali e Bio","potentialAction":[{"@type":"SearchAction","target":{"@type":"EntryPoint","urlTemplate":"https:\/\/uniest.it\/?s={search_term_string}"},"query-input":{"@type":"PropertyValueSpecification","valueRequired":true,"valueName":"search_term_string"}}],"inLanguage":"de"}]}},"_links":{"self":[{"href":"https:\/\/uniest.it\/de\/wp-json\/wp\/v2\/product\/7428","targetHints":{"allow":["GET"]}}],"collection":[{"href":"https:\/\/uniest.it\/de\/wp-json\/wp\/v2\/product"}],"about":[{"href":"https:\/\/uniest.it\/de\/wp-json\/wp\/v2\/types\/product"}],"wp:featuredmedia":[{"embeddable":true,"href":"https:\/\/uniest.it\/de\/wp-json\/wp\/v2\/media\/7431"}],"wp:attachment":[{"href":"https:\/\/uniest.it\/de\/wp-json\/wp\/v2\/media?parent=7428"}],"wp:term":[{"taxonomy":"product_brand","embeddable":true,"href":"https:\/\/uniest.it\/de\/wp-json\/wp\/v2\/product_brand?post=7428"},{"taxonomy":"product_cat","embeddable":true,"href":"https:\/\/uniest.it\/de\/wp-json\/wp\/v2\/product_cat?post=7428"},{"taxonomy":"product_tag","embeddable":true,"href":"https:\/\/uniest.it\/de\/wp-json\/wp\/v2\/product_tag?post=7428"}],"curies":[{"name":"wp","href":"https:\/\/api.w.org\/{rel}","templated":true}]}}