{"id":7437,"date":"2022-06-10T13:06:53","date_gmt":"2024-10-29T17:56:55","guid":{"rendered":"https:\/\/uniest.it\/prodotto\/gesichtshautbasis\/"},"modified":"2024-10-29T18:56:55","modified_gmt":"2024-10-29T17:56:55","slug":"gesichtshautbasis","status":"publish","type":"product","link":"https:\/\/uniest.it\/de\/prodotto\/gesichtshautbasis\/","title":{"rendered":"Gesichtshautbasis"},"content":{"rendered":"<p>Innovatives Serum mit zarter Konsistenz und leichter Textur, speziell f\u00fcr moderne Bed\u00fcrfnisse entwickelt, um die Haut vor <strong>Verschmutzung<\/strong>, <strong>\u00e4u\u00dferen Einfl\u00fcssen<\/strong> und <strong>UV-Strahlen<\/strong> zu sch\u00fctzen. Dank der enthaltenen Wirkstoffe und des Sonnenfilters ist es in der Lage, die Gesichtshaut, selbst die empfindlichste, zu sch\u00fctzen und bietet au\u00dferdem einen 50+-Schutz vor Sonnenstrahlen. Es ist eine ausgezeichnete Grundlage f\u00fcr Make-up und kann vor oder nach jedem anderen Kosmetikum verwendet werden, um Hautunreinheiten und oxidativem Stress vorzubeugen. Angereichert mit einem sehr wertvollen <strong>Wirkstoff<\/strong><em><u>aus Vitamin B3<\/u><\/em>, der nachweislich vorbeugende und sch\u00fctzende Wirksamkeit gegen Sch\u00e4den durch UV-Strahlung hat, die zusammen <strong >Vitamin C<\/strong> in der <strong>niosomalen<\/strong> Form bietet einzigartige aufhellende und fleckenhemmende Eigenschaften. Die innovative Niosomen-Technologie basiert auf der Einkapselung des hochkonzentrierten Wirkstoffs in extrem verformbaren Niosomvesikeln, die in der Lage sind, in die tiefsten Schichten der Dermis einzudringen und so die Bioverf\u00fcgbarkeit des Wirkstoffs selbst auf der Haut zu erh\u00f6hen. Das Phytokosmetikum enth\u00e4lt kein Parf\u00fcm und ist daher auch f\u00fcr die empfindlichste und reaktivste Haut geeignet.<\/p>\n","protected":false},"excerpt":{"rendered":"<p>Innovatives Serum mit zarter Konsistenz und leichter Textur, speziell f\u00fcr moderne Bed\u00fcrfnisse entwickelt, um die Haut vor Verschmutzung, \u00e4u\u00dferen Einfl\u00fcssen und UV-Strahlen zu sch\u00fctzen. Dank der enthaltenen Wirkstoffe und des Sonnenfilters ist es in der Lage, die Gesichtshaut, selbst die empfindlichste, zu sch\u00fctzen und bietet au\u00dferdem einen 50+-Schutz vor Sonnenstrahlen. Es ist eine ausgezeichnete Grundlage [&hellip;]<\/p>\n","protected":false},"featured_media":7440,"template":"","meta":{"_acf_changed":false,"inline_featured_image":false},"product_brand":[],"product_cat":[1497,1495],"product_tag":[],"class_list":{"0":"post-7437","1":"product","2":"type-product","3":"status-publish","4":"has-post-thumbnail","6":"product_beauty-detox","7":"product_beauty-idratare","8":"product_beauty-proteggere","9":"product_beauty-trattamenti-speciali","10":"product_skin-pelle-grassa","11":"product_skin-pelle-impura","12":"product_skin-pelle-iperreattiva","13":"product_skin-pelle-mista","14":"product_skin-pelli-delicate-e-sensibili","15":"product_skin-pelli-giovani-e-prime-rughe","16":"product_skin-pelli-grasse-e-miste","17":"product_skin-pelli-mature-e-rughe","18":"product_skin-pelli-secche-e-normali","19":"product_skin-tramenti-speciali","20":"product_skin-tutte-le-pelli","21":"product_kind-creme-protettive","22":"product_kind-protezione-solare","23":"product_kind-sieri-ed-oli","24":"product_kind-trattamenti-speciali","25":"product_lines-pelli-normali-e-prime-rughe","26":"product_lines-solari","27":"product_cat-viso-de","28":"product_cat-solar","29":"pa_size-30-de","31":"first","32":"instock","33":"taxable","34":"shipping-taxable","35":"purchasable","36":"product-type-simple"},"acf":[],"yoast_head":"<!-- This site is optimized with the Yoast SEO plugin v24.6 - https:\/\/yoast.com\/wordpress\/plugins\/seo\/ -->\n<title>Gesichtshautbasis - Uniest<\/title>\n<meta name=\"robots\" content=\"index, follow, max-snippet:-1, max-image-preview:large, max-video-preview:-1\" \/>\n<link rel=\"canonical\" href=\"https:\/\/uniest.it\/de\/prodotto\/gesichtshautbasis\/\" \/>\n<meta property=\"og:locale\" content=\"de_DE\" \/>\n<meta property=\"og:type\" content=\"article\" \/>\n<meta property=\"og:title\" content=\"Gesichtshautbasis - Uniest\" \/>\n<meta property=\"og:description\" content=\"Innovatives Serum mit zarter Konsistenz und leichter Textur, speziell f\u00fcr moderne Bed\u00fcrfnisse entwickelt, um die Haut vor Verschmutzung, \u00e4u\u00dferen Einfl\u00fcssen und UV-Strahlen zu sch\u00fctzen. Dank der enthaltenen Wirkstoffe und des Sonnenfilters ist es in der Lage, die Gesichtshaut, selbst die empfindlichste, zu sch\u00fctzen und bietet au\u00dferdem einen 50+-Schutz vor Sonnenstrahlen. Es ist eine ausgezeichnete Grundlage [&hellip;]\" \/>\n<meta property=\"og:url\" content=\"https:\/\/uniest.it\/de\/prodotto\/gesichtshautbasis\/\" \/>\n<meta property=\"og:site_name\" content=\"Uniest\" \/>\n<meta property=\"og:image\" content=\"https:\/\/uniest.it\/wp-content\/uploads\/2022\/06\/faceskinbase-copia-1280x1920.png\" \/>\n\t<meta property=\"og:image:width\" content=\"1280\" \/>\n\t<meta property=\"og:image:height\" content=\"1920\" \/>\n\t<meta property=\"og:image:type\" content=\"image\/png\" \/>\n<meta name=\"twitter:card\" content=\"summary_large_image\" \/>\n<meta name=\"twitter:label1\" content=\"Gesch\u00e4tzte Lesezeit\" \/>\n\t<meta name=\"twitter:data1\" content=\"1\u00a0Minute\" \/>\n<script type=\"application\/ld+json\" class=\"yoast-schema-graph\">{\"@context\":\"https:\/\/schema.org\",\"@graph\":[{\"@type\":\"WebPage\",\"@id\":\"https:\/\/uniest.it\/de\/prodotto\/gesichtshautbasis\/\",\"url\":\"https:\/\/uniest.it\/de\/prodotto\/gesichtshautbasis\/\",\"name\":\"Gesichtshautbasis - Uniest\",\"isPartOf\":{\"@id\":\"https:\/\/uniest.it\/#website\"},\"primaryImageOfPage\":{\"@id\":\"https:\/\/uniest.it\/de\/prodotto\/gesichtshautbasis\/#primaryimage\"},\"image\":{\"@id\":\"https:\/\/uniest.it\/de\/prodotto\/gesichtshautbasis\/#primaryimage\"},\"thumbnailUrl\":\"https:\/\/uniest.it\/wp-content\/uploads\/2022\/06\/faceskinbase-copia.png\",\"datePublished\":\"2024-10-29T17:56:55+00:00\",\"breadcrumb\":{\"@id\":\"https:\/\/uniest.it\/de\/prodotto\/gesichtshautbasis\/#breadcrumb\"},\"inLanguage\":\"de\",\"potentialAction\":[{\"@type\":\"ReadAction\",\"target\":[\"https:\/\/uniest.it\/de\/prodotto\/gesichtshautbasis\/\"]}]},{\"@type\":\"ImageObject\",\"inLanguage\":\"de\",\"@id\":\"https:\/\/uniest.it\/de\/prodotto\/gesichtshautbasis\/#primaryimage\",\"url\":\"https:\/\/uniest.it\/wp-content\/uploads\/2022\/06\/faceskinbase-copia.png\",\"contentUrl\":\"https:\/\/uniest.it\/wp-content\/uploads\/2022\/06\/faceskinbase-copia.png\",\"width\":3369,\"height\":5053},{\"@type\":\"BreadcrumbList\",\"@id\":\"https:\/\/uniest.it\/de\/prodotto\/gesichtshautbasis\/#breadcrumb\",\"itemListElement\":[{\"@type\":\"ListItem\",\"position\":1,\"name\":\"Home\",\"item\":\"https:\/\/uniest.it\/de\/\"},{\"@type\":\"ListItem\",\"position\":2,\"name\":\"Shop\",\"item\":\"https:\/\/uniest.it\/shop\/\"},{\"@type\":\"ListItem\",\"position\":3,\"name\":\"Gesichtshautbasis\"}]},{\"@type\":\"WebSite\",\"@id\":\"https:\/\/uniest.it\/#website\",\"url\":\"https:\/\/uniest.it\/\",\"name\":\"Uniest\",\"description\":\"Cosmetici Naturali e Bio\",\"potentialAction\":[{\"@type\":\"SearchAction\",\"target\":{\"@type\":\"EntryPoint\",\"urlTemplate\":\"https:\/\/uniest.it\/?s={search_term_string}\"},\"query-input\":{\"@type\":\"PropertyValueSpecification\",\"valueRequired\":true,\"valueName\":\"search_term_string\"}}],\"inLanguage\":\"de\"}]}<\/script>\n<!-- \/ Yoast SEO plugin. -->","yoast_head_json":{"title":"Gesichtshautbasis - Uniest","robots":{"index":"index","follow":"follow","max-snippet":"max-snippet:-1","max-image-preview":"max-image-preview:large","max-video-preview":"max-video-preview:-1"},"canonical":"https:\/\/uniest.it\/de\/prodotto\/gesichtshautbasis\/","og_locale":"de_DE","og_type":"article","og_title":"Gesichtshautbasis - Uniest","og_description":"Innovatives Serum mit zarter Konsistenz und leichter Textur, speziell f\u00fcr moderne Bed\u00fcrfnisse entwickelt, um die Haut vor Verschmutzung, \u00e4u\u00dferen Einfl\u00fcssen und UV-Strahlen zu sch\u00fctzen. Dank der enthaltenen Wirkstoffe und des Sonnenfilters ist es in der Lage, die Gesichtshaut, selbst die empfindlichste, zu sch\u00fctzen und bietet au\u00dferdem einen 50+-Schutz vor Sonnenstrahlen. Es ist eine ausgezeichnete Grundlage [&hellip;]","og_url":"https:\/\/uniest.it\/de\/prodotto\/gesichtshautbasis\/","og_site_name":"Uniest","og_image":[{"width":1280,"height":1920,"url":"https:\/\/uniest.it\/wp-content\/uploads\/2022\/06\/faceskinbase-copia-1280x1920.png","type":"image\/png"}],"twitter_card":"summary_large_image","twitter_misc":{"Gesch\u00e4tzte Lesezeit":"1\u00a0Minute"},"schema":{"@context":"https:\/\/schema.org","@graph":[{"@type":"WebPage","@id":"https:\/\/uniest.it\/de\/prodotto\/gesichtshautbasis\/","url":"https:\/\/uniest.it\/de\/prodotto\/gesichtshautbasis\/","name":"Gesichtshautbasis - Uniest","isPartOf":{"@id":"https:\/\/uniest.it\/#website"},"primaryImageOfPage":{"@id":"https:\/\/uniest.it\/de\/prodotto\/gesichtshautbasis\/#primaryimage"},"image":{"@id":"https:\/\/uniest.it\/de\/prodotto\/gesichtshautbasis\/#primaryimage"},"thumbnailUrl":"https:\/\/uniest.it\/wp-content\/uploads\/2022\/06\/faceskinbase-copia.png","datePublished":"2024-10-29T17:56:55+00:00","breadcrumb":{"@id":"https:\/\/uniest.it\/de\/prodotto\/gesichtshautbasis\/#breadcrumb"},"inLanguage":"de","potentialAction":[{"@type":"ReadAction","target":["https:\/\/uniest.it\/de\/prodotto\/gesichtshautbasis\/"]}]},{"@type":"ImageObject","inLanguage":"de","@id":"https:\/\/uniest.it\/de\/prodotto\/gesichtshautbasis\/#primaryimage","url":"https:\/\/uniest.it\/wp-content\/uploads\/2022\/06\/faceskinbase-copia.png","contentUrl":"https:\/\/uniest.it\/wp-content\/uploads\/2022\/06\/faceskinbase-copia.png","width":3369,"height":5053},{"@type":"BreadcrumbList","@id":"https:\/\/uniest.it\/de\/prodotto\/gesichtshautbasis\/#breadcrumb","itemListElement":[{"@type":"ListItem","position":1,"name":"Home","item":"https:\/\/uniest.it\/de\/"},{"@type":"ListItem","position":2,"name":"Shop","item":"https:\/\/uniest.it\/shop\/"},{"@type":"ListItem","position":3,"name":"Gesichtshautbasis"}]},{"@type":"WebSite","@id":"https:\/\/uniest.it\/#website","url":"https:\/\/uniest.it\/","name":"Uniest","description":"Cosmetici Naturali e Bio","potentialAction":[{"@type":"SearchAction","target":{"@type":"EntryPoint","urlTemplate":"https:\/\/uniest.it\/?s={search_term_string}"},"query-input":{"@type":"PropertyValueSpecification","valueRequired":true,"valueName":"search_term_string"}}],"inLanguage":"de"}]}},"_links":{"self":[{"href":"https:\/\/uniest.it\/de\/wp-json\/wp\/v2\/product\/7437","targetHints":{"allow":["GET"]}}],"collection":[{"href":"https:\/\/uniest.it\/de\/wp-json\/wp\/v2\/product"}],"about":[{"href":"https:\/\/uniest.it\/de\/wp-json\/wp\/v2\/types\/product"}],"wp:featuredmedia":[{"embeddable":true,"href":"https:\/\/uniest.it\/de\/wp-json\/wp\/v2\/media\/7440"}],"wp:attachment":[{"href":"https:\/\/uniest.it\/de\/wp-json\/wp\/v2\/media?parent=7437"}],"wp:term":[{"taxonomy":"product_brand","embeddable":true,"href":"https:\/\/uniest.it\/de\/wp-json\/wp\/v2\/product_brand?post=7437"},{"taxonomy":"product_cat","embeddable":true,"href":"https:\/\/uniest.it\/de\/wp-json\/wp\/v2\/product_cat?post=7437"},{"taxonomy":"product_tag","embeddable":true,"href":"https:\/\/uniest.it\/de\/wp-json\/wp\/v2\/product_tag?post=7437"}],"curies":[{"name":"wp","href":"https:\/\/api.w.org\/{rel}","templated":true}]}}