{"id":759,"date":"2021-02-04T12:57:02","date_gmt":"2021-02-04T11:57:02","guid":{"rendered":"https:\/\/uniest.it\/product\/idronotte-nutriente\/"},"modified":"2026-02-16T16:57:24","modified_gmt":"2026-02-16T15:57:24","slug":"idronotte-nutriente","status":"publish","type":"product","link":"https:\/\/uniest.it\/de\/prodotto\/idronotte-nutriente\/","title":{"rendered":"Idronotte Nutriente"},"content":{"rendered":"<p>Idronotte nutriente \u00e8 una ricca crema appositamente studiata per Nutrire e rigenerare ed Idratare la pelle durante il riposo notturno.<br \/>\nApplicare una crema adeguata alla notte \u00e8 un gesto prezioso, che consente al nostro viso di rinnovarsi, distendersi e conservare un aspetto giovane.<br \/>\nLa crema nutriente applicata di sera, idrata la pelle, aiuta la sua naturale rigenerazione riparando le cellule che smog, sole, vento e agenti esterni.<br \/>\nRipara alcune imperfezioni dell\u2019incarnato. Per poter ristrutturare la pelle in profondit\u00e0, la crema nutriente \u00e8 pi\u00f9 ricca e idratante di una crema di per s\u00e9 idratante.<br \/>\nFavorisce il naturale processo di rigenerazione della pelle, permette di eliminare le tossine accumulate ed \u00e8 anche in grado di conciliare il sonno.<br \/>\nLa crema notte, infatti, idrata e apporta ingredienti funzionali alla pelle favorendone la sua naturale rigenerazione cellulare e andando ad agire in profondit\u00e0.<br \/>\nCome durante il sonno le cellule dell\u2019epidermide attuano una sorta di (auto)riparazione.<br \/>\nLa sua funzione idratante \u00e8 importante quanto un\u2019adeguata protezione: le rughe sono spesso il risultato di una pelle che ha perso il suo film idrolipidico, quindi il modo migliore per prevenire i segni del tempo \u00e8 Idratare la pelle nella giusta maniera. Quando durante il giorno si ha la sensazione che la pelle tiri e sia secca vuol dire che la crema utilizzata non idrata abbastanza il proprio tipo di pelle. Una buona idratazione e protezione \u00e8 importante anche nei mesi invernali, quando si alternano caldo e freddo, vento e ambienti troppo riscaldati, sbalzi climatici cui la pelle del viso non coperta, \u00e8 esposta in maniera diretta.<\/p>\n","protected":false},"excerpt":{"rendered":"<p>Idronotte nutriente \u00e8 una ricca crema appositamente studiata per Nutrire e rigenerare ed Idratare la pelle durante il riposo notturno. Applicare una crema adeguata alla notte \u00e8 un gesto prezioso, che consente al nostro viso di rinnovarsi, distendersi e conservare un aspetto giovane. La crema nutriente applicata di sera, idrata la pelle, aiuta la sua [&hellip;]<\/p>\n","protected":false},"featured_media":1696,"template":"","meta":{"_acf_changed":false,"inline_featured_image":false},"product_brand":[],"product_cat":[1064],"product_tag":[],"class_list":{"0":"post-759","1":"product","2":"type-product","3":"status-publish","4":"has-post-thumbnail","6":"product_beauty-antirughe","7":"product_beauty-idratare","8":"product_beauty-lenire","9":"product_beauty-nutrire-e-rigenerare","10":"product_skin-pelli-giovani-e-prime-rughe","11":"product_skin-pelli-secche-e-normali","12":"product_kind-creme-antieta-e-prime-rughe","13":"product_kind-tutte-le-creme-viso","14":"product_lines-pelli-normali-e-prime-rughe","15":"product_cat-viso","16":"pa_size-94","18":"first","19":"instock","20":"taxable","21":"shipping-taxable","22":"purchasable","23":"product-type-simple"},"acf":[],"yoast_head":"<!-- This site is optimized with the Yoast SEO plugin v24.6 - https:\/\/yoast.com\/wordpress\/plugins\/seo\/ -->\n<title>Idronotte Nutriente - Uniest<\/title>\n<meta name=\"robots\" content=\"index, follow, max-snippet:-1, max-image-preview:large, max-video-preview:-1\" \/>\n<link rel=\"canonical\" href=\"https:\/\/uniest.it\/prodotto\/idronotte-nutriente\/\" \/>\n<meta property=\"og:locale\" content=\"de_DE\" \/>\n<meta property=\"og:type\" content=\"article\" \/>\n<meta property=\"og:title\" content=\"Idronotte Nutriente - Uniest\" \/>\n<meta property=\"og:description\" content=\"Idronotte nutriente \u00e8 una ricca crema appositamente studiata per Nutrire e rigenerare ed Idratare la pelle durante il riposo notturno. Applicare una crema adeguata alla notte \u00e8 un gesto prezioso, che consente al nostro viso di rinnovarsi, distendersi e conservare un aspetto giovane. La crema nutriente applicata di sera, idrata la pelle, aiuta la sua [&hellip;]\" \/>\n<meta property=\"og:url\" content=\"https:\/\/uniest.it\/prodotto\/idronotte-nutriente\/\" \/>\n<meta property=\"og:site_name\" content=\"Uniest\" \/>\n<meta property=\"article:modified_time\" content=\"2026-02-16T15:57:24+00:00\" \/>\n<meta property=\"og:image\" content=\"https:\/\/uniest.it\/wp-content\/uploads\/2021\/01\/012AAE.png\" \/>\n\t<meta property=\"og:image:width\" content=\"1283\" \/>\n\t<meta property=\"og:image:height\" content=\"2001\" \/>\n\t<meta property=\"og:image:type\" content=\"image\/png\" \/>\n<meta name=\"twitter:card\" content=\"summary_large_image\" \/>\n<meta name=\"twitter:label1\" content=\"Gesch\u00e4tzte Lesezeit\" \/>\n\t<meta name=\"twitter:data1\" content=\"2\u00a0Minuten\" \/>\n<script type=\"application\/ld+json\" class=\"yoast-schema-graph\">{\"@context\":\"https:\/\/schema.org\",\"@graph\":[{\"@type\":\"WebPage\",\"@id\":\"https:\/\/uniest.it\/prodotto\/idronotte-nutriente\/\",\"url\":\"https:\/\/uniest.it\/prodotto\/idronotte-nutriente\/\",\"name\":\"Idronotte Nutriente - Uniest\",\"isPartOf\":{\"@id\":\"https:\/\/uniest.it\/#website\"},\"primaryImageOfPage\":{\"@id\":\"https:\/\/uniest.it\/prodotto\/idronotte-nutriente\/#primaryimage\"},\"image\":{\"@id\":\"https:\/\/uniest.it\/prodotto\/idronotte-nutriente\/#primaryimage\"},\"thumbnailUrl\":\"https:\/\/uniest.it\/wp-content\/uploads\/2021\/01\/012AAE.png\",\"datePublished\":\"2021-02-04T11:57:02+00:00\",\"dateModified\":\"2026-02-16T15:57:24+00:00\",\"breadcrumb\":{\"@id\":\"https:\/\/uniest.it\/prodotto\/idronotte-nutriente\/#breadcrumb\"},\"inLanguage\":\"de\",\"potentialAction\":[{\"@type\":\"ReadAction\",\"target\":[\"https:\/\/uniest.it\/prodotto\/idronotte-nutriente\/\"]}]},{\"@type\":\"ImageObject\",\"inLanguage\":\"de\",\"@id\":\"https:\/\/uniest.it\/prodotto\/idronotte-nutriente\/#primaryimage\",\"url\":\"https:\/\/uniest.it\/wp-content\/uploads\/2021\/01\/012AAE.png\",\"contentUrl\":\"https:\/\/uniest.it\/wp-content\/uploads\/2021\/01\/012AAE.png\",\"width\":1283,\"height\":2001},{\"@type\":\"BreadcrumbList\",\"@id\":\"https:\/\/uniest.it\/prodotto\/idronotte-nutriente\/#breadcrumb\",\"itemListElement\":[{\"@type\":\"ListItem\",\"position\":1,\"name\":\"Home\",\"item\":\"https:\/\/uniest.it\/de\/\"},{\"@type\":\"ListItem\",\"position\":2,\"name\":\"Shop\",\"item\":\"https:\/\/uniest.it\/shop\/\"},{\"@type\":\"ListItem\",\"position\":3,\"name\":\"Idronotte Nutriente\"}]},{\"@type\":\"WebSite\",\"@id\":\"https:\/\/uniest.it\/#website\",\"url\":\"https:\/\/uniest.it\/\",\"name\":\"Uniest\",\"description\":\"Cosmetici Naturali e Bio\",\"potentialAction\":[{\"@type\":\"SearchAction\",\"target\":{\"@type\":\"EntryPoint\",\"urlTemplate\":\"https:\/\/uniest.it\/?s={search_term_string}\"},\"query-input\":{\"@type\":\"PropertyValueSpecification\",\"valueRequired\":true,\"valueName\":\"search_term_string\"}}],\"inLanguage\":\"de\"}]}<\/script>\n<!-- \/ Yoast SEO plugin. -->","yoast_head_json":{"title":"Idronotte Nutriente - Uniest","robots":{"index":"index","follow":"follow","max-snippet":"max-snippet:-1","max-image-preview":"max-image-preview:large","max-video-preview":"max-video-preview:-1"},"canonical":"https:\/\/uniest.it\/prodotto\/idronotte-nutriente\/","og_locale":"de_DE","og_type":"article","og_title":"Idronotte Nutriente - Uniest","og_description":"Idronotte nutriente \u00e8 una ricca crema appositamente studiata per Nutrire e rigenerare ed Idratare la pelle durante il riposo notturno. Applicare una crema adeguata alla notte \u00e8 un gesto prezioso, che consente al nostro viso di rinnovarsi, distendersi e conservare un aspetto giovane. La crema nutriente applicata di sera, idrata la pelle, aiuta la sua [&hellip;]","og_url":"https:\/\/uniest.it\/prodotto\/idronotte-nutriente\/","og_site_name":"Uniest","article_modified_time":"2026-02-16T15:57:24+00:00","og_image":[{"width":1283,"height":2001,"url":"https:\/\/uniest.it\/wp-content\/uploads\/2021\/01\/012AAE.png","type":"image\/png"}],"twitter_card":"summary_large_image","twitter_misc":{"Gesch\u00e4tzte Lesezeit":"2\u00a0Minuten"},"schema":{"@context":"https:\/\/schema.org","@graph":[{"@type":"WebPage","@id":"https:\/\/uniest.it\/prodotto\/idronotte-nutriente\/","url":"https:\/\/uniest.it\/prodotto\/idronotte-nutriente\/","name":"Idronotte Nutriente - Uniest","isPartOf":{"@id":"https:\/\/uniest.it\/#website"},"primaryImageOfPage":{"@id":"https:\/\/uniest.it\/prodotto\/idronotte-nutriente\/#primaryimage"},"image":{"@id":"https:\/\/uniest.it\/prodotto\/idronotte-nutriente\/#primaryimage"},"thumbnailUrl":"https:\/\/uniest.it\/wp-content\/uploads\/2021\/01\/012AAE.png","datePublished":"2021-02-04T11:57:02+00:00","dateModified":"2026-02-16T15:57:24+00:00","breadcrumb":{"@id":"https:\/\/uniest.it\/prodotto\/idronotte-nutriente\/#breadcrumb"},"inLanguage":"de","potentialAction":[{"@type":"ReadAction","target":["https:\/\/uniest.it\/prodotto\/idronotte-nutriente\/"]}]},{"@type":"ImageObject","inLanguage":"de","@id":"https:\/\/uniest.it\/prodotto\/idronotte-nutriente\/#primaryimage","url":"https:\/\/uniest.it\/wp-content\/uploads\/2021\/01\/012AAE.png","contentUrl":"https:\/\/uniest.it\/wp-content\/uploads\/2021\/01\/012AAE.png","width":1283,"height":2001},{"@type":"BreadcrumbList","@id":"https:\/\/uniest.it\/prodotto\/idronotte-nutriente\/#breadcrumb","itemListElement":[{"@type":"ListItem","position":1,"name":"Home","item":"https:\/\/uniest.it\/de\/"},{"@type":"ListItem","position":2,"name":"Shop","item":"https:\/\/uniest.it\/shop\/"},{"@type":"ListItem","position":3,"name":"Idronotte Nutriente"}]},{"@type":"WebSite","@id":"https:\/\/uniest.it\/#website","url":"https:\/\/uniest.it\/","name":"Uniest","description":"Cosmetici Naturali e Bio","potentialAction":[{"@type":"SearchAction","target":{"@type":"EntryPoint","urlTemplate":"https:\/\/uniest.it\/?s={search_term_string}"},"query-input":{"@type":"PropertyValueSpecification","valueRequired":true,"valueName":"search_term_string"}}],"inLanguage":"de"}]}},"_links":{"self":[{"href":"https:\/\/uniest.it\/de\/wp-json\/wp\/v2\/product\/759","targetHints":{"allow":["GET"]}}],"collection":[{"href":"https:\/\/uniest.it\/de\/wp-json\/wp\/v2\/product"}],"about":[{"href":"https:\/\/uniest.it\/de\/wp-json\/wp\/v2\/types\/product"}],"wp:featuredmedia":[{"embeddable":true,"href":"https:\/\/uniest.it\/de\/wp-json\/wp\/v2\/media\/1696"}],"wp:attachment":[{"href":"https:\/\/uniest.it\/de\/wp-json\/wp\/v2\/media?parent=759"}],"wp:term":[{"taxonomy":"product_brand","embeddable":true,"href":"https:\/\/uniest.it\/de\/wp-json\/wp\/v2\/product_brand?post=759"},{"taxonomy":"product_cat","embeddable":true,"href":"https:\/\/uniest.it\/de\/wp-json\/wp\/v2\/product_cat?post=759"},{"taxonomy":"product_tag","embeddable":true,"href":"https:\/\/uniest.it\/de\/wp-json\/wp\/v2\/product_tag?post=759"}],"curies":[{"name":"wp","href":"https:\/\/api.w.org\/{rel}","templated":true}]}}