{"id":883,"date":"2021-02-04T12:59:20","date_gmt":"2021-02-04T11:59:20","guid":{"rendered":"https:\/\/uniest.it\/product\/crema-protettiva-e-nutriente\/"},"modified":"2023-10-16T09:39:36","modified_gmt":"2023-10-16T08:39:36","slug":"crema-protettiva-e-nutriente","status":"publish","type":"product","link":"https:\/\/uniest.it\/de\/prodotto\/crema-protettiva-e-nutriente\/","title":{"rendered":"Crema Protettiva e Nutriente"},"content":{"rendered":"<p>Crema protettiva e nutriente: \u00e8 crema dalla texture corposa \u00e8 ideale per Idratare e Proteggere la pelle durante le stagioni pi\u00f9 fredde (autunno\/inverno).<br \/>\nCombatte l\u2019irritazione e la secchezza cutanea, proteggendo le ceramidi fisiologiche, aiutando a ripristinare la funzione barriera della pelle e migliorando sensibilmente la sua idratazione.<br \/>\nLe sostanze naturali come la Lecitina di Soia, il Sorbitolo ed il Burro di Karit\u00e9 Biologico favoriscono la formazione di collagene, incrementando la tonicit\u00e0 e l\u2019elasticit\u00e0 cutanea.<br \/>\nMentre gli estratti vegetali di Malva e di Calendula Biologica in essa contenuti contrastano il rossore e rinfrescano la pelle, svolgendo un\u2019azione emolliente ed antiarrossante.<br \/>\nI preziosi principi attivi della Rosa Canina, dell\u2019 Achillea Biologica e del Sandalo hanno un effetto lenitivo e schiarente e mentre quelli del Cipresso svolgono un\u2019azione astringente.<\/p>\n","protected":false},"excerpt":{"rendered":"<p>Crema protettiva e nutriente: \u00e8 crema dalla texture corposa \u00e8 ideale per Idratare e Proteggere la pelle durante le stagioni pi\u00f9 fredde (autunno\/inverno). Combatte l\u2019irritazione e la secchezza cutanea, proteggendo le ceramidi fisiologiche, aiutando a ripristinare la funzione barriera della pelle e migliorando sensibilmente la sua idratazione. Le sostanze naturali come la Lecitina di Soia, [&hellip;]<\/p>\n","protected":false},"featured_media":614,"template":"","meta":{"_acf_changed":false,"inline_featured_image":false},"product_brand":[],"product_cat":[1064],"product_tag":[],"class_list":{"0":"post-883","1":"product","2":"type-product","3":"status-publish","4":"has-post-thumbnail","6":"product_beauty-idratare","7":"product_beauty-lenire","8":"product_beauty-nutrire-e-rigenerare","9":"product_beauty-proteggere","10":"product_beauty-rassodare-e-tonificare","11":"product_beauty-schiarire","12":"product_skin-pelli-delicate-e-sensibili","13":"product_skin-pelli-giovani-e-prime-rughe","14":"product_skin-pelli-grasse-e-miste","15":"product_skin-pelli-mature-e-rughe","16":"product_skin-pelli-secche-e-normali","17":"product_skin-tutte-le-pelli","18":"product_kind-creme-antieta-e-prime-rughe","19":"product_kind-creme-pelli-complesse","20":"product_kind-tutte-le-creme-viso","21":"product_lines-pelli-delicate-e-sensibili","22":"product_cat-viso","23":"pa_size-94","25":"first","26":"instock","27":"taxable","28":"shipping-taxable","29":"purchasable","30":"product-type-simple"},"acf":[],"yoast_head":"<!-- This site is optimized with the Yoast SEO plugin v24.6 - https:\/\/yoast.com\/wordpress\/plugins\/seo\/ -->\n<title>Crema Protettiva e Nutriente - Uniest<\/title>\n<meta name=\"robots\" content=\"index, follow, max-snippet:-1, max-image-preview:large, max-video-preview:-1\" \/>\n<link rel=\"canonical\" href=\"https:\/\/uniest.it\/prodotto\/crema-protettiva-e-nutriente\/\" \/>\n<meta property=\"og:locale\" content=\"de_DE\" \/>\n<meta property=\"og:type\" content=\"article\" \/>\n<meta property=\"og:title\" content=\"Crema Protettiva e Nutriente - Uniest\" \/>\n<meta property=\"og:description\" content=\"Crema protettiva e nutriente: \u00e8 crema dalla texture corposa \u00e8 ideale per Idratare e Proteggere la pelle durante le stagioni pi\u00f9 fredde (autunno\/inverno). Combatte l\u2019irritazione e la secchezza cutanea, proteggendo le ceramidi fisiologiche, aiutando a ripristinare la funzione barriera della pelle e migliorando sensibilmente la sua idratazione. Le sostanze naturali come la Lecitina di Soia, [&hellip;]\" \/>\n<meta property=\"og:url\" content=\"https:\/\/uniest.it\/prodotto\/crema-protettiva-e-nutriente\/\" \/>\n<meta property=\"og:site_name\" content=\"Uniest\" \/>\n<meta property=\"article:modified_time\" content=\"2023-10-16T08:39:36+00:00\" \/>\n<meta property=\"og:image\" content=\"https:\/\/uniest.it\/wp-content\/uploads\/2020\/11\/093AAE.png\" \/>\n\t<meta property=\"og:image:width\" content=\"1283\" \/>\n\t<meta property=\"og:image:height\" content=\"2001\" \/>\n\t<meta property=\"og:image:type\" content=\"image\/png\" \/>\n<meta name=\"twitter:card\" content=\"summary_large_image\" \/>\n<meta name=\"twitter:label1\" content=\"Gesch\u00e4tzte Lesezeit\" \/>\n\t<meta name=\"twitter:data1\" content=\"1\u00a0Minute\" \/>\n<script type=\"application\/ld+json\" class=\"yoast-schema-graph\">{\"@context\":\"https:\/\/schema.org\",\"@graph\":[{\"@type\":\"WebPage\",\"@id\":\"https:\/\/uniest.it\/prodotto\/crema-protettiva-e-nutriente\/\",\"url\":\"https:\/\/uniest.it\/prodotto\/crema-protettiva-e-nutriente\/\",\"name\":\"Crema Protettiva e Nutriente - Uniest\",\"isPartOf\":{\"@id\":\"https:\/\/uniest.it\/#website\"},\"primaryImageOfPage\":{\"@id\":\"https:\/\/uniest.it\/prodotto\/crema-protettiva-e-nutriente\/#primaryimage\"},\"image\":{\"@id\":\"https:\/\/uniest.it\/prodotto\/crema-protettiva-e-nutriente\/#primaryimage\"},\"thumbnailUrl\":\"https:\/\/uniest.it\/wp-content\/uploads\/2020\/11\/093AAE.png\",\"datePublished\":\"2021-02-04T11:59:20+00:00\",\"dateModified\":\"2023-10-16T08:39:36+00:00\",\"breadcrumb\":{\"@id\":\"https:\/\/uniest.it\/prodotto\/crema-protettiva-e-nutriente\/#breadcrumb\"},\"inLanguage\":\"de\",\"potentialAction\":[{\"@type\":\"ReadAction\",\"target\":[\"https:\/\/uniest.it\/prodotto\/crema-protettiva-e-nutriente\/\"]}]},{\"@type\":\"ImageObject\",\"inLanguage\":\"de\",\"@id\":\"https:\/\/uniest.it\/prodotto\/crema-protettiva-e-nutriente\/#primaryimage\",\"url\":\"https:\/\/uniest.it\/wp-content\/uploads\/2020\/11\/093AAE.png\",\"contentUrl\":\"https:\/\/uniest.it\/wp-content\/uploads\/2020\/11\/093AAE.png\",\"width\":1283,\"height\":2001},{\"@type\":\"BreadcrumbList\",\"@id\":\"https:\/\/uniest.it\/prodotto\/crema-protettiva-e-nutriente\/#breadcrumb\",\"itemListElement\":[{\"@type\":\"ListItem\",\"position\":1,\"name\":\"Home\",\"item\":\"https:\/\/uniest.it\/de\/\"},{\"@type\":\"ListItem\",\"position\":2,\"name\":\"Shop\",\"item\":\"https:\/\/uniest.it\/shop\/\"},{\"@type\":\"ListItem\",\"position\":3,\"name\":\"Crema Protettiva e Nutriente\"}]},{\"@type\":\"WebSite\",\"@id\":\"https:\/\/uniest.it\/#website\",\"url\":\"https:\/\/uniest.it\/\",\"name\":\"Uniest\",\"description\":\"Cosmetici Naturali e Bio\",\"potentialAction\":[{\"@type\":\"SearchAction\",\"target\":{\"@type\":\"EntryPoint\",\"urlTemplate\":\"https:\/\/uniest.it\/?s={search_term_string}\"},\"query-input\":{\"@type\":\"PropertyValueSpecification\",\"valueRequired\":true,\"valueName\":\"search_term_string\"}}],\"inLanguage\":\"de\"}]}<\/script>\n<!-- \/ Yoast SEO plugin. -->","yoast_head_json":{"title":"Crema Protettiva e Nutriente - Uniest","robots":{"index":"index","follow":"follow","max-snippet":"max-snippet:-1","max-image-preview":"max-image-preview:large","max-video-preview":"max-video-preview:-1"},"canonical":"https:\/\/uniest.it\/prodotto\/crema-protettiva-e-nutriente\/","og_locale":"de_DE","og_type":"article","og_title":"Crema Protettiva e Nutriente - Uniest","og_description":"Crema protettiva e nutriente: \u00e8 crema dalla texture corposa \u00e8 ideale per Idratare e Proteggere la pelle durante le stagioni pi\u00f9 fredde (autunno\/inverno). Combatte l\u2019irritazione e la secchezza cutanea, proteggendo le ceramidi fisiologiche, aiutando a ripristinare la funzione barriera della pelle e migliorando sensibilmente la sua idratazione. Le sostanze naturali come la Lecitina di Soia, [&hellip;]","og_url":"https:\/\/uniest.it\/prodotto\/crema-protettiva-e-nutriente\/","og_site_name":"Uniest","article_modified_time":"2023-10-16T08:39:36+00:00","og_image":[{"width":1283,"height":2001,"url":"https:\/\/uniest.it\/wp-content\/uploads\/2020\/11\/093AAE.png","type":"image\/png"}],"twitter_card":"summary_large_image","twitter_misc":{"Gesch\u00e4tzte Lesezeit":"1\u00a0Minute"},"schema":{"@context":"https:\/\/schema.org","@graph":[{"@type":"WebPage","@id":"https:\/\/uniest.it\/prodotto\/crema-protettiva-e-nutriente\/","url":"https:\/\/uniest.it\/prodotto\/crema-protettiva-e-nutriente\/","name":"Crema Protettiva e Nutriente - Uniest","isPartOf":{"@id":"https:\/\/uniest.it\/#website"},"primaryImageOfPage":{"@id":"https:\/\/uniest.it\/prodotto\/crema-protettiva-e-nutriente\/#primaryimage"},"image":{"@id":"https:\/\/uniest.it\/prodotto\/crema-protettiva-e-nutriente\/#primaryimage"},"thumbnailUrl":"https:\/\/uniest.it\/wp-content\/uploads\/2020\/11\/093AAE.png","datePublished":"2021-02-04T11:59:20+00:00","dateModified":"2023-10-16T08:39:36+00:00","breadcrumb":{"@id":"https:\/\/uniest.it\/prodotto\/crema-protettiva-e-nutriente\/#breadcrumb"},"inLanguage":"de","potentialAction":[{"@type":"ReadAction","target":["https:\/\/uniest.it\/prodotto\/crema-protettiva-e-nutriente\/"]}]},{"@type":"ImageObject","inLanguage":"de","@id":"https:\/\/uniest.it\/prodotto\/crema-protettiva-e-nutriente\/#primaryimage","url":"https:\/\/uniest.it\/wp-content\/uploads\/2020\/11\/093AAE.png","contentUrl":"https:\/\/uniest.it\/wp-content\/uploads\/2020\/11\/093AAE.png","width":1283,"height":2001},{"@type":"BreadcrumbList","@id":"https:\/\/uniest.it\/prodotto\/crema-protettiva-e-nutriente\/#breadcrumb","itemListElement":[{"@type":"ListItem","position":1,"name":"Home","item":"https:\/\/uniest.it\/de\/"},{"@type":"ListItem","position":2,"name":"Shop","item":"https:\/\/uniest.it\/shop\/"},{"@type":"ListItem","position":3,"name":"Crema Protettiva e Nutriente"}]},{"@type":"WebSite","@id":"https:\/\/uniest.it\/#website","url":"https:\/\/uniest.it\/","name":"Uniest","description":"Cosmetici Naturali e Bio","potentialAction":[{"@type":"SearchAction","target":{"@type":"EntryPoint","urlTemplate":"https:\/\/uniest.it\/?s={search_term_string}"},"query-input":{"@type":"PropertyValueSpecification","valueRequired":true,"valueName":"search_term_string"}}],"inLanguage":"de"}]}},"_links":{"self":[{"href":"https:\/\/uniest.it\/de\/wp-json\/wp\/v2\/product\/883","targetHints":{"allow":["GET"]}}],"collection":[{"href":"https:\/\/uniest.it\/de\/wp-json\/wp\/v2\/product"}],"about":[{"href":"https:\/\/uniest.it\/de\/wp-json\/wp\/v2\/types\/product"}],"wp:featuredmedia":[{"embeddable":true,"href":"https:\/\/uniest.it\/de\/wp-json\/wp\/v2\/media\/614"}],"wp:attachment":[{"href":"https:\/\/uniest.it\/de\/wp-json\/wp\/v2\/media?parent=883"}],"wp:term":[{"taxonomy":"product_brand","embeddable":true,"href":"https:\/\/uniest.it\/de\/wp-json\/wp\/v2\/product_brand?post=883"},{"taxonomy":"product_cat","embeddable":true,"href":"https:\/\/uniest.it\/de\/wp-json\/wp\/v2\/product_cat?post=883"},{"taxonomy":"product_tag","embeddable":true,"href":"https:\/\/uniest.it\/de\/wp-json\/wp\/v2\/product_tag?post=883"}],"curies":[{"name":"wp","href":"https:\/\/api.w.org\/{rel}","templated":true}]}}