{"id":702,"date":"2021-02-04T12:55:55","date_gmt":"2021-02-04T11:55:55","guid":{"rendered":"https:\/\/uniest.it\/product\/crema-relax-massaggio\/"},"modified":"2025-04-16T11:38:15","modified_gmt":"2025-04-16T10:38:15","slug":"crema-relax-massaggio","status":"publish","type":"product","link":"https:\/\/uniest.it\/en\/prodotto\/crema-relax-massaggio\/","title":{"rendered":"Crema Relax Massaggio"},"content":{"rendered":"<p>La Crema Relax Massaggio \u00e8 una formulazione morbida e a lunga azione, studiata per garantire un\u2019esperienza unica di benessere e idratazione profonda. Grazie alla sua texture vellutata, assicura un\u2019ottima scorrevolezza durante il massaggio, permettendo di lavorare a lungo sulla pelle senza la necessit\u00e0 di riapplicare il prodotto. La sua formula, pensata per adattarsi a ogni tipo di pelle e a tutte le et\u00e0, combina ingredienti naturali di alta qualit\u00e0 per un trattamento efficace e delicato, ideale per i momenti di relax quotidiani.<\/p>\n<p>Tra gli attivi principali, spicca l\u2019Olio Extra Vergine di Oliva D.O.P., un prezioso ingrediente ricco di Vitamine A, E, F, B, Lecitina, Sali Minerali ed Enzimi. Conosciuto per le sue propriet\u00e0 nutraceutiche, questo olio offre nutrimento e protezione alla pelle, migliorandone la tonicit\u00e0 e la morbidezza. Un altro ingrediente chiave \u00e8 il Vino Rosso D.O.C., particolarmente ricco di alfaidrossiacidi, polifenoli, zuccheri e lipidi. Grazie alle sue propriet\u00e0 antiossidanti, illuminanti e anti-age, questo estratto naturale lavora per donare alla pelle un aspetto radioso, giovane e uniforme. Entrambi questi ingredienti provengono dalle meravigliose terre del Lago di Garda, rinomate per la qualit\u00e0 delle loro materie prime, garantendo un prodotto autentico e pregiato.<\/p>\n<p>La formula \u00e8 ulteriormente impreziosita dal Burro di Karit\u00e9 Biologico, noto per la sua capacit\u00e0 di idratare in profondit\u00e0 e restituire elasticit\u00e0 alla pelle. Questo ingrediente contribuisce a potenziare l\u2019effetto nutriente della crema, lasciando la pelle incredibilmente morbida e liscia. Inoltre, migliora la luminosit\u00e0 della pelle e rinforza la barriera naturale contro gli agenti esterni.<\/p>\n<p>Grazie a questa combinazione unica di attivi, la Crema Relax Massaggio trasforma ogni applicazione in un momento di puro relax e benessere. \u00c8 perfetta per rigenerare corpo e mente, offrendo un\u2019esperienza unica di comfort e relax.<br \/>\nIdeale per l\u2019utilizzo quotidiano o per accompagnare i tuoi trattamenti di massaggio preferiti. Rappresenta un alleato insostituibile per chi desidera prendersi cura della propria pelle in modo naturale, efficace e sostenibile.<\/p>\n","protected":false},"excerpt":{"rendered":"<p>La Crema Relax Massaggio \u00e8 una formulazione morbida e a lunga azione, studiata per garantire un\u2019esperienza unica di benessere e idratazione profonda. Grazie alla sua texture vellutata, assicura un\u2019ottima scorrevolezza durante il massaggio, permettendo di lavorare a lungo sulla pelle senza la necessit\u00e0 di riapplicare il prodotto. La sua formula, pensata per adattarsi a ogni [&hellip;]<\/p>\n","protected":false},"featured_media":518,"template":"","meta":{"_acf_changed":false,"inline_featured_image":false},"product_brand":[],"product_cat":[1093,1290],"product_tag":[],"class_list":{"0":"post-702","1":"product","2":"type-product","3":"status-publish","4":"has-post-thumbnail","6":"product_beauty-aromatizzare-e-profumare","7":"product_beauty-idratare","8":"product_beauty-nutrire-e-rigenerare","9":"product_skin-tutte-le-pelli","10":"product_kind-speciale-sport","11":"product_kind-trattamenti-speciali","12":"product_kind-tutte-le-creme-corpo","13":"product_lines-garda-lake-beauty","14":"product_cat-corpo","15":"product_cat-garda-lake-beauty","16":"pa_size-33","18":"first","19":"instock","20":"taxable","21":"shipping-taxable","22":"purchasable","23":"product-type-simple"},"acf":[],"yoast_head":"<!-- This site is optimized with the Yoast SEO plugin v24.6 - https:\/\/yoast.com\/wordpress\/plugins\/seo\/ -->\n<title>Crema Relax Massaggio - Uniest<\/title>\n<meta name=\"description\" content=\"Formulazione morbida e a lunga azione, pensata per garantire un\u2019ottima scorrevolezza durante il massaggio e un\u2019intensa idratazione.\" \/>\n<meta name=\"robots\" content=\"index, follow, max-snippet:-1, max-image-preview:large, max-video-preview:-1\" \/>\n<link rel=\"canonical\" href=\"https:\/\/uniest.it\/prodotto\/crema-relax-massaggio\/\" \/>\n<meta property=\"og:locale\" content=\"en_US\" \/>\n<meta property=\"og:type\" content=\"article\" \/>\n<meta property=\"og:title\" content=\"Crema Relax Massaggio - Uniest\" \/>\n<meta property=\"og:description\" content=\"Formulazione morbida e a lunga azione, pensata per garantire un\u2019ottima scorrevolezza durante il massaggio e un\u2019intensa idratazione.\" \/>\n<meta property=\"og:url\" content=\"https:\/\/uniest.it\/prodotto\/crema-relax-massaggio\/\" \/>\n<meta property=\"og:site_name\" content=\"Uniest\" \/>\n<meta property=\"article:modified_time\" content=\"2025-04-16T10:38:15+00:00\" \/>\n<meta property=\"og:image\" content=\"https:\/\/uniest.it\/wp-content\/uploads\/2020\/11\/003LGB.png\" \/>\n\t<meta property=\"og:image:width\" content=\"1283\" \/>\n\t<meta property=\"og:image:height\" content=\"2000\" \/>\n\t<meta property=\"og:image:type\" content=\"image\/png\" \/>\n<meta name=\"twitter:card\" content=\"summary_large_image\" \/>\n<meta name=\"twitter:label1\" content=\"Est. reading time\" \/>\n\t<meta name=\"twitter:data1\" content=\"2 minutes\" \/>\n<script type=\"application\/ld+json\" class=\"yoast-schema-graph\">{\"@context\":\"https:\/\/schema.org\",\"@graph\":[{\"@type\":\"WebPage\",\"@id\":\"https:\/\/uniest.it\/prodotto\/crema-relax-massaggio\/\",\"url\":\"https:\/\/uniest.it\/prodotto\/crema-relax-massaggio\/\",\"name\":\"Crema Relax Massaggio - Uniest\",\"isPartOf\":{\"@id\":\"https:\/\/uniest.it\/#website\"},\"primaryImageOfPage\":{\"@id\":\"https:\/\/uniest.it\/prodotto\/crema-relax-massaggio\/#primaryimage\"},\"image\":{\"@id\":\"https:\/\/uniest.it\/prodotto\/crema-relax-massaggio\/#primaryimage\"},\"thumbnailUrl\":\"https:\/\/uniest.it\/wp-content\/uploads\/2020\/11\/003LGB.png\",\"datePublished\":\"2021-02-04T11:55:55+00:00\",\"dateModified\":\"2025-04-16T10:38:15+00:00\",\"description\":\"Formulazione morbida e a lunga azione, pensata per garantire un\u2019ottima scorrevolezza durante il massaggio e un\u2019intensa idratazione.\",\"breadcrumb\":{\"@id\":\"https:\/\/uniest.it\/prodotto\/crema-relax-massaggio\/#breadcrumb\"},\"inLanguage\":\"en-US\",\"potentialAction\":[{\"@type\":\"ReadAction\",\"target\":[\"https:\/\/uniest.it\/prodotto\/crema-relax-massaggio\/\"]}]},{\"@type\":\"ImageObject\",\"inLanguage\":\"en-US\",\"@id\":\"https:\/\/uniest.it\/prodotto\/crema-relax-massaggio\/#primaryimage\",\"url\":\"https:\/\/uniest.it\/wp-content\/uploads\/2020\/11\/003LGB.png\",\"contentUrl\":\"https:\/\/uniest.it\/wp-content\/uploads\/2020\/11\/003LGB.png\",\"width\":1283,\"height\":2000,\"caption\":\"Crema Relax Massaggio\"},{\"@type\":\"BreadcrumbList\",\"@id\":\"https:\/\/uniest.it\/prodotto\/crema-relax-massaggio\/#breadcrumb\",\"itemListElement\":[{\"@type\":\"ListItem\",\"position\":1,\"name\":\"Home\",\"item\":\"https:\/\/uniest.it\/en\/\"},{\"@type\":\"ListItem\",\"position\":2,\"name\":\"Shop\",\"item\":\"https:\/\/uniest.it\/en\/shop\/\"},{\"@type\":\"ListItem\",\"position\":3,\"name\":\"Crema Relax Massaggio\"}]},{\"@type\":\"WebSite\",\"@id\":\"https:\/\/uniest.it\/#website\",\"url\":\"https:\/\/uniest.it\/\",\"name\":\"Uniest\",\"description\":\"Cosmetici Naturali e Bio\",\"potentialAction\":[{\"@type\":\"SearchAction\",\"target\":{\"@type\":\"EntryPoint\",\"urlTemplate\":\"https:\/\/uniest.it\/?s={search_term_string}\"},\"query-input\":{\"@type\":\"PropertyValueSpecification\",\"valueRequired\":true,\"valueName\":\"search_term_string\"}}],\"inLanguage\":\"en-US\"}]}<\/script>\n<!-- \/ Yoast SEO plugin. -->","yoast_head_json":{"title":"Crema Relax Massaggio - Uniest","description":"Formulazione morbida e a lunga azione, pensata per garantire un\u2019ottima scorrevolezza durante il massaggio e un\u2019intensa idratazione.","robots":{"index":"index","follow":"follow","max-snippet":"max-snippet:-1","max-image-preview":"max-image-preview:large","max-video-preview":"max-video-preview:-1"},"canonical":"https:\/\/uniest.it\/prodotto\/crema-relax-massaggio\/","og_locale":"en_US","og_type":"article","og_title":"Crema Relax Massaggio - Uniest","og_description":"Formulazione morbida e a lunga azione, pensata per garantire un\u2019ottima scorrevolezza durante il massaggio e un\u2019intensa idratazione.","og_url":"https:\/\/uniest.it\/prodotto\/crema-relax-massaggio\/","og_site_name":"Uniest","article_modified_time":"2025-04-16T10:38:15+00:00","og_image":[{"width":1283,"height":2000,"url":"https:\/\/uniest.it\/wp-content\/uploads\/2020\/11\/003LGB.png","type":"image\/png"}],"twitter_card":"summary_large_image","twitter_misc":{"Est. reading time":"2 minutes"},"schema":{"@context":"https:\/\/schema.org","@graph":[{"@type":"WebPage","@id":"https:\/\/uniest.it\/prodotto\/crema-relax-massaggio\/","url":"https:\/\/uniest.it\/prodotto\/crema-relax-massaggio\/","name":"Crema Relax Massaggio - Uniest","isPartOf":{"@id":"https:\/\/uniest.it\/#website"},"primaryImageOfPage":{"@id":"https:\/\/uniest.it\/prodotto\/crema-relax-massaggio\/#primaryimage"},"image":{"@id":"https:\/\/uniest.it\/prodotto\/crema-relax-massaggio\/#primaryimage"},"thumbnailUrl":"https:\/\/uniest.it\/wp-content\/uploads\/2020\/11\/003LGB.png","datePublished":"2021-02-04T11:55:55+00:00","dateModified":"2025-04-16T10:38:15+00:00","description":"Formulazione morbida e a lunga azione, pensata per garantire un\u2019ottima scorrevolezza durante il massaggio e un\u2019intensa idratazione.","breadcrumb":{"@id":"https:\/\/uniest.it\/prodotto\/crema-relax-massaggio\/#breadcrumb"},"inLanguage":"en-US","potentialAction":[{"@type":"ReadAction","target":["https:\/\/uniest.it\/prodotto\/crema-relax-massaggio\/"]}]},{"@type":"ImageObject","inLanguage":"en-US","@id":"https:\/\/uniest.it\/prodotto\/crema-relax-massaggio\/#primaryimage","url":"https:\/\/uniest.it\/wp-content\/uploads\/2020\/11\/003LGB.png","contentUrl":"https:\/\/uniest.it\/wp-content\/uploads\/2020\/11\/003LGB.png","width":1283,"height":2000,"caption":"Crema Relax Massaggio"},{"@type":"BreadcrumbList","@id":"https:\/\/uniest.it\/prodotto\/crema-relax-massaggio\/#breadcrumb","itemListElement":[{"@type":"ListItem","position":1,"name":"Home","item":"https:\/\/uniest.it\/en\/"},{"@type":"ListItem","position":2,"name":"Shop","item":"https:\/\/uniest.it\/en\/shop\/"},{"@type":"ListItem","position":3,"name":"Crema Relax Massaggio"}]},{"@type":"WebSite","@id":"https:\/\/uniest.it\/#website","url":"https:\/\/uniest.it\/","name":"Uniest","description":"Cosmetici Naturali e Bio","potentialAction":[{"@type":"SearchAction","target":{"@type":"EntryPoint","urlTemplate":"https:\/\/uniest.it\/?s={search_term_string}"},"query-input":{"@type":"PropertyValueSpecification","valueRequired":true,"valueName":"search_term_string"}}],"inLanguage":"en-US"}]}},"_links":{"self":[{"href":"https:\/\/uniest.it\/en\/wp-json\/wp\/v2\/product\/702","targetHints":{"allow":["GET"]}}],"collection":[{"href":"https:\/\/uniest.it\/en\/wp-json\/wp\/v2\/product"}],"about":[{"href":"https:\/\/uniest.it\/en\/wp-json\/wp\/v2\/types\/product"}],"wp:featuredmedia":[{"embeddable":true,"href":"https:\/\/uniest.it\/en\/wp-json\/wp\/v2\/media\/518"}],"wp:attachment":[{"href":"https:\/\/uniest.it\/en\/wp-json\/wp\/v2\/media?parent=702"}],"wp:term":[{"taxonomy":"product_brand","embeddable":true,"href":"https:\/\/uniest.it\/en\/wp-json\/wp\/v2\/product_brand?post=702"},{"taxonomy":"product_cat","embeddable":true,"href":"https:\/\/uniest.it\/en\/wp-json\/wp\/v2\/product_cat?post=702"},{"taxonomy":"product_tag","embeddable":true,"href":"https:\/\/uniest.it\/en\/wp-json\/wp\/v2\/product_tag?post=702"}],"curies":[{"name":"wp","href":"https:\/\/api.w.org\/{rel}","templated":true}]}}