{"id":818,"date":"2021-02-04T12:58:04","date_gmt":"2021-02-04T11:58:04","guid":{"rendered":"https:\/\/uniest.it\/product\/multiaction-cream-2\/"},"modified":"2026-02-13T13:33:58","modified_gmt":"2026-02-13T12:33:58","slug":"multiaction-cream-50ml","status":"publish","type":"product","link":"https:\/\/uniest.it\/en\/prodotto\/multiaction-cream-50ml\/","title":{"rendered":"Multiaction Cream &#8211; 50ml"},"content":{"rendered":"<p>Crema specifica con Cellule Staminali Vegetali, Coenzima Q10, Acido Ialuronico a basso peso molecolare e Burro di Karit\u00e9 Biologico.<br \/>\nMultiaction Cream \u00e8 adatta a tutte le fasce d\u2019et\u00e0 per prevenire e contrastare i normali segni del tempo, grazie alla presenza delle preziose Cellule Staminali Vegetali ottenute da Bacche di Uva Acerbe e per Proteggere delicatamente la pelle giorno dopo giorno donandole tonicit\u00e0 e compattezza. Inoltre restituisce alla pelle una giusta idratazione ed un corretto nutrimento al termine di una lunga giornata in cui smog, stress e luoghi chiusi hanno alterato la funzione barriera e il film idrolipidico.<br \/>\nL\u2019Olio di Crusca di Riso, caratterizzato da propriet\u00e0 idratanti, lenitive e antiossidanti, forma uno strato protettivo sul viso e assicura all\u2019epidermide l\u2019apporto di sostanze nutritive che vengono unite al Coenzima Q10 con propriet\u00e0 antiradicaliche ed il Burro di Karit\u00e9 che possiede propriet\u00e0 rassodanti, emollienti ed Antirughe.<br \/>\nGli effetti di queste preziose sostanze funzionali sono potenziati dalla combinazione degli estratti vegetali di Camomilla Biologica, calmante e riepitelizzante; Echinacea, rassodante e tonificante; Limone, schiarente e lenitivo; Malva, ammorbidente e rinfrescante e di Rosmarino riattivante.<\/p>\n","protected":false},"excerpt":{"rendered":"<p>Crema specifica con Cellule Staminali Vegetali, Coenzima Q10, Acido Ialuronico a basso peso molecolare e Burro di Karit\u00e9 Biologico. Multiaction Cream \u00e8 adatta a tutte le fasce d\u2019et\u00e0 per prevenire e contrastare i normali segni del tempo, grazie alla presenza delle preziose Cellule Staminali Vegetali ottenute da Bacche di Uva Acerbe e per Proteggere delicatamente [&hellip;]<\/p>\n","protected":false},"featured_media":1151,"template":"","meta":{"_acf_changed":false,"inline_featured_image":false},"product_brand":[],"product_cat":[1095],"product_tag":[],"class_list":{"0":"post-818","1":"product","2":"type-product","3":"status-publish","4":"has-post-thumbnail","6":"product_beauty-antirughe","7":"product_beauty-detox-e-dren","8":"product_beauty-idratare","9":"product_beauty-lenire","10":"product_beauty-nutrire-e-rigenerare","11":"product_beauty-proteggere","12":"product_beauty-purificare","13":"product_beauty-riequilibrare","14":"product_skin-pelli-delicate-e-sensibili","15":"product_skin-pelli-giovani-e-prime-rughe","16":"product_skin-pelli-grasse-e-miste","17":"product_skin-pelli-mature-e-rughe","18":"product_skin-pelli-secche-e-normali","19":"product_skin-tutte-le-pelli","20":"product_kind-creme-antieta-e-prime-rughe","21":"product_kind-tutte-le-creme-viso","22":"product_lines-uomo","23":"product_cat-uomo","24":"pa_size-94","26":"first","27":"instock","28":"taxable","29":"shipping-taxable","30":"purchasable","31":"product-type-simple"},"acf":[],"yoast_head":"<!-- This site is optimized with the Yoast SEO plugin v24.6 - https:\/\/yoast.com\/wordpress\/plugins\/seo\/ -->\n<title>Multiaction Cream - 50ml - Uniest<\/title>\n<meta name=\"robots\" content=\"index, follow, max-snippet:-1, max-image-preview:large, max-video-preview:-1\" \/>\n<link rel=\"canonical\" href=\"https:\/\/uniest.it\/prodotto\/multiaction-cream-50ml\/\" \/>\n<meta property=\"og:locale\" content=\"en_US\" \/>\n<meta property=\"og:type\" content=\"article\" \/>\n<meta property=\"og:title\" content=\"Multiaction Cream - 50ml - Uniest\" \/>\n<meta property=\"og:description\" content=\"Crema specifica con Cellule Staminali Vegetali, Coenzima Q10, Acido Ialuronico a basso peso molecolare e Burro di Karit\u00e9 Biologico. Multiaction Cream \u00e8 adatta a tutte le fasce d\u2019et\u00e0 per prevenire e contrastare i normali segni del tempo, grazie alla presenza delle preziose Cellule Staminali Vegetali ottenute da Bacche di Uva Acerbe e per Proteggere delicatamente [&hellip;]\" \/>\n<meta property=\"og:url\" content=\"https:\/\/uniest.it\/prodotto\/multiaction-cream-50ml\/\" \/>\n<meta property=\"og:site_name\" content=\"Uniest\" \/>\n<meta property=\"article:modified_time\" content=\"2026-02-13T12:33:58+00:00\" \/>\n<meta property=\"og:image\" content=\"https:\/\/uniest.it\/wp-content\/uploads\/2020\/12\/025AAU.png\" \/>\n\t<meta property=\"og:image:width\" content=\"1283\" \/>\n\t<meta property=\"og:image:height\" content=\"2000\" \/>\n\t<meta property=\"og:image:type\" content=\"image\/png\" \/>\n<meta name=\"twitter:card\" content=\"summary_large_image\" \/>\n<meta name=\"twitter:label1\" content=\"Est. reading time\" \/>\n\t<meta name=\"twitter:data1\" content=\"2 minutes\" \/>\n<script type=\"application\/ld+json\" class=\"yoast-schema-graph\">{\"@context\":\"https:\/\/schema.org\",\"@graph\":[{\"@type\":\"WebPage\",\"@id\":\"https:\/\/uniest.it\/prodotto\/multiaction-cream-50ml\/\",\"url\":\"https:\/\/uniest.it\/prodotto\/multiaction-cream-50ml\/\",\"name\":\"Multiaction Cream - 50ml - Uniest\",\"isPartOf\":{\"@id\":\"https:\/\/uniest.it\/#website\"},\"primaryImageOfPage\":{\"@id\":\"https:\/\/uniest.it\/prodotto\/multiaction-cream-50ml\/#primaryimage\"},\"image\":{\"@id\":\"https:\/\/uniest.it\/prodotto\/multiaction-cream-50ml\/#primaryimage\"},\"thumbnailUrl\":\"https:\/\/uniest.it\/wp-content\/uploads\/2020\/12\/025AAU.png\",\"datePublished\":\"2021-02-04T11:58:04+00:00\",\"dateModified\":\"2026-02-13T12:33:58+00:00\",\"breadcrumb\":{\"@id\":\"https:\/\/uniest.it\/prodotto\/multiaction-cream-50ml\/#breadcrumb\"},\"inLanguage\":\"en-US\",\"potentialAction\":[{\"@type\":\"ReadAction\",\"target\":[\"https:\/\/uniest.it\/prodotto\/multiaction-cream-50ml\/\"]}]},{\"@type\":\"ImageObject\",\"inLanguage\":\"en-US\",\"@id\":\"https:\/\/uniest.it\/prodotto\/multiaction-cream-50ml\/#primaryimage\",\"url\":\"https:\/\/uniest.it\/wp-content\/uploads\/2020\/12\/025AAU.png\",\"contentUrl\":\"https:\/\/uniest.it\/wp-content\/uploads\/2020\/12\/025AAU.png\",\"width\":1283,\"height\":2000},{\"@type\":\"BreadcrumbList\",\"@id\":\"https:\/\/uniest.it\/prodotto\/multiaction-cream-50ml\/#breadcrumb\",\"itemListElement\":[{\"@type\":\"ListItem\",\"position\":1,\"name\":\"Home\",\"item\":\"https:\/\/uniest.it\/en\/\"},{\"@type\":\"ListItem\",\"position\":2,\"name\":\"Shop\",\"item\":\"https:\/\/uniest.it\/en\/shop\/\"},{\"@type\":\"ListItem\",\"position\":3,\"name\":\"Multiaction Cream &#8211; 50ml\"}]},{\"@type\":\"WebSite\",\"@id\":\"https:\/\/uniest.it\/#website\",\"url\":\"https:\/\/uniest.it\/\",\"name\":\"Uniest\",\"description\":\"Cosmetici Naturali e Bio\",\"potentialAction\":[{\"@type\":\"SearchAction\",\"target\":{\"@type\":\"EntryPoint\",\"urlTemplate\":\"https:\/\/uniest.it\/?s={search_term_string}\"},\"query-input\":{\"@type\":\"PropertyValueSpecification\",\"valueRequired\":true,\"valueName\":\"search_term_string\"}}],\"inLanguage\":\"en-US\"}]}<\/script>\n<!-- \/ Yoast SEO plugin. -->","yoast_head_json":{"title":"Multiaction Cream - 50ml - Uniest","robots":{"index":"index","follow":"follow","max-snippet":"max-snippet:-1","max-image-preview":"max-image-preview:large","max-video-preview":"max-video-preview:-1"},"canonical":"https:\/\/uniest.it\/prodotto\/multiaction-cream-50ml\/","og_locale":"en_US","og_type":"article","og_title":"Multiaction Cream - 50ml - Uniest","og_description":"Crema specifica con Cellule Staminali Vegetali, Coenzima Q10, Acido Ialuronico a basso peso molecolare e Burro di Karit\u00e9 Biologico. Multiaction Cream \u00e8 adatta a tutte le fasce d\u2019et\u00e0 per prevenire e contrastare i normali segni del tempo, grazie alla presenza delle preziose Cellule Staminali Vegetali ottenute da Bacche di Uva Acerbe e per Proteggere delicatamente [&hellip;]","og_url":"https:\/\/uniest.it\/prodotto\/multiaction-cream-50ml\/","og_site_name":"Uniest","article_modified_time":"2026-02-13T12:33:58+00:00","og_image":[{"width":1283,"height":2000,"url":"https:\/\/uniest.it\/wp-content\/uploads\/2020\/12\/025AAU.png","type":"image\/png"}],"twitter_card":"summary_large_image","twitter_misc":{"Est. reading time":"2 minutes"},"schema":{"@context":"https:\/\/schema.org","@graph":[{"@type":"WebPage","@id":"https:\/\/uniest.it\/prodotto\/multiaction-cream-50ml\/","url":"https:\/\/uniest.it\/prodotto\/multiaction-cream-50ml\/","name":"Multiaction Cream - 50ml - Uniest","isPartOf":{"@id":"https:\/\/uniest.it\/#website"},"primaryImageOfPage":{"@id":"https:\/\/uniest.it\/prodotto\/multiaction-cream-50ml\/#primaryimage"},"image":{"@id":"https:\/\/uniest.it\/prodotto\/multiaction-cream-50ml\/#primaryimage"},"thumbnailUrl":"https:\/\/uniest.it\/wp-content\/uploads\/2020\/12\/025AAU.png","datePublished":"2021-02-04T11:58:04+00:00","dateModified":"2026-02-13T12:33:58+00:00","breadcrumb":{"@id":"https:\/\/uniest.it\/prodotto\/multiaction-cream-50ml\/#breadcrumb"},"inLanguage":"en-US","potentialAction":[{"@type":"ReadAction","target":["https:\/\/uniest.it\/prodotto\/multiaction-cream-50ml\/"]}]},{"@type":"ImageObject","inLanguage":"en-US","@id":"https:\/\/uniest.it\/prodotto\/multiaction-cream-50ml\/#primaryimage","url":"https:\/\/uniest.it\/wp-content\/uploads\/2020\/12\/025AAU.png","contentUrl":"https:\/\/uniest.it\/wp-content\/uploads\/2020\/12\/025AAU.png","width":1283,"height":2000},{"@type":"BreadcrumbList","@id":"https:\/\/uniest.it\/prodotto\/multiaction-cream-50ml\/#breadcrumb","itemListElement":[{"@type":"ListItem","position":1,"name":"Home","item":"https:\/\/uniest.it\/en\/"},{"@type":"ListItem","position":2,"name":"Shop","item":"https:\/\/uniest.it\/en\/shop\/"},{"@type":"ListItem","position":3,"name":"Multiaction Cream &#8211; 50ml"}]},{"@type":"WebSite","@id":"https:\/\/uniest.it\/#website","url":"https:\/\/uniest.it\/","name":"Uniest","description":"Cosmetici Naturali e Bio","potentialAction":[{"@type":"SearchAction","target":{"@type":"EntryPoint","urlTemplate":"https:\/\/uniest.it\/?s={search_term_string}"},"query-input":{"@type":"PropertyValueSpecification","valueRequired":true,"valueName":"search_term_string"}}],"inLanguage":"en-US"}]}},"_links":{"self":[{"href":"https:\/\/uniest.it\/en\/wp-json\/wp\/v2\/product\/818","targetHints":{"allow":["GET"]}}],"collection":[{"href":"https:\/\/uniest.it\/en\/wp-json\/wp\/v2\/product"}],"about":[{"href":"https:\/\/uniest.it\/en\/wp-json\/wp\/v2\/types\/product"}],"wp:featuredmedia":[{"embeddable":true,"href":"https:\/\/uniest.it\/en\/wp-json\/wp\/v2\/media\/1151"}],"wp:attachment":[{"href":"https:\/\/uniest.it\/en\/wp-json\/wp\/v2\/media?parent=818"}],"wp:term":[{"taxonomy":"product_brand","embeddable":true,"href":"https:\/\/uniest.it\/en\/wp-json\/wp\/v2\/product_brand?post=818"},{"taxonomy":"product_cat","embeddable":true,"href":"https:\/\/uniest.it\/en\/wp-json\/wp\/v2\/product_cat?post=818"},{"taxonomy":"product_tag","embeddable":true,"href":"https:\/\/uniest.it\/en\/wp-json\/wp\/v2\/product_tag?post=818"}],"curies":[{"name":"wp","href":"https:\/\/api.w.org\/{rel}","templated":true}]}}