{"id":6068,"date":"2021-02-04T12:58:04","date_gmt":"2024-10-23T16:26:00","guid":{"rendered":"https:\/\/uniest.it\/prodotto\/sun-beam-emulsion-solar-alta-proteccion-spf-30\/"},"modified":"2024-10-23T17:26:00","modified_gmt":"2024-10-23T16:26:00","slug":"sun-beam-emulsion-solar-alta-proteccion-spf-30","status":"publish","type":"product","link":"https:\/\/uniest.it\/es\/prodotto\/sun-beam-emulsion-solar-alta-proteccion-spf-30\/","title":{"rendered":"Sun Beam Emulsi\u00f3n Solar Alta Protecci\u00f3n SPF 30"},"content":{"rendered":"<p>Rayo de sol 30 es una emulsi\u00f3n solar de alta protecci\u00f3n, protege la piel de los rayos solares, especialmente si es ligera y delicada. La acci\u00f3n del sol representa un peligro de quemaduras solares y eritemas, que pueden da\u00f1ar permanentemente la piel y provocar cambios precancerosos. El sol puede ser el causante de la aparici\u00f3n prematura de arrugas y otros signos de envejecimiento, por lo que es fundamental protegerse de los rayos solares mediante protecci\u00f3n. La exposici\u00f3n a los rayos UV es un factor de riesgo para el desarrollo tanto de melanoma como de otras formas de c\u00e1ncer, que se originan a partir de c\u00e9lulas basales (carcinomas) o c\u00e9lulas superficiales de la epidermis. El filtro solar natural con extractos de \u00c1rnica, Malva e Hip\u00e9rico tiene una acci\u00f3n calmante, emoliente y reepitelizante. La manteca de karit\u00e9 org\u00e1nica y los aceites de almendras dulces, salvado de arroz, zanahoria, coco y c\u00e1scara de nuez suavizan, hidratan y calman la piel. Tambi\u00e9n contiene extractos de Casta\u00f1o de Indias, Centella, Aloe Bio, Fucus y Miel.<\/p>\n","protected":false},"excerpt":{"rendered":"<p>Rayo de sol 30 es una emulsi\u00f3n solar de alta protecci\u00f3n, protege la piel de los rayos solares, especialmente si es ligera y delicada. La acci\u00f3n del sol representa un peligro de quemaduras solares y eritemas, que pueden da\u00f1ar permanentemente la piel y provocar cambios precancerosos. El sol puede ser el causante de la aparici\u00f3n [&hellip;]<\/p>\n","protected":false},"featured_media":6070,"template":"","meta":{"_acf_changed":false,"inline_featured_image":false},"product_brand":[],"product_cat":[1425,1430,1432],"product_tag":[],"class_list":{"0":"post-6068","1":"product","2":"type-product","3":"status-publish","4":"has-post-thumbnail","6":"product_beauty-antirughe","7":"product_beauty-idratare","8":"product_beauty-nutrire-e-rigenerare","9":"product_beauty-proteggere","10":"product_beauty-rassodare-e-tonificare","11":"product_skin-tutte-le-pelli","12":"product_kind-creme-antieta-e-prime-rughe","13":"product_kind-protezione-solare","14":"product_kind-tutte-le-creme-corpo","15":"product_kind-tutte-le-creme-viso","16":"product_lines-solari","17":"product_cat-corpo-es","18":"product_cat-famiglia-e-pet-es","19":"product_cat-solari-es","20":"pa_size-150-es","22":"first","23":"instock","24":"taxable","25":"shipping-taxable","26":"purchasable","27":"product-type-simple"},"acf":[],"yoast_head":"<!-- This site is optimized with the Yoast SEO plugin v24.6 - https:\/\/yoast.com\/wordpress\/plugins\/seo\/ -->\n<title>Sun Beam Emulsi\u00f3n Solar Alta Protecci\u00f3n SPF 30 - Uniest<\/title>\n<meta name=\"robots\" content=\"index, follow, max-snippet:-1, max-image-preview:large, max-video-preview:-1\" \/>\n<link rel=\"canonical\" href=\"https:\/\/uniest.it\/prodotto\/sun-beam-emulsion-solar-alta-proteccion-spf-30\/\" \/>\n<meta property=\"og:locale\" content=\"es_ES\" \/>\n<meta property=\"og:type\" content=\"article\" \/>\n<meta property=\"og:title\" content=\"Sun Beam Emulsi\u00f3n Solar Alta Protecci\u00f3n SPF 30 - Uniest\" \/>\n<meta property=\"og:description\" content=\"Rayo de sol 30 es una emulsi\u00f3n solar de alta protecci\u00f3n, protege la piel de los rayos solares, especialmente si es ligera y delicada. La acci\u00f3n del sol representa un peligro de quemaduras solares y eritemas, que pueden da\u00f1ar permanentemente la piel y provocar cambios precancerosos. El sol puede ser el causante de la aparici\u00f3n [&hellip;]\" \/>\n<meta property=\"og:url\" content=\"https:\/\/uniest.it\/prodotto\/sun-beam-emulsion-solar-alta-proteccion-spf-30\/\" \/>\n<meta property=\"og:site_name\" content=\"Uniest\" \/>\n<meta name=\"twitter:card\" content=\"summary_large_image\" \/>\n<meta name=\"twitter:label1\" content=\"Tiempo de lectura\" \/>\n\t<meta name=\"twitter:data1\" content=\"1 minuto\" \/>\n<script type=\"application\/ld+json\" class=\"yoast-schema-graph\">{\"@context\":\"https:\/\/schema.org\",\"@graph\":[{\"@type\":\"WebPage\",\"@id\":\"https:\/\/uniest.it\/prodotto\/sun-beam-emulsion-solar-alta-proteccion-spf-30\/\",\"url\":\"https:\/\/uniest.it\/prodotto\/sun-beam-emulsion-solar-alta-proteccion-spf-30\/\",\"name\":\"Sun Beam Emulsi\u00f3n Solar Alta Protecci\u00f3n SPF 30 - Uniest\",\"isPartOf\":{\"@id\":\"https:\/\/uniest.it\/#website\"},\"primaryImageOfPage\":{\"@id\":\"https:\/\/uniest.it\/prodotto\/sun-beam-emulsion-solar-alta-proteccion-spf-30\/#primaryimage\"},\"image\":{\"@id\":\"https:\/\/uniest.it\/prodotto\/sun-beam-emulsion-solar-alta-proteccion-spf-30\/#primaryimage\"},\"thumbnailUrl\":\"https:\/\/uniest.it\/wp-content\/uploads\/2021\/02\/020AAS.png\",\"datePublished\":\"2024-10-23T16:26:00+00:00\",\"breadcrumb\":{\"@id\":\"https:\/\/uniest.it\/prodotto\/sun-beam-emulsion-solar-alta-proteccion-spf-30\/#breadcrumb\"},\"inLanguage\":\"es\",\"potentialAction\":[{\"@type\":\"ReadAction\",\"target\":[\"https:\/\/uniest.it\/prodotto\/sun-beam-emulsion-solar-alta-proteccion-spf-30\/\"]}]},{\"@type\":\"ImageObject\",\"inLanguage\":\"es\",\"@id\":\"https:\/\/uniest.it\/prodotto\/sun-beam-emulsion-solar-alta-proteccion-spf-30\/#primaryimage\",\"url\":\"https:\/\/uniest.it\/wp-content\/uploads\/2021\/02\/020AAS.png\",\"contentUrl\":\"https:\/\/uniest.it\/wp-content\/uploads\/2021\/02\/020AAS.png\",\"width\":3456,\"height\":5184},{\"@type\":\"BreadcrumbList\",\"@id\":\"https:\/\/uniest.it\/prodotto\/sun-beam-emulsion-solar-alta-proteccion-spf-30\/#breadcrumb\",\"itemListElement\":[{\"@type\":\"ListItem\",\"position\":1,\"name\":\"Home\",\"item\":\"https:\/\/uniest.it\/es\/\"},{\"@type\":\"ListItem\",\"position\":2,\"name\":\"Shop\",\"item\":\"https:\/\/uniest.it\/shop\/\"},{\"@type\":\"ListItem\",\"position\":3,\"name\":\"Sun Beam Emulsi\u00f3n Solar Alta Protecci\u00f3n SPF 30\"}]},{\"@type\":\"WebSite\",\"@id\":\"https:\/\/uniest.it\/#website\",\"url\":\"https:\/\/uniest.it\/\",\"name\":\"Uniest\",\"description\":\"Cosmetici Naturali e Bio\",\"potentialAction\":[{\"@type\":\"SearchAction\",\"target\":{\"@type\":\"EntryPoint\",\"urlTemplate\":\"https:\/\/uniest.it\/?s={search_term_string}\"},\"query-input\":{\"@type\":\"PropertyValueSpecification\",\"valueRequired\":true,\"valueName\":\"search_term_string\"}}],\"inLanguage\":\"es\"}]}<\/script>\n<!-- \/ Yoast SEO plugin. -->","yoast_head_json":{"title":"Sun Beam Emulsi\u00f3n Solar Alta Protecci\u00f3n SPF 30 - Uniest","robots":{"index":"index","follow":"follow","max-snippet":"max-snippet:-1","max-image-preview":"max-image-preview:large","max-video-preview":"max-video-preview:-1"},"canonical":"https:\/\/uniest.it\/prodotto\/sun-beam-emulsion-solar-alta-proteccion-spf-30\/","og_locale":"es_ES","og_type":"article","og_title":"Sun Beam Emulsi\u00f3n Solar Alta Protecci\u00f3n SPF 30 - Uniest","og_description":"Rayo de sol 30 es una emulsi\u00f3n solar de alta protecci\u00f3n, protege la piel de los rayos solares, especialmente si es ligera y delicada. La acci\u00f3n del sol representa un peligro de quemaduras solares y eritemas, que pueden da\u00f1ar permanentemente la piel y provocar cambios precancerosos. El sol puede ser el causante de la aparici\u00f3n [&hellip;]","og_url":"https:\/\/uniest.it\/prodotto\/sun-beam-emulsion-solar-alta-proteccion-spf-30\/","og_site_name":"Uniest","twitter_card":"summary_large_image","twitter_misc":{"Tiempo de lectura":"1 minuto"},"schema":{"@context":"https:\/\/schema.org","@graph":[{"@type":"WebPage","@id":"https:\/\/uniest.it\/prodotto\/sun-beam-emulsion-solar-alta-proteccion-spf-30\/","url":"https:\/\/uniest.it\/prodotto\/sun-beam-emulsion-solar-alta-proteccion-spf-30\/","name":"Sun Beam Emulsi\u00f3n Solar Alta Protecci\u00f3n SPF 30 - Uniest","isPartOf":{"@id":"https:\/\/uniest.it\/#website"},"primaryImageOfPage":{"@id":"https:\/\/uniest.it\/prodotto\/sun-beam-emulsion-solar-alta-proteccion-spf-30\/#primaryimage"},"image":{"@id":"https:\/\/uniest.it\/prodotto\/sun-beam-emulsion-solar-alta-proteccion-spf-30\/#primaryimage"},"thumbnailUrl":"https:\/\/uniest.it\/wp-content\/uploads\/2021\/02\/020AAS.png","datePublished":"2024-10-23T16:26:00+00:00","breadcrumb":{"@id":"https:\/\/uniest.it\/prodotto\/sun-beam-emulsion-solar-alta-proteccion-spf-30\/#breadcrumb"},"inLanguage":"es","potentialAction":[{"@type":"ReadAction","target":["https:\/\/uniest.it\/prodotto\/sun-beam-emulsion-solar-alta-proteccion-spf-30\/"]}]},{"@type":"ImageObject","inLanguage":"es","@id":"https:\/\/uniest.it\/prodotto\/sun-beam-emulsion-solar-alta-proteccion-spf-30\/#primaryimage","url":"https:\/\/uniest.it\/wp-content\/uploads\/2021\/02\/020AAS.png","contentUrl":"https:\/\/uniest.it\/wp-content\/uploads\/2021\/02\/020AAS.png","width":3456,"height":5184},{"@type":"BreadcrumbList","@id":"https:\/\/uniest.it\/prodotto\/sun-beam-emulsion-solar-alta-proteccion-spf-30\/#breadcrumb","itemListElement":[{"@type":"ListItem","position":1,"name":"Home","item":"https:\/\/uniest.it\/es\/"},{"@type":"ListItem","position":2,"name":"Shop","item":"https:\/\/uniest.it\/shop\/"},{"@type":"ListItem","position":3,"name":"Sun Beam Emulsi\u00f3n Solar Alta Protecci\u00f3n SPF 30"}]},{"@type":"WebSite","@id":"https:\/\/uniest.it\/#website","url":"https:\/\/uniest.it\/","name":"Uniest","description":"Cosmetici Naturali e Bio","potentialAction":[{"@type":"SearchAction","target":{"@type":"EntryPoint","urlTemplate":"https:\/\/uniest.it\/?s={search_term_string}"},"query-input":{"@type":"PropertyValueSpecification","valueRequired":true,"valueName":"search_term_string"}}],"inLanguage":"es"}]}},"_links":{"self":[{"href":"https:\/\/uniest.it\/es\/wp-json\/wp\/v2\/product\/6068","targetHints":{"allow":["GET"]}}],"collection":[{"href":"https:\/\/uniest.it\/es\/wp-json\/wp\/v2\/product"}],"about":[{"href":"https:\/\/uniest.it\/es\/wp-json\/wp\/v2\/types\/product"}],"wp:featuredmedia":[{"embeddable":true,"href":"https:\/\/uniest.it\/es\/wp-json\/wp\/v2\/media\/6070"}],"wp:attachment":[{"href":"https:\/\/uniest.it\/es\/wp-json\/wp\/v2\/media?parent=6068"}],"wp:term":[{"taxonomy":"product_brand","embeddable":true,"href":"https:\/\/uniest.it\/es\/wp-json\/wp\/v2\/product_brand?post=6068"},{"taxonomy":"product_cat","embeddable":true,"href":"https:\/\/uniest.it\/es\/wp-json\/wp\/v2\/product_cat?post=6068"},{"taxonomy":"product_tag","embeddable":true,"href":"https:\/\/uniest.it\/es\/wp-json\/wp\/v2\/product_tag?post=6068"}],"curies":[{"name":"wp","href":"https:\/\/api.w.org\/{rel}","templated":true}]}}