{"id":6071,"date":"2024-10-23T17:26:01","date_gmt":"2024-10-23T16:26:01","guid":{"rendered":"https:\/\/uniest.it\/prodotto\/perro-rosa\/"},"modified":"2024-10-23T17:26:01","modified_gmt":"2024-10-23T16:26:01","slug":"perro-rosa","status":"publish","type":"product","link":"https:\/\/uniest.it\/es\/prodotto\/perro-rosa\/","title":{"rendered":"perro rosa"},"content":{"rendered":"<p>La rosa mosqueta es una planta muy rica en Vitamina C y Bioflavonoides. Gracias a sus propiedades vitaminantes es muy \u00fatil en el tratamiento de resfriados, conjuntivitis y asma, pero tambi\u00e9n se toma para facilitar la absorci\u00f3n de hierro y calcio. De hecho, la propiedad antiinflamatoria encuentra un uso terap\u00e9utico importante en la inflamaci\u00f3n de las mucosas nasales, ojos y v\u00edas respiratorias superiores con la consiguiente producci\u00f3n de flema. La tintura madre es, por tanto, excelente en caso de resfriados, alergias y en el tratamiento de la rinitis, conjuntivitis y asma por contacto con el polen; pero tambi\u00e9n se recomienda generalmente para amigdalitis, nasofaringitis, infecciones de o\u00eddo, tos y resfriados de origen infeccioso. Las defensas inmunitarias del organismo encuentran en la rosa silvestre un aliado v\u00e1lido: basta pensar que 100 gramos de bayas contienen la misma cantidad de vitamina C que 1 kilo de c\u00edtricos tradicionales. La acci\u00f3n vitaminante est\u00e1 ligada a la acci\u00f3n antioxidante de los Bioflavonoides, contenidos en la pulpa y la piel, que act\u00faan sin\u00e9rgicamente con la Vitamina C, optimizando la circulaci\u00f3n sangu\u00ednea. Este efecto beneficioso sobre la calidad de la sangre se debe a su capacidad para favorecer la absorci\u00f3n de calcio y hierro en el intestino, equilibrando los niveles de colesterol y contribuyendo a la producci\u00f3n de hemoglobina; tambi\u00e9n activa la vitamina B9 (\u00e1cido f\u00f3lico). La rosa mosqueta tambi\u00e9n es un excelente t\u00f3nico para afrontar el agotamiento y el cansancio, ayuda a vencer el estr\u00e9s; finalmente estimula la eliminaci\u00f3n de toxinas mediante la diuresis y las bayas tienen una acci\u00f3n astringente por la presencia de taninos, por lo que son \u00fatiles en caso de diarrea y c\u00f3licos intestinales. Gracias al contenido en carotenoides y antioxidantes se pueden preparar diversos productos con Rosa Mosqueta: cosm\u00e9ticos como los antiedad y antiarrugas, cremas hidratantes para el cuidado de la piel seca y da\u00f1ada e incluso productos calmantes y astringentes.<\/p>\n","protected":false},"excerpt":{"rendered":"<p>La rosa mosqueta es una planta muy rica en Vitamina C y Bioflavonoides. Gracias a sus propiedades vitaminantes es muy \u00fatil en el tratamiento de resfriados, conjuntivitis y asma, pero tambi\u00e9n se toma para facilitar la absorci\u00f3n de hierro y calcio. De hecho, la propiedad antiinflamatoria encuentra un uso terap\u00e9utico importante en la inflamaci\u00f3n de [&hellip;]<\/p>\n","protected":false},"featured_media":6072,"template":"","meta":{"_acf_changed":false,"inline_featured_image":false},"product_brand":[],"product_cat":[1433],"product_tag":[],"class_list":{"0":"post-6071","1":"product","2":"type-product","3":"status-publish","4":"has-post-thumbnail","6":"product_beauty-antinfiammatoria","7":"product_beauty-detox-e-dren","8":"product_beauty-diuretico","9":"product_beauty-drenante","10":"product_beauty-gola","11":"product_beauty-insonnia","12":"product_beauty-lenitivo","13":"product_beauty-mineralizzante","14":"product_beauty-multivitaminico","15":"product_beauty-rilassante","16":"product_beauty-sistema-immunitario","17":"product_beauty-stress","18":"product_beauty-tratto-urinario","19":"product_beauty-vie-respiratorie","20":"product_kind-integrazione-alimentare","21":"product_lines-benessere","22":"product_cat-benessere-es","23":"pa_size-50-es","25":"first","26":"outofstock","27":"taxable","28":"shipping-taxable","29":"purchasable","30":"product-type-simple"},"acf":[],"yoast_head":"<!-- This site is optimized with the Yoast SEO plugin v24.6 - https:\/\/yoast.com\/wordpress\/plugins\/seo\/ -->\n<title>perro rosa - Uniest<\/title>\n<meta name=\"robots\" content=\"index, follow, max-snippet:-1, max-image-preview:large, max-video-preview:-1\" \/>\n<link rel=\"canonical\" href=\"https:\/\/uniest.it\/prodotto\/perro-rosa\/\" \/>\n<meta property=\"og:locale\" content=\"es_ES\" \/>\n<meta property=\"og:type\" content=\"article\" \/>\n<meta property=\"og:title\" content=\"perro rosa - Uniest\" \/>\n<meta property=\"og:description\" content=\"La rosa mosqueta es una planta muy rica en Vitamina C y Bioflavonoides. Gracias a sus propiedades vitaminantes es muy \u00fatil en el tratamiento de resfriados, conjuntivitis y asma, pero tambi\u00e9n se toma para facilitar la absorci\u00f3n de hierro y calcio. De hecho, la propiedad antiinflamatoria encuentra un uso terap\u00e9utico importante en la inflamaci\u00f3n de [&hellip;]\" \/>\n<meta property=\"og:url\" content=\"https:\/\/uniest.it\/prodotto\/perro-rosa\/\" \/>\n<meta property=\"og:site_name\" content=\"Uniest\" \/>\n<meta name=\"twitter:card\" content=\"summary_large_image\" \/>\n<meta name=\"twitter:label1\" content=\"Tiempo de lectura\" \/>\n\t<meta name=\"twitter:data1\" content=\"2 minutos\" \/>\n<script type=\"application\/ld+json\" class=\"yoast-schema-graph\">{\"@context\":\"https:\/\/schema.org\",\"@graph\":[{\"@type\":\"WebPage\",\"@id\":\"https:\/\/uniest.it\/prodotto\/perro-rosa\/\",\"url\":\"https:\/\/uniest.it\/prodotto\/perro-rosa\/\",\"name\":\"perro rosa - Uniest\",\"isPartOf\":{\"@id\":\"https:\/\/uniest.it\/#website\"},\"primaryImageOfPage\":{\"@id\":\"https:\/\/uniest.it\/prodotto\/perro-rosa\/#primaryimage\"},\"image\":{\"@id\":\"https:\/\/uniest.it\/prodotto\/perro-rosa\/#primaryimage\"},\"thumbnailUrl\":\"https:\/\/uniest.it\/wp-content\/uploads\/2020\/12\/020ZTM.png\",\"datePublished\":\"2024-10-23T16:26:01+00:00\",\"breadcrumb\":{\"@id\":\"https:\/\/uniest.it\/prodotto\/perro-rosa\/#breadcrumb\"},\"inLanguage\":\"es\",\"potentialAction\":[{\"@type\":\"ReadAction\",\"target\":[\"https:\/\/uniest.it\/prodotto\/perro-rosa\/\"]}]},{\"@type\":\"ImageObject\",\"inLanguage\":\"es\",\"@id\":\"https:\/\/uniest.it\/prodotto\/perro-rosa\/#primaryimage\",\"url\":\"https:\/\/uniest.it\/wp-content\/uploads\/2020\/12\/020ZTM.png\",\"contentUrl\":\"https:\/\/uniest.it\/wp-content\/uploads\/2020\/12\/020ZTM.png\",\"width\":1283,\"height\":2000},{\"@type\":\"BreadcrumbList\",\"@id\":\"https:\/\/uniest.it\/prodotto\/perro-rosa\/#breadcrumb\",\"itemListElement\":[{\"@type\":\"ListItem\",\"position\":1,\"name\":\"Home\",\"item\":\"https:\/\/uniest.it\/es\/\"},{\"@type\":\"ListItem\",\"position\":2,\"name\":\"Shop\",\"item\":\"https:\/\/uniest.it\/shop\/\"},{\"@type\":\"ListItem\",\"position\":3,\"name\":\"perro rosa\"}]},{\"@type\":\"WebSite\",\"@id\":\"https:\/\/uniest.it\/#website\",\"url\":\"https:\/\/uniest.it\/\",\"name\":\"Uniest\",\"description\":\"Cosmetici Naturali e Bio\",\"potentialAction\":[{\"@type\":\"SearchAction\",\"target\":{\"@type\":\"EntryPoint\",\"urlTemplate\":\"https:\/\/uniest.it\/?s={search_term_string}\"},\"query-input\":{\"@type\":\"PropertyValueSpecification\",\"valueRequired\":true,\"valueName\":\"search_term_string\"}}],\"inLanguage\":\"es\"}]}<\/script>\n<!-- \/ Yoast SEO plugin. -->","yoast_head_json":{"title":"perro rosa - Uniest","robots":{"index":"index","follow":"follow","max-snippet":"max-snippet:-1","max-image-preview":"max-image-preview:large","max-video-preview":"max-video-preview:-1"},"canonical":"https:\/\/uniest.it\/prodotto\/perro-rosa\/","og_locale":"es_ES","og_type":"article","og_title":"perro rosa - Uniest","og_description":"La rosa mosqueta es una planta muy rica en Vitamina C y Bioflavonoides. Gracias a sus propiedades vitaminantes es muy \u00fatil en el tratamiento de resfriados, conjuntivitis y asma, pero tambi\u00e9n se toma para facilitar la absorci\u00f3n de hierro y calcio. De hecho, la propiedad antiinflamatoria encuentra un uso terap\u00e9utico importante en la inflamaci\u00f3n de [&hellip;]","og_url":"https:\/\/uniest.it\/prodotto\/perro-rosa\/","og_site_name":"Uniest","twitter_card":"summary_large_image","twitter_misc":{"Tiempo de lectura":"2 minutos"},"schema":{"@context":"https:\/\/schema.org","@graph":[{"@type":"WebPage","@id":"https:\/\/uniest.it\/prodotto\/perro-rosa\/","url":"https:\/\/uniest.it\/prodotto\/perro-rosa\/","name":"perro rosa - Uniest","isPartOf":{"@id":"https:\/\/uniest.it\/#website"},"primaryImageOfPage":{"@id":"https:\/\/uniest.it\/prodotto\/perro-rosa\/#primaryimage"},"image":{"@id":"https:\/\/uniest.it\/prodotto\/perro-rosa\/#primaryimage"},"thumbnailUrl":"https:\/\/uniest.it\/wp-content\/uploads\/2020\/12\/020ZTM.png","datePublished":"2024-10-23T16:26:01+00:00","breadcrumb":{"@id":"https:\/\/uniest.it\/prodotto\/perro-rosa\/#breadcrumb"},"inLanguage":"es","potentialAction":[{"@type":"ReadAction","target":["https:\/\/uniest.it\/prodotto\/perro-rosa\/"]}]},{"@type":"ImageObject","inLanguage":"es","@id":"https:\/\/uniest.it\/prodotto\/perro-rosa\/#primaryimage","url":"https:\/\/uniest.it\/wp-content\/uploads\/2020\/12\/020ZTM.png","contentUrl":"https:\/\/uniest.it\/wp-content\/uploads\/2020\/12\/020ZTM.png","width":1283,"height":2000},{"@type":"BreadcrumbList","@id":"https:\/\/uniest.it\/prodotto\/perro-rosa\/#breadcrumb","itemListElement":[{"@type":"ListItem","position":1,"name":"Home","item":"https:\/\/uniest.it\/es\/"},{"@type":"ListItem","position":2,"name":"Shop","item":"https:\/\/uniest.it\/shop\/"},{"@type":"ListItem","position":3,"name":"perro rosa"}]},{"@type":"WebSite","@id":"https:\/\/uniest.it\/#website","url":"https:\/\/uniest.it\/","name":"Uniest","description":"Cosmetici Naturali e Bio","potentialAction":[{"@type":"SearchAction","target":{"@type":"EntryPoint","urlTemplate":"https:\/\/uniest.it\/?s={search_term_string}"},"query-input":{"@type":"PropertyValueSpecification","valueRequired":true,"valueName":"search_term_string"}}],"inLanguage":"es"}]}},"_links":{"self":[{"href":"https:\/\/uniest.it\/es\/wp-json\/wp\/v2\/product\/6071","targetHints":{"allow":["GET"]}}],"collection":[{"href":"https:\/\/uniest.it\/es\/wp-json\/wp\/v2\/product"}],"about":[{"href":"https:\/\/uniest.it\/es\/wp-json\/wp\/v2\/types\/product"}],"wp:featuredmedia":[{"embeddable":true,"href":"https:\/\/uniest.it\/es\/wp-json\/wp\/v2\/media\/6072"}],"wp:attachment":[{"href":"https:\/\/uniest.it\/es\/wp-json\/wp\/v2\/media?parent=6071"}],"wp:term":[{"taxonomy":"product_brand","embeddable":true,"href":"https:\/\/uniest.it\/es\/wp-json\/wp\/v2\/product_brand?post=6071"},{"taxonomy":"product_cat","embeddable":true,"href":"https:\/\/uniest.it\/es\/wp-json\/wp\/v2\/product_cat?post=6071"},{"taxonomy":"product_tag","embeddable":true,"href":"https:\/\/uniest.it\/es\/wp-json\/wp\/v2\/product_tag?post=6071"}],"curies":[{"name":"wp","href":"https:\/\/api.w.org\/{rel}","templated":true}]}}