{"id":6073,"date":"2024-10-23T17:26:01","date_gmt":"2024-10-23T16:26:01","guid":{"rendered":"https:\/\/uniest.it\/prodotto\/suero-contorno-de-ojos-360\/"},"modified":"2024-10-23T17:26:01","modified_gmt":"2024-10-23T16:26:01","slug":"suero-contorno-de-ojos-360","status":"publish","type":"product","link":"https:\/\/uniest.it\/es\/prodotto\/suero-contorno-de-ojos-360\/","title":{"rendered":"Suero Contorno de Ojos 360\u00b0"},"content":{"rendered":"<p>S\u00e9rum innovador especialmente dise\u00f1ado para el contorno de ojos de 360 grados. Act\u00faa sobre ojeras, bolsas y p\u00e1rpados ca\u00eddos. El extracto de Flor Blanca act\u00faa sobre el desagradable color azul gris\u00e1ceo de las ojeras, aumenta la circulaci\u00f3n sangu\u00ednea permitiendo el flujo natural de los l\u00edquidos, tambi\u00e9n aumenta la producci\u00f3n de col\u00e1geno haciendo que la piel sea m\u00e1s densa y el\u00e1stica. Enriquecido con Manteca de Karit\u00e9 Org\u00e1nica* rica en Vitaminas y con propiedades antioxidantes lo convierten en un excelente aliado de belleza.<\/p>\n","protected":false},"excerpt":{"rendered":"<p>S\u00e9rum innovador especialmente dise\u00f1ado para el contorno de ojos de 360 grados. Act\u00faa sobre ojeras, bolsas y p\u00e1rpados ca\u00eddos. El extracto de Flor Blanca act\u00faa sobre el desagradable color azul gris\u00e1ceo de las ojeras, aumenta la circulaci\u00f3n sangu\u00ednea permitiendo el flujo natural de los l\u00edquidos, tambi\u00e9n aumenta la producci\u00f3n de col\u00e1geno haciendo que la piel [&hellip;]<\/p>\n","protected":false},"featured_media":6074,"template":"","meta":{"_acf_changed":false,"inline_featured_image":false},"product_brand":[],"product_cat":[1435],"product_tag":[],"class_list":{"0":"post-6073","1":"product","2":"type-product","3":"status-publish","4":"has-post-thumbnail","6":"product_beauty-antirughe","7":"product_beauty-detox-e-dren","8":"product_beauty-idratare","9":"product_beauty-rassodare-e-tonificare","10":"product_skin-pelli-delicate-e-sensibili","11":"product_skin-pelli-giovani-e-prime-rughe","12":"product_skin-pelli-grasse-e-miste","13":"product_skin-pelli-mature-e-rughe","14":"product_skin-pelli-secche-e-normali","15":"product_skin-tutte-le-pelli","16":"product_kind-creme-antieta-e-prime-rughe","17":"product_kind-creme-pelli-complesse","18":"product_kind-occhi-e-labbra","19":"product_kind-trattamenti-speciali","20":"product_kind-tutte-le-creme-viso","21":"product_lines-antirughe","22":"product_cat-viso-es","23":"pa_size-30-es","25":"first","26":"instock","27":"taxable","28":"shipping-taxable","29":"purchasable","30":"product-type-simple"},"acf":[],"yoast_head":"<!-- This site is optimized with the Yoast SEO plugin v24.6 - https:\/\/yoast.com\/wordpress\/plugins\/seo\/ -->\n<title>Suero Contorno de Ojos 360\u00b0 - Uniest<\/title>\n<meta name=\"robots\" content=\"index, follow, max-snippet:-1, max-image-preview:large, max-video-preview:-1\" \/>\n<link rel=\"canonical\" href=\"https:\/\/uniest.it\/prodotto\/suero-contorno-de-ojos-360\/\" \/>\n<meta property=\"og:locale\" content=\"es_ES\" \/>\n<meta property=\"og:type\" content=\"article\" \/>\n<meta property=\"og:title\" content=\"Suero Contorno de Ojos 360\u00b0 - Uniest\" \/>\n<meta property=\"og:description\" content=\"S\u00e9rum innovador especialmente dise\u00f1ado para el contorno de ojos de 360 grados. Act\u00faa sobre ojeras, bolsas y p\u00e1rpados ca\u00eddos. El extracto de Flor Blanca act\u00faa sobre el desagradable color azul gris\u00e1ceo de las ojeras, aumenta la circulaci\u00f3n sangu\u00ednea permitiendo el flujo natural de los l\u00edquidos, tambi\u00e9n aumenta la producci\u00f3n de col\u00e1geno haciendo que la piel [&hellip;]\" \/>\n<meta property=\"og:url\" content=\"https:\/\/uniest.it\/prodotto\/suero-contorno-de-ojos-360\/\" \/>\n<meta property=\"og:site_name\" content=\"Uniest\" \/>\n<meta name=\"twitter:card\" content=\"summary_large_image\" \/>\n<script type=\"application\/ld+json\" class=\"yoast-schema-graph\">{\"@context\":\"https:\/\/schema.org\",\"@graph\":[{\"@type\":\"WebPage\",\"@id\":\"https:\/\/uniest.it\/prodotto\/suero-contorno-de-ojos-360\/\",\"url\":\"https:\/\/uniest.it\/prodotto\/suero-contorno-de-ojos-360\/\",\"name\":\"Suero Contorno de Ojos 360\u00b0 - Uniest\",\"isPartOf\":{\"@id\":\"https:\/\/uniest.it\/#website\"},\"primaryImageOfPage\":{\"@id\":\"https:\/\/uniest.it\/prodotto\/suero-contorno-de-ojos-360\/#primaryimage\"},\"image\":{\"@id\":\"https:\/\/uniest.it\/prodotto\/suero-contorno-de-ojos-360\/#primaryimage\"},\"thumbnailUrl\":\"https:\/\/uniest.it\/wp-content\/uploads\/2020\/11\/026AAE.png\",\"datePublished\":\"2024-10-23T16:26:01+00:00\",\"breadcrumb\":{\"@id\":\"https:\/\/uniest.it\/prodotto\/suero-contorno-de-ojos-360\/#breadcrumb\"},\"inLanguage\":\"es\",\"potentialAction\":[{\"@type\":\"ReadAction\",\"target\":[\"https:\/\/uniest.it\/prodotto\/suero-contorno-de-ojos-360\/\"]}]},{\"@type\":\"ImageObject\",\"inLanguage\":\"es\",\"@id\":\"https:\/\/uniest.it\/prodotto\/suero-contorno-de-ojos-360\/#primaryimage\",\"url\":\"https:\/\/uniest.it\/wp-content\/uploads\/2020\/11\/026AAE.png\",\"contentUrl\":\"https:\/\/uniest.it\/wp-content\/uploads\/2020\/11\/026AAE.png\",\"width\":1283,\"height\":2000},{\"@type\":\"BreadcrumbList\",\"@id\":\"https:\/\/uniest.it\/prodotto\/suero-contorno-de-ojos-360\/#breadcrumb\",\"itemListElement\":[{\"@type\":\"ListItem\",\"position\":1,\"name\":\"Home\",\"item\":\"https:\/\/uniest.it\/es\/\"},{\"@type\":\"ListItem\",\"position\":2,\"name\":\"Shop\",\"item\":\"https:\/\/uniest.it\/shop\/\"},{\"@type\":\"ListItem\",\"position\":3,\"name\":\"Suero Contorno de Ojos 360\u00b0\"}]},{\"@type\":\"WebSite\",\"@id\":\"https:\/\/uniest.it\/#website\",\"url\":\"https:\/\/uniest.it\/\",\"name\":\"Uniest\",\"description\":\"Cosmetici Naturali e Bio\",\"potentialAction\":[{\"@type\":\"SearchAction\",\"target\":{\"@type\":\"EntryPoint\",\"urlTemplate\":\"https:\/\/uniest.it\/?s={search_term_string}\"},\"query-input\":{\"@type\":\"PropertyValueSpecification\",\"valueRequired\":true,\"valueName\":\"search_term_string\"}}],\"inLanguage\":\"es\"}]}<\/script>\n<!-- \/ Yoast SEO plugin. -->","yoast_head_json":{"title":"Suero Contorno de Ojos 360\u00b0 - Uniest","robots":{"index":"index","follow":"follow","max-snippet":"max-snippet:-1","max-image-preview":"max-image-preview:large","max-video-preview":"max-video-preview:-1"},"canonical":"https:\/\/uniest.it\/prodotto\/suero-contorno-de-ojos-360\/","og_locale":"es_ES","og_type":"article","og_title":"Suero Contorno de Ojos 360\u00b0 - Uniest","og_description":"S\u00e9rum innovador especialmente dise\u00f1ado para el contorno de ojos de 360 grados. Act\u00faa sobre ojeras, bolsas y p\u00e1rpados ca\u00eddos. El extracto de Flor Blanca act\u00faa sobre el desagradable color azul gris\u00e1ceo de las ojeras, aumenta la circulaci\u00f3n sangu\u00ednea permitiendo el flujo natural de los l\u00edquidos, tambi\u00e9n aumenta la producci\u00f3n de col\u00e1geno haciendo que la piel [&hellip;]","og_url":"https:\/\/uniest.it\/prodotto\/suero-contorno-de-ojos-360\/","og_site_name":"Uniest","twitter_card":"summary_large_image","schema":{"@context":"https:\/\/schema.org","@graph":[{"@type":"WebPage","@id":"https:\/\/uniest.it\/prodotto\/suero-contorno-de-ojos-360\/","url":"https:\/\/uniest.it\/prodotto\/suero-contorno-de-ojos-360\/","name":"Suero Contorno de Ojos 360\u00b0 - Uniest","isPartOf":{"@id":"https:\/\/uniest.it\/#website"},"primaryImageOfPage":{"@id":"https:\/\/uniest.it\/prodotto\/suero-contorno-de-ojos-360\/#primaryimage"},"image":{"@id":"https:\/\/uniest.it\/prodotto\/suero-contorno-de-ojos-360\/#primaryimage"},"thumbnailUrl":"https:\/\/uniest.it\/wp-content\/uploads\/2020\/11\/026AAE.png","datePublished":"2024-10-23T16:26:01+00:00","breadcrumb":{"@id":"https:\/\/uniest.it\/prodotto\/suero-contorno-de-ojos-360\/#breadcrumb"},"inLanguage":"es","potentialAction":[{"@type":"ReadAction","target":["https:\/\/uniest.it\/prodotto\/suero-contorno-de-ojos-360\/"]}]},{"@type":"ImageObject","inLanguage":"es","@id":"https:\/\/uniest.it\/prodotto\/suero-contorno-de-ojos-360\/#primaryimage","url":"https:\/\/uniest.it\/wp-content\/uploads\/2020\/11\/026AAE.png","contentUrl":"https:\/\/uniest.it\/wp-content\/uploads\/2020\/11\/026AAE.png","width":1283,"height":2000},{"@type":"BreadcrumbList","@id":"https:\/\/uniest.it\/prodotto\/suero-contorno-de-ojos-360\/#breadcrumb","itemListElement":[{"@type":"ListItem","position":1,"name":"Home","item":"https:\/\/uniest.it\/es\/"},{"@type":"ListItem","position":2,"name":"Shop","item":"https:\/\/uniest.it\/shop\/"},{"@type":"ListItem","position":3,"name":"Suero Contorno de Ojos 360\u00b0"}]},{"@type":"WebSite","@id":"https:\/\/uniest.it\/#website","url":"https:\/\/uniest.it\/","name":"Uniest","description":"Cosmetici Naturali e Bio","potentialAction":[{"@type":"SearchAction","target":{"@type":"EntryPoint","urlTemplate":"https:\/\/uniest.it\/?s={search_term_string}"},"query-input":{"@type":"PropertyValueSpecification","valueRequired":true,"valueName":"search_term_string"}}],"inLanguage":"es"}]}},"_links":{"self":[{"href":"https:\/\/uniest.it\/es\/wp-json\/wp\/v2\/product\/6073","targetHints":{"allow":["GET"]}}],"collection":[{"href":"https:\/\/uniest.it\/es\/wp-json\/wp\/v2\/product"}],"about":[{"href":"https:\/\/uniest.it\/es\/wp-json\/wp\/v2\/types\/product"}],"wp:featuredmedia":[{"embeddable":true,"href":"https:\/\/uniest.it\/es\/wp-json\/wp\/v2\/media\/6074"}],"wp:attachment":[{"href":"https:\/\/uniest.it\/es\/wp-json\/wp\/v2\/media?parent=6073"}],"wp:term":[{"taxonomy":"product_brand","embeddable":true,"href":"https:\/\/uniest.it\/es\/wp-json\/wp\/v2\/product_brand?post=6073"},{"taxonomy":"product_cat","embeddable":true,"href":"https:\/\/uniest.it\/es\/wp-json\/wp\/v2\/product_cat?post=6073"},{"taxonomy":"product_tag","embeddable":true,"href":"https:\/\/uniest.it\/es\/wp-json\/wp\/v2\/product_tag?post=6073"}],"curies":[{"name":"wp","href":"https:\/\/api.w.org\/{rel}","templated":true}]}}