{"id":6075,"date":"2024-10-23T17:26:02","date_gmt":"2024-10-23T16:26:02","guid":{"rendered":"https:\/\/uniest.it\/prodotto\/color-de-malva\/"},"modified":"2024-10-23T17:26:02","modified_gmt":"2024-10-23T16:26:02","slug":"color-de-malva","status":"publish","type":"product","link":"https:\/\/uniest.it\/es\/prodotto\/color-de-malva\/","title":{"rendered":"Color de malva"},"content":{"rendered":"<p>La malva (Malva sylvestris) es una planta perteneciente a la familia Malvaceae y probablemente originaria del norte de \u00c1frica. Gracias a sus propiedades emolientes y antiinflamatorias, la malva es \u00fatil contra la tos, pero tambi\u00e9n para regular la funci\u00f3n del intestino. Las virtudes emolientes de la malva son conocidas y apreciadas desde la antig\u00fcedad; de hecho, su nombre deriva del t\u00e9rmino latino mollire, que significa \u00abcapaz de suavizar\u00bb. En cambio, los griegos lo llamaron malach\u00e8, que significa \u00abablandar\u00bb. Hip\u00f3crates lo recomendaba por sus propiedades emolientes y laxantes, pero tambi\u00e9n era utilizado como alimento por la gente pobre. De hecho, queda excelente en sopas o hervido y condimentado con aceite y sal.<\/p>\n","protected":false},"excerpt":{"rendered":"<p>La malva (Malva sylvestris) es una planta perteneciente a la familia Malvaceae y probablemente originaria del norte de \u00c1frica. Gracias a sus propiedades emolientes y antiinflamatorias, la malva es \u00fatil contra la tos, pero tambi\u00e9n para regular la funci\u00f3n del intestino. Las virtudes emolientes de la malva son conocidas y apreciadas desde la antig\u00fcedad; de [&hellip;]<\/p>\n","protected":false},"featured_media":6076,"template":"","meta":{"_acf_changed":false,"inline_featured_image":false},"product_brand":[],"product_cat":[1433],"product_tag":[],"class_list":{"0":"post-6075","1":"product","2":"type-product","3":"status-publish","4":"has-post-thumbnail","6":"product_beauty-calmante","7":"product_beauty-detox-e-dren","8":"product_beauty-gastroprotettore","9":"product_beauty-intestino","10":"product_beauty-sedativo","11":"product_beauty-vie-respiratorie","12":"product_kind-integrazione-alimentare","13":"product_lines-benessere","14":"product_cat-benessere-es","15":"pa_size-50-es","17":"first","18":"outofstock","19":"taxable","20":"shipping-taxable","21":"purchasable","22":"product-type-simple"},"acf":[],"yoast_head":"<!-- This site is optimized with the Yoast SEO plugin v24.6 - https:\/\/yoast.com\/wordpress\/plugins\/seo\/ -->\n<title>Color de malva - Uniest<\/title>\n<meta name=\"robots\" content=\"index, follow, max-snippet:-1, max-image-preview:large, max-video-preview:-1\" \/>\n<link rel=\"canonical\" href=\"https:\/\/uniest.it\/prodotto\/color-de-malva\/\" \/>\n<meta property=\"og:locale\" content=\"es_ES\" \/>\n<meta property=\"og:type\" content=\"article\" \/>\n<meta property=\"og:title\" content=\"Color de malva - Uniest\" \/>\n<meta property=\"og:description\" content=\"La malva (Malva sylvestris) es una planta perteneciente a la familia Malvaceae y probablemente originaria del norte de \u00c1frica. Gracias a sus propiedades emolientes y antiinflamatorias, la malva es \u00fatil contra la tos, pero tambi\u00e9n para regular la funci\u00f3n del intestino. Las virtudes emolientes de la malva son conocidas y apreciadas desde la antig\u00fcedad; de [&hellip;]\" \/>\n<meta property=\"og:url\" content=\"https:\/\/uniest.it\/prodotto\/color-de-malva\/\" \/>\n<meta property=\"og:site_name\" content=\"Uniest\" \/>\n<meta name=\"twitter:card\" content=\"summary_large_image\" \/>\n<meta name=\"twitter:label1\" content=\"Tiempo de lectura\" \/>\n\t<meta name=\"twitter:data1\" content=\"1 minuto\" \/>\n<script type=\"application\/ld+json\" class=\"yoast-schema-graph\">{\"@context\":\"https:\/\/schema.org\",\"@graph\":[{\"@type\":\"WebPage\",\"@id\":\"https:\/\/uniest.it\/prodotto\/color-de-malva\/\",\"url\":\"https:\/\/uniest.it\/prodotto\/color-de-malva\/\",\"name\":\"Color de malva - Uniest\",\"isPartOf\":{\"@id\":\"https:\/\/uniest.it\/#website\"},\"primaryImageOfPage\":{\"@id\":\"https:\/\/uniest.it\/prodotto\/color-de-malva\/#primaryimage\"},\"image\":{\"@id\":\"https:\/\/uniest.it\/prodotto\/color-de-malva\/#primaryimage\"},\"thumbnailUrl\":\"https:\/\/uniest.it\/wp-content\/uploads\/2020\/12\/028ZTM.png\",\"datePublished\":\"2024-10-23T16:26:02+00:00\",\"breadcrumb\":{\"@id\":\"https:\/\/uniest.it\/prodotto\/color-de-malva\/#breadcrumb\"},\"inLanguage\":\"es\",\"potentialAction\":[{\"@type\":\"ReadAction\",\"target\":[\"https:\/\/uniest.it\/prodotto\/color-de-malva\/\"]}]},{\"@type\":\"ImageObject\",\"inLanguage\":\"es\",\"@id\":\"https:\/\/uniest.it\/prodotto\/color-de-malva\/#primaryimage\",\"url\":\"https:\/\/uniest.it\/wp-content\/uploads\/2020\/12\/028ZTM.png\",\"contentUrl\":\"https:\/\/uniest.it\/wp-content\/uploads\/2020\/12\/028ZTM.png\",\"width\":1283,\"height\":2000},{\"@type\":\"BreadcrumbList\",\"@id\":\"https:\/\/uniest.it\/prodotto\/color-de-malva\/#breadcrumb\",\"itemListElement\":[{\"@type\":\"ListItem\",\"position\":1,\"name\":\"Home\",\"item\":\"https:\/\/uniest.it\/es\/\"},{\"@type\":\"ListItem\",\"position\":2,\"name\":\"Shop\",\"item\":\"https:\/\/uniest.it\/shop\/\"},{\"@type\":\"ListItem\",\"position\":3,\"name\":\"Color de malva\"}]},{\"@type\":\"WebSite\",\"@id\":\"https:\/\/uniest.it\/#website\",\"url\":\"https:\/\/uniest.it\/\",\"name\":\"Uniest\",\"description\":\"Cosmetici Naturali e Bio\",\"potentialAction\":[{\"@type\":\"SearchAction\",\"target\":{\"@type\":\"EntryPoint\",\"urlTemplate\":\"https:\/\/uniest.it\/?s={search_term_string}\"},\"query-input\":{\"@type\":\"PropertyValueSpecification\",\"valueRequired\":true,\"valueName\":\"search_term_string\"}}],\"inLanguage\":\"es\"}]}<\/script>\n<!-- \/ Yoast SEO plugin. -->","yoast_head_json":{"title":"Color de malva - Uniest","robots":{"index":"index","follow":"follow","max-snippet":"max-snippet:-1","max-image-preview":"max-image-preview:large","max-video-preview":"max-video-preview:-1"},"canonical":"https:\/\/uniest.it\/prodotto\/color-de-malva\/","og_locale":"es_ES","og_type":"article","og_title":"Color de malva - Uniest","og_description":"La malva (Malva sylvestris) es una planta perteneciente a la familia Malvaceae y probablemente originaria del norte de \u00c1frica. Gracias a sus propiedades emolientes y antiinflamatorias, la malva es \u00fatil contra la tos, pero tambi\u00e9n para regular la funci\u00f3n del intestino. Las virtudes emolientes de la malva son conocidas y apreciadas desde la antig\u00fcedad; de [&hellip;]","og_url":"https:\/\/uniest.it\/prodotto\/color-de-malva\/","og_site_name":"Uniest","twitter_card":"summary_large_image","twitter_misc":{"Tiempo de lectura":"1 minuto"},"schema":{"@context":"https:\/\/schema.org","@graph":[{"@type":"WebPage","@id":"https:\/\/uniest.it\/prodotto\/color-de-malva\/","url":"https:\/\/uniest.it\/prodotto\/color-de-malva\/","name":"Color de malva - Uniest","isPartOf":{"@id":"https:\/\/uniest.it\/#website"},"primaryImageOfPage":{"@id":"https:\/\/uniest.it\/prodotto\/color-de-malva\/#primaryimage"},"image":{"@id":"https:\/\/uniest.it\/prodotto\/color-de-malva\/#primaryimage"},"thumbnailUrl":"https:\/\/uniest.it\/wp-content\/uploads\/2020\/12\/028ZTM.png","datePublished":"2024-10-23T16:26:02+00:00","breadcrumb":{"@id":"https:\/\/uniest.it\/prodotto\/color-de-malva\/#breadcrumb"},"inLanguage":"es","potentialAction":[{"@type":"ReadAction","target":["https:\/\/uniest.it\/prodotto\/color-de-malva\/"]}]},{"@type":"ImageObject","inLanguage":"es","@id":"https:\/\/uniest.it\/prodotto\/color-de-malva\/#primaryimage","url":"https:\/\/uniest.it\/wp-content\/uploads\/2020\/12\/028ZTM.png","contentUrl":"https:\/\/uniest.it\/wp-content\/uploads\/2020\/12\/028ZTM.png","width":1283,"height":2000},{"@type":"BreadcrumbList","@id":"https:\/\/uniest.it\/prodotto\/color-de-malva\/#breadcrumb","itemListElement":[{"@type":"ListItem","position":1,"name":"Home","item":"https:\/\/uniest.it\/es\/"},{"@type":"ListItem","position":2,"name":"Shop","item":"https:\/\/uniest.it\/shop\/"},{"@type":"ListItem","position":3,"name":"Color de malva"}]},{"@type":"WebSite","@id":"https:\/\/uniest.it\/#website","url":"https:\/\/uniest.it\/","name":"Uniest","description":"Cosmetici Naturali e Bio","potentialAction":[{"@type":"SearchAction","target":{"@type":"EntryPoint","urlTemplate":"https:\/\/uniest.it\/?s={search_term_string}"},"query-input":{"@type":"PropertyValueSpecification","valueRequired":true,"valueName":"search_term_string"}}],"inLanguage":"es"}]}},"_links":{"self":[{"href":"https:\/\/uniest.it\/es\/wp-json\/wp\/v2\/product\/6075","targetHints":{"allow":["GET"]}}],"collection":[{"href":"https:\/\/uniest.it\/es\/wp-json\/wp\/v2\/product"}],"about":[{"href":"https:\/\/uniest.it\/es\/wp-json\/wp\/v2\/types\/product"}],"wp:featuredmedia":[{"embeddable":true,"href":"https:\/\/uniest.it\/es\/wp-json\/wp\/v2\/media\/6076"}],"wp:attachment":[{"href":"https:\/\/uniest.it\/es\/wp-json\/wp\/v2\/media?parent=6075"}],"wp:term":[{"taxonomy":"product_brand","embeddable":true,"href":"https:\/\/uniest.it\/es\/wp-json\/wp\/v2\/product_brand?post=6075"},{"taxonomy":"product_cat","embeddable":true,"href":"https:\/\/uniest.it\/es\/wp-json\/wp\/v2\/product_cat?post=6075"},{"taxonomy":"product_tag","embeddable":true,"href":"https:\/\/uniest.it\/es\/wp-json\/wp\/v2\/product_tag?post=6075"}],"curies":[{"name":"wp","href":"https:\/\/api.w.org\/{rel}","templated":true}]}}