{"id":6077,"date":"2024-10-23T17:26:02","date_gmt":"2024-10-23T16:26:02","guid":{"rendered":"https:\/\/uniest.it\/prodotto\/sun-light-spf-6-fluido-facial-con-proteccion-solar\/"},"modified":"2024-10-23T17:26:02","modified_gmt":"2024-10-23T16:26:02","slug":"sun-light-spf-6-fluido-facial-con-proteccion-solar","status":"publish","type":"product","link":"https:\/\/uniest.it\/es\/prodotto\/sun-light-spf-6-fluido-facial-con-proteccion-solar\/","title":{"rendered":"Sun Light SPF 6 Fluido Facial con Protecci\u00f3n Solar"},"content":{"rendered":"<p>Sun Light es un fluido facial especialmente dise\u00f1ado para la temporada de calor, donde reinan las altas temperaturas y la humedad con la consiguiente p\u00e9rdida de los preciados elementos necesarios para el bienestar de nuestra piel. Gracias a la textura ligera de su formulaci\u00f3n y a la presencia de un filtro solar natural, es una ayuda perfecta para proteger la piel asegurando SPF6, hidrat\u00e1ndola y nutri\u00e9ndola gracias a la presencia de preciosos activos como el \u00e1cido hialur\u00f3nico y las vitaminas A y E que hacer la piel luminosa, suave y turgente. Sun Light es capaz de contrarrestar la formaci\u00f3n de arrugas, rellenando y alisando las existentes. Su acci\u00f3n se expresa en cuatro momentos diferentes: hidrataci\u00f3n de la piel, gracias al Aceite de Salvado de Arroz y al Sorbitol; nutrici\u00f3n a trav\u00e9s de los preciosos Complejos Vitam\u00ednicos que contiene; Acci\u00f3n tensora y reafirmante gracias a la presencia de \u00c1cido Hialur\u00f3nico y Sustancias Lip\u00f3filas y protecci\u00f3n solar gracias al uso de un filtro natural no perjudicial para los ecosistemas. &#8211; CON FILTRO MINERAL NO CONTAMINANTE Natural: 98%<\/p>\n","protected":false},"excerpt":{"rendered":"<p>Sun Light es un fluido facial especialmente dise\u00f1ado para la temporada de calor, donde reinan las altas temperaturas y la humedad con la consiguiente p\u00e9rdida de los preciados elementos necesarios para el bienestar de nuestra piel. Gracias a la textura ligera de su formulaci\u00f3n y a la presencia de un filtro solar natural, es una [&hellip;]<\/p>\n","protected":false},"featured_media":6078,"template":"","meta":{"_acf_changed":false,"inline_featured_image":false},"product_brand":[],"product_cat":[1435],"product_tag":[],"class_list":{"0":"post-6077","1":"product","2":"type-product","3":"status-publish","4":"has-post-thumbnail","6":"product_beauty-antirughe","7":"product_beauty-idratare","8":"product_beauty-nutrire-e-rigenerare","9":"product_beauty-proteggere","10":"product_skin-pelli-delicate-e-sensibili","11":"product_skin-pelli-giovani-e-prime-rughe","12":"product_skin-pelli-grasse-e-miste","13":"product_skin-pelli-mature-e-rughe","14":"product_skin-pelli-secche-e-normali","15":"product_skin-tutte-le-pelli","16":"product_kind-creme-antieta-e-prime-rughe","17":"product_kind-creme-pelli-complesse","18":"product_kind-protezione-solare","19":"product_kind-trattamenti-speciali","20":"product_kind-tutte-le-creme-viso","21":"product_lines-antirughe","22":"product_cat-viso-es","23":"pa_size-30-es","25":"first","26":"instock","27":"taxable","28":"shipping-taxable","29":"purchasable","30":"product-type-simple"},"acf":[],"yoast_head":"<!-- This site is optimized with the Yoast SEO plugin v24.6 - https:\/\/yoast.com\/wordpress\/plugins\/seo\/ -->\n<title>Sun Light SPF 6 Fluido Facial con Protecci\u00f3n Solar - Uniest<\/title>\n<meta name=\"robots\" content=\"index, follow, max-snippet:-1, max-image-preview:large, max-video-preview:-1\" \/>\n<link rel=\"canonical\" href=\"https:\/\/uniest.it\/prodotto\/sun-light-spf-6-fluido-facial-con-proteccion-solar\/\" \/>\n<meta property=\"og:locale\" content=\"es_ES\" \/>\n<meta property=\"og:type\" content=\"article\" \/>\n<meta property=\"og:title\" content=\"Sun Light SPF 6 Fluido Facial con Protecci\u00f3n Solar - Uniest\" \/>\n<meta property=\"og:description\" content=\"Sun Light es un fluido facial especialmente dise\u00f1ado para la temporada de calor, donde reinan las altas temperaturas y la humedad con la consiguiente p\u00e9rdida de los preciados elementos necesarios para el bienestar de nuestra piel. Gracias a la textura ligera de su formulaci\u00f3n y a la presencia de un filtro solar natural, es una [&hellip;]\" \/>\n<meta property=\"og:url\" content=\"https:\/\/uniest.it\/prodotto\/sun-light-spf-6-fluido-facial-con-proteccion-solar\/\" \/>\n<meta property=\"og:site_name\" content=\"Uniest\" \/>\n<meta name=\"twitter:card\" content=\"summary_large_image\" \/>\n<meta name=\"twitter:label1\" content=\"Tiempo de lectura\" \/>\n\t<meta name=\"twitter:data1\" content=\"1 minuto\" \/>\n<script type=\"application\/ld+json\" class=\"yoast-schema-graph\">{\"@context\":\"https:\/\/schema.org\",\"@graph\":[{\"@type\":\"WebPage\",\"@id\":\"https:\/\/uniest.it\/prodotto\/sun-light-spf-6-fluido-facial-con-proteccion-solar\/\",\"url\":\"https:\/\/uniest.it\/prodotto\/sun-light-spf-6-fluido-facial-con-proteccion-solar\/\",\"name\":\"Sun Light SPF 6 Fluido Facial con Protecci\u00f3n Solar - Uniest\",\"isPartOf\":{\"@id\":\"https:\/\/uniest.it\/#website\"},\"primaryImageOfPage\":{\"@id\":\"https:\/\/uniest.it\/prodotto\/sun-light-spf-6-fluido-facial-con-proteccion-solar\/#primaryimage\"},\"image\":{\"@id\":\"https:\/\/uniest.it\/prodotto\/sun-light-spf-6-fluido-facial-con-proteccion-solar\/#primaryimage\"},\"thumbnailUrl\":\"https:\/\/uniest.it\/wp-content\/uploads\/2020\/12\/029AAE.png\",\"datePublished\":\"2024-10-23T16:26:02+00:00\",\"breadcrumb\":{\"@id\":\"https:\/\/uniest.it\/prodotto\/sun-light-spf-6-fluido-facial-con-proteccion-solar\/#breadcrumb\"},\"inLanguage\":\"es\",\"potentialAction\":[{\"@type\":\"ReadAction\",\"target\":[\"https:\/\/uniest.it\/prodotto\/sun-light-spf-6-fluido-facial-con-proteccion-solar\/\"]}]},{\"@type\":\"ImageObject\",\"inLanguage\":\"es\",\"@id\":\"https:\/\/uniest.it\/prodotto\/sun-light-spf-6-fluido-facial-con-proteccion-solar\/#primaryimage\",\"url\":\"https:\/\/uniest.it\/wp-content\/uploads\/2020\/12\/029AAE.png\",\"contentUrl\":\"https:\/\/uniest.it\/wp-content\/uploads\/2020\/12\/029AAE.png\",\"width\":1283,\"height\":2000},{\"@type\":\"BreadcrumbList\",\"@id\":\"https:\/\/uniest.it\/prodotto\/sun-light-spf-6-fluido-facial-con-proteccion-solar\/#breadcrumb\",\"itemListElement\":[{\"@type\":\"ListItem\",\"position\":1,\"name\":\"Home\",\"item\":\"https:\/\/uniest.it\/es\/\"},{\"@type\":\"ListItem\",\"position\":2,\"name\":\"Shop\",\"item\":\"https:\/\/uniest.it\/shop\/\"},{\"@type\":\"ListItem\",\"position\":3,\"name\":\"Sun Light SPF 6 Fluido Facial con Protecci\u00f3n Solar\"}]},{\"@type\":\"WebSite\",\"@id\":\"https:\/\/uniest.it\/#website\",\"url\":\"https:\/\/uniest.it\/\",\"name\":\"Uniest\",\"description\":\"Cosmetici Naturali e Bio\",\"potentialAction\":[{\"@type\":\"SearchAction\",\"target\":{\"@type\":\"EntryPoint\",\"urlTemplate\":\"https:\/\/uniest.it\/?s={search_term_string}\"},\"query-input\":{\"@type\":\"PropertyValueSpecification\",\"valueRequired\":true,\"valueName\":\"search_term_string\"}}],\"inLanguage\":\"es\"}]}<\/script>\n<!-- \/ Yoast SEO plugin. -->","yoast_head_json":{"title":"Sun Light SPF 6 Fluido Facial con Protecci\u00f3n Solar - Uniest","robots":{"index":"index","follow":"follow","max-snippet":"max-snippet:-1","max-image-preview":"max-image-preview:large","max-video-preview":"max-video-preview:-1"},"canonical":"https:\/\/uniest.it\/prodotto\/sun-light-spf-6-fluido-facial-con-proteccion-solar\/","og_locale":"es_ES","og_type":"article","og_title":"Sun Light SPF 6 Fluido Facial con Protecci\u00f3n Solar - Uniest","og_description":"Sun Light es un fluido facial especialmente dise\u00f1ado para la temporada de calor, donde reinan las altas temperaturas y la humedad con la consiguiente p\u00e9rdida de los preciados elementos necesarios para el bienestar de nuestra piel. Gracias a la textura ligera de su formulaci\u00f3n y a la presencia de un filtro solar natural, es una [&hellip;]","og_url":"https:\/\/uniest.it\/prodotto\/sun-light-spf-6-fluido-facial-con-proteccion-solar\/","og_site_name":"Uniest","twitter_card":"summary_large_image","twitter_misc":{"Tiempo de lectura":"1 minuto"},"schema":{"@context":"https:\/\/schema.org","@graph":[{"@type":"WebPage","@id":"https:\/\/uniest.it\/prodotto\/sun-light-spf-6-fluido-facial-con-proteccion-solar\/","url":"https:\/\/uniest.it\/prodotto\/sun-light-spf-6-fluido-facial-con-proteccion-solar\/","name":"Sun Light SPF 6 Fluido Facial con Protecci\u00f3n Solar - Uniest","isPartOf":{"@id":"https:\/\/uniest.it\/#website"},"primaryImageOfPage":{"@id":"https:\/\/uniest.it\/prodotto\/sun-light-spf-6-fluido-facial-con-proteccion-solar\/#primaryimage"},"image":{"@id":"https:\/\/uniest.it\/prodotto\/sun-light-spf-6-fluido-facial-con-proteccion-solar\/#primaryimage"},"thumbnailUrl":"https:\/\/uniest.it\/wp-content\/uploads\/2020\/12\/029AAE.png","datePublished":"2024-10-23T16:26:02+00:00","breadcrumb":{"@id":"https:\/\/uniest.it\/prodotto\/sun-light-spf-6-fluido-facial-con-proteccion-solar\/#breadcrumb"},"inLanguage":"es","potentialAction":[{"@type":"ReadAction","target":["https:\/\/uniest.it\/prodotto\/sun-light-spf-6-fluido-facial-con-proteccion-solar\/"]}]},{"@type":"ImageObject","inLanguage":"es","@id":"https:\/\/uniest.it\/prodotto\/sun-light-spf-6-fluido-facial-con-proteccion-solar\/#primaryimage","url":"https:\/\/uniest.it\/wp-content\/uploads\/2020\/12\/029AAE.png","contentUrl":"https:\/\/uniest.it\/wp-content\/uploads\/2020\/12\/029AAE.png","width":1283,"height":2000},{"@type":"BreadcrumbList","@id":"https:\/\/uniest.it\/prodotto\/sun-light-spf-6-fluido-facial-con-proteccion-solar\/#breadcrumb","itemListElement":[{"@type":"ListItem","position":1,"name":"Home","item":"https:\/\/uniest.it\/es\/"},{"@type":"ListItem","position":2,"name":"Shop","item":"https:\/\/uniest.it\/shop\/"},{"@type":"ListItem","position":3,"name":"Sun Light SPF 6 Fluido Facial con Protecci\u00f3n Solar"}]},{"@type":"WebSite","@id":"https:\/\/uniest.it\/#website","url":"https:\/\/uniest.it\/","name":"Uniest","description":"Cosmetici Naturali e Bio","potentialAction":[{"@type":"SearchAction","target":{"@type":"EntryPoint","urlTemplate":"https:\/\/uniest.it\/?s={search_term_string}"},"query-input":{"@type":"PropertyValueSpecification","valueRequired":true,"valueName":"search_term_string"}}],"inLanguage":"es"}]}},"_links":{"self":[{"href":"https:\/\/uniest.it\/es\/wp-json\/wp\/v2\/product\/6077","targetHints":{"allow":["GET"]}}],"collection":[{"href":"https:\/\/uniest.it\/es\/wp-json\/wp\/v2\/product"}],"about":[{"href":"https:\/\/uniest.it\/es\/wp-json\/wp\/v2\/types\/product"}],"wp:featuredmedia":[{"embeddable":true,"href":"https:\/\/uniest.it\/es\/wp-json\/wp\/v2\/media\/6078"}],"wp:attachment":[{"href":"https:\/\/uniest.it\/es\/wp-json\/wp\/v2\/media?parent=6077"}],"wp:term":[{"taxonomy":"product_brand","embeddable":true,"href":"https:\/\/uniest.it\/es\/wp-json\/wp\/v2\/product_brand?post=6077"},{"taxonomy":"product_cat","embeddable":true,"href":"https:\/\/uniest.it\/es\/wp-json\/wp\/v2\/product_cat?post=6077"},{"taxonomy":"product_tag","embeddable":true,"href":"https:\/\/uniest.it\/es\/wp-json\/wp\/v2\/product_tag?post=6077"}],"curies":[{"name":"wp","href":"https:\/\/api.w.org\/{rel}","templated":true}]}}