{"id":6092,"date":"2024-10-23T17:26:06","date_gmt":"2024-10-23T16:26:06","guid":{"rendered":"https:\/\/uniest.it\/prodotto\/menta\/"},"modified":"2024-10-23T17:26:06","modified_gmt":"2024-10-23T16:26:06","slug":"menta","status":"publish","type":"product","link":"https:\/\/uniest.it\/es\/prodotto\/menta\/","title":{"rendered":"Menta"},"content":{"rendered":"<p>Menta: (nombre cient\u00edfico Mentha Piperita L.), pertenece a la familia Labiate; Es una planta herb\u00e1cea rizomatosa perenne que primero desarrolla un tallo rastrero peludo que echa ra\u00edces en los nudos y posteriormente se erige con una secci\u00f3n cuadrada. Puede alcanzar los 70 cm de altura. Las hojas ovaladas, lanceoladas, casi lampi\u00f1as, son de color verde m\u00e1s bien oscuro; las flores tienen tonos rosa-violeta y est\u00e1n dispuestas en verticilos. Es una planta de jard\u00edn que florece en verano y se reproduce a partir de hijuelos. Todas las especies de menta, tanto silvestres como cultivadas, desprenden un olor caracter\u00edstico y penetrante, debido principalmente a la presencia de un aceite esencial que contiene mentol en las hojas. La menta es probablemente la especie de aroma m\u00e1s intenso y agradable, de la que se obtiene esencia de mejor calidad. Para su uso a base de hierbas, las flores y hojas de menta se recolectan entre julio y agosto y se dejan secar al aire libre. La menta, calmante pero vigorizante, es una de las muchas variedades de la famosa familia de la menta. Aunque inicialmente fue utilizada s\u00f3lo por los griegos y romanos, la menta se hizo famosa en el siglo XVIII como remedio para el est\u00f3mago; Incluso antes, en la Edad Media, se utilizaba para refrescar el aliento y blanquear los dientes. Hoy en d\u00eda el consumo de menta est\u00e1 muy extendido. Gracias al mentol, principio activo de la menta, esta planta puede aliviar una gran cantidad de problemas de salud y belleza.<\/p>\n","protected":false},"excerpt":{"rendered":"<p>Menta: (nombre cient\u00edfico Mentha Piperita L.), pertenece a la familia Labiate; Es una planta herb\u00e1cea rizomatosa perenne que primero desarrolla un tallo rastrero peludo que echa ra\u00edces en los nudos y posteriormente se erige con una secci\u00f3n cuadrada. Puede alcanzar los 70 cm de altura. Las hojas ovaladas, lanceoladas, casi lampi\u00f1as, son de color verde [&hellip;]<\/p>\n","protected":false},"featured_media":6093,"template":"","meta":{"_acf_changed":false,"inline_featured_image":false},"product_brand":[],"product_cat":[1433],"product_tag":[],"class_list":{"0":"post-6092","1":"product","2":"type-product","3":"status-publish","4":"has-post-thumbnail","6":"product_beauty-antinfiammatoria","7":"product_beauty-denti","8":"product_beauty-detox-e-dren","9":"product_beauty-digestivo","10":"product_beauty-intestino","11":"product_beauty-lenitivo","12":"product_beauty-mal-di-testa","13":"product_beauty-ossa","14":"product_beauty-vie-respiratorie","15":"product_kind-integrazione-alimentare","16":"product_lines-benessere","17":"product_cat-benessere-es","18":"pa_size-50-es","20":"first","21":"outofstock","22":"taxable","23":"shipping-taxable","24":"purchasable","25":"product-type-simple"},"acf":[],"yoast_head":"<!-- This site is optimized with the Yoast SEO plugin v24.6 - https:\/\/yoast.com\/wordpress\/plugins\/seo\/ -->\n<title>Menta - Uniest<\/title>\n<meta name=\"robots\" content=\"index, follow, max-snippet:-1, max-image-preview:large, max-video-preview:-1\" \/>\n<link rel=\"canonical\" href=\"https:\/\/uniest.it\/prodotto\/menta\/\" \/>\n<meta property=\"og:locale\" content=\"es_ES\" \/>\n<meta property=\"og:type\" content=\"article\" \/>\n<meta property=\"og:title\" content=\"Menta - Uniest\" \/>\n<meta property=\"og:description\" content=\"Menta: (nombre cient\u00edfico Mentha Piperita L.), pertenece a la familia Labiate; Es una planta herb\u00e1cea rizomatosa perenne que primero desarrolla un tallo rastrero peludo que echa ra\u00edces en los nudos y posteriormente se erige con una secci\u00f3n cuadrada. Puede alcanzar los 70 cm de altura. Las hojas ovaladas, lanceoladas, casi lampi\u00f1as, son de color verde [&hellip;]\" \/>\n<meta property=\"og:url\" content=\"https:\/\/uniest.it\/prodotto\/menta\/\" \/>\n<meta property=\"og:site_name\" content=\"Uniest\" \/>\n<meta name=\"twitter:card\" content=\"summary_large_image\" \/>\n<meta name=\"twitter:label1\" content=\"Tiempo de lectura\" \/>\n\t<meta name=\"twitter:data1\" content=\"1 minuto\" \/>\n<script type=\"application\/ld+json\" class=\"yoast-schema-graph\">{\"@context\":\"https:\/\/schema.org\",\"@graph\":[{\"@type\":\"WebPage\",\"@id\":\"https:\/\/uniest.it\/prodotto\/menta\/\",\"url\":\"https:\/\/uniest.it\/prodotto\/menta\/\",\"name\":\"Menta - Uniest\",\"isPartOf\":{\"@id\":\"https:\/\/uniest.it\/#website\"},\"primaryImageOfPage\":{\"@id\":\"https:\/\/uniest.it\/prodotto\/menta\/#primaryimage\"},\"image\":{\"@id\":\"https:\/\/uniest.it\/prodotto\/menta\/#primaryimage\"},\"thumbnailUrl\":\"https:\/\/uniest.it\/wp-content\/uploads\/2020\/12\/032ZTM.png\",\"datePublished\":\"2024-10-23T16:26:06+00:00\",\"breadcrumb\":{\"@id\":\"https:\/\/uniest.it\/prodotto\/menta\/#breadcrumb\"},\"inLanguage\":\"es\",\"potentialAction\":[{\"@type\":\"ReadAction\",\"target\":[\"https:\/\/uniest.it\/prodotto\/menta\/\"]}]},{\"@type\":\"ImageObject\",\"inLanguage\":\"es\",\"@id\":\"https:\/\/uniest.it\/prodotto\/menta\/#primaryimage\",\"url\":\"https:\/\/uniest.it\/wp-content\/uploads\/2020\/12\/032ZTM.png\",\"contentUrl\":\"https:\/\/uniest.it\/wp-content\/uploads\/2020\/12\/032ZTM.png\",\"width\":1283,\"height\":2000},{\"@type\":\"BreadcrumbList\",\"@id\":\"https:\/\/uniest.it\/prodotto\/menta\/#breadcrumb\",\"itemListElement\":[{\"@type\":\"ListItem\",\"position\":1,\"name\":\"Home\",\"item\":\"https:\/\/uniest.it\/es\/\"},{\"@type\":\"ListItem\",\"position\":2,\"name\":\"Shop\",\"item\":\"https:\/\/uniest.it\/shop\/\"},{\"@type\":\"ListItem\",\"position\":3,\"name\":\"Menta\"}]},{\"@type\":\"WebSite\",\"@id\":\"https:\/\/uniest.it\/#website\",\"url\":\"https:\/\/uniest.it\/\",\"name\":\"Uniest\",\"description\":\"Cosmetici Naturali e Bio\",\"potentialAction\":[{\"@type\":\"SearchAction\",\"target\":{\"@type\":\"EntryPoint\",\"urlTemplate\":\"https:\/\/uniest.it\/?s={search_term_string}\"},\"query-input\":{\"@type\":\"PropertyValueSpecification\",\"valueRequired\":true,\"valueName\":\"search_term_string\"}}],\"inLanguage\":\"es\"}]}<\/script>\n<!-- \/ Yoast SEO plugin. -->","yoast_head_json":{"title":"Menta - Uniest","robots":{"index":"index","follow":"follow","max-snippet":"max-snippet:-1","max-image-preview":"max-image-preview:large","max-video-preview":"max-video-preview:-1"},"canonical":"https:\/\/uniest.it\/prodotto\/menta\/","og_locale":"es_ES","og_type":"article","og_title":"Menta - Uniest","og_description":"Menta: (nombre cient\u00edfico Mentha Piperita L.), pertenece a la familia Labiate; Es una planta herb\u00e1cea rizomatosa perenne que primero desarrolla un tallo rastrero peludo que echa ra\u00edces en los nudos y posteriormente se erige con una secci\u00f3n cuadrada. Puede alcanzar los 70 cm de altura. Las hojas ovaladas, lanceoladas, casi lampi\u00f1as, son de color verde [&hellip;]","og_url":"https:\/\/uniest.it\/prodotto\/menta\/","og_site_name":"Uniest","twitter_card":"summary_large_image","twitter_misc":{"Tiempo de lectura":"1 minuto"},"schema":{"@context":"https:\/\/schema.org","@graph":[{"@type":"WebPage","@id":"https:\/\/uniest.it\/prodotto\/menta\/","url":"https:\/\/uniest.it\/prodotto\/menta\/","name":"Menta - Uniest","isPartOf":{"@id":"https:\/\/uniest.it\/#website"},"primaryImageOfPage":{"@id":"https:\/\/uniest.it\/prodotto\/menta\/#primaryimage"},"image":{"@id":"https:\/\/uniest.it\/prodotto\/menta\/#primaryimage"},"thumbnailUrl":"https:\/\/uniest.it\/wp-content\/uploads\/2020\/12\/032ZTM.png","datePublished":"2024-10-23T16:26:06+00:00","breadcrumb":{"@id":"https:\/\/uniest.it\/prodotto\/menta\/#breadcrumb"},"inLanguage":"es","potentialAction":[{"@type":"ReadAction","target":["https:\/\/uniest.it\/prodotto\/menta\/"]}]},{"@type":"ImageObject","inLanguage":"es","@id":"https:\/\/uniest.it\/prodotto\/menta\/#primaryimage","url":"https:\/\/uniest.it\/wp-content\/uploads\/2020\/12\/032ZTM.png","contentUrl":"https:\/\/uniest.it\/wp-content\/uploads\/2020\/12\/032ZTM.png","width":1283,"height":2000},{"@type":"BreadcrumbList","@id":"https:\/\/uniest.it\/prodotto\/menta\/#breadcrumb","itemListElement":[{"@type":"ListItem","position":1,"name":"Home","item":"https:\/\/uniest.it\/es\/"},{"@type":"ListItem","position":2,"name":"Shop","item":"https:\/\/uniest.it\/shop\/"},{"@type":"ListItem","position":3,"name":"Menta"}]},{"@type":"WebSite","@id":"https:\/\/uniest.it\/#website","url":"https:\/\/uniest.it\/","name":"Uniest","description":"Cosmetici Naturali e Bio","potentialAction":[{"@type":"SearchAction","target":{"@type":"EntryPoint","urlTemplate":"https:\/\/uniest.it\/?s={search_term_string}"},"query-input":{"@type":"PropertyValueSpecification","valueRequired":true,"valueName":"search_term_string"}}],"inLanguage":"es"}]}},"_links":{"self":[{"href":"https:\/\/uniest.it\/es\/wp-json\/wp\/v2\/product\/6092","targetHints":{"allow":["GET"]}}],"collection":[{"href":"https:\/\/uniest.it\/es\/wp-json\/wp\/v2\/product"}],"about":[{"href":"https:\/\/uniest.it\/es\/wp-json\/wp\/v2\/types\/product"}],"wp:featuredmedia":[{"embeddable":true,"href":"https:\/\/uniest.it\/es\/wp-json\/wp\/v2\/media\/6093"}],"wp:attachment":[{"href":"https:\/\/uniest.it\/es\/wp-json\/wp\/v2\/media?parent=6092"}],"wp:term":[{"taxonomy":"product_brand","embeddable":true,"href":"https:\/\/uniest.it\/es\/wp-json\/wp\/v2\/product_brand?post=6092"},{"taxonomy":"product_cat","embeddable":true,"href":"https:\/\/uniest.it\/es\/wp-json\/wp\/v2\/product_cat?post=6092"},{"taxonomy":"product_tag","embeddable":true,"href":"https:\/\/uniest.it\/es\/wp-json\/wp\/v2\/product_tag?post=6092"}],"curies":[{"name":"wp","href":"https:\/\/api.w.org\/{rel}","templated":true}]}}