{"id":6094,"date":"2024-10-23T17:26:06","date_gmt":"2024-10-23T16:26:06","guid":{"rendered":"https:\/\/uniest.it\/prodotto\/reequilibrios-plus-nuit\/"},"modified":"2024-10-23T17:26:06","modified_gmt":"2024-10-23T16:26:06","slug":"reequilibrios-plus-nuit","status":"publish","type":"product","link":"https:\/\/uniest.it\/es\/prodotto\/reequilibrios-plus-nuit\/","title":{"rendered":"Reequilibrios Plus Nuit"},"content":{"rendered":"<p>Riequilibra plus nuit es un soporte esencial para las pieles grasas y mixtas. Gracias a sus preciosos ingredientes, deja la piel purificada, los poros cerrados, el sebo reequilibrado y, por tanto, la tez m\u00e1s luminosa. El aceite esencial antif\u00fangico, antis\u00e9ptico y antibacteriano Aceite de \u00c1rbol de T\u00e9 y los extractos vegetales de Prop\u00f3leo, Cal\u00e9ndula Bio, Lavanda e Hip\u00e9rico tienen propiedades calmantes y antis\u00e9pticas. Uno de los errores m\u00e1s cl\u00e1sicos es no hidratar la piel grasa. Se piensa err\u00f3neamente que de esta forma quedar\u00e1 a\u00fan m\u00e1s brillante y grasoso. Esto no es del todo cierto, pero puede resultar \u00fatil utilizar productos \u00abmatificantes\u00bb, es decir, productos que mantengan a raya el efecto brillante. Por tanto, su uso diario permite mantener una piel reequilibrada y el\u00e1stica evitando el exceso de producci\u00f3n de sebo y la deshidrataci\u00f3n.<\/p>\n","protected":false},"excerpt":{"rendered":"<p>Riequilibra plus nuit es un soporte esencial para las pieles grasas y mixtas. Gracias a sus preciosos ingredientes, deja la piel purificada, los poros cerrados, el sebo reequilibrado y, por tanto, la tez m\u00e1s luminosa. El aceite esencial antif\u00fangico, antis\u00e9ptico y antibacteriano Aceite de \u00c1rbol de T\u00e9 y los extractos vegetales de Prop\u00f3leo, Cal\u00e9ndula Bio, [&hellip;]<\/p>\n","protected":false},"featured_media":6095,"template":"","meta":{"_acf_changed":false,"inline_featured_image":false},"product_brand":[],"product_cat":[1435],"product_tag":[],"class_list":{"0":"post-6094","1":"product","2":"type-product","3":"status-publish","4":"has-post-thumbnail","6":"product_beauty-detox-e-dren","7":"product_beauty-idratare","8":"product_beauty-nutrire-e-rigenerare","9":"product_beauty-purificare","10":"product_beauty-riequilibrare","11":"product_skin-pelli-grasse-e-miste","12":"product_kind-creme-pelli-complesse","13":"product_kind-trattaemtni-speciali","14":"product_kind-tutte-le-creme-viso","15":"product_lines-pelli-grasse-e-miste","16":"product_cat-viso-es","17":"pa_size-50-es","19":"first","20":"instock","21":"taxable","22":"shipping-taxable","23":"purchasable","24":"product-type-simple"},"acf":[],"yoast_head":"<!-- This site is optimized with the Yoast SEO plugin v24.6 - https:\/\/yoast.com\/wordpress\/plugins\/seo\/ -->\n<title>Reequilibrios Plus Nuit - Uniest<\/title>\n<meta name=\"robots\" content=\"index, follow, max-snippet:-1, max-image-preview:large, max-video-preview:-1\" \/>\n<link rel=\"canonical\" href=\"https:\/\/uniest.it\/prodotto\/reequilibrios-plus-nuit\/\" \/>\n<meta property=\"og:locale\" content=\"es_ES\" \/>\n<meta property=\"og:type\" content=\"article\" \/>\n<meta property=\"og:title\" content=\"Reequilibrios Plus Nuit - Uniest\" \/>\n<meta property=\"og:description\" content=\"Riequilibra plus nuit es un soporte esencial para las pieles grasas y mixtas. Gracias a sus preciosos ingredientes, deja la piel purificada, los poros cerrados, el sebo reequilibrado y, por tanto, la tez m\u00e1s luminosa. El aceite esencial antif\u00fangico, antis\u00e9ptico y antibacteriano Aceite de \u00c1rbol de T\u00e9 y los extractos vegetales de Prop\u00f3leo, Cal\u00e9ndula Bio, [&hellip;]\" \/>\n<meta property=\"og:url\" content=\"https:\/\/uniest.it\/prodotto\/reequilibrios-plus-nuit\/\" \/>\n<meta property=\"og:site_name\" content=\"Uniest\" \/>\n<meta name=\"twitter:card\" content=\"summary_large_image\" \/>\n<meta name=\"twitter:label1\" content=\"Tiempo de lectura\" \/>\n\t<meta name=\"twitter:data1\" content=\"1 minuto\" \/>\n<script type=\"application\/ld+json\" class=\"yoast-schema-graph\">{\"@context\":\"https:\/\/schema.org\",\"@graph\":[{\"@type\":\"WebPage\",\"@id\":\"https:\/\/uniest.it\/prodotto\/reequilibrios-plus-nuit\/\",\"url\":\"https:\/\/uniest.it\/prodotto\/reequilibrios-plus-nuit\/\",\"name\":\"Reequilibrios Plus Nuit - Uniest\",\"isPartOf\":{\"@id\":\"https:\/\/uniest.it\/#website\"},\"primaryImageOfPage\":{\"@id\":\"https:\/\/uniest.it\/prodotto\/reequilibrios-plus-nuit\/#primaryimage\"},\"image\":{\"@id\":\"https:\/\/uniest.it\/prodotto\/reequilibrios-plus-nuit\/#primaryimage\"},\"thumbnailUrl\":\"https:\/\/uniest.it\/wp-content\/uploads\/2020\/11\/033AAE.png\",\"datePublished\":\"2024-10-23T16:26:06+00:00\",\"breadcrumb\":{\"@id\":\"https:\/\/uniest.it\/prodotto\/reequilibrios-plus-nuit\/#breadcrumb\"},\"inLanguage\":\"es\",\"potentialAction\":[{\"@type\":\"ReadAction\",\"target\":[\"https:\/\/uniest.it\/prodotto\/reequilibrios-plus-nuit\/\"]}]},{\"@type\":\"ImageObject\",\"inLanguage\":\"es\",\"@id\":\"https:\/\/uniest.it\/prodotto\/reequilibrios-plus-nuit\/#primaryimage\",\"url\":\"https:\/\/uniest.it\/wp-content\/uploads\/2020\/11\/033AAE.png\",\"contentUrl\":\"https:\/\/uniest.it\/wp-content\/uploads\/2020\/11\/033AAE.png\",\"width\":1283,\"height\":2000},{\"@type\":\"BreadcrumbList\",\"@id\":\"https:\/\/uniest.it\/prodotto\/reequilibrios-plus-nuit\/#breadcrumb\",\"itemListElement\":[{\"@type\":\"ListItem\",\"position\":1,\"name\":\"Home\",\"item\":\"https:\/\/uniest.it\/es\/\"},{\"@type\":\"ListItem\",\"position\":2,\"name\":\"Shop\",\"item\":\"https:\/\/uniest.it\/shop\/\"},{\"@type\":\"ListItem\",\"position\":3,\"name\":\"Reequilibrios Plus Nuit\"}]},{\"@type\":\"WebSite\",\"@id\":\"https:\/\/uniest.it\/#website\",\"url\":\"https:\/\/uniest.it\/\",\"name\":\"Uniest\",\"description\":\"Cosmetici Naturali e Bio\",\"potentialAction\":[{\"@type\":\"SearchAction\",\"target\":{\"@type\":\"EntryPoint\",\"urlTemplate\":\"https:\/\/uniest.it\/?s={search_term_string}\"},\"query-input\":{\"@type\":\"PropertyValueSpecification\",\"valueRequired\":true,\"valueName\":\"search_term_string\"}}],\"inLanguage\":\"es\"}]}<\/script>\n<!-- \/ Yoast SEO plugin. -->","yoast_head_json":{"title":"Reequilibrios Plus Nuit - Uniest","robots":{"index":"index","follow":"follow","max-snippet":"max-snippet:-1","max-image-preview":"max-image-preview:large","max-video-preview":"max-video-preview:-1"},"canonical":"https:\/\/uniest.it\/prodotto\/reequilibrios-plus-nuit\/","og_locale":"es_ES","og_type":"article","og_title":"Reequilibrios Plus Nuit - Uniest","og_description":"Riequilibra plus nuit es un soporte esencial para las pieles grasas y mixtas. Gracias a sus preciosos ingredientes, deja la piel purificada, los poros cerrados, el sebo reequilibrado y, por tanto, la tez m\u00e1s luminosa. El aceite esencial antif\u00fangico, antis\u00e9ptico y antibacteriano Aceite de \u00c1rbol de T\u00e9 y los extractos vegetales de Prop\u00f3leo, Cal\u00e9ndula Bio, [&hellip;]","og_url":"https:\/\/uniest.it\/prodotto\/reequilibrios-plus-nuit\/","og_site_name":"Uniest","twitter_card":"summary_large_image","twitter_misc":{"Tiempo de lectura":"1 minuto"},"schema":{"@context":"https:\/\/schema.org","@graph":[{"@type":"WebPage","@id":"https:\/\/uniest.it\/prodotto\/reequilibrios-plus-nuit\/","url":"https:\/\/uniest.it\/prodotto\/reequilibrios-plus-nuit\/","name":"Reequilibrios Plus Nuit - Uniest","isPartOf":{"@id":"https:\/\/uniest.it\/#website"},"primaryImageOfPage":{"@id":"https:\/\/uniest.it\/prodotto\/reequilibrios-plus-nuit\/#primaryimage"},"image":{"@id":"https:\/\/uniest.it\/prodotto\/reequilibrios-plus-nuit\/#primaryimage"},"thumbnailUrl":"https:\/\/uniest.it\/wp-content\/uploads\/2020\/11\/033AAE.png","datePublished":"2024-10-23T16:26:06+00:00","breadcrumb":{"@id":"https:\/\/uniest.it\/prodotto\/reequilibrios-plus-nuit\/#breadcrumb"},"inLanguage":"es","potentialAction":[{"@type":"ReadAction","target":["https:\/\/uniest.it\/prodotto\/reequilibrios-plus-nuit\/"]}]},{"@type":"ImageObject","inLanguage":"es","@id":"https:\/\/uniest.it\/prodotto\/reequilibrios-plus-nuit\/#primaryimage","url":"https:\/\/uniest.it\/wp-content\/uploads\/2020\/11\/033AAE.png","contentUrl":"https:\/\/uniest.it\/wp-content\/uploads\/2020\/11\/033AAE.png","width":1283,"height":2000},{"@type":"BreadcrumbList","@id":"https:\/\/uniest.it\/prodotto\/reequilibrios-plus-nuit\/#breadcrumb","itemListElement":[{"@type":"ListItem","position":1,"name":"Home","item":"https:\/\/uniest.it\/es\/"},{"@type":"ListItem","position":2,"name":"Shop","item":"https:\/\/uniest.it\/shop\/"},{"@type":"ListItem","position":3,"name":"Reequilibrios Plus Nuit"}]},{"@type":"WebSite","@id":"https:\/\/uniest.it\/#website","url":"https:\/\/uniest.it\/","name":"Uniest","description":"Cosmetici Naturali e Bio","potentialAction":[{"@type":"SearchAction","target":{"@type":"EntryPoint","urlTemplate":"https:\/\/uniest.it\/?s={search_term_string}"},"query-input":{"@type":"PropertyValueSpecification","valueRequired":true,"valueName":"search_term_string"}}],"inLanguage":"es"}]}},"_links":{"self":[{"href":"https:\/\/uniest.it\/es\/wp-json\/wp\/v2\/product\/6094","targetHints":{"allow":["GET"]}}],"collection":[{"href":"https:\/\/uniest.it\/es\/wp-json\/wp\/v2\/product"}],"about":[{"href":"https:\/\/uniest.it\/es\/wp-json\/wp\/v2\/types\/product"}],"wp:featuredmedia":[{"embeddable":true,"href":"https:\/\/uniest.it\/es\/wp-json\/wp\/v2\/media\/6095"}],"wp:attachment":[{"href":"https:\/\/uniest.it\/es\/wp-json\/wp\/v2\/media?parent=6094"}],"wp:term":[{"taxonomy":"product_brand","embeddable":true,"href":"https:\/\/uniest.it\/es\/wp-json\/wp\/v2\/product_brand?post=6094"},{"taxonomy":"product_cat","embeddable":true,"href":"https:\/\/uniest.it\/es\/wp-json\/wp\/v2\/product_cat?post=6094"},{"taxonomy":"product_tag","embeddable":true,"href":"https:\/\/uniest.it\/es\/wp-json\/wp\/v2\/product_tag?post=6094"}],"curies":[{"name":"wp","href":"https:\/\/api.w.org\/{rel}","templated":true}]}}