{"id":6096,"date":"2021-02-04T12:58:25","date_gmt":"2024-10-23T16:26:07","guid":{"rendered":"https:\/\/uniest.it\/prodotto\/reactivar-aceite-de-bano\/"},"modified":"2024-10-23T17:26:07","modified_gmt":"2024-10-23T16:26:07","slug":"reactivar-aceite-de-bano","status":"publish","type":"product","link":"https:\/\/uniest.it\/es\/prodotto\/reactivar-aceite-de-bano\/","title":{"rendered":"REACTIVAR Aceite de Ba\u00f1o"},"content":{"rendered":"<p>Para recuperar el buen dinamismo despu\u00e9s de un largo d\u00eda de trabajo, es importante darle al cuerpo, pero tambi\u00e9n a la mente, un respiro que le d\u00e9 ganas de empezar de nuevo. El aceite de ba\u00f1o reactivador utiliza principios naturales para restaurar un impulso de energ\u00eda. En su formulaci\u00f3n encontramos, de hecho, los Aceites Esenciales de Romero, Salvia, Trementina, Canela, Naranja Amarga y Pino silvestre que act\u00faan en sinergia con sus propiedades estimulantes y tonificantes. Adem\u00e1s, el ba\u00f1o te envolver\u00e1 con el aroma sensual y delicado que se deriva de los extractos vegetales de Capsicum, Enebro y Tomillo. Con el Aceite de Ba\u00f1o Reactivador la piel quedar\u00e1 mimada y recuperar\u00e1 la elasticidad adecuada. Adem\u00e1s, los aromas liberados por los Aceites Esenciales actuar\u00e1n sobre la mente, devolviendo la energ\u00eda perdida durante el d\u00eda. Con el uso de este producto se reactiva y estimula el proceso osm\u00f3tico, dando como resultado una mejor oxigenaci\u00f3n y nutrici\u00f3n celular, dando como resultado una mejora en el metabolismo.<\/p>\n","protected":false},"excerpt":{"rendered":"<p>Para recuperar el buen dinamismo despu\u00e9s de un largo d\u00eda de trabajo, es importante darle al cuerpo, pero tambi\u00e9n a la mente, un respiro que le d\u00e9 ganas de empezar de nuevo. El aceite de ba\u00f1o reactivador utiliza principios naturales para restaurar un impulso de energ\u00eda. En su formulaci\u00f3n encontramos, de hecho, los Aceites Esenciales [&hellip;]<\/p>\n","protected":false},"featured_media":6097,"template":"","meta":{"_acf_changed":false,"inline_featured_image":false},"product_brand":[],"product_cat":[1425],"product_tag":[],"class_list":{"0":"post-6096","1":"product","2":"type-product","3":"status-publish","4":"has-post-thumbnail","6":"product_beauty-anti-cellulite","7":"product_beauty-detergere","8":"product_beauty-detox-e-dren","9":"product_beauty-nutrire-e-rigenerare","10":"product_beauty-rassodare-e-tonificare","11":"product_skin-cellulite","12":"product_skin-tutte-le-pelli","13":"product_kind-bagno","14":"product_kind-doccia","15":"product_kind-shampoo-e-detergenza","16":"product_kind-trattamenti-speciali","17":"product_lines-cellulite-e-ritenzione","18":"product_cat-corpo-es","19":"pa_size-100-es","21":"first","22":"instock","23":"taxable","24":"shipping-taxable","25":"purchasable","26":"product-type-simple"},"acf":[],"yoast_head":"<!-- This site is optimized with the Yoast SEO plugin v24.6 - https:\/\/yoast.com\/wordpress\/plugins\/seo\/ -->\n<title>REACTIVAR Aceite de Ba\u00f1o - Uniest<\/title>\n<meta name=\"robots\" content=\"index, follow, max-snippet:-1, max-image-preview:large, max-video-preview:-1\" \/>\n<link rel=\"canonical\" href=\"https:\/\/uniest.it\/prodotto\/reactivar-aceite-de-bano\/\" \/>\n<meta property=\"og:locale\" content=\"es_ES\" \/>\n<meta property=\"og:type\" content=\"article\" \/>\n<meta property=\"og:title\" content=\"REACTIVAR Aceite de Ba\u00f1o - Uniest\" \/>\n<meta property=\"og:description\" content=\"Para recuperar el buen dinamismo despu\u00e9s de un largo d\u00eda de trabajo, es importante darle al cuerpo, pero tambi\u00e9n a la mente, un respiro que le d\u00e9 ganas de empezar de nuevo. El aceite de ba\u00f1o reactivador utiliza principios naturales para restaurar un impulso de energ\u00eda. En su formulaci\u00f3n encontramos, de hecho, los Aceites Esenciales [&hellip;]\" \/>\n<meta property=\"og:url\" content=\"https:\/\/uniest.it\/prodotto\/reactivar-aceite-de-bano\/\" \/>\n<meta property=\"og:site_name\" content=\"Uniest\" \/>\n<meta name=\"twitter:card\" content=\"summary_large_image\" \/>\n<meta name=\"twitter:label1\" content=\"Tiempo de lectura\" \/>\n\t<meta name=\"twitter:data1\" content=\"1 minuto\" \/>\n<script type=\"application\/ld+json\" class=\"yoast-schema-graph\">{\"@context\":\"https:\/\/schema.org\",\"@graph\":[{\"@type\":\"WebPage\",\"@id\":\"https:\/\/uniest.it\/prodotto\/reactivar-aceite-de-bano\/\",\"url\":\"https:\/\/uniest.it\/prodotto\/reactivar-aceite-de-bano\/\",\"name\":\"REACTIVAR Aceite de Ba\u00f1o - Uniest\",\"isPartOf\":{\"@id\":\"https:\/\/uniest.it\/#website\"},\"primaryImageOfPage\":{\"@id\":\"https:\/\/uniest.it\/prodotto\/reactivar-aceite-de-bano\/#primaryimage\"},\"image\":{\"@id\":\"https:\/\/uniest.it\/prodotto\/reactivar-aceite-de-bano\/#primaryimage\"},\"thumbnailUrl\":\"https:\/\/uniest.it\/wp-content\/uploads\/2020\/11\/035AAE.png\",\"datePublished\":\"2024-10-23T16:26:07+00:00\",\"breadcrumb\":{\"@id\":\"https:\/\/uniest.it\/prodotto\/reactivar-aceite-de-bano\/#breadcrumb\"},\"inLanguage\":\"es\",\"potentialAction\":[{\"@type\":\"ReadAction\",\"target\":[\"https:\/\/uniest.it\/prodotto\/reactivar-aceite-de-bano\/\"]}]},{\"@type\":\"ImageObject\",\"inLanguage\":\"es\",\"@id\":\"https:\/\/uniest.it\/prodotto\/reactivar-aceite-de-bano\/#primaryimage\",\"url\":\"https:\/\/uniest.it\/wp-content\/uploads\/2020\/11\/035AAE.png\",\"contentUrl\":\"https:\/\/uniest.it\/wp-content\/uploads\/2020\/11\/035AAE.png\",\"width\":1283,\"height\":2001},{\"@type\":\"BreadcrumbList\",\"@id\":\"https:\/\/uniest.it\/prodotto\/reactivar-aceite-de-bano\/#breadcrumb\",\"itemListElement\":[{\"@type\":\"ListItem\",\"position\":1,\"name\":\"Home\",\"item\":\"https:\/\/uniest.it\/es\/\"},{\"@type\":\"ListItem\",\"position\":2,\"name\":\"Shop\",\"item\":\"https:\/\/uniest.it\/shop\/\"},{\"@type\":\"ListItem\",\"position\":3,\"name\":\"REACTIVAR Aceite de Ba\u00f1o\"}]},{\"@type\":\"WebSite\",\"@id\":\"https:\/\/uniest.it\/#website\",\"url\":\"https:\/\/uniest.it\/\",\"name\":\"Uniest\",\"description\":\"Cosmetici Naturali e Bio\",\"potentialAction\":[{\"@type\":\"SearchAction\",\"target\":{\"@type\":\"EntryPoint\",\"urlTemplate\":\"https:\/\/uniest.it\/?s={search_term_string}\"},\"query-input\":{\"@type\":\"PropertyValueSpecification\",\"valueRequired\":true,\"valueName\":\"search_term_string\"}}],\"inLanguage\":\"es\"}]}<\/script>\n<!-- \/ Yoast SEO plugin. -->","yoast_head_json":{"title":"REACTIVAR Aceite de Ba\u00f1o - Uniest","robots":{"index":"index","follow":"follow","max-snippet":"max-snippet:-1","max-image-preview":"max-image-preview:large","max-video-preview":"max-video-preview:-1"},"canonical":"https:\/\/uniest.it\/prodotto\/reactivar-aceite-de-bano\/","og_locale":"es_ES","og_type":"article","og_title":"REACTIVAR Aceite de Ba\u00f1o - Uniest","og_description":"Para recuperar el buen dinamismo despu\u00e9s de un largo d\u00eda de trabajo, es importante darle al cuerpo, pero tambi\u00e9n a la mente, un respiro que le d\u00e9 ganas de empezar de nuevo. El aceite de ba\u00f1o reactivador utiliza principios naturales para restaurar un impulso de energ\u00eda. En su formulaci\u00f3n encontramos, de hecho, los Aceites Esenciales [&hellip;]","og_url":"https:\/\/uniest.it\/prodotto\/reactivar-aceite-de-bano\/","og_site_name":"Uniest","twitter_card":"summary_large_image","twitter_misc":{"Tiempo de lectura":"1 minuto"},"schema":{"@context":"https:\/\/schema.org","@graph":[{"@type":"WebPage","@id":"https:\/\/uniest.it\/prodotto\/reactivar-aceite-de-bano\/","url":"https:\/\/uniest.it\/prodotto\/reactivar-aceite-de-bano\/","name":"REACTIVAR Aceite de Ba\u00f1o - Uniest","isPartOf":{"@id":"https:\/\/uniest.it\/#website"},"primaryImageOfPage":{"@id":"https:\/\/uniest.it\/prodotto\/reactivar-aceite-de-bano\/#primaryimage"},"image":{"@id":"https:\/\/uniest.it\/prodotto\/reactivar-aceite-de-bano\/#primaryimage"},"thumbnailUrl":"https:\/\/uniest.it\/wp-content\/uploads\/2020\/11\/035AAE.png","datePublished":"2024-10-23T16:26:07+00:00","breadcrumb":{"@id":"https:\/\/uniest.it\/prodotto\/reactivar-aceite-de-bano\/#breadcrumb"},"inLanguage":"es","potentialAction":[{"@type":"ReadAction","target":["https:\/\/uniest.it\/prodotto\/reactivar-aceite-de-bano\/"]}]},{"@type":"ImageObject","inLanguage":"es","@id":"https:\/\/uniest.it\/prodotto\/reactivar-aceite-de-bano\/#primaryimage","url":"https:\/\/uniest.it\/wp-content\/uploads\/2020\/11\/035AAE.png","contentUrl":"https:\/\/uniest.it\/wp-content\/uploads\/2020\/11\/035AAE.png","width":1283,"height":2001},{"@type":"BreadcrumbList","@id":"https:\/\/uniest.it\/prodotto\/reactivar-aceite-de-bano\/#breadcrumb","itemListElement":[{"@type":"ListItem","position":1,"name":"Home","item":"https:\/\/uniest.it\/es\/"},{"@type":"ListItem","position":2,"name":"Shop","item":"https:\/\/uniest.it\/shop\/"},{"@type":"ListItem","position":3,"name":"REACTIVAR Aceite de Ba\u00f1o"}]},{"@type":"WebSite","@id":"https:\/\/uniest.it\/#website","url":"https:\/\/uniest.it\/","name":"Uniest","description":"Cosmetici Naturali e Bio","potentialAction":[{"@type":"SearchAction","target":{"@type":"EntryPoint","urlTemplate":"https:\/\/uniest.it\/?s={search_term_string}"},"query-input":{"@type":"PropertyValueSpecification","valueRequired":true,"valueName":"search_term_string"}}],"inLanguage":"es"}]}},"_links":{"self":[{"href":"https:\/\/uniest.it\/es\/wp-json\/wp\/v2\/product\/6096","targetHints":{"allow":["GET"]}}],"collection":[{"href":"https:\/\/uniest.it\/es\/wp-json\/wp\/v2\/product"}],"about":[{"href":"https:\/\/uniest.it\/es\/wp-json\/wp\/v2\/types\/product"}],"wp:featuredmedia":[{"embeddable":true,"href":"https:\/\/uniest.it\/es\/wp-json\/wp\/v2\/media\/6097"}],"wp:attachment":[{"href":"https:\/\/uniest.it\/es\/wp-json\/wp\/v2\/media?parent=6096"}],"wp:term":[{"taxonomy":"product_brand","embeddable":true,"href":"https:\/\/uniest.it\/es\/wp-json\/wp\/v2\/product_brand?post=6096"},{"taxonomy":"product_cat","embeddable":true,"href":"https:\/\/uniest.it\/es\/wp-json\/wp\/v2\/product_cat?post=6096"},{"taxonomy":"product_tag","embeddable":true,"href":"https:\/\/uniest.it\/es\/wp-json\/wp\/v2\/product_tag?post=6096"}],"curies":[{"name":"wp","href":"https:\/\/api.w.org\/{rel}","templated":true}]}}