{"id":6100,"date":"2024-10-23T17:26:08","date_gmt":"2024-10-23T16:26:08","guid":{"rendered":"https:\/\/uniest.it\/prodotto\/propoleo-50ml\/"},"modified":"2024-10-23T17:26:08","modified_gmt":"2024-10-23T16:26:08","slug":"propoleo-50ml","status":"publish","type":"product","link":"https:\/\/uniest.it\/es\/prodotto\/propoleo-50ml\/","title":{"rendered":"Prop\u00f3leo &#8211; 50ml"},"content":{"rendered":"<p>La Tintura Madre de Prop\u00f3leo es una sustancia resinosa definida como un antibi\u00f3tico natural, sumamente beneficiosa para nuestro organismo. Su principal uso es contra los dolores de garganta (faringitis, traque\u00edtis y amigdalitis) y enfermedades de las v\u00edas respiratorias (tos y resfriados), pero tambi\u00e9n es \u00fatil en el tratamiento de la cavidad bucal (aftas, gingivitis, inflamaci\u00f3n de lengua y paladar). Sus propiedades defensivas se aplican contra infecciones por el virus de la influenza, herpes simple y fiebre; mientras que su acci\u00f3n antif\u00fangica es sumamente eficaz para combatir la candidiasis y las micosis. Tambi\u00e9n es un v\u00e1lido desinfectante y cicatrizante para peque\u00f1as heridas, favoreciendo la regeneraci\u00f3n de los tejidos. Su eficacia es m\u00e1xima sobre todo si estos trastornos se tratan a los primeros signos y mejor a\u00fan como preventivo; De hecho, el prop\u00f3leo tambi\u00e9n se utiliza de forma preventiva para fortalecer el sistema inmunol\u00f3gico y evitar dolencias estacionales.<\/p>\n","protected":false},"excerpt":{"rendered":"<p>La Tintura Madre de Prop\u00f3leo es una sustancia resinosa definida como un antibi\u00f3tico natural, sumamente beneficiosa para nuestro organismo. Su principal uso es contra los dolores de garganta (faringitis, traque\u00edtis y amigdalitis) y enfermedades de las v\u00edas respiratorias (tos y resfriados), pero tambi\u00e9n es \u00fatil en el tratamiento de la cavidad bucal (aftas, gingivitis, inflamaci\u00f3n [&hellip;]<\/p>\n","protected":false},"featured_media":6101,"template":"","meta":{"_acf_changed":false,"inline_featured_image":false},"product_brand":[],"product_cat":[1433],"product_tag":[],"class_list":{"0":"post-6100","1":"product","2":"type-product","3":"status-publish","4":"has-post-thumbnail","6":"product_beauty-antinfiammatoria","7":"product_beauty-gola","8":"product_beauty-lenitivo","9":"product_beauty-mineralizzante","10":"product_beauty-multivitaminico","11":"product_beauty-sistema-immunitario","12":"product_beauty-tratto-urinario","13":"product_beauty-vie-respiratorie","14":"product_kind-integrazione-alimentare","15":"product_lines-benessere","16":"product_cat-benessere-es","17":"pa_size-50-es","19":"first","20":"outofstock","21":"taxable","22":"shipping-taxable","23":"purchasable","24":"product-type-simple"},"acf":[],"yoast_head":"<!-- This site is optimized with the Yoast SEO plugin v24.6 - https:\/\/yoast.com\/wordpress\/plugins\/seo\/ -->\n<title>Prop\u00f3leo - 50ml - Uniest<\/title>\n<meta name=\"robots\" content=\"index, follow, max-snippet:-1, max-image-preview:large, max-video-preview:-1\" \/>\n<link rel=\"canonical\" href=\"https:\/\/uniest.it\/prodotto\/propoleo-50ml\/\" \/>\n<meta property=\"og:locale\" content=\"es_ES\" \/>\n<meta property=\"og:type\" content=\"article\" \/>\n<meta property=\"og:title\" content=\"Prop\u00f3leo - 50ml - Uniest\" \/>\n<meta property=\"og:description\" content=\"La Tintura Madre de Prop\u00f3leo es una sustancia resinosa definida como un antibi\u00f3tico natural, sumamente beneficiosa para nuestro organismo. Su principal uso es contra los dolores de garganta (faringitis, traque\u00edtis y amigdalitis) y enfermedades de las v\u00edas respiratorias (tos y resfriados), pero tambi\u00e9n es \u00fatil en el tratamiento de la cavidad bucal (aftas, gingivitis, inflamaci\u00f3n [&hellip;]\" \/>\n<meta property=\"og:url\" content=\"https:\/\/uniest.it\/prodotto\/propoleo-50ml\/\" \/>\n<meta property=\"og:site_name\" content=\"Uniest\" \/>\n<meta name=\"twitter:card\" content=\"summary_large_image\" \/>\n<meta name=\"twitter:label1\" content=\"Tiempo de lectura\" \/>\n\t<meta name=\"twitter:data1\" content=\"1 minuto\" \/>\n<script type=\"application\/ld+json\" class=\"yoast-schema-graph\">{\"@context\":\"https:\/\/schema.org\",\"@graph\":[{\"@type\":\"WebPage\",\"@id\":\"https:\/\/uniest.it\/prodotto\/propoleo-50ml\/\",\"url\":\"https:\/\/uniest.it\/prodotto\/propoleo-50ml\/\",\"name\":\"Prop\u00f3leo - 50ml - Uniest\",\"isPartOf\":{\"@id\":\"https:\/\/uniest.it\/#website\"},\"primaryImageOfPage\":{\"@id\":\"https:\/\/uniest.it\/prodotto\/propoleo-50ml\/#primaryimage\"},\"image\":{\"@id\":\"https:\/\/uniest.it\/prodotto\/propoleo-50ml\/#primaryimage\"},\"thumbnailUrl\":\"https:\/\/uniest.it\/wp-content\/uploads\/2020\/12\/035ZTM.png\",\"datePublished\":\"2024-10-23T16:26:08+00:00\",\"breadcrumb\":{\"@id\":\"https:\/\/uniest.it\/prodotto\/propoleo-50ml\/#breadcrumb\"},\"inLanguage\":\"es\",\"potentialAction\":[{\"@type\":\"ReadAction\",\"target\":[\"https:\/\/uniest.it\/prodotto\/propoleo-50ml\/\"]}]},{\"@type\":\"ImageObject\",\"inLanguage\":\"es\",\"@id\":\"https:\/\/uniest.it\/prodotto\/propoleo-50ml\/#primaryimage\",\"url\":\"https:\/\/uniest.it\/wp-content\/uploads\/2020\/12\/035ZTM.png\",\"contentUrl\":\"https:\/\/uniest.it\/wp-content\/uploads\/2020\/12\/035ZTM.png\",\"width\":1283,\"height\":2000},{\"@type\":\"BreadcrumbList\",\"@id\":\"https:\/\/uniest.it\/prodotto\/propoleo-50ml\/#breadcrumb\",\"itemListElement\":[{\"@type\":\"ListItem\",\"position\":1,\"name\":\"Home\",\"item\":\"https:\/\/uniest.it\/es\/\"},{\"@type\":\"ListItem\",\"position\":2,\"name\":\"Shop\",\"item\":\"https:\/\/uniest.it\/shop\/\"},{\"@type\":\"ListItem\",\"position\":3,\"name\":\"Prop\u00f3leo &#8211; 50ml\"}]},{\"@type\":\"WebSite\",\"@id\":\"https:\/\/uniest.it\/#website\",\"url\":\"https:\/\/uniest.it\/\",\"name\":\"Uniest\",\"description\":\"Cosmetici Naturali e Bio\",\"potentialAction\":[{\"@type\":\"SearchAction\",\"target\":{\"@type\":\"EntryPoint\",\"urlTemplate\":\"https:\/\/uniest.it\/?s={search_term_string}\"},\"query-input\":{\"@type\":\"PropertyValueSpecification\",\"valueRequired\":true,\"valueName\":\"search_term_string\"}}],\"inLanguage\":\"es\"}]}<\/script>\n<!-- \/ Yoast SEO plugin. -->","yoast_head_json":{"title":"Prop\u00f3leo - 50ml - Uniest","robots":{"index":"index","follow":"follow","max-snippet":"max-snippet:-1","max-image-preview":"max-image-preview:large","max-video-preview":"max-video-preview:-1"},"canonical":"https:\/\/uniest.it\/prodotto\/propoleo-50ml\/","og_locale":"es_ES","og_type":"article","og_title":"Prop\u00f3leo - 50ml - Uniest","og_description":"La Tintura Madre de Prop\u00f3leo es una sustancia resinosa definida como un antibi\u00f3tico natural, sumamente beneficiosa para nuestro organismo. Su principal uso es contra los dolores de garganta (faringitis, traque\u00edtis y amigdalitis) y enfermedades de las v\u00edas respiratorias (tos y resfriados), pero tambi\u00e9n es \u00fatil en el tratamiento de la cavidad bucal (aftas, gingivitis, inflamaci\u00f3n [&hellip;]","og_url":"https:\/\/uniest.it\/prodotto\/propoleo-50ml\/","og_site_name":"Uniest","twitter_card":"summary_large_image","twitter_misc":{"Tiempo de lectura":"1 minuto"},"schema":{"@context":"https:\/\/schema.org","@graph":[{"@type":"WebPage","@id":"https:\/\/uniest.it\/prodotto\/propoleo-50ml\/","url":"https:\/\/uniest.it\/prodotto\/propoleo-50ml\/","name":"Prop\u00f3leo - 50ml - Uniest","isPartOf":{"@id":"https:\/\/uniest.it\/#website"},"primaryImageOfPage":{"@id":"https:\/\/uniest.it\/prodotto\/propoleo-50ml\/#primaryimage"},"image":{"@id":"https:\/\/uniest.it\/prodotto\/propoleo-50ml\/#primaryimage"},"thumbnailUrl":"https:\/\/uniest.it\/wp-content\/uploads\/2020\/12\/035ZTM.png","datePublished":"2024-10-23T16:26:08+00:00","breadcrumb":{"@id":"https:\/\/uniest.it\/prodotto\/propoleo-50ml\/#breadcrumb"},"inLanguage":"es","potentialAction":[{"@type":"ReadAction","target":["https:\/\/uniest.it\/prodotto\/propoleo-50ml\/"]}]},{"@type":"ImageObject","inLanguage":"es","@id":"https:\/\/uniest.it\/prodotto\/propoleo-50ml\/#primaryimage","url":"https:\/\/uniest.it\/wp-content\/uploads\/2020\/12\/035ZTM.png","contentUrl":"https:\/\/uniest.it\/wp-content\/uploads\/2020\/12\/035ZTM.png","width":1283,"height":2000},{"@type":"BreadcrumbList","@id":"https:\/\/uniest.it\/prodotto\/propoleo-50ml\/#breadcrumb","itemListElement":[{"@type":"ListItem","position":1,"name":"Home","item":"https:\/\/uniest.it\/es\/"},{"@type":"ListItem","position":2,"name":"Shop","item":"https:\/\/uniest.it\/shop\/"},{"@type":"ListItem","position":3,"name":"Prop\u00f3leo &#8211; 50ml"}]},{"@type":"WebSite","@id":"https:\/\/uniest.it\/#website","url":"https:\/\/uniest.it\/","name":"Uniest","description":"Cosmetici Naturali e Bio","potentialAction":[{"@type":"SearchAction","target":{"@type":"EntryPoint","urlTemplate":"https:\/\/uniest.it\/?s={search_term_string}"},"query-input":{"@type":"PropertyValueSpecification","valueRequired":true,"valueName":"search_term_string"}}],"inLanguage":"es"}]}},"_links":{"self":[{"href":"https:\/\/uniest.it\/es\/wp-json\/wp\/v2\/product\/6100","targetHints":{"allow":["GET"]}}],"collection":[{"href":"https:\/\/uniest.it\/es\/wp-json\/wp\/v2\/product"}],"about":[{"href":"https:\/\/uniest.it\/es\/wp-json\/wp\/v2\/types\/product"}],"wp:featuredmedia":[{"embeddable":true,"href":"https:\/\/uniest.it\/es\/wp-json\/wp\/v2\/media\/6101"}],"wp:attachment":[{"href":"https:\/\/uniest.it\/es\/wp-json\/wp\/v2\/media?parent=6100"}],"wp:term":[{"taxonomy":"product_brand","embeddable":true,"href":"https:\/\/uniest.it\/es\/wp-json\/wp\/v2\/product_brand?post=6100"},{"taxonomy":"product_cat","embeddable":true,"href":"https:\/\/uniest.it\/es\/wp-json\/wp\/v2\/product_cat?post=6100"},{"taxonomy":"product_tag","embeddable":true,"href":"https:\/\/uniest.it\/es\/wp-json\/wp\/v2\/product_tag?post=6100"}],"curies":[{"name":"wp","href":"https:\/\/api.w.org\/{rel}","templated":true}]}}