{"id":6102,"date":"2024-10-23T17:26:08","date_gmt":"2024-10-23T16:26:08","guid":{"rendered":"https:\/\/uniest.it\/prodotto\/crema-para-pieles-seborreicas\/"},"modified":"2024-10-23T17:26:08","modified_gmt":"2024-10-23T16:26:08","slug":"crema-para-pieles-seborreicas","status":"publish","type":"product","link":"https:\/\/uniest.it\/es\/prodotto\/crema-para-pieles-seborreicas\/","title":{"rendered":"Crema para pieles seborreicas"},"content":{"rendered":"<p>Tratamiento adyuvante del acn\u00e9. Crema para pieles seborreicas: dise\u00f1ada para pieles con mucha grasa y sebo o pieles con tendencia acn\u00e9ica. Las sustancias que contiene son reconocidas por tener la capacidad de ayudar a reducir el exceso de sebo, ejerciendo adem\u00e1s un efecto hidratante y matificante. Su aplicaci\u00f3n es especialmente suave gracias al aceite de salvado de arroz y al sorbitol. Crema a base de Prote\u00edna de Soja y Azufre, rica en Amino\u00e1cidos y aceites esenciales de Abedul y Enebro de acci\u00f3n purificante, elastificante, astringente y reepitelizante de la piel. Por piel \u00abgrasa\u00bb nos referimos a un tipo de piel que produce demasiado sebo, es decir, una hipersecreci\u00f3n de sebo por las gl\u00e1ndulas seb\u00e1ceas, presentes en la dermis, vuelve la piel seborreica. La piel grasa debe tratarse con cuidado, ya que puede ser tan sensible como la piel seca. Las mejores soluciones est\u00e1n representadas por los remedios naturales, en sustituci\u00f3n de los detergentes agresivos y las cremas faciales habituales que pueden obstruir los poros. Dadas las caracter\u00edsticas de las pieles grasas y la tendencia a desarrollar puntos negros y acn\u00e9, puede resultar \u00fatil el uso de tratamientos con acci\u00f3n dermopurificante y sebornormalizadora.<\/p>\n","protected":false},"excerpt":{"rendered":"<p>Tratamiento adyuvante del acn\u00e9. Crema para pieles seborreicas: dise\u00f1ada para pieles con mucha grasa y sebo o pieles con tendencia acn\u00e9ica. Las sustancias que contiene son reconocidas por tener la capacidad de ayudar a reducir el exceso de sebo, ejerciendo adem\u00e1s un efecto hidratante y matificante. Su aplicaci\u00f3n es especialmente suave gracias al aceite de [&hellip;]<\/p>\n","protected":false},"featured_media":6103,"template":"","meta":{"_acf_changed":false,"inline_featured_image":false},"product_brand":[],"product_cat":[1435],"product_tag":[],"class_list":{"0":"post-6102","1":"product","2":"type-product","3":"status-publish","4":"has-post-thumbnail","6":"product_beauty-detox-e-dren","7":"product_beauty-lenire","8":"product_beauty-purificare","9":"product_beauty-riequilibrare","10":"product_skin-pelli-grasse-e-miste","11":"product_kind-creme-pelli-complesse","12":"product_kind-trattamenti-speciali","13":"product_kind-tutte-le-creme-viso","14":"product_lines-pelli-grasse-e-miste","15":"product_cat-viso-es","16":"pa_size-50-es","18":"first","19":"instock","20":"taxable","21":"shipping-taxable","22":"purchasable","23":"product-type-simple"},"acf":[],"yoast_head":"<!-- This site is optimized with the Yoast SEO plugin v24.6 - https:\/\/yoast.com\/wordpress\/plugins\/seo\/ -->\n<title>Crema para pieles seborreicas - Uniest<\/title>\n<meta name=\"robots\" content=\"index, follow, max-snippet:-1, max-image-preview:large, max-video-preview:-1\" \/>\n<link rel=\"canonical\" href=\"https:\/\/uniest.it\/prodotto\/crema-para-pieles-seborreicas\/\" \/>\n<meta property=\"og:locale\" content=\"es_ES\" \/>\n<meta property=\"og:type\" content=\"article\" \/>\n<meta property=\"og:title\" content=\"Crema para pieles seborreicas - Uniest\" \/>\n<meta property=\"og:description\" content=\"Tratamiento adyuvante del acn\u00e9. Crema para pieles seborreicas: dise\u00f1ada para pieles con mucha grasa y sebo o pieles con tendencia acn\u00e9ica. Las sustancias que contiene son reconocidas por tener la capacidad de ayudar a reducir el exceso de sebo, ejerciendo adem\u00e1s un efecto hidratante y matificante. Su aplicaci\u00f3n es especialmente suave gracias al aceite de [&hellip;]\" \/>\n<meta property=\"og:url\" content=\"https:\/\/uniest.it\/prodotto\/crema-para-pieles-seborreicas\/\" \/>\n<meta property=\"og:site_name\" content=\"Uniest\" \/>\n<meta name=\"twitter:card\" content=\"summary_large_image\" \/>\n<meta name=\"twitter:label1\" content=\"Tiempo de lectura\" \/>\n\t<meta name=\"twitter:data1\" content=\"1 minuto\" \/>\n<script type=\"application\/ld+json\" class=\"yoast-schema-graph\">{\"@context\":\"https:\/\/schema.org\",\"@graph\":[{\"@type\":\"WebPage\",\"@id\":\"https:\/\/uniest.it\/prodotto\/crema-para-pieles-seborreicas\/\",\"url\":\"https:\/\/uniest.it\/prodotto\/crema-para-pieles-seborreicas\/\",\"name\":\"Crema para pieles seborreicas - Uniest\",\"isPartOf\":{\"@id\":\"https:\/\/uniest.it\/#website\"},\"primaryImageOfPage\":{\"@id\":\"https:\/\/uniest.it\/prodotto\/crema-para-pieles-seborreicas\/#primaryimage\"},\"image\":{\"@id\":\"https:\/\/uniest.it\/prodotto\/crema-para-pieles-seborreicas\/#primaryimage\"},\"thumbnailUrl\":\"https:\/\/uniest.it\/wp-content\/uploads\/2020\/11\/036AAE.png\",\"datePublished\":\"2024-10-23T16:26:08+00:00\",\"breadcrumb\":{\"@id\":\"https:\/\/uniest.it\/prodotto\/crema-para-pieles-seborreicas\/#breadcrumb\"},\"inLanguage\":\"es\",\"potentialAction\":[{\"@type\":\"ReadAction\",\"target\":[\"https:\/\/uniest.it\/prodotto\/crema-para-pieles-seborreicas\/\"]}]},{\"@type\":\"ImageObject\",\"inLanguage\":\"es\",\"@id\":\"https:\/\/uniest.it\/prodotto\/crema-para-pieles-seborreicas\/#primaryimage\",\"url\":\"https:\/\/uniest.it\/wp-content\/uploads\/2020\/11\/036AAE.png\",\"contentUrl\":\"https:\/\/uniest.it\/wp-content\/uploads\/2020\/11\/036AAE.png\",\"width\":1283,\"height\":2001},{\"@type\":\"BreadcrumbList\",\"@id\":\"https:\/\/uniest.it\/prodotto\/crema-para-pieles-seborreicas\/#breadcrumb\",\"itemListElement\":[{\"@type\":\"ListItem\",\"position\":1,\"name\":\"Home\",\"item\":\"https:\/\/uniest.it\/es\/\"},{\"@type\":\"ListItem\",\"position\":2,\"name\":\"Shop\",\"item\":\"https:\/\/uniest.it\/shop\/\"},{\"@type\":\"ListItem\",\"position\":3,\"name\":\"Crema para pieles seborreicas\"}]},{\"@type\":\"WebSite\",\"@id\":\"https:\/\/uniest.it\/#website\",\"url\":\"https:\/\/uniest.it\/\",\"name\":\"Uniest\",\"description\":\"Cosmetici Naturali e Bio\",\"potentialAction\":[{\"@type\":\"SearchAction\",\"target\":{\"@type\":\"EntryPoint\",\"urlTemplate\":\"https:\/\/uniest.it\/?s={search_term_string}\"},\"query-input\":{\"@type\":\"PropertyValueSpecification\",\"valueRequired\":true,\"valueName\":\"search_term_string\"}}],\"inLanguage\":\"es\"}]}<\/script>\n<!-- \/ Yoast SEO plugin. -->","yoast_head_json":{"title":"Crema para pieles seborreicas - Uniest","robots":{"index":"index","follow":"follow","max-snippet":"max-snippet:-1","max-image-preview":"max-image-preview:large","max-video-preview":"max-video-preview:-1"},"canonical":"https:\/\/uniest.it\/prodotto\/crema-para-pieles-seborreicas\/","og_locale":"es_ES","og_type":"article","og_title":"Crema para pieles seborreicas - Uniest","og_description":"Tratamiento adyuvante del acn\u00e9. Crema para pieles seborreicas: dise\u00f1ada para pieles con mucha grasa y sebo o pieles con tendencia acn\u00e9ica. Las sustancias que contiene son reconocidas por tener la capacidad de ayudar a reducir el exceso de sebo, ejerciendo adem\u00e1s un efecto hidratante y matificante. Su aplicaci\u00f3n es especialmente suave gracias al aceite de [&hellip;]","og_url":"https:\/\/uniest.it\/prodotto\/crema-para-pieles-seborreicas\/","og_site_name":"Uniest","twitter_card":"summary_large_image","twitter_misc":{"Tiempo de lectura":"1 minuto"},"schema":{"@context":"https:\/\/schema.org","@graph":[{"@type":"WebPage","@id":"https:\/\/uniest.it\/prodotto\/crema-para-pieles-seborreicas\/","url":"https:\/\/uniest.it\/prodotto\/crema-para-pieles-seborreicas\/","name":"Crema para pieles seborreicas - Uniest","isPartOf":{"@id":"https:\/\/uniest.it\/#website"},"primaryImageOfPage":{"@id":"https:\/\/uniest.it\/prodotto\/crema-para-pieles-seborreicas\/#primaryimage"},"image":{"@id":"https:\/\/uniest.it\/prodotto\/crema-para-pieles-seborreicas\/#primaryimage"},"thumbnailUrl":"https:\/\/uniest.it\/wp-content\/uploads\/2020\/11\/036AAE.png","datePublished":"2024-10-23T16:26:08+00:00","breadcrumb":{"@id":"https:\/\/uniest.it\/prodotto\/crema-para-pieles-seborreicas\/#breadcrumb"},"inLanguage":"es","potentialAction":[{"@type":"ReadAction","target":["https:\/\/uniest.it\/prodotto\/crema-para-pieles-seborreicas\/"]}]},{"@type":"ImageObject","inLanguage":"es","@id":"https:\/\/uniest.it\/prodotto\/crema-para-pieles-seborreicas\/#primaryimage","url":"https:\/\/uniest.it\/wp-content\/uploads\/2020\/11\/036AAE.png","contentUrl":"https:\/\/uniest.it\/wp-content\/uploads\/2020\/11\/036AAE.png","width":1283,"height":2001},{"@type":"BreadcrumbList","@id":"https:\/\/uniest.it\/prodotto\/crema-para-pieles-seborreicas\/#breadcrumb","itemListElement":[{"@type":"ListItem","position":1,"name":"Home","item":"https:\/\/uniest.it\/es\/"},{"@type":"ListItem","position":2,"name":"Shop","item":"https:\/\/uniest.it\/shop\/"},{"@type":"ListItem","position":3,"name":"Crema para pieles seborreicas"}]},{"@type":"WebSite","@id":"https:\/\/uniest.it\/#website","url":"https:\/\/uniest.it\/","name":"Uniest","description":"Cosmetici Naturali e Bio","potentialAction":[{"@type":"SearchAction","target":{"@type":"EntryPoint","urlTemplate":"https:\/\/uniest.it\/?s={search_term_string}"},"query-input":{"@type":"PropertyValueSpecification","valueRequired":true,"valueName":"search_term_string"}}],"inLanguage":"es"}]}},"_links":{"self":[{"href":"https:\/\/uniest.it\/es\/wp-json\/wp\/v2\/product\/6102","targetHints":{"allow":["GET"]}}],"collection":[{"href":"https:\/\/uniest.it\/es\/wp-json\/wp\/v2\/product"}],"about":[{"href":"https:\/\/uniest.it\/es\/wp-json\/wp\/v2\/types\/product"}],"wp:featuredmedia":[{"embeddable":true,"href":"https:\/\/uniest.it\/es\/wp-json\/wp\/v2\/media\/6103"}],"wp:attachment":[{"href":"https:\/\/uniest.it\/es\/wp-json\/wp\/v2\/media?parent=6102"}],"wp:term":[{"taxonomy":"product_brand","embeddable":true,"href":"https:\/\/uniest.it\/es\/wp-json\/wp\/v2\/product_brand?post=6102"},{"taxonomy":"product_cat","embeddable":true,"href":"https:\/\/uniest.it\/es\/wp-json\/wp\/v2\/product_cat?post=6102"},{"taxonomy":"product_tag","embeddable":true,"href":"https:\/\/uniest.it\/es\/wp-json\/wp\/v2\/product_tag?post=6102"}],"curies":[{"name":"wp","href":"https:\/\/api.w.org\/{rel}","templated":true}]}}