{"id":6104,"date":"2021-02-04T12:58:44","date_gmt":"2024-10-23T16:26:08","guid":{"rendered":"https:\/\/uniest.it\/prodotto\/perfume-eco-tonificante\/"},"modified":"2024-10-23T17:26:08","modified_gmt":"2024-10-23T16:26:08","slug":"perfume-eco-tonificante","status":"publish","type":"product","link":"https:\/\/uniest.it\/es\/prodotto\/perfume-eco-tonificante\/","title":{"rendered":"Perfume Eco Tonificante"},"content":{"rendered":"<p>Particular atenci\u00f3n merece Toning Eco Parfum gracias a su innovadora formulaci\u00f3n ecol\u00f3gica sin alcohol y rica en principios activos. Nuevo perfume con poder tonificante y refrescante gracias a la presencia del preciado aceite esencial Mentol. Ha sido enriquecido con extractos vegetales de S\u00e1ndalo, reepitelizante e hidratante, Milenrama Bio, con propiedades calmantes, Enebro, Tomillo reactivador y tonificante. En cambio, la sinergia entre Glicerina, Sorbitol y Aloe ejerce un marcado poder hidratante, aportando frescor a la piel sin alterar su equilibrio epid\u00e9rmico normal. La agradable fragancia que lo caracteriza lo convierte en un medio de bienestar insustituible para usar despu\u00e9s de hacer deporte, ducharse, ba\u00f1arse o en cualquier momento en el que se sienta la necesidad de tener una nota fresca en la piel.<\/p>\n","protected":false},"excerpt":{"rendered":"<p>Particular atenci\u00f3n merece Toning Eco Parfum gracias a su innovadora formulaci\u00f3n ecol\u00f3gica sin alcohol y rica en principios activos. Nuevo perfume con poder tonificante y refrescante gracias a la presencia del preciado aceite esencial Mentol. Ha sido enriquecido con extractos vegetales de S\u00e1ndalo, reepitelizante e hidratante, Milenrama Bio, con propiedades calmantes, Enebro, Tomillo reactivador y [&hellip;]<\/p>\n","protected":false},"featured_media":6105,"template":"","meta":{"_acf_changed":false,"inline_featured_image":false},"product_brand":[],"product_cat":[1426],"product_tag":[],"class_list":{"0":"post-6104","1":"product","2":"type-product","3":"status-publish","4":"has-post-thumbnail","6":"product_beauty-aromatizzare-e-profumare","7":"product_beauty-idratare","8":"product_beauty-lenire","9":"product_beauty-rassodare-e-tonificare","10":"product_skin-pelli-delicate-e-sensibili","11":"product_skin-pelli-giovani-e-prime-rughe","12":"product_skin-pelli-grasse-e-miste","13":"product_skin-pelli-mature-e-rughe","14":"product_skin-pelli-secche-e-normali","15":"product_skin-tutte-le-pelli","16":"product_kind-aromaterapia-e-profumi","17":"product_kind-tonici-e-lozioni-corpo","18":"product_lines-uomo","19":"product_cat-uomo-es","20":"pa_size-150-es","22":"first","23":"instock","24":"taxable","25":"shipping-taxable","26":"purchasable","27":"product-type-simple"},"acf":[],"yoast_head":"<!-- This site is optimized with the Yoast SEO plugin v24.6 - https:\/\/yoast.com\/wordpress\/plugins\/seo\/ -->\n<title>Perfume Eco Tonificante - Uniest<\/title>\n<meta name=\"robots\" content=\"index, follow, max-snippet:-1, max-image-preview:large, max-video-preview:-1\" \/>\n<link rel=\"canonical\" href=\"https:\/\/uniest.it\/prodotto\/toning-eco-parfum\/\" \/>\n<meta property=\"og:locale\" content=\"es_ES\" \/>\n<meta property=\"og:type\" content=\"article\" \/>\n<meta property=\"og:title\" content=\"Perfume Eco Tonificante - Uniest\" \/>\n<meta property=\"og:description\" content=\"Particular atenci\u00f3n merece Toning Eco Parfum gracias a su innovadora formulaci\u00f3n ecol\u00f3gica sin alcohol y rica en principios activos. Nuevo perfume con poder tonificante y refrescante gracias a la presencia del preciado aceite esencial Mentol. Ha sido enriquecido con extractos vegetales de S\u00e1ndalo, reepitelizante e hidratante, Milenrama Bio, con propiedades calmantes, Enebro, Tomillo reactivador y [&hellip;]\" \/>\n<meta property=\"og:url\" content=\"https:\/\/uniest.it\/prodotto\/toning-eco-parfum\/\" \/>\n<meta property=\"og:site_name\" content=\"Uniest\" \/>\n<meta property=\"og:image\" content=\"https:\/\/uniest.it\/wp-content\/uploads\/2020\/12\/037AAU.png\" \/>\n\t<meta property=\"og:image:width\" content=\"1283\" \/>\n\t<meta property=\"og:image:height\" content=\"2000\" \/>\n\t<meta property=\"og:image:type\" content=\"image\/png\" \/>\n<meta name=\"twitter:card\" content=\"summary_large_image\" \/>\n<meta name=\"twitter:label1\" content=\"Tiempo de lectura\" \/>\n\t<meta name=\"twitter:data1\" content=\"1 minuto\" \/>\n<script type=\"application\/ld+json\" class=\"yoast-schema-graph\">{\"@context\":\"https:\/\/schema.org\",\"@graph\":[{\"@type\":\"WebPage\",\"@id\":\"https:\/\/uniest.it\/prodotto\/toning-eco-parfum\/\",\"url\":\"https:\/\/uniest.it\/prodotto\/toning-eco-parfum\/\",\"name\":\"Perfume Eco Tonificante - Uniest\",\"isPartOf\":{\"@id\":\"https:\/\/uniest.it\/#website\"},\"primaryImageOfPage\":{\"@id\":\"https:\/\/uniest.it\/prodotto\/toning-eco-parfum\/#primaryimage\"},\"image\":{\"@id\":\"https:\/\/uniest.it\/prodotto\/toning-eco-parfum\/#primaryimage\"},\"thumbnailUrl\":\"https:\/\/uniest.it\/wp-content\/uploads\/2020\/12\/037AAU.png\",\"datePublished\":\"2024-10-23T16:26:08+00:00\",\"breadcrumb\":{\"@id\":\"https:\/\/uniest.it\/prodotto\/toning-eco-parfum\/#breadcrumb\"},\"inLanguage\":\"es\",\"potentialAction\":[{\"@type\":\"ReadAction\",\"target\":[\"https:\/\/uniest.it\/prodotto\/toning-eco-parfum\/\"]}]},{\"@type\":\"ImageObject\",\"inLanguage\":\"es\",\"@id\":\"https:\/\/uniest.it\/prodotto\/toning-eco-parfum\/#primaryimage\",\"url\":\"https:\/\/uniest.it\/wp-content\/uploads\/2020\/12\/037AAU.png\",\"contentUrl\":\"https:\/\/uniest.it\/wp-content\/uploads\/2020\/12\/037AAU.png\",\"width\":1283,\"height\":2000},{\"@type\":\"BreadcrumbList\",\"@id\":\"https:\/\/uniest.it\/prodotto\/toning-eco-parfum\/#breadcrumb\",\"itemListElement\":[{\"@type\":\"ListItem\",\"position\":1,\"name\":\"Home\",\"item\":\"https:\/\/uniest.it\/es\/\"},{\"@type\":\"ListItem\",\"position\":2,\"name\":\"Shop\",\"item\":\"https:\/\/uniest.it\/shop\/\"},{\"@type\":\"ListItem\",\"position\":3,\"name\":\"Perfume Eco Tonificante\"}]},{\"@type\":\"WebSite\",\"@id\":\"https:\/\/uniest.it\/#website\",\"url\":\"https:\/\/uniest.it\/\",\"name\":\"Uniest\",\"description\":\"Cosmetici Naturali e Bio\",\"potentialAction\":[{\"@type\":\"SearchAction\",\"target\":{\"@type\":\"EntryPoint\",\"urlTemplate\":\"https:\/\/uniest.it\/?s={search_term_string}\"},\"query-input\":{\"@type\":\"PropertyValueSpecification\",\"valueRequired\":true,\"valueName\":\"search_term_string\"}}],\"inLanguage\":\"es\"}]}<\/script>\n<!-- \/ Yoast SEO plugin. -->","yoast_head_json":{"title":"Perfume Eco Tonificante - Uniest","robots":{"index":"index","follow":"follow","max-snippet":"max-snippet:-1","max-image-preview":"max-image-preview:large","max-video-preview":"max-video-preview:-1"},"canonical":"https:\/\/uniest.it\/prodotto\/toning-eco-parfum\/","og_locale":"es_ES","og_type":"article","og_title":"Perfume Eco Tonificante - Uniest","og_description":"Particular atenci\u00f3n merece Toning Eco Parfum gracias a su innovadora formulaci\u00f3n ecol\u00f3gica sin alcohol y rica en principios activos. Nuevo perfume con poder tonificante y refrescante gracias a la presencia del preciado aceite esencial Mentol. Ha sido enriquecido con extractos vegetales de S\u00e1ndalo, reepitelizante e hidratante, Milenrama Bio, con propiedades calmantes, Enebro, Tomillo reactivador y [&hellip;]","og_url":"https:\/\/uniest.it\/prodotto\/toning-eco-parfum\/","og_site_name":"Uniest","og_image":[{"width":1283,"height":2000,"url":"https:\/\/uniest.it\/wp-content\/uploads\/2020\/12\/037AAU.png","type":"image\/png"}],"twitter_card":"summary_large_image","twitter_misc":{"Tiempo de lectura":"1 minuto"},"schema":{"@context":"https:\/\/schema.org","@graph":[{"@type":"WebPage","@id":"https:\/\/uniest.it\/prodotto\/toning-eco-parfum\/","url":"https:\/\/uniest.it\/prodotto\/toning-eco-parfum\/","name":"Perfume Eco Tonificante - Uniest","isPartOf":{"@id":"https:\/\/uniest.it\/#website"},"primaryImageOfPage":{"@id":"https:\/\/uniest.it\/prodotto\/toning-eco-parfum\/#primaryimage"},"image":{"@id":"https:\/\/uniest.it\/prodotto\/toning-eco-parfum\/#primaryimage"},"thumbnailUrl":"https:\/\/uniest.it\/wp-content\/uploads\/2020\/12\/037AAU.png","datePublished":"2024-10-23T16:26:08+00:00","breadcrumb":{"@id":"https:\/\/uniest.it\/prodotto\/toning-eco-parfum\/#breadcrumb"},"inLanguage":"es","potentialAction":[{"@type":"ReadAction","target":["https:\/\/uniest.it\/prodotto\/toning-eco-parfum\/"]}]},{"@type":"ImageObject","inLanguage":"es","@id":"https:\/\/uniest.it\/prodotto\/toning-eco-parfum\/#primaryimage","url":"https:\/\/uniest.it\/wp-content\/uploads\/2020\/12\/037AAU.png","contentUrl":"https:\/\/uniest.it\/wp-content\/uploads\/2020\/12\/037AAU.png","width":1283,"height":2000},{"@type":"BreadcrumbList","@id":"https:\/\/uniest.it\/prodotto\/toning-eco-parfum\/#breadcrumb","itemListElement":[{"@type":"ListItem","position":1,"name":"Home","item":"https:\/\/uniest.it\/es\/"},{"@type":"ListItem","position":2,"name":"Shop","item":"https:\/\/uniest.it\/shop\/"},{"@type":"ListItem","position":3,"name":"Perfume Eco Tonificante"}]},{"@type":"WebSite","@id":"https:\/\/uniest.it\/#website","url":"https:\/\/uniest.it\/","name":"Uniest","description":"Cosmetici Naturali e Bio","potentialAction":[{"@type":"SearchAction","target":{"@type":"EntryPoint","urlTemplate":"https:\/\/uniest.it\/?s={search_term_string}"},"query-input":{"@type":"PropertyValueSpecification","valueRequired":true,"valueName":"search_term_string"}}],"inLanguage":"es"}]}},"_links":{"self":[{"href":"https:\/\/uniest.it\/es\/wp-json\/wp\/v2\/product\/6104","targetHints":{"allow":["GET"]}}],"collection":[{"href":"https:\/\/uniest.it\/es\/wp-json\/wp\/v2\/product"}],"about":[{"href":"https:\/\/uniest.it\/es\/wp-json\/wp\/v2\/types\/product"}],"wp:featuredmedia":[{"embeddable":true,"href":"https:\/\/uniest.it\/es\/wp-json\/wp\/v2\/media\/6105"}],"wp:attachment":[{"href":"https:\/\/uniest.it\/es\/wp-json\/wp\/v2\/media?parent=6104"}],"wp:term":[{"taxonomy":"product_brand","embeddable":true,"href":"https:\/\/uniest.it\/es\/wp-json\/wp\/v2\/product_brand?post=6104"},{"taxonomy":"product_cat","embeddable":true,"href":"https:\/\/uniest.it\/es\/wp-json\/wp\/v2\/product_cat?post=6104"},{"taxonomy":"product_tag","embeddable":true,"href":"https:\/\/uniest.it\/es\/wp-json\/wp\/v2\/product_tag?post=6104"}],"curies":[{"name":"wp","href":"https:\/\/api.w.org\/{rel}","templated":true}]}}