{"id":6108,"date":"2021-02-04T12:58:44","date_gmt":"2024-10-23T16:26:09","guid":{"rendered":"https:\/\/uniest.it\/prodotto\/precioso-aceite-corporal\/"},"modified":"2024-10-23T17:26:09","modified_gmt":"2024-10-23T16:26:09","slug":"precioso-aceite-corporal","status":"publish","type":"product","link":"https:\/\/uniest.it\/es\/prodotto\/precioso-aceite-corporal\/","title":{"rendered":"PRECIOSO Aceite Corporal"},"content":{"rendered":"<p>Es un excelente aliado de belleza para prevenir la formaci\u00f3n de estr\u00edas, la deshidrataci\u00f3n y la p\u00e9rdida de tono y elasticidad. Precious Body Oil nutre, suaviza, protege e hidrata la piel del cuerpo, dej\u00e1ndola suave y el\u00e1stica. Est\u00e1 compuesto por una mezcla de aceites naturales (salvado de arroz, germen de trigo, zanahoria, soja, jojoba, almendras dulces ecol\u00f3gicas*, escualano vegetal) que, con su acci\u00f3n hidratante y antirradicales libres, aportan a la piel un efecto suave y aterciopelado. . El Precioso Aceite Corporal, gracias a las sustancias activas, es capaz de aportar alivio y bienestar gracias a la presencia del Complejo de Extractos Vegetales de Malva, Cal\u00e9ndula y Althea en Aceite de Girasol Bio* combinado con las preciosas Vitamina C y Vitamina E. Tiene por tanto una acci\u00f3n reparadora en las pieles maduras pero tambi\u00e9n preventiva en las m\u00e1s j\u00f3venes, dificultando la deshidrataci\u00f3n, favoreciendo la elasticidad y retrasando el envejecimiento prematuro.<\/p>\n","protected":false},"excerpt":{"rendered":"<p>Es un excelente aliado de belleza para prevenir la formaci\u00f3n de estr\u00edas, la deshidrataci\u00f3n y la p\u00e9rdida de tono y elasticidad. Precious Body Oil nutre, suaviza, protege e hidrata la piel del cuerpo, dej\u00e1ndola suave y el\u00e1stica. Est\u00e1 compuesto por una mezcla de aceites naturales (salvado de arroz, germen de trigo, zanahoria, soja, jojoba, almendras [&hellip;]<\/p>\n","protected":false},"featured_media":6109,"template":"","meta":{"_acf_changed":false,"inline_featured_image":false},"product_brand":[],"product_cat":[1425],"product_tag":[],"class_list":{"0":"post-6108","1":"product","2":"type-product","3":"status-publish","4":"has-post-thumbnail","6":"product_beauty-aromatizzare-e-profumare","7":"product_beauty-idratare","8":"product_beauty-lenire","9":"product_beauty-nutrire-e-rigenerare","10":"product_beauty-rassodare-e-tonificare","11":"product_skin-tutte-le-pelli","12":"product_kind-oli-e-burri","13":"product_lines-corpo-e-benessere","14":"product_cat-corpo-es","15":"pa_size-100-es","17":"first","18":"instock","19":"taxable","20":"shipping-taxable","21":"purchasable","22":"product-type-simple"},"acf":[],"yoast_head":"<!-- This site is optimized with the Yoast SEO plugin v24.6 - https:\/\/yoast.com\/wordpress\/plugins\/seo\/ -->\n<title>PRECIOSO Aceite Corporal - Uniest<\/title>\n<meta name=\"robots\" content=\"index, follow, max-snippet:-1, max-image-preview:large, max-video-preview:-1\" \/>\n<link rel=\"canonical\" href=\"https:\/\/uniest.it\/prodotto\/precioso-aceite-corporal\/\" \/>\n<meta property=\"og:locale\" content=\"es_ES\" \/>\n<meta property=\"og:type\" content=\"article\" \/>\n<meta property=\"og:title\" content=\"PRECIOSO Aceite Corporal - Uniest\" \/>\n<meta property=\"og:description\" content=\"Es un excelente aliado de belleza para prevenir la formaci\u00f3n de estr\u00edas, la deshidrataci\u00f3n y la p\u00e9rdida de tono y elasticidad. Precious Body Oil nutre, suaviza, protege e hidrata la piel del cuerpo, dej\u00e1ndola suave y el\u00e1stica. Est\u00e1 compuesto por una mezcla de aceites naturales (salvado de arroz, germen de trigo, zanahoria, soja, jojoba, almendras [&hellip;]\" \/>\n<meta property=\"og:url\" content=\"https:\/\/uniest.it\/prodotto\/precioso-aceite-corporal\/\" \/>\n<meta property=\"og:site_name\" content=\"Uniest\" \/>\n<meta name=\"twitter:card\" content=\"summary_large_image\" \/>\n<meta name=\"twitter:label1\" content=\"Tiempo de lectura\" \/>\n\t<meta name=\"twitter:data1\" content=\"1 minuto\" \/>\n<script type=\"application\/ld+json\" class=\"yoast-schema-graph\">{\"@context\":\"https:\/\/schema.org\",\"@graph\":[{\"@type\":\"WebPage\",\"@id\":\"https:\/\/uniest.it\/prodotto\/precioso-aceite-corporal\/\",\"url\":\"https:\/\/uniest.it\/prodotto\/precioso-aceite-corporal\/\",\"name\":\"PRECIOSO Aceite Corporal - Uniest\",\"isPartOf\":{\"@id\":\"https:\/\/uniest.it\/#website\"},\"primaryImageOfPage\":{\"@id\":\"https:\/\/uniest.it\/prodotto\/precioso-aceite-corporal\/#primaryimage\"},\"image\":{\"@id\":\"https:\/\/uniest.it\/prodotto\/precioso-aceite-corporal\/#primaryimage\"},\"thumbnailUrl\":\"https:\/\/uniest.it\/wp-content\/uploads\/2020\/12\/040AAE.png\",\"datePublished\":\"2024-10-23T16:26:09+00:00\",\"breadcrumb\":{\"@id\":\"https:\/\/uniest.it\/prodotto\/precioso-aceite-corporal\/#breadcrumb\"},\"inLanguage\":\"es\",\"potentialAction\":[{\"@type\":\"ReadAction\",\"target\":[\"https:\/\/uniest.it\/prodotto\/precioso-aceite-corporal\/\"]}]},{\"@type\":\"ImageObject\",\"inLanguage\":\"es\",\"@id\":\"https:\/\/uniest.it\/prodotto\/precioso-aceite-corporal\/#primaryimage\",\"url\":\"https:\/\/uniest.it\/wp-content\/uploads\/2020\/12\/040AAE.png\",\"contentUrl\":\"https:\/\/uniest.it\/wp-content\/uploads\/2020\/12\/040AAE.png\",\"width\":1283,\"height\":2001},{\"@type\":\"BreadcrumbList\",\"@id\":\"https:\/\/uniest.it\/prodotto\/precioso-aceite-corporal\/#breadcrumb\",\"itemListElement\":[{\"@type\":\"ListItem\",\"position\":1,\"name\":\"Home\",\"item\":\"https:\/\/uniest.it\/es\/\"},{\"@type\":\"ListItem\",\"position\":2,\"name\":\"Shop\",\"item\":\"https:\/\/uniest.it\/shop\/\"},{\"@type\":\"ListItem\",\"position\":3,\"name\":\"PRECIOSO Aceite Corporal\"}]},{\"@type\":\"WebSite\",\"@id\":\"https:\/\/uniest.it\/#website\",\"url\":\"https:\/\/uniest.it\/\",\"name\":\"Uniest\",\"description\":\"Cosmetici Naturali e Bio\",\"potentialAction\":[{\"@type\":\"SearchAction\",\"target\":{\"@type\":\"EntryPoint\",\"urlTemplate\":\"https:\/\/uniest.it\/?s={search_term_string}\"},\"query-input\":{\"@type\":\"PropertyValueSpecification\",\"valueRequired\":true,\"valueName\":\"search_term_string\"}}],\"inLanguage\":\"es\"}]}<\/script>\n<!-- \/ Yoast SEO plugin. -->","yoast_head_json":{"title":"PRECIOSO Aceite Corporal - Uniest","robots":{"index":"index","follow":"follow","max-snippet":"max-snippet:-1","max-image-preview":"max-image-preview:large","max-video-preview":"max-video-preview:-1"},"canonical":"https:\/\/uniest.it\/prodotto\/precioso-aceite-corporal\/","og_locale":"es_ES","og_type":"article","og_title":"PRECIOSO Aceite Corporal - Uniest","og_description":"Es un excelente aliado de belleza para prevenir la formaci\u00f3n de estr\u00edas, la deshidrataci\u00f3n y la p\u00e9rdida de tono y elasticidad. Precious Body Oil nutre, suaviza, protege e hidrata la piel del cuerpo, dej\u00e1ndola suave y el\u00e1stica. Est\u00e1 compuesto por una mezcla de aceites naturales (salvado de arroz, germen de trigo, zanahoria, soja, jojoba, almendras [&hellip;]","og_url":"https:\/\/uniest.it\/prodotto\/precioso-aceite-corporal\/","og_site_name":"Uniest","twitter_card":"summary_large_image","twitter_misc":{"Tiempo de lectura":"1 minuto"},"schema":{"@context":"https:\/\/schema.org","@graph":[{"@type":"WebPage","@id":"https:\/\/uniest.it\/prodotto\/precioso-aceite-corporal\/","url":"https:\/\/uniest.it\/prodotto\/precioso-aceite-corporal\/","name":"PRECIOSO Aceite Corporal - Uniest","isPartOf":{"@id":"https:\/\/uniest.it\/#website"},"primaryImageOfPage":{"@id":"https:\/\/uniest.it\/prodotto\/precioso-aceite-corporal\/#primaryimage"},"image":{"@id":"https:\/\/uniest.it\/prodotto\/precioso-aceite-corporal\/#primaryimage"},"thumbnailUrl":"https:\/\/uniest.it\/wp-content\/uploads\/2020\/12\/040AAE.png","datePublished":"2024-10-23T16:26:09+00:00","breadcrumb":{"@id":"https:\/\/uniest.it\/prodotto\/precioso-aceite-corporal\/#breadcrumb"},"inLanguage":"es","potentialAction":[{"@type":"ReadAction","target":["https:\/\/uniest.it\/prodotto\/precioso-aceite-corporal\/"]}]},{"@type":"ImageObject","inLanguage":"es","@id":"https:\/\/uniest.it\/prodotto\/precioso-aceite-corporal\/#primaryimage","url":"https:\/\/uniest.it\/wp-content\/uploads\/2020\/12\/040AAE.png","contentUrl":"https:\/\/uniest.it\/wp-content\/uploads\/2020\/12\/040AAE.png","width":1283,"height":2001},{"@type":"BreadcrumbList","@id":"https:\/\/uniest.it\/prodotto\/precioso-aceite-corporal\/#breadcrumb","itemListElement":[{"@type":"ListItem","position":1,"name":"Home","item":"https:\/\/uniest.it\/es\/"},{"@type":"ListItem","position":2,"name":"Shop","item":"https:\/\/uniest.it\/shop\/"},{"@type":"ListItem","position":3,"name":"PRECIOSO Aceite Corporal"}]},{"@type":"WebSite","@id":"https:\/\/uniest.it\/#website","url":"https:\/\/uniest.it\/","name":"Uniest","description":"Cosmetici Naturali e Bio","potentialAction":[{"@type":"SearchAction","target":{"@type":"EntryPoint","urlTemplate":"https:\/\/uniest.it\/?s={search_term_string}"},"query-input":{"@type":"PropertyValueSpecification","valueRequired":true,"valueName":"search_term_string"}}],"inLanguage":"es"}]}},"_links":{"self":[{"href":"https:\/\/uniest.it\/es\/wp-json\/wp\/v2\/product\/6108","targetHints":{"allow":["GET"]}}],"collection":[{"href":"https:\/\/uniest.it\/es\/wp-json\/wp\/v2\/product"}],"about":[{"href":"https:\/\/uniest.it\/es\/wp-json\/wp\/v2\/types\/product"}],"wp:featuredmedia":[{"embeddable":true,"href":"https:\/\/uniest.it\/es\/wp-json\/wp\/v2\/media\/6109"}],"wp:attachment":[{"href":"https:\/\/uniest.it\/es\/wp-json\/wp\/v2\/media?parent=6108"}],"wp:term":[{"taxonomy":"product_brand","embeddable":true,"href":"https:\/\/uniest.it\/es\/wp-json\/wp\/v2\/product_brand?post=6108"},{"taxonomy":"product_cat","embeddable":true,"href":"https:\/\/uniest.it\/es\/wp-json\/wp\/v2\/product_cat?post=6108"},{"taxonomy":"product_tag","embeddable":true,"href":"https:\/\/uniest.it\/es\/wp-json\/wp\/v2\/product_tag?post=6108"}],"curies":[{"name":"wp","href":"https:\/\/api.w.org\/{rel}","templated":true}]}}