{"id":6110,"date":"2021-02-04T12:58:44","date_gmt":"2024-10-23T16:26:10","guid":{"rendered":"https:\/\/uniest.it\/prodotto\/aceite-de-bano-no-estres\/"},"modified":"2024-10-23T17:26:10","modified_gmt":"2024-10-23T16:26:10","slug":"aceite-de-bano-no-estres","status":"publish","type":"product","link":"https:\/\/uniest.it\/es\/prodotto\/aceite-de-bano-no-estres\/","title":{"rendered":"Aceite de Ba\u00f1o NO ESTR\u00c9S"},"content":{"rendered":"<p>No Stress Bath Oil ha sido dise\u00f1ado espec\u00edficamente para aquellos que quieren tomarse un descanso relajante, aquellos que tienen dificultades para dormir por las noches, aquellos que tienen un estilo de vida estresante y para aquellos que simplemente quieren darse un capricho con un breve descanso. Formulado por expertos con aceites esenciales de naranja dulce, melisa y mejorana, y extractos vegetales de manzanilla*, equin\u00e1cea y valeriana org\u00e1nicos, envuelve en un agradable efecto relajante y calmante, mientras que la cal\u00e9ndula* y el hamamelis org\u00e1nicos, con sus propiedades calmantes, Protege la piel con delicadeza. \u00datil tambi\u00e9n en caso de pediluvios, para piernas cansadas y cansadas.<\/p>\n","protected":false},"excerpt":{"rendered":"<p>No Stress Bath Oil ha sido dise\u00f1ado espec\u00edficamente para aquellos que quieren tomarse un descanso relajante, aquellos que tienen dificultades para dormir por las noches, aquellos que tienen un estilo de vida estresante y para aquellos que simplemente quieren darse un capricho con un breve descanso. Formulado por expertos con aceites esenciales de naranja dulce, [&hellip;]<\/p>\n","protected":false},"featured_media":6111,"template":"","meta":{"_acf_changed":false,"inline_featured_image":false},"product_brand":[],"product_cat":[1425],"product_tag":[],"class_list":{"0":"post-6110","1":"product","2":"type-product","3":"status-publish","4":"has-post-thumbnail","6":"product_beauty-balsamico","7":"product_beauty-detergere","8":"product_beauty-nutrire-e-rigenerare","9":"product_beauty-rassodare-e-tonificare","10":"product_skin-tutte-le-pelli","11":"product_kind-bagno","12":"product_kind-doccia","13":"product_kind-shampoo-e-detergenza","14":"product_kind-trattamenti-speciali","15":"product_lines-corpo-e-benessere","16":"product_cat-corpo-es","17":"pa_size-100-es","19":"first","20":"instock","21":"taxable","22":"shipping-taxable","23":"purchasable","24":"product-type-simple"},"acf":[],"yoast_head":"<!-- This site is optimized with the Yoast SEO plugin v24.6 - https:\/\/yoast.com\/wordpress\/plugins\/seo\/ -->\n<title>Aceite de Ba\u00f1o NO ESTR\u00c9S - Uniest<\/title>\n<meta name=\"robots\" content=\"index, follow, max-snippet:-1, max-image-preview:large, max-video-preview:-1\" \/>\n<link rel=\"canonical\" href=\"https:\/\/uniest.it\/prodotto\/aceite-de-bano-no-estres\/\" \/>\n<meta property=\"og:locale\" content=\"es_ES\" \/>\n<meta property=\"og:type\" content=\"article\" \/>\n<meta property=\"og:title\" content=\"Aceite de Ba\u00f1o NO ESTR\u00c9S - Uniest\" \/>\n<meta property=\"og:description\" content=\"No Stress Bath Oil ha sido dise\u00f1ado espec\u00edficamente para aquellos que quieren tomarse un descanso relajante, aquellos que tienen dificultades para dormir por las noches, aquellos que tienen un estilo de vida estresante y para aquellos que simplemente quieren darse un capricho con un breve descanso. Formulado por expertos con aceites esenciales de naranja dulce, [&hellip;]\" \/>\n<meta property=\"og:url\" content=\"https:\/\/uniest.it\/prodotto\/aceite-de-bano-no-estres\/\" \/>\n<meta property=\"og:site_name\" content=\"Uniest\" \/>\n<meta name=\"twitter:card\" content=\"summary_large_image\" \/>\n<meta name=\"twitter:label1\" content=\"Tiempo de lectura\" \/>\n\t<meta name=\"twitter:data1\" content=\"1 minuto\" \/>\n<script type=\"application\/ld+json\" class=\"yoast-schema-graph\">{\"@context\":\"https:\/\/schema.org\",\"@graph\":[{\"@type\":\"WebPage\",\"@id\":\"https:\/\/uniest.it\/prodotto\/aceite-de-bano-no-estres\/\",\"url\":\"https:\/\/uniest.it\/prodotto\/aceite-de-bano-no-estres\/\",\"name\":\"Aceite de Ba\u00f1o NO ESTR\u00c9S - Uniest\",\"isPartOf\":{\"@id\":\"https:\/\/uniest.it\/#website\"},\"primaryImageOfPage\":{\"@id\":\"https:\/\/uniest.it\/prodotto\/aceite-de-bano-no-estres\/#primaryimage\"},\"image\":{\"@id\":\"https:\/\/uniest.it\/prodotto\/aceite-de-bano-no-estres\/#primaryimage\"},\"thumbnailUrl\":\"https:\/\/uniest.it\/wp-content\/uploads\/2020\/11\/041AAE.png\",\"datePublished\":\"2024-10-23T16:26:10+00:00\",\"breadcrumb\":{\"@id\":\"https:\/\/uniest.it\/prodotto\/aceite-de-bano-no-estres\/#breadcrumb\"},\"inLanguage\":\"es\",\"potentialAction\":[{\"@type\":\"ReadAction\",\"target\":[\"https:\/\/uniest.it\/prodotto\/aceite-de-bano-no-estres\/\"]}]},{\"@type\":\"ImageObject\",\"inLanguage\":\"es\",\"@id\":\"https:\/\/uniest.it\/prodotto\/aceite-de-bano-no-estres\/#primaryimage\",\"url\":\"https:\/\/uniest.it\/wp-content\/uploads\/2020\/11\/041AAE.png\",\"contentUrl\":\"https:\/\/uniest.it\/wp-content\/uploads\/2020\/11\/041AAE.png\",\"width\":1283,\"height\":2001},{\"@type\":\"BreadcrumbList\",\"@id\":\"https:\/\/uniest.it\/prodotto\/aceite-de-bano-no-estres\/#breadcrumb\",\"itemListElement\":[{\"@type\":\"ListItem\",\"position\":1,\"name\":\"Home\",\"item\":\"https:\/\/uniest.it\/es\/\"},{\"@type\":\"ListItem\",\"position\":2,\"name\":\"Shop\",\"item\":\"https:\/\/uniest.it\/shop\/\"},{\"@type\":\"ListItem\",\"position\":3,\"name\":\"Aceite de Ba\u00f1o NO ESTR\u00c9S\"}]},{\"@type\":\"WebSite\",\"@id\":\"https:\/\/uniest.it\/#website\",\"url\":\"https:\/\/uniest.it\/\",\"name\":\"Uniest\",\"description\":\"Cosmetici Naturali e Bio\",\"potentialAction\":[{\"@type\":\"SearchAction\",\"target\":{\"@type\":\"EntryPoint\",\"urlTemplate\":\"https:\/\/uniest.it\/?s={search_term_string}\"},\"query-input\":{\"@type\":\"PropertyValueSpecification\",\"valueRequired\":true,\"valueName\":\"search_term_string\"}}],\"inLanguage\":\"es\"}]}<\/script>\n<!-- \/ Yoast SEO plugin. -->","yoast_head_json":{"title":"Aceite de Ba\u00f1o NO ESTR\u00c9S - Uniest","robots":{"index":"index","follow":"follow","max-snippet":"max-snippet:-1","max-image-preview":"max-image-preview:large","max-video-preview":"max-video-preview:-1"},"canonical":"https:\/\/uniest.it\/prodotto\/aceite-de-bano-no-estres\/","og_locale":"es_ES","og_type":"article","og_title":"Aceite de Ba\u00f1o NO ESTR\u00c9S - Uniest","og_description":"No Stress Bath Oil ha sido dise\u00f1ado espec\u00edficamente para aquellos que quieren tomarse un descanso relajante, aquellos que tienen dificultades para dormir por las noches, aquellos que tienen un estilo de vida estresante y para aquellos que simplemente quieren darse un capricho con un breve descanso. Formulado por expertos con aceites esenciales de naranja dulce, [&hellip;]","og_url":"https:\/\/uniest.it\/prodotto\/aceite-de-bano-no-estres\/","og_site_name":"Uniest","twitter_card":"summary_large_image","twitter_misc":{"Tiempo de lectura":"1 minuto"},"schema":{"@context":"https:\/\/schema.org","@graph":[{"@type":"WebPage","@id":"https:\/\/uniest.it\/prodotto\/aceite-de-bano-no-estres\/","url":"https:\/\/uniest.it\/prodotto\/aceite-de-bano-no-estres\/","name":"Aceite de Ba\u00f1o NO ESTR\u00c9S - Uniest","isPartOf":{"@id":"https:\/\/uniest.it\/#website"},"primaryImageOfPage":{"@id":"https:\/\/uniest.it\/prodotto\/aceite-de-bano-no-estres\/#primaryimage"},"image":{"@id":"https:\/\/uniest.it\/prodotto\/aceite-de-bano-no-estres\/#primaryimage"},"thumbnailUrl":"https:\/\/uniest.it\/wp-content\/uploads\/2020\/11\/041AAE.png","datePublished":"2024-10-23T16:26:10+00:00","breadcrumb":{"@id":"https:\/\/uniest.it\/prodotto\/aceite-de-bano-no-estres\/#breadcrumb"},"inLanguage":"es","potentialAction":[{"@type":"ReadAction","target":["https:\/\/uniest.it\/prodotto\/aceite-de-bano-no-estres\/"]}]},{"@type":"ImageObject","inLanguage":"es","@id":"https:\/\/uniest.it\/prodotto\/aceite-de-bano-no-estres\/#primaryimage","url":"https:\/\/uniest.it\/wp-content\/uploads\/2020\/11\/041AAE.png","contentUrl":"https:\/\/uniest.it\/wp-content\/uploads\/2020\/11\/041AAE.png","width":1283,"height":2001},{"@type":"BreadcrumbList","@id":"https:\/\/uniest.it\/prodotto\/aceite-de-bano-no-estres\/#breadcrumb","itemListElement":[{"@type":"ListItem","position":1,"name":"Home","item":"https:\/\/uniest.it\/es\/"},{"@type":"ListItem","position":2,"name":"Shop","item":"https:\/\/uniest.it\/shop\/"},{"@type":"ListItem","position":3,"name":"Aceite de Ba\u00f1o NO ESTR\u00c9S"}]},{"@type":"WebSite","@id":"https:\/\/uniest.it\/#website","url":"https:\/\/uniest.it\/","name":"Uniest","description":"Cosmetici Naturali e Bio","potentialAction":[{"@type":"SearchAction","target":{"@type":"EntryPoint","urlTemplate":"https:\/\/uniest.it\/?s={search_term_string}"},"query-input":{"@type":"PropertyValueSpecification","valueRequired":true,"valueName":"search_term_string"}}],"inLanguage":"es"}]}},"_links":{"self":[{"href":"https:\/\/uniest.it\/es\/wp-json\/wp\/v2\/product\/6110","targetHints":{"allow":["GET"]}}],"collection":[{"href":"https:\/\/uniest.it\/es\/wp-json\/wp\/v2\/product"}],"about":[{"href":"https:\/\/uniest.it\/es\/wp-json\/wp\/v2\/types\/product"}],"wp:featuredmedia":[{"embeddable":true,"href":"https:\/\/uniest.it\/es\/wp-json\/wp\/v2\/media\/6111"}],"wp:attachment":[{"href":"https:\/\/uniest.it\/es\/wp-json\/wp\/v2\/media?parent=6110"}],"wp:term":[{"taxonomy":"product_brand","embeddable":true,"href":"https:\/\/uniest.it\/es\/wp-json\/wp\/v2\/product_brand?post=6110"},{"taxonomy":"product_cat","embeddable":true,"href":"https:\/\/uniest.it\/es\/wp-json\/wp\/v2\/product_cat?post=6110"},{"taxonomy":"product_tag","embeddable":true,"href":"https:\/\/uniest.it\/es\/wp-json\/wp\/v2\/product_tag?post=6110"}],"curies":[{"name":"wp","href":"https:\/\/api.w.org\/{rel}","templated":true}]}}