{"id":6112,"date":"2021-02-04T12:58:44","date_gmt":"2024-10-23T16:26:10","guid":{"rendered":"https:\/\/uniest.it\/prodotto\/fitomascarilla-de-algas-espirulina\/"},"modified":"2025-03-04T00:00:46","modified_gmt":"2025-03-03T23:00:46","slug":"fitomascarilla-de-algas-espirulina","status":"publish","type":"product","link":"https:\/\/uniest.it\/es\/prodotto\/fitomascarilla-de-algas-espirulina\/","title":{"rendered":"Fitomascarilla de algas espirulina"},"content":{"rendered":"<p>Fitomasca de alga espirulina El alga espirulina es un precioso aliado gracias a sus efectos beneficiosos para la belleza de la piel. Beneficios del alga espirulina en la piel y el rostro: <\/p>\n<ul>\n<li>Tiene efecto antienvejecimiento (o antienvejecimiento). La espirulina es rica en vitamina E o tocoferol, selenio y tirosina, todos nutrientes conocidos por sus efectos antienvejecimiento;<\/li>\n<li>Tonifica y da una apariencia m\u00e1s luminosa a la piel;<\/li>\n<li> li>\n<li>La presencia de vitaminas C, E, A, K y vitaminas B2, B3, B1, B5, B9, B6, zinc, cobre, f\u00f3sforo, hierro, manganeso, potasio, calcio y selenio, lo convierte por tanto en un excelente materia prima para reafirmar y tonificar la piel, ya que todos estos nutrientes son necesarios para tener una piel luminosa;<\/li>\n<li>Elimina toxinas del cuerpo: al ayudar a mejorar el metabolismo, la espirulina ayuda a mejorar tu apariencia general ayudando en \u00faltima instancia a la eliminaci\u00f3n de metales pesados y toxinas del organismo. Adem\u00e1s, la alta concentraci\u00f3n de clorofila presente en \u00e9l ayuda a eliminar los radicales libres y a dejar la piel m\u00e1s tersa y suave;<\/li>\n<li>Tiene un efecto antiacn\u00e9: la vitamina A contenida en la espirulina es capaz de intervenir en la aparici\u00f3n de esta imperfecci\u00f3n, y en general, sobre todas las patolog\u00edas que conduzcan a la aparici\u00f3n del eccema. La vitamina A, de hecho, regula la secreci\u00f3n de las gl\u00e1ndulas seb\u00e1ceas, reduciendo la aparici\u00f3n de granos. El Alga Espirulina, junto con el extracto de la planta Fucus, un alga marina rica en oligoelementos, tiene una acci\u00f3n mineralizante en el reequilibrio hidrolip\u00eddico de las pieles mixtas y grasas. Otra acci\u00f3n purificante, protectora y emoliente de la piel la llevan a cabo el aceite esencial de Naranja Dulce y el Aceite de Salvado de Arroz.<\/li>\n<\/ul>\n","protected":false},"excerpt":{"rendered":"<p>Fitomasca de alga espirulina El alga espirulina es un precioso aliado gracias a sus efectos beneficiosos para la belleza de la piel. Beneficios del alga espirulina en la piel y el rostro: Tiene efecto antienvejecimiento (o antienvejecimiento). La espirulina es rica en vitamina E o tocoferol, selenio y tirosina, todos nutrientes conocidos por sus efectos [&hellip;]<\/p>\n","protected":false},"featured_media":6113,"template":"","meta":{"_acf_changed":false,"inline_featured_image":false},"product_brand":[],"product_cat":[1435],"product_tag":[],"class_list":{"0":"post-6112","1":"product","2":"type-product","3":"status-publish","4":"has-post-thumbnail","6":"product_beauty-detox-e-dren","7":"product_beauty-idratare","8":"product_beauty-lenire","9":"product_beauty-purificare","10":"product_beauty-riequilibrare","11":"product_skin-pelli-grasee-e-impure","12":"product_kind-creme-pelli-complesse","13":"product_kind-maschere-ed-esfolianti","14":"product_kind-trattamenti-speciali","15":"product_lines-pelli-grasse-e-miste","16":"product_cat-viso-es","17":"pa_size-50-es","19":"first","20":"instock","21":"taxable","22":"shipping-taxable","23":"purchasable","24":"product-type-simple"},"acf":[],"yoast_head":"<!-- This site is optimized with the Yoast SEO plugin v24.6 - https:\/\/yoast.com\/wordpress\/plugins\/seo\/ -->\n<title>Fitomascarilla de algas espirulina - Uniest<\/title>\n<meta name=\"robots\" content=\"index, follow, max-snippet:-1, max-image-preview:large, max-video-preview:-1\" \/>\n<link rel=\"canonical\" href=\"https:\/\/uniest.it\/prodotto\/fitomascarilla-de-algas-espirulina\/\" \/>\n<meta property=\"og:locale\" content=\"es_ES\" \/>\n<meta property=\"og:type\" content=\"article\" \/>\n<meta property=\"og:title\" content=\"Fitomascarilla de algas espirulina - Uniest\" \/>\n<meta property=\"og:description\" content=\"Fitomasca de alga espirulina El alga espirulina es un precioso aliado gracias a sus efectos beneficiosos para la belleza de la piel. Beneficios del alga espirulina en la piel y el rostro: Tiene efecto antienvejecimiento (o antienvejecimiento). La espirulina es rica en vitamina E o tocoferol, selenio y tirosina, todos nutrientes conocidos por sus efectos [&hellip;]\" \/>\n<meta property=\"og:url\" content=\"https:\/\/uniest.it\/prodotto\/fitomascarilla-de-algas-espirulina\/\" \/>\n<meta property=\"og:site_name\" content=\"Uniest\" \/>\n<meta property=\"article:modified_time\" content=\"2025-03-03T23:00:46+00:00\" \/>\n<meta name=\"twitter:card\" content=\"summary_large_image\" \/>\n<meta name=\"twitter:label1\" content=\"Tiempo de lectura\" \/>\n\t<meta name=\"twitter:data1\" content=\"2 minutos\" \/>\n<script type=\"application\/ld+json\" class=\"yoast-schema-graph\">{\"@context\":\"https:\/\/schema.org\",\"@graph\":[{\"@type\":\"WebPage\",\"@id\":\"https:\/\/uniest.it\/prodotto\/fitomascarilla-de-algas-espirulina\/\",\"url\":\"https:\/\/uniest.it\/prodotto\/fitomascarilla-de-algas-espirulina\/\",\"name\":\"Fitomascarilla de algas espirulina - Uniest\",\"isPartOf\":{\"@id\":\"https:\/\/uniest.it\/#website\"},\"primaryImageOfPage\":{\"@id\":\"https:\/\/uniest.it\/prodotto\/fitomascarilla-de-algas-espirulina\/#primaryimage\"},\"image\":{\"@id\":\"https:\/\/uniest.it\/prodotto\/fitomascarilla-de-algas-espirulina\/#primaryimage\"},\"thumbnailUrl\":\"https:\/\/uniest.it\/wp-content\/uploads\/2020\/11\/042AAE.png\",\"datePublished\":\"2024-10-23T16:26:10+00:00\",\"dateModified\":\"2025-03-03T23:00:46+00:00\",\"breadcrumb\":{\"@id\":\"https:\/\/uniest.it\/prodotto\/fitomascarilla-de-algas-espirulina\/#breadcrumb\"},\"inLanguage\":\"es\",\"potentialAction\":[{\"@type\":\"ReadAction\",\"target\":[\"https:\/\/uniest.it\/prodotto\/fitomascarilla-de-algas-espirulina\/\"]}]},{\"@type\":\"ImageObject\",\"inLanguage\":\"es\",\"@id\":\"https:\/\/uniest.it\/prodotto\/fitomascarilla-de-algas-espirulina\/#primaryimage\",\"url\":\"https:\/\/uniest.it\/wp-content\/uploads\/2020\/11\/042AAE.png\",\"contentUrl\":\"https:\/\/uniest.it\/wp-content\/uploads\/2020\/11\/042AAE.png\",\"width\":1283,\"height\":2001},{\"@type\":\"BreadcrumbList\",\"@id\":\"https:\/\/uniest.it\/prodotto\/fitomascarilla-de-algas-espirulina\/#breadcrumb\",\"itemListElement\":[{\"@type\":\"ListItem\",\"position\":1,\"name\":\"Home\",\"item\":\"https:\/\/uniest.it\/es\/\"},{\"@type\":\"ListItem\",\"position\":2,\"name\":\"Shop\",\"item\":\"https:\/\/uniest.it\/shop\/\"},{\"@type\":\"ListItem\",\"position\":3,\"name\":\"Fitomascarilla de algas espirulina\"}]},{\"@type\":\"WebSite\",\"@id\":\"https:\/\/uniest.it\/#website\",\"url\":\"https:\/\/uniest.it\/\",\"name\":\"Uniest\",\"description\":\"Cosmetici Naturali e Bio\",\"potentialAction\":[{\"@type\":\"SearchAction\",\"target\":{\"@type\":\"EntryPoint\",\"urlTemplate\":\"https:\/\/uniest.it\/?s={search_term_string}\"},\"query-input\":{\"@type\":\"PropertyValueSpecification\",\"valueRequired\":true,\"valueName\":\"search_term_string\"}}],\"inLanguage\":\"es\"}]}<\/script>\n<!-- \/ Yoast SEO plugin. -->","yoast_head_json":{"title":"Fitomascarilla de algas espirulina - Uniest","robots":{"index":"index","follow":"follow","max-snippet":"max-snippet:-1","max-image-preview":"max-image-preview:large","max-video-preview":"max-video-preview:-1"},"canonical":"https:\/\/uniest.it\/prodotto\/fitomascarilla-de-algas-espirulina\/","og_locale":"es_ES","og_type":"article","og_title":"Fitomascarilla de algas espirulina - Uniest","og_description":"Fitomasca de alga espirulina El alga espirulina es un precioso aliado gracias a sus efectos beneficiosos para la belleza de la piel. Beneficios del alga espirulina en la piel y el rostro: Tiene efecto antienvejecimiento (o antienvejecimiento). La espirulina es rica en vitamina E o tocoferol, selenio y tirosina, todos nutrientes conocidos por sus efectos [&hellip;]","og_url":"https:\/\/uniest.it\/prodotto\/fitomascarilla-de-algas-espirulina\/","og_site_name":"Uniest","article_modified_time":"2025-03-03T23:00:46+00:00","twitter_card":"summary_large_image","twitter_misc":{"Tiempo de lectura":"2 minutos"},"schema":{"@context":"https:\/\/schema.org","@graph":[{"@type":"WebPage","@id":"https:\/\/uniest.it\/prodotto\/fitomascarilla-de-algas-espirulina\/","url":"https:\/\/uniest.it\/prodotto\/fitomascarilla-de-algas-espirulina\/","name":"Fitomascarilla de algas espirulina - Uniest","isPartOf":{"@id":"https:\/\/uniest.it\/#website"},"primaryImageOfPage":{"@id":"https:\/\/uniest.it\/prodotto\/fitomascarilla-de-algas-espirulina\/#primaryimage"},"image":{"@id":"https:\/\/uniest.it\/prodotto\/fitomascarilla-de-algas-espirulina\/#primaryimage"},"thumbnailUrl":"https:\/\/uniest.it\/wp-content\/uploads\/2020\/11\/042AAE.png","datePublished":"2024-10-23T16:26:10+00:00","dateModified":"2025-03-03T23:00:46+00:00","breadcrumb":{"@id":"https:\/\/uniest.it\/prodotto\/fitomascarilla-de-algas-espirulina\/#breadcrumb"},"inLanguage":"es","potentialAction":[{"@type":"ReadAction","target":["https:\/\/uniest.it\/prodotto\/fitomascarilla-de-algas-espirulina\/"]}]},{"@type":"ImageObject","inLanguage":"es","@id":"https:\/\/uniest.it\/prodotto\/fitomascarilla-de-algas-espirulina\/#primaryimage","url":"https:\/\/uniest.it\/wp-content\/uploads\/2020\/11\/042AAE.png","contentUrl":"https:\/\/uniest.it\/wp-content\/uploads\/2020\/11\/042AAE.png","width":1283,"height":2001},{"@type":"BreadcrumbList","@id":"https:\/\/uniest.it\/prodotto\/fitomascarilla-de-algas-espirulina\/#breadcrumb","itemListElement":[{"@type":"ListItem","position":1,"name":"Home","item":"https:\/\/uniest.it\/es\/"},{"@type":"ListItem","position":2,"name":"Shop","item":"https:\/\/uniest.it\/shop\/"},{"@type":"ListItem","position":3,"name":"Fitomascarilla de algas espirulina"}]},{"@type":"WebSite","@id":"https:\/\/uniest.it\/#website","url":"https:\/\/uniest.it\/","name":"Uniest","description":"Cosmetici Naturali e Bio","potentialAction":[{"@type":"SearchAction","target":{"@type":"EntryPoint","urlTemplate":"https:\/\/uniest.it\/?s={search_term_string}"},"query-input":{"@type":"PropertyValueSpecification","valueRequired":true,"valueName":"search_term_string"}}],"inLanguage":"es"}]}},"_links":{"self":[{"href":"https:\/\/uniest.it\/es\/wp-json\/wp\/v2\/product\/6112","targetHints":{"allow":["GET"]}}],"collection":[{"href":"https:\/\/uniest.it\/es\/wp-json\/wp\/v2\/product"}],"about":[{"href":"https:\/\/uniest.it\/es\/wp-json\/wp\/v2\/types\/product"}],"wp:featuredmedia":[{"embeddable":true,"href":"https:\/\/uniest.it\/es\/wp-json\/wp\/v2\/media\/6113"}],"wp:attachment":[{"href":"https:\/\/uniest.it\/es\/wp-json\/wp\/v2\/media?parent=6112"}],"wp:term":[{"taxonomy":"product_brand","embeddable":true,"href":"https:\/\/uniest.it\/es\/wp-json\/wp\/v2\/product_brand?post=6112"},{"taxonomy":"product_cat","embeddable":true,"href":"https:\/\/uniest.it\/es\/wp-json\/wp\/v2\/product_cat?post=6112"},{"taxonomy":"product_tag","embeddable":true,"href":"https:\/\/uniest.it\/es\/wp-json\/wp\/v2\/product_tag?post=6112"}],"curies":[{"name":"wp","href":"https:\/\/api.w.org\/{rel}","templated":true}]}}