{"id":6114,"date":"2021-02-04T12:58:44","date_gmt":"2024-10-23T16:26:11","guid":{"rendered":"https:\/\/uniest.it\/prodotto\/aceite-de-bano-energetico\/"},"modified":"2024-10-23T17:26:11","modified_gmt":"2024-10-23T16:26:11","slug":"aceite-de-bano-energetico","status":"publish","type":"product","link":"https:\/\/uniest.it\/es\/prodotto\/aceite-de-bano-energetico\/","title":{"rendered":"Aceite de Ba\u00f1o ENERG\u00c9TICO"},"content":{"rendered":"<p>Dedicado a aquellos que, despu\u00e9s de un d\u00eda de duro trabajo, no quieren rendirse al cansancio, sino encontrar una nueva vitalidad y una inyecci\u00f3n de energ\u00eda. Gracias a la h\u00e1bil mezcla de preciosos aceites esenciales naturales y extractos vegetales naturales de eucalipto, romero, aloe* org\u00e1nico, cal\u00e9ndula* org\u00e1nico, mentol, enebro, s\u00e1ndalo, alcanfor, hip\u00e9rico, cipr\u00e9s y lavanda, se ha podido obtener un producto con extraordinarias propiedades aromatizantes, estimulantes, bals\u00e1micas y energizantes. Tambi\u00e9n \u00fatil en caso de ba\u00f1o de pies, cuando se desea un efecto tonificante y refrescante.<\/p>\n","protected":false},"excerpt":{"rendered":"<p>Dedicado a aquellos que, despu\u00e9s de un d\u00eda de duro trabajo, no quieren rendirse al cansancio, sino encontrar una nueva vitalidad y una inyecci\u00f3n de energ\u00eda. Gracias a la h\u00e1bil mezcla de preciosos aceites esenciales naturales y extractos vegetales naturales de eucalipto, romero, aloe* org\u00e1nico, cal\u00e9ndula* org\u00e1nico, mentol, enebro, s\u00e1ndalo, alcanfor, hip\u00e9rico, cipr\u00e9s y lavanda, [&hellip;]<\/p>\n","protected":false},"featured_media":6115,"template":"","meta":{"_acf_changed":false,"inline_featured_image":false},"product_brand":[],"product_cat":[1425],"product_tag":[],"class_list":{"0":"post-6114","1":"product","2":"type-product","3":"status-publish","4":"has-post-thumbnail","6":"product_beauty-balsamico","7":"product_beauty-detergere","8":"product_beauty-rassodare-e-tonificare","9":"product_skin-tutte-le-pelli","10":"product_kind-bagno","11":"product_kind-doccia","12":"product_kind-shampoo-e-detergenza","13":"product_kind-trattamenti-speciali","14":"product_lines-corpo-e-benessere","15":"product_cat-corpo-es","16":"pa_size-100-es","18":"first","19":"instock","20":"taxable","21":"shipping-taxable","22":"purchasable","23":"product-type-simple"},"acf":[],"yoast_head":"<!-- This site is optimized with the Yoast SEO plugin v24.6 - https:\/\/yoast.com\/wordpress\/plugins\/seo\/ -->\n<title>Aceite de Ba\u00f1o ENERG\u00c9TICO - Uniest<\/title>\n<meta name=\"robots\" content=\"index, follow, max-snippet:-1, max-image-preview:large, max-video-preview:-1\" \/>\n<link rel=\"canonical\" href=\"https:\/\/uniest.it\/prodotto\/aceite-de-bano-energetico\/\" \/>\n<meta property=\"og:locale\" content=\"es_ES\" \/>\n<meta property=\"og:type\" content=\"article\" \/>\n<meta property=\"og:title\" content=\"Aceite de Ba\u00f1o ENERG\u00c9TICO - Uniest\" \/>\n<meta property=\"og:description\" content=\"Dedicado a aquellos que, despu\u00e9s de un d\u00eda de duro trabajo, no quieren rendirse al cansancio, sino encontrar una nueva vitalidad y una inyecci\u00f3n de energ\u00eda. Gracias a la h\u00e1bil mezcla de preciosos aceites esenciales naturales y extractos vegetales naturales de eucalipto, romero, aloe* org\u00e1nico, cal\u00e9ndula* org\u00e1nico, mentol, enebro, s\u00e1ndalo, alcanfor, hip\u00e9rico, cipr\u00e9s y lavanda, [&hellip;]\" \/>\n<meta property=\"og:url\" content=\"https:\/\/uniest.it\/prodotto\/aceite-de-bano-energetico\/\" \/>\n<meta property=\"og:site_name\" content=\"Uniest\" \/>\n<meta name=\"twitter:card\" content=\"summary_large_image\" \/>\n<script type=\"application\/ld+json\" class=\"yoast-schema-graph\">{\"@context\":\"https:\/\/schema.org\",\"@graph\":[{\"@type\":\"WebPage\",\"@id\":\"https:\/\/uniest.it\/prodotto\/aceite-de-bano-energetico\/\",\"url\":\"https:\/\/uniest.it\/prodotto\/aceite-de-bano-energetico\/\",\"name\":\"Aceite de Ba\u00f1o ENERG\u00c9TICO - Uniest\",\"isPartOf\":{\"@id\":\"https:\/\/uniest.it\/#website\"},\"primaryImageOfPage\":{\"@id\":\"https:\/\/uniest.it\/prodotto\/aceite-de-bano-energetico\/#primaryimage\"},\"image\":{\"@id\":\"https:\/\/uniest.it\/prodotto\/aceite-de-bano-energetico\/#primaryimage\"},\"thumbnailUrl\":\"https:\/\/uniest.it\/wp-content\/uploads\/2020\/11\/043AAE.png\",\"datePublished\":\"2024-10-23T16:26:11+00:00\",\"breadcrumb\":{\"@id\":\"https:\/\/uniest.it\/prodotto\/aceite-de-bano-energetico\/#breadcrumb\"},\"inLanguage\":\"es\",\"potentialAction\":[{\"@type\":\"ReadAction\",\"target\":[\"https:\/\/uniest.it\/prodotto\/aceite-de-bano-energetico\/\"]}]},{\"@type\":\"ImageObject\",\"inLanguage\":\"es\",\"@id\":\"https:\/\/uniest.it\/prodotto\/aceite-de-bano-energetico\/#primaryimage\",\"url\":\"https:\/\/uniest.it\/wp-content\/uploads\/2020\/11\/043AAE.png\",\"contentUrl\":\"https:\/\/uniest.it\/wp-content\/uploads\/2020\/11\/043AAE.png\",\"width\":1283,\"height\":2001},{\"@type\":\"BreadcrumbList\",\"@id\":\"https:\/\/uniest.it\/prodotto\/aceite-de-bano-energetico\/#breadcrumb\",\"itemListElement\":[{\"@type\":\"ListItem\",\"position\":1,\"name\":\"Home\",\"item\":\"https:\/\/uniest.it\/es\/\"},{\"@type\":\"ListItem\",\"position\":2,\"name\":\"Shop\",\"item\":\"https:\/\/uniest.it\/shop\/\"},{\"@type\":\"ListItem\",\"position\":3,\"name\":\"Aceite de Ba\u00f1o ENERG\u00c9TICO\"}]},{\"@type\":\"WebSite\",\"@id\":\"https:\/\/uniest.it\/#website\",\"url\":\"https:\/\/uniest.it\/\",\"name\":\"Uniest\",\"description\":\"Cosmetici Naturali e Bio\",\"potentialAction\":[{\"@type\":\"SearchAction\",\"target\":{\"@type\":\"EntryPoint\",\"urlTemplate\":\"https:\/\/uniest.it\/?s={search_term_string}\"},\"query-input\":{\"@type\":\"PropertyValueSpecification\",\"valueRequired\":true,\"valueName\":\"search_term_string\"}}],\"inLanguage\":\"es\"}]}<\/script>\n<!-- \/ Yoast SEO plugin. -->","yoast_head_json":{"title":"Aceite de Ba\u00f1o ENERG\u00c9TICO - Uniest","robots":{"index":"index","follow":"follow","max-snippet":"max-snippet:-1","max-image-preview":"max-image-preview:large","max-video-preview":"max-video-preview:-1"},"canonical":"https:\/\/uniest.it\/prodotto\/aceite-de-bano-energetico\/","og_locale":"es_ES","og_type":"article","og_title":"Aceite de Ba\u00f1o ENERG\u00c9TICO - Uniest","og_description":"Dedicado a aquellos que, despu\u00e9s de un d\u00eda de duro trabajo, no quieren rendirse al cansancio, sino encontrar una nueva vitalidad y una inyecci\u00f3n de energ\u00eda. Gracias a la h\u00e1bil mezcla de preciosos aceites esenciales naturales y extractos vegetales naturales de eucalipto, romero, aloe* org\u00e1nico, cal\u00e9ndula* org\u00e1nico, mentol, enebro, s\u00e1ndalo, alcanfor, hip\u00e9rico, cipr\u00e9s y lavanda, [&hellip;]","og_url":"https:\/\/uniest.it\/prodotto\/aceite-de-bano-energetico\/","og_site_name":"Uniest","twitter_card":"summary_large_image","schema":{"@context":"https:\/\/schema.org","@graph":[{"@type":"WebPage","@id":"https:\/\/uniest.it\/prodotto\/aceite-de-bano-energetico\/","url":"https:\/\/uniest.it\/prodotto\/aceite-de-bano-energetico\/","name":"Aceite de Ba\u00f1o ENERG\u00c9TICO - Uniest","isPartOf":{"@id":"https:\/\/uniest.it\/#website"},"primaryImageOfPage":{"@id":"https:\/\/uniest.it\/prodotto\/aceite-de-bano-energetico\/#primaryimage"},"image":{"@id":"https:\/\/uniest.it\/prodotto\/aceite-de-bano-energetico\/#primaryimage"},"thumbnailUrl":"https:\/\/uniest.it\/wp-content\/uploads\/2020\/11\/043AAE.png","datePublished":"2024-10-23T16:26:11+00:00","breadcrumb":{"@id":"https:\/\/uniest.it\/prodotto\/aceite-de-bano-energetico\/#breadcrumb"},"inLanguage":"es","potentialAction":[{"@type":"ReadAction","target":["https:\/\/uniest.it\/prodotto\/aceite-de-bano-energetico\/"]}]},{"@type":"ImageObject","inLanguage":"es","@id":"https:\/\/uniest.it\/prodotto\/aceite-de-bano-energetico\/#primaryimage","url":"https:\/\/uniest.it\/wp-content\/uploads\/2020\/11\/043AAE.png","contentUrl":"https:\/\/uniest.it\/wp-content\/uploads\/2020\/11\/043AAE.png","width":1283,"height":2001},{"@type":"BreadcrumbList","@id":"https:\/\/uniest.it\/prodotto\/aceite-de-bano-energetico\/#breadcrumb","itemListElement":[{"@type":"ListItem","position":1,"name":"Home","item":"https:\/\/uniest.it\/es\/"},{"@type":"ListItem","position":2,"name":"Shop","item":"https:\/\/uniest.it\/shop\/"},{"@type":"ListItem","position":3,"name":"Aceite de Ba\u00f1o ENERG\u00c9TICO"}]},{"@type":"WebSite","@id":"https:\/\/uniest.it\/#website","url":"https:\/\/uniest.it\/","name":"Uniest","description":"Cosmetici Naturali e Bio","potentialAction":[{"@type":"SearchAction","target":{"@type":"EntryPoint","urlTemplate":"https:\/\/uniest.it\/?s={search_term_string}"},"query-input":{"@type":"PropertyValueSpecification","valueRequired":true,"valueName":"search_term_string"}}],"inLanguage":"es"}]}},"_links":{"self":[{"href":"https:\/\/uniest.it\/es\/wp-json\/wp\/v2\/product\/6114","targetHints":{"allow":["GET"]}}],"collection":[{"href":"https:\/\/uniest.it\/es\/wp-json\/wp\/v2\/product"}],"about":[{"href":"https:\/\/uniest.it\/es\/wp-json\/wp\/v2\/types\/product"}],"wp:featuredmedia":[{"embeddable":true,"href":"https:\/\/uniest.it\/es\/wp-json\/wp\/v2\/media\/6115"}],"wp:attachment":[{"href":"https:\/\/uniest.it\/es\/wp-json\/wp\/v2\/media?parent=6114"}],"wp:term":[{"taxonomy":"product_brand","embeddable":true,"href":"https:\/\/uniest.it\/es\/wp-json\/wp\/v2\/product_brand?post=6114"},{"taxonomy":"product_cat","embeddable":true,"href":"https:\/\/uniest.it\/es\/wp-json\/wp\/v2\/product_cat?post=6114"},{"taxonomy":"product_tag","embeddable":true,"href":"https:\/\/uniest.it\/es\/wp-json\/wp\/v2\/product_tag?post=6114"}],"curies":[{"name":"wp","href":"https:\/\/api.w.org\/{rel}","templated":true}]}}