{"id":6116,"date":"2024-10-23T17:26:11","date_gmt":"2024-10-23T16:26:11","guid":{"rendered":"https:\/\/uniest.it\/prodotto\/garra-del-diablo\/"},"modified":"2024-10-23T17:26:11","modified_gmt":"2024-10-23T16:26:11","slug":"garra-del-diablo","status":"publish","type":"product","link":"https:\/\/uniest.it\/es\/prodotto\/garra-del-diablo\/","title":{"rendered":"Garra del diablo"},"content":{"rendered":"<p>En medicina y fitoterapia, la garra del diablo es conocida por sus propiedades inflamatorias porque la planta contiene ingredientes activos \u00fatiles para aliviar el dolor articular. Las principales propiedades beneficiosas del Harpago se encuentran en sus ra\u00edces. Estas propiedades son conocidas desde la antig\u00fcedad por las tribus africanas, que las utilizan para tratar la fiebre, las infecciones e incluso la malaria. El Harpago tambi\u00e9n es v\u00e1lido en caso de dolores de cuello, artritis, artritis reumatoide, gota y para combatir la hipertensi\u00f3n. Se dice que la garra del diablo es tan especial que tambi\u00e9n puede realizar una importante funci\u00f3n reductora del colesterol. De hecho, el Harpago puede reducir la absorci\u00f3n del colesterol malo por el intestino, gracias a unas sustancias llamadas fitoesteroles. El Harpago tambi\u00e9n se recomienda a quienes padecen acn\u00e9 y\/o espinillas ya que purifica la piel y la defiende de las agresiones externas. El Harpago debe su nombre com\u00fan al aspecto caracter\u00edstico de sus frutos, que est\u00e1n cubiertos de \u201cganchos\u201d. . La garra del diablo es una planta perenne inodora y de sabor amargo, que crece en rangos clim\u00e1ticos entre 17 y 30 grados en el sudeste de \u00c1frica. La Garra crece de forma silvestre en Namibia, Angola, Botswana y en el desierto de Kalahari. En 1900 fue introducido en Europa por GH Mehnert, un soldado alem\u00e1n que tuvo el m\u00e9rito de dar a conocer sus propiedades en Alemania.<\/p>\n","protected":false},"excerpt":{"rendered":"<p>En medicina y fitoterapia, la garra del diablo es conocida por sus propiedades inflamatorias porque la planta contiene ingredientes activos \u00fatiles para aliviar el dolor articular. Las principales propiedades beneficiosas del Harpago se encuentran en sus ra\u00edces. Estas propiedades son conocidas desde la antig\u00fcedad por las tribus africanas, que las utilizan para tratar la fiebre, [&hellip;]<\/p>\n","protected":false},"featured_media":6117,"template":"","meta":{"_acf_changed":false,"inline_featured_image":false},"product_brand":[],"product_cat":[1433],"product_tag":[],"class_list":{"0":"post-6116","1":"product","2":"type-product","3":"status-publish","4":"has-post-thumbnail","6":"product_beauty-antinfiammatoria","7":"product_beauty-antireumatiche","8":"product_beauty-calmante","9":"product_beauty-digestivo","10":"product_beauty-lenitivo","11":"product_beauty-sedativo","12":"product_kind-integrazione-alimentare","13":"product_kind-opercolo","14":"product_lines-benessere","15":"product_cat-benessere-es","16":"pa_size-100-cps-es","18":"first","19":"outofstock","20":"taxable","21":"shipping-taxable","22":"purchasable","23":"product-type-simple"},"acf":[],"yoast_head":"<!-- This site is optimized with the Yoast SEO plugin v24.6 - https:\/\/yoast.com\/wordpress\/plugins\/seo\/ -->\n<title>Garra del diablo - Uniest<\/title>\n<meta name=\"robots\" content=\"index, follow, max-snippet:-1, max-image-preview:large, max-video-preview:-1\" \/>\n<link rel=\"canonical\" href=\"https:\/\/uniest.it\/prodotto\/garra-del-diablo\/\" \/>\n<meta property=\"og:locale\" content=\"es_ES\" \/>\n<meta property=\"og:type\" content=\"article\" \/>\n<meta property=\"og:title\" content=\"Garra del diablo - Uniest\" \/>\n<meta property=\"og:description\" content=\"En medicina y fitoterapia, la garra del diablo es conocida por sus propiedades inflamatorias porque la planta contiene ingredientes activos \u00fatiles para aliviar el dolor articular. Las principales propiedades beneficiosas del Harpago se encuentran en sus ra\u00edces. Estas propiedades son conocidas desde la antig\u00fcedad por las tribus africanas, que las utilizan para tratar la fiebre, [&hellip;]\" \/>\n<meta property=\"og:url\" content=\"https:\/\/uniest.it\/prodotto\/garra-del-diablo\/\" \/>\n<meta property=\"og:site_name\" content=\"Uniest\" \/>\n<meta name=\"twitter:card\" content=\"summary_large_image\" \/>\n<meta name=\"twitter:label1\" content=\"Tiempo de lectura\" \/>\n\t<meta name=\"twitter:data1\" content=\"1 minuto\" \/>\n<script type=\"application\/ld+json\" class=\"yoast-schema-graph\">{\"@context\":\"https:\/\/schema.org\",\"@graph\":[{\"@type\":\"WebPage\",\"@id\":\"https:\/\/uniest.it\/prodotto\/garra-del-diablo\/\",\"url\":\"https:\/\/uniest.it\/prodotto\/garra-del-diablo\/\",\"name\":\"Garra del diablo - Uniest\",\"isPartOf\":{\"@id\":\"https:\/\/uniest.it\/#website\"},\"primaryImageOfPage\":{\"@id\":\"https:\/\/uniest.it\/prodotto\/garra-del-diablo\/#primaryimage\"},\"image\":{\"@id\":\"https:\/\/uniest.it\/prodotto\/garra-del-diablo\/#primaryimage\"},\"thumbnailUrl\":\"https:\/\/uniest.it\/wp-content\/uploads\/2020\/12\/043ZOP.png\",\"datePublished\":\"2024-10-23T16:26:11+00:00\",\"breadcrumb\":{\"@id\":\"https:\/\/uniest.it\/prodotto\/garra-del-diablo\/#breadcrumb\"},\"inLanguage\":\"es\",\"potentialAction\":[{\"@type\":\"ReadAction\",\"target\":[\"https:\/\/uniest.it\/prodotto\/garra-del-diablo\/\"]}]},{\"@type\":\"ImageObject\",\"inLanguage\":\"es\",\"@id\":\"https:\/\/uniest.it\/prodotto\/garra-del-diablo\/#primaryimage\",\"url\":\"https:\/\/uniest.it\/wp-content\/uploads\/2020\/12\/043ZOP.png\",\"contentUrl\":\"https:\/\/uniest.it\/wp-content\/uploads\/2020\/12\/043ZOP.png\",\"width\":1283,\"height\":2000},{\"@type\":\"BreadcrumbList\",\"@id\":\"https:\/\/uniest.it\/prodotto\/garra-del-diablo\/#breadcrumb\",\"itemListElement\":[{\"@type\":\"ListItem\",\"position\":1,\"name\":\"Home\",\"item\":\"https:\/\/uniest.it\/es\/\"},{\"@type\":\"ListItem\",\"position\":2,\"name\":\"Shop\",\"item\":\"https:\/\/uniest.it\/shop\/\"},{\"@type\":\"ListItem\",\"position\":3,\"name\":\"Garra del diablo\"}]},{\"@type\":\"WebSite\",\"@id\":\"https:\/\/uniest.it\/#website\",\"url\":\"https:\/\/uniest.it\/\",\"name\":\"Uniest\",\"description\":\"Cosmetici Naturali e Bio\",\"potentialAction\":[{\"@type\":\"SearchAction\",\"target\":{\"@type\":\"EntryPoint\",\"urlTemplate\":\"https:\/\/uniest.it\/?s={search_term_string}\"},\"query-input\":{\"@type\":\"PropertyValueSpecification\",\"valueRequired\":true,\"valueName\":\"search_term_string\"}}],\"inLanguage\":\"es\"}]}<\/script>\n<!-- \/ Yoast SEO plugin. -->","yoast_head_json":{"title":"Garra del diablo - Uniest","robots":{"index":"index","follow":"follow","max-snippet":"max-snippet:-1","max-image-preview":"max-image-preview:large","max-video-preview":"max-video-preview:-1"},"canonical":"https:\/\/uniest.it\/prodotto\/garra-del-diablo\/","og_locale":"es_ES","og_type":"article","og_title":"Garra del diablo - Uniest","og_description":"En medicina y fitoterapia, la garra del diablo es conocida por sus propiedades inflamatorias porque la planta contiene ingredientes activos \u00fatiles para aliviar el dolor articular. Las principales propiedades beneficiosas del Harpago se encuentran en sus ra\u00edces. Estas propiedades son conocidas desde la antig\u00fcedad por las tribus africanas, que las utilizan para tratar la fiebre, [&hellip;]","og_url":"https:\/\/uniest.it\/prodotto\/garra-del-diablo\/","og_site_name":"Uniest","twitter_card":"summary_large_image","twitter_misc":{"Tiempo de lectura":"1 minuto"},"schema":{"@context":"https:\/\/schema.org","@graph":[{"@type":"WebPage","@id":"https:\/\/uniest.it\/prodotto\/garra-del-diablo\/","url":"https:\/\/uniest.it\/prodotto\/garra-del-diablo\/","name":"Garra del diablo - Uniest","isPartOf":{"@id":"https:\/\/uniest.it\/#website"},"primaryImageOfPage":{"@id":"https:\/\/uniest.it\/prodotto\/garra-del-diablo\/#primaryimage"},"image":{"@id":"https:\/\/uniest.it\/prodotto\/garra-del-diablo\/#primaryimage"},"thumbnailUrl":"https:\/\/uniest.it\/wp-content\/uploads\/2020\/12\/043ZOP.png","datePublished":"2024-10-23T16:26:11+00:00","breadcrumb":{"@id":"https:\/\/uniest.it\/prodotto\/garra-del-diablo\/#breadcrumb"},"inLanguage":"es","potentialAction":[{"@type":"ReadAction","target":["https:\/\/uniest.it\/prodotto\/garra-del-diablo\/"]}]},{"@type":"ImageObject","inLanguage":"es","@id":"https:\/\/uniest.it\/prodotto\/garra-del-diablo\/#primaryimage","url":"https:\/\/uniest.it\/wp-content\/uploads\/2020\/12\/043ZOP.png","contentUrl":"https:\/\/uniest.it\/wp-content\/uploads\/2020\/12\/043ZOP.png","width":1283,"height":2000},{"@type":"BreadcrumbList","@id":"https:\/\/uniest.it\/prodotto\/garra-del-diablo\/#breadcrumb","itemListElement":[{"@type":"ListItem","position":1,"name":"Home","item":"https:\/\/uniest.it\/es\/"},{"@type":"ListItem","position":2,"name":"Shop","item":"https:\/\/uniest.it\/shop\/"},{"@type":"ListItem","position":3,"name":"Garra del diablo"}]},{"@type":"WebSite","@id":"https:\/\/uniest.it\/#website","url":"https:\/\/uniest.it\/","name":"Uniest","description":"Cosmetici Naturali e Bio","potentialAction":[{"@type":"SearchAction","target":{"@type":"EntryPoint","urlTemplate":"https:\/\/uniest.it\/?s={search_term_string}"},"query-input":{"@type":"PropertyValueSpecification","valueRequired":true,"valueName":"search_term_string"}}],"inLanguage":"es"}]}},"_links":{"self":[{"href":"https:\/\/uniest.it\/es\/wp-json\/wp\/v2\/product\/6116","targetHints":{"allow":["GET"]}}],"collection":[{"href":"https:\/\/uniest.it\/es\/wp-json\/wp\/v2\/product"}],"about":[{"href":"https:\/\/uniest.it\/es\/wp-json\/wp\/v2\/types\/product"}],"wp:featuredmedia":[{"embeddable":true,"href":"https:\/\/uniest.it\/es\/wp-json\/wp\/v2\/media\/6117"}],"wp:attachment":[{"href":"https:\/\/uniest.it\/es\/wp-json\/wp\/v2\/media?parent=6116"}],"wp:term":[{"taxonomy":"product_brand","embeddable":true,"href":"https:\/\/uniest.it\/es\/wp-json\/wp\/v2\/product_brand?post=6116"},{"taxonomy":"product_cat","embeddable":true,"href":"https:\/\/uniest.it\/es\/wp-json\/wp\/v2\/product_cat?post=6116"},{"taxonomy":"product_tag","embeddable":true,"href":"https:\/\/uniest.it\/es\/wp-json\/wp\/v2\/product_tag?post=6116"}],"curies":[{"name":"wp","href":"https:\/\/api.w.org\/{rel}","templated":true}]}}