{"id":6118,"date":"2024-10-23T17:26:12","date_gmt":"2024-10-23T16:26:12","guid":{"rendered":"https:\/\/uniest.it\/prodotto\/biogotas-equilibrantes-del-sebo\/"},"modified":"2024-10-23T17:26:12","modified_gmt":"2024-10-23T16:26:12","slug":"biogotas-equilibrantes-del-sebo","status":"publish","type":"product","link":"https:\/\/uniest.it\/es\/prodotto\/biogotas-equilibrantes-del-sebo\/","title":{"rendered":"Biogotas equilibrantes del sebo"},"content":{"rendered":"<p>Biogotas seboequilibrantes: son gotas naturales muy efectivas gracias a su peque\u00f1o tama\u00f1o molecular y se recomienda su uso antes de cremas y mascarillas, ya que potencian sus peculiares caracter\u00edsticas. Tienen una f\u00f3rmula innovadora que pone a disposici\u00f3n de inmediato los raros y preciosos ingredientes activos de los extractos vegetales naturales de aloe org\u00e1nico, enebro, cal\u00e9ndula org\u00e1nica, casta\u00f1o de indias y los aceites esenciales naturales de naranja amarga y lim\u00f3n. Propiedades de los extractos Biodrops seboequilibrantes Extracto de planta natural de cal\u00e9ndula: conocido por sus reconocidas propiedades calmantes, suavizantes y emolientes; y extracto natural de plantas de Enebro: con propiedades calmantes, antis\u00e9pticas, estimulantes y reepitelizantes. Extracto vegetal de aloe org\u00e1nico: gel obtenido por incisi\u00f3n profunda de las hojas, contiene polisac\u00e1ridos (glucomanano), amino\u00e1cidos, l\u00edpidos, esteroles, taninos y enzimas. Extracto vegetal natural de casta\u00f1o de indias: propiedades astringentes y protectoras de los capilares y aceite esencial de lim\u00f3n: propiedades vitaminantes, antiinflamatorias, aclarantes, antis\u00e9pticas y astringentes. Aceite esencial natural de Naranja Amarga: propiedades calmantes, aclarantes, tonificantes capilares, regeneradoras de tejidos; es muy nutritivo y rico en vitamina C. Las biogotas seboequilibrantes se pueden utilizar como complemento en las zonas grasas, impuras y con tendencia acneica, incluso debajo de cremas y mascarillas para potenciar sus efectos, y tambi\u00e9n son ideales como base para el maquillaje. -arriba.<\/p>\n","protected":false},"excerpt":{"rendered":"<p>Biogotas seboequilibrantes: son gotas naturales muy efectivas gracias a su peque\u00f1o tama\u00f1o molecular y se recomienda su uso antes de cremas y mascarillas, ya que potencian sus peculiares caracter\u00edsticas. Tienen una f\u00f3rmula innovadora que pone a disposici\u00f3n de inmediato los raros y preciosos ingredientes activos de los extractos vegetales naturales de aloe org\u00e1nico, enebro, cal\u00e9ndula [&hellip;]<\/p>\n","protected":false},"featured_media":6119,"template":"","meta":{"_acf_changed":false,"inline_featured_image":false},"product_brand":[],"product_cat":[1435],"product_tag":[],"class_list":{"0":"post-6118","1":"product","2":"type-product","3":"status-publish","4":"has-post-thumbnail","6":"product_beauty-idratare","7":"product_beauty-purificare","8":"product_beauty-riequilibrare","9":"product_skin-pelli-grasse-e-miste","10":"product_kind-tonici-e-lozioni-viso","11":"product_lines-pelli-grasse-e-miste","12":"product_cat-viso-es","13":"pa_size-50-es","15":"first","16":"instock","17":"taxable","18":"shipping-taxable","19":"purchasable","20":"product-type-simple"},"acf":[],"yoast_head":"<!-- This site is optimized with the Yoast SEO plugin v24.6 - https:\/\/yoast.com\/wordpress\/plugins\/seo\/ -->\n<title>Biogotas equilibrantes del sebo - Uniest<\/title>\n<meta name=\"robots\" content=\"index, follow, max-snippet:-1, max-image-preview:large, max-video-preview:-1\" \/>\n<link rel=\"canonical\" href=\"https:\/\/uniest.it\/prodotto\/biogotas-equilibrantes-del-sebo\/\" \/>\n<meta property=\"og:locale\" content=\"es_ES\" \/>\n<meta property=\"og:type\" content=\"article\" \/>\n<meta property=\"og:title\" content=\"Biogotas equilibrantes del sebo - Uniest\" \/>\n<meta property=\"og:description\" content=\"Biogotas seboequilibrantes: son gotas naturales muy efectivas gracias a su peque\u00f1o tama\u00f1o molecular y se recomienda su uso antes de cremas y mascarillas, ya que potencian sus peculiares caracter\u00edsticas. Tienen una f\u00f3rmula innovadora que pone a disposici\u00f3n de inmediato los raros y preciosos ingredientes activos de los extractos vegetales naturales de aloe org\u00e1nico, enebro, cal\u00e9ndula [&hellip;]\" \/>\n<meta property=\"og:url\" content=\"https:\/\/uniest.it\/prodotto\/biogotas-equilibrantes-del-sebo\/\" \/>\n<meta property=\"og:site_name\" content=\"Uniest\" \/>\n<meta name=\"twitter:card\" content=\"summary_large_image\" \/>\n<meta name=\"twitter:label1\" content=\"Tiempo de lectura\" \/>\n\t<meta name=\"twitter:data1\" content=\"1 minuto\" \/>\n<script type=\"application\/ld+json\" class=\"yoast-schema-graph\">{\"@context\":\"https:\/\/schema.org\",\"@graph\":[{\"@type\":\"WebPage\",\"@id\":\"https:\/\/uniest.it\/prodotto\/biogotas-equilibrantes-del-sebo\/\",\"url\":\"https:\/\/uniest.it\/prodotto\/biogotas-equilibrantes-del-sebo\/\",\"name\":\"Biogotas equilibrantes del sebo - Uniest\",\"isPartOf\":{\"@id\":\"https:\/\/uniest.it\/#website\"},\"primaryImageOfPage\":{\"@id\":\"https:\/\/uniest.it\/prodotto\/biogotas-equilibrantes-del-sebo\/#primaryimage\"},\"image\":{\"@id\":\"https:\/\/uniest.it\/prodotto\/biogotas-equilibrantes-del-sebo\/#primaryimage\"},\"thumbnailUrl\":\"https:\/\/uniest.it\/wp-content\/uploads\/2020\/11\/045AAE.png\",\"datePublished\":\"2024-10-23T16:26:12+00:00\",\"breadcrumb\":{\"@id\":\"https:\/\/uniest.it\/prodotto\/biogotas-equilibrantes-del-sebo\/#breadcrumb\"},\"inLanguage\":\"es\",\"potentialAction\":[{\"@type\":\"ReadAction\",\"target\":[\"https:\/\/uniest.it\/prodotto\/biogotas-equilibrantes-del-sebo\/\"]}]},{\"@type\":\"ImageObject\",\"inLanguage\":\"es\",\"@id\":\"https:\/\/uniest.it\/prodotto\/biogotas-equilibrantes-del-sebo\/#primaryimage\",\"url\":\"https:\/\/uniest.it\/wp-content\/uploads\/2020\/11\/045AAE.png\",\"contentUrl\":\"https:\/\/uniest.it\/wp-content\/uploads\/2020\/11\/045AAE.png\",\"width\":1283,\"height\":2001},{\"@type\":\"BreadcrumbList\",\"@id\":\"https:\/\/uniest.it\/prodotto\/biogotas-equilibrantes-del-sebo\/#breadcrumb\",\"itemListElement\":[{\"@type\":\"ListItem\",\"position\":1,\"name\":\"Home\",\"item\":\"https:\/\/uniest.it\/es\/\"},{\"@type\":\"ListItem\",\"position\":2,\"name\":\"Shop\",\"item\":\"https:\/\/uniest.it\/shop\/\"},{\"@type\":\"ListItem\",\"position\":3,\"name\":\"Biogotas equilibrantes del sebo\"}]},{\"@type\":\"WebSite\",\"@id\":\"https:\/\/uniest.it\/#website\",\"url\":\"https:\/\/uniest.it\/\",\"name\":\"Uniest\",\"description\":\"Cosmetici Naturali e Bio\",\"potentialAction\":[{\"@type\":\"SearchAction\",\"target\":{\"@type\":\"EntryPoint\",\"urlTemplate\":\"https:\/\/uniest.it\/?s={search_term_string}\"},\"query-input\":{\"@type\":\"PropertyValueSpecification\",\"valueRequired\":true,\"valueName\":\"search_term_string\"}}],\"inLanguage\":\"es\"}]}<\/script>\n<!-- \/ Yoast SEO plugin. -->","yoast_head_json":{"title":"Biogotas equilibrantes del sebo - Uniest","robots":{"index":"index","follow":"follow","max-snippet":"max-snippet:-1","max-image-preview":"max-image-preview:large","max-video-preview":"max-video-preview:-1"},"canonical":"https:\/\/uniest.it\/prodotto\/biogotas-equilibrantes-del-sebo\/","og_locale":"es_ES","og_type":"article","og_title":"Biogotas equilibrantes del sebo - Uniest","og_description":"Biogotas seboequilibrantes: son gotas naturales muy efectivas gracias a su peque\u00f1o tama\u00f1o molecular y se recomienda su uso antes de cremas y mascarillas, ya que potencian sus peculiares caracter\u00edsticas. Tienen una f\u00f3rmula innovadora que pone a disposici\u00f3n de inmediato los raros y preciosos ingredientes activos de los extractos vegetales naturales de aloe org\u00e1nico, enebro, cal\u00e9ndula [&hellip;]","og_url":"https:\/\/uniest.it\/prodotto\/biogotas-equilibrantes-del-sebo\/","og_site_name":"Uniest","twitter_card":"summary_large_image","twitter_misc":{"Tiempo de lectura":"1 minuto"},"schema":{"@context":"https:\/\/schema.org","@graph":[{"@type":"WebPage","@id":"https:\/\/uniest.it\/prodotto\/biogotas-equilibrantes-del-sebo\/","url":"https:\/\/uniest.it\/prodotto\/biogotas-equilibrantes-del-sebo\/","name":"Biogotas equilibrantes del sebo - Uniest","isPartOf":{"@id":"https:\/\/uniest.it\/#website"},"primaryImageOfPage":{"@id":"https:\/\/uniest.it\/prodotto\/biogotas-equilibrantes-del-sebo\/#primaryimage"},"image":{"@id":"https:\/\/uniest.it\/prodotto\/biogotas-equilibrantes-del-sebo\/#primaryimage"},"thumbnailUrl":"https:\/\/uniest.it\/wp-content\/uploads\/2020\/11\/045AAE.png","datePublished":"2024-10-23T16:26:12+00:00","breadcrumb":{"@id":"https:\/\/uniest.it\/prodotto\/biogotas-equilibrantes-del-sebo\/#breadcrumb"},"inLanguage":"es","potentialAction":[{"@type":"ReadAction","target":["https:\/\/uniest.it\/prodotto\/biogotas-equilibrantes-del-sebo\/"]}]},{"@type":"ImageObject","inLanguage":"es","@id":"https:\/\/uniest.it\/prodotto\/biogotas-equilibrantes-del-sebo\/#primaryimage","url":"https:\/\/uniest.it\/wp-content\/uploads\/2020\/11\/045AAE.png","contentUrl":"https:\/\/uniest.it\/wp-content\/uploads\/2020\/11\/045AAE.png","width":1283,"height":2001},{"@type":"BreadcrumbList","@id":"https:\/\/uniest.it\/prodotto\/biogotas-equilibrantes-del-sebo\/#breadcrumb","itemListElement":[{"@type":"ListItem","position":1,"name":"Home","item":"https:\/\/uniest.it\/es\/"},{"@type":"ListItem","position":2,"name":"Shop","item":"https:\/\/uniest.it\/shop\/"},{"@type":"ListItem","position":3,"name":"Biogotas equilibrantes del sebo"}]},{"@type":"WebSite","@id":"https:\/\/uniest.it\/#website","url":"https:\/\/uniest.it\/","name":"Uniest","description":"Cosmetici Naturali e Bio","potentialAction":[{"@type":"SearchAction","target":{"@type":"EntryPoint","urlTemplate":"https:\/\/uniest.it\/?s={search_term_string}"},"query-input":{"@type":"PropertyValueSpecification","valueRequired":true,"valueName":"search_term_string"}}],"inLanguage":"es"}]}},"_links":{"self":[{"href":"https:\/\/uniest.it\/es\/wp-json\/wp\/v2\/product\/6118","targetHints":{"allow":["GET"]}}],"collection":[{"href":"https:\/\/uniest.it\/es\/wp-json\/wp\/v2\/product"}],"about":[{"href":"https:\/\/uniest.it\/es\/wp-json\/wp\/v2\/types\/product"}],"wp:featuredmedia":[{"embeddable":true,"href":"https:\/\/uniest.it\/es\/wp-json\/wp\/v2\/media\/6119"}],"wp:attachment":[{"href":"https:\/\/uniest.it\/es\/wp-json\/wp\/v2\/media?parent=6118"}],"wp:term":[{"taxonomy":"product_brand","embeddable":true,"href":"https:\/\/uniest.it\/es\/wp-json\/wp\/v2\/product_brand?post=6118"},{"taxonomy":"product_cat","embeddable":true,"href":"https:\/\/uniest.it\/es\/wp-json\/wp\/v2\/product_cat?post=6118"},{"taxonomy":"product_tag","embeddable":true,"href":"https:\/\/uniest.it\/es\/wp-json\/wp\/v2\/product_tag?post=6118"}],"curies":[{"name":"wp","href":"https:\/\/api.w.org\/{rel}","templated":true}]}}