{"id":6120,"date":"2021-02-04T12:58:44","date_gmt":"2024-10-23T16:26:12","guid":{"rendered":"https:\/\/uniest.it\/prodotto\/barra-de-labios-organica-bon-bon\/"},"modified":"2024-10-23T17:26:12","modified_gmt":"2024-10-23T16:26:12","slug":"barra-de-labios-organica-bon-bon","status":"publish","type":"product","link":"https:\/\/uniest.it\/es\/prodotto\/barra-de-labios-organica-bon-bon\/","title":{"rendered":"Barra de labios org\u00e1nica Bon Bon"},"content":{"rendered":"<p>Su nueva formulaci\u00f3n especial y muy natural fue creada para suavizar y proteger los labios contra grietas y grietas. La aplicaci\u00f3n constante, gracias a las preciosas bases de Cera Alba y Manteca de Cacao, permite mantener tus labios protegidos, suaves, hidratados, el\u00e1sticos y nutridos. La adici\u00f3n de Vitamina A, Vitamina E y Aceite de Jojoba lo hace adecuado e indispensable para cualquier situaci\u00f3n. Utilizado a diario, se convierte en una ayuda indispensable para la belleza de nuestros labios y para mantener su firmeza en el tiempo, garantizando una excelente protecci\u00f3n incluso contra los rayos solares.<\/p>\n","protected":false},"excerpt":{"rendered":"<p>Su nueva formulaci\u00f3n especial y muy natural fue creada para suavizar y proteger los labios contra grietas y grietas. La aplicaci\u00f3n constante, gracias a las preciosas bases de Cera Alba y Manteca de Cacao, permite mantener tus labios protegidos, suaves, hidratados, el\u00e1sticos y nutridos. La adici\u00f3n de Vitamina A, Vitamina E y Aceite de Jojoba [&hellip;]<\/p>\n","protected":false},"featured_media":6121,"template":"","meta":{"_acf_changed":false,"inline_featured_image":false},"product_brand":[],"product_cat":[1425,1430,1435],"product_tag":[],"class_list":{"0":"post-6120","1":"product","2":"type-product","3":"status-publish","4":"has-post-thumbnail","6":"product_beauty-idratare","7":"product_beauty-lenire","8":"product_beauty-nutrire-e-rigenerare","9":"product_beauty-proteggere","10":"product_skin-tutte-le-pelli","11":"product_kind-occhi-e-labbra","12":"product_kind-protezione-solare","13":"product_lines-corpo-e-benessere","14":"product_cat-corpo-es","15":"product_cat-famiglia-e-pet-es","16":"product_cat-viso-es","17":"pa_size-45-cc-es","19":"first","20":"instock","21":"taxable","22":"shipping-taxable","23":"purchasable","24":"product-type-simple"},"acf":[],"yoast_head":"<!-- This site is optimized with the Yoast SEO plugin v24.6 - https:\/\/yoast.com\/wordpress\/plugins\/seo\/ -->\n<title>Barra de labios org\u00e1nica Bon Bon - Uniest<\/title>\n<meta name=\"robots\" content=\"index, follow, max-snippet:-1, max-image-preview:large, max-video-preview:-1\" \/>\n<link rel=\"canonical\" href=\"https:\/\/uniest.it\/prodotto\/barra-de-labios-organica-bon-bon\/\" \/>\n<meta property=\"og:locale\" content=\"es_ES\" \/>\n<meta property=\"og:type\" content=\"article\" \/>\n<meta property=\"og:title\" content=\"Barra de labios org\u00e1nica Bon Bon - Uniest\" \/>\n<meta property=\"og:description\" content=\"Su nueva formulaci\u00f3n especial y muy natural fue creada para suavizar y proteger los labios contra grietas y grietas. La aplicaci\u00f3n constante, gracias a las preciosas bases de Cera Alba y Manteca de Cacao, permite mantener tus labios protegidos, suaves, hidratados, el\u00e1sticos y nutridos. La adici\u00f3n de Vitamina A, Vitamina E y Aceite de Jojoba [&hellip;]\" \/>\n<meta property=\"og:url\" content=\"https:\/\/uniest.it\/prodotto\/barra-de-labios-organica-bon-bon\/\" \/>\n<meta property=\"og:site_name\" content=\"Uniest\" \/>\n<meta name=\"twitter:card\" content=\"summary_large_image\" \/>\n<meta name=\"twitter:label1\" content=\"Tiempo de lectura\" \/>\n\t<meta name=\"twitter:data1\" content=\"1 minuto\" \/>\n<script type=\"application\/ld+json\" class=\"yoast-schema-graph\">{\"@context\":\"https:\/\/schema.org\",\"@graph\":[{\"@type\":\"WebPage\",\"@id\":\"https:\/\/uniest.it\/prodotto\/barra-de-labios-organica-bon-bon\/\",\"url\":\"https:\/\/uniest.it\/prodotto\/barra-de-labios-organica-bon-bon\/\",\"name\":\"Barra de labios org\u00e1nica Bon Bon - Uniest\",\"isPartOf\":{\"@id\":\"https:\/\/uniest.it\/#website\"},\"primaryImageOfPage\":{\"@id\":\"https:\/\/uniest.it\/prodotto\/barra-de-labios-organica-bon-bon\/#primaryimage\"},\"image\":{\"@id\":\"https:\/\/uniest.it\/prodotto\/barra-de-labios-organica-bon-bon\/#primaryimage\"},\"thumbnailUrl\":\"https:\/\/uniest.it\/wp-content\/uploads\/2020\/12\/046AAE.png\",\"datePublished\":\"2024-10-23T16:26:12+00:00\",\"breadcrumb\":{\"@id\":\"https:\/\/uniest.it\/prodotto\/barra-de-labios-organica-bon-bon\/#breadcrumb\"},\"inLanguage\":\"es\",\"potentialAction\":[{\"@type\":\"ReadAction\",\"target\":[\"https:\/\/uniest.it\/prodotto\/barra-de-labios-organica-bon-bon\/\"]}]},{\"@type\":\"ImageObject\",\"inLanguage\":\"es\",\"@id\":\"https:\/\/uniest.it\/prodotto\/barra-de-labios-organica-bon-bon\/#primaryimage\",\"url\":\"https:\/\/uniest.it\/wp-content\/uploads\/2020\/12\/046AAE.png\",\"contentUrl\":\"https:\/\/uniest.it\/wp-content\/uploads\/2020\/12\/046AAE.png\",\"width\":1283,\"height\":2000},{\"@type\":\"BreadcrumbList\",\"@id\":\"https:\/\/uniest.it\/prodotto\/barra-de-labios-organica-bon-bon\/#breadcrumb\",\"itemListElement\":[{\"@type\":\"ListItem\",\"position\":1,\"name\":\"Home\",\"item\":\"https:\/\/uniest.it\/es\/\"},{\"@type\":\"ListItem\",\"position\":2,\"name\":\"Shop\",\"item\":\"https:\/\/uniest.it\/shop\/\"},{\"@type\":\"ListItem\",\"position\":3,\"name\":\"Barra de labios org\u00e1nica Bon Bon\"}]},{\"@type\":\"WebSite\",\"@id\":\"https:\/\/uniest.it\/#website\",\"url\":\"https:\/\/uniest.it\/\",\"name\":\"Uniest\",\"description\":\"Cosmetici Naturali e Bio\",\"potentialAction\":[{\"@type\":\"SearchAction\",\"target\":{\"@type\":\"EntryPoint\",\"urlTemplate\":\"https:\/\/uniest.it\/?s={search_term_string}\"},\"query-input\":{\"@type\":\"PropertyValueSpecification\",\"valueRequired\":true,\"valueName\":\"search_term_string\"}}],\"inLanguage\":\"es\"}]}<\/script>\n<!-- \/ Yoast SEO plugin. -->","yoast_head_json":{"title":"Barra de labios org\u00e1nica Bon Bon - Uniest","robots":{"index":"index","follow":"follow","max-snippet":"max-snippet:-1","max-image-preview":"max-image-preview:large","max-video-preview":"max-video-preview:-1"},"canonical":"https:\/\/uniest.it\/prodotto\/barra-de-labios-organica-bon-bon\/","og_locale":"es_ES","og_type":"article","og_title":"Barra de labios org\u00e1nica Bon Bon - Uniest","og_description":"Su nueva formulaci\u00f3n especial y muy natural fue creada para suavizar y proteger los labios contra grietas y grietas. La aplicaci\u00f3n constante, gracias a las preciosas bases de Cera Alba y Manteca de Cacao, permite mantener tus labios protegidos, suaves, hidratados, el\u00e1sticos y nutridos. La adici\u00f3n de Vitamina A, Vitamina E y Aceite de Jojoba [&hellip;]","og_url":"https:\/\/uniest.it\/prodotto\/barra-de-labios-organica-bon-bon\/","og_site_name":"Uniest","twitter_card":"summary_large_image","twitter_misc":{"Tiempo de lectura":"1 minuto"},"schema":{"@context":"https:\/\/schema.org","@graph":[{"@type":"WebPage","@id":"https:\/\/uniest.it\/prodotto\/barra-de-labios-organica-bon-bon\/","url":"https:\/\/uniest.it\/prodotto\/barra-de-labios-organica-bon-bon\/","name":"Barra de labios org\u00e1nica Bon Bon - Uniest","isPartOf":{"@id":"https:\/\/uniest.it\/#website"},"primaryImageOfPage":{"@id":"https:\/\/uniest.it\/prodotto\/barra-de-labios-organica-bon-bon\/#primaryimage"},"image":{"@id":"https:\/\/uniest.it\/prodotto\/barra-de-labios-organica-bon-bon\/#primaryimage"},"thumbnailUrl":"https:\/\/uniest.it\/wp-content\/uploads\/2020\/12\/046AAE.png","datePublished":"2024-10-23T16:26:12+00:00","breadcrumb":{"@id":"https:\/\/uniest.it\/prodotto\/barra-de-labios-organica-bon-bon\/#breadcrumb"},"inLanguage":"es","potentialAction":[{"@type":"ReadAction","target":["https:\/\/uniest.it\/prodotto\/barra-de-labios-organica-bon-bon\/"]}]},{"@type":"ImageObject","inLanguage":"es","@id":"https:\/\/uniest.it\/prodotto\/barra-de-labios-organica-bon-bon\/#primaryimage","url":"https:\/\/uniest.it\/wp-content\/uploads\/2020\/12\/046AAE.png","contentUrl":"https:\/\/uniest.it\/wp-content\/uploads\/2020\/12\/046AAE.png","width":1283,"height":2000},{"@type":"BreadcrumbList","@id":"https:\/\/uniest.it\/prodotto\/barra-de-labios-organica-bon-bon\/#breadcrumb","itemListElement":[{"@type":"ListItem","position":1,"name":"Home","item":"https:\/\/uniest.it\/es\/"},{"@type":"ListItem","position":2,"name":"Shop","item":"https:\/\/uniest.it\/shop\/"},{"@type":"ListItem","position":3,"name":"Barra de labios org\u00e1nica Bon Bon"}]},{"@type":"WebSite","@id":"https:\/\/uniest.it\/#website","url":"https:\/\/uniest.it\/","name":"Uniest","description":"Cosmetici Naturali e Bio","potentialAction":[{"@type":"SearchAction","target":{"@type":"EntryPoint","urlTemplate":"https:\/\/uniest.it\/?s={search_term_string}"},"query-input":{"@type":"PropertyValueSpecification","valueRequired":true,"valueName":"search_term_string"}}],"inLanguage":"es"}]}},"_links":{"self":[{"href":"https:\/\/uniest.it\/es\/wp-json\/wp\/v2\/product\/6120","targetHints":{"allow":["GET"]}}],"collection":[{"href":"https:\/\/uniest.it\/es\/wp-json\/wp\/v2\/product"}],"about":[{"href":"https:\/\/uniest.it\/es\/wp-json\/wp\/v2\/types\/product"}],"wp:featuredmedia":[{"embeddable":true,"href":"https:\/\/uniest.it\/es\/wp-json\/wp\/v2\/media\/6121"}],"wp:attachment":[{"href":"https:\/\/uniest.it\/es\/wp-json\/wp\/v2\/media?parent=6120"}],"wp:term":[{"taxonomy":"product_brand","embeddable":true,"href":"https:\/\/uniest.it\/es\/wp-json\/wp\/v2\/product_brand?post=6120"},{"taxonomy":"product_cat","embeddable":true,"href":"https:\/\/uniest.it\/es\/wp-json\/wp\/v2\/product_cat?post=6120"},{"taxonomy":"product_tag","embeddable":true,"href":"https:\/\/uniest.it\/es\/wp-json\/wp\/v2\/product_tag?post=6120"}],"curies":[{"name":"wp","href":"https:\/\/api.w.org\/{rel}","templated":true}]}}