{"id":6122,"date":"2021-02-04T12:58:44","date_gmt":"2024-10-23T16:26:13","guid":{"rendered":"https:\/\/uniest.it\/prodotto\/cristales-liquidos\/"},"modified":"2024-10-23T17:26:13","modified_gmt":"2024-10-23T16:26:13","slug":"cristales-liquidos","status":"publish","type":"product","link":"https:\/\/uniest.it\/es\/prodotto\/cristales-liquidos\/","title":{"rendered":"Cristales l\u00edquidos"},"content":{"rendered":"<p>Innovadores Cristales L\u00edquidos especialmente dise\u00f1ados para regular el cabello, aumentando as\u00ed la fijaci\u00f3n del peinado. Controlan el encrespamiento, sellan las puntas abiertas y mantienen todo tipo de cabello ordenado. Enriquecido con Aceite de Linaza Bio y Aceite de Almendras Dulces, lo convierten en un excelente aliado para la belleza y salud del cabello. Formulado con Alcohol Natural, procedente de la remolacha azucarera, hidrata, no apelmaza el cabello y no engrasa. Tambi\u00e9n contiene filtro solar y, por lo tanto, tambi\u00e9n es adecuado en el per\u00edodo estival.<\/p>\n","protected":false},"excerpt":{"rendered":"<p>Innovadores Cristales L\u00edquidos especialmente dise\u00f1ados para regular el cabello, aumentando as\u00ed la fijaci\u00f3n del peinado. Controlan el encrespamiento, sellan las puntas abiertas y mantienen todo tipo de cabello ordenado. Enriquecido con Aceite de Linaza Bio y Aceite de Almendras Dulces, lo convierten en un excelente aliado para la belleza y salud del cabello. Formulado con [&hellip;]<\/p>\n","protected":false},"featured_media":6123,"template":"","meta":{"_acf_changed":false,"inline_featured_image":false},"product_brand":[],"product_cat":[1436,1425],"product_tag":[],"class_list":{"0":"post-6122","1":"product","2":"type-product","3":"status-publish","4":"has-post-thumbnail","6":"product_beauty-idratare","7":"product_beauty-nutrire-e-rigenerare","8":"product_beauty-proteggere","9":"product_skin-tutti-i-capelli","10":"product_kind-trattamenti-speciali","11":"product_lines-capelli","12":"product_cat-capelli-es","13":"product_cat-corpo-es","14":"pa_size-50-es","16":"first","17":"instock","18":"taxable","19":"shipping-taxable","20":"purchasable","21":"product-type-simple"},"acf":[],"yoast_head":"<!-- This site is optimized with the Yoast SEO plugin v24.6 - https:\/\/yoast.com\/wordpress\/plugins\/seo\/ -->\n<title>Cristales l\u00edquidos - Uniest<\/title>\n<meta name=\"robots\" content=\"index, follow, max-snippet:-1, max-image-preview:large, max-video-preview:-1\" \/>\n<link rel=\"canonical\" href=\"https:\/\/uniest.it\/prodotto\/cristales-liquidos\/\" \/>\n<meta property=\"og:locale\" content=\"es_ES\" \/>\n<meta property=\"og:type\" content=\"article\" \/>\n<meta property=\"og:title\" content=\"Cristales l\u00edquidos - Uniest\" \/>\n<meta property=\"og:description\" content=\"Innovadores Cristales L\u00edquidos especialmente dise\u00f1ados para regular el cabello, aumentando as\u00ed la fijaci\u00f3n del peinado. Controlan el encrespamiento, sellan las puntas abiertas y mantienen todo tipo de cabello ordenado. Enriquecido con Aceite de Linaza Bio y Aceite de Almendras Dulces, lo convierten en un excelente aliado para la belleza y salud del cabello. Formulado con [&hellip;]\" \/>\n<meta property=\"og:url\" content=\"https:\/\/uniest.it\/prodotto\/cristales-liquidos\/\" \/>\n<meta property=\"og:site_name\" content=\"Uniest\" \/>\n<meta name=\"twitter:card\" content=\"summary_large_image\" \/>\n<script type=\"application\/ld+json\" class=\"yoast-schema-graph\">{\"@context\":\"https:\/\/schema.org\",\"@graph\":[{\"@type\":\"WebPage\",\"@id\":\"https:\/\/uniest.it\/prodotto\/cristales-liquidos\/\",\"url\":\"https:\/\/uniest.it\/prodotto\/cristales-liquidos\/\",\"name\":\"Cristales l\u00edquidos - Uniest\",\"isPartOf\":{\"@id\":\"https:\/\/uniest.it\/#website\"},\"primaryImageOfPage\":{\"@id\":\"https:\/\/uniest.it\/prodotto\/cristales-liquidos\/#primaryimage\"},\"image\":{\"@id\":\"https:\/\/uniest.it\/prodotto\/cristales-liquidos\/#primaryimage\"},\"thumbnailUrl\":\"https:\/\/uniest.it\/wp-content\/uploads\/2020\/12\/047AAE.png\",\"datePublished\":\"2024-10-23T16:26:13+00:00\",\"breadcrumb\":{\"@id\":\"https:\/\/uniest.it\/prodotto\/cristales-liquidos\/#breadcrumb\"},\"inLanguage\":\"es\",\"potentialAction\":[{\"@type\":\"ReadAction\",\"target\":[\"https:\/\/uniest.it\/prodotto\/cristales-liquidos\/\"]}]},{\"@type\":\"ImageObject\",\"inLanguage\":\"es\",\"@id\":\"https:\/\/uniest.it\/prodotto\/cristales-liquidos\/#primaryimage\",\"url\":\"https:\/\/uniest.it\/wp-content\/uploads\/2020\/12\/047AAE.png\",\"contentUrl\":\"https:\/\/uniest.it\/wp-content\/uploads\/2020\/12\/047AAE.png\",\"width\":1283,\"height\":2000},{\"@type\":\"BreadcrumbList\",\"@id\":\"https:\/\/uniest.it\/prodotto\/cristales-liquidos\/#breadcrumb\",\"itemListElement\":[{\"@type\":\"ListItem\",\"position\":1,\"name\":\"Home\",\"item\":\"https:\/\/uniest.it\/es\/\"},{\"@type\":\"ListItem\",\"position\":2,\"name\":\"Shop\",\"item\":\"https:\/\/uniest.it\/shop\/\"},{\"@type\":\"ListItem\",\"position\":3,\"name\":\"Cristales l\u00edquidos\"}]},{\"@type\":\"WebSite\",\"@id\":\"https:\/\/uniest.it\/#website\",\"url\":\"https:\/\/uniest.it\/\",\"name\":\"Uniest\",\"description\":\"Cosmetici Naturali e Bio\",\"potentialAction\":[{\"@type\":\"SearchAction\",\"target\":{\"@type\":\"EntryPoint\",\"urlTemplate\":\"https:\/\/uniest.it\/?s={search_term_string}\"},\"query-input\":{\"@type\":\"PropertyValueSpecification\",\"valueRequired\":true,\"valueName\":\"search_term_string\"}}],\"inLanguage\":\"es\"}]}<\/script>\n<!-- \/ Yoast SEO plugin. -->","yoast_head_json":{"title":"Cristales l\u00edquidos - Uniest","robots":{"index":"index","follow":"follow","max-snippet":"max-snippet:-1","max-image-preview":"max-image-preview:large","max-video-preview":"max-video-preview:-1"},"canonical":"https:\/\/uniest.it\/prodotto\/cristales-liquidos\/","og_locale":"es_ES","og_type":"article","og_title":"Cristales l\u00edquidos - Uniest","og_description":"Innovadores Cristales L\u00edquidos especialmente dise\u00f1ados para regular el cabello, aumentando as\u00ed la fijaci\u00f3n del peinado. Controlan el encrespamiento, sellan las puntas abiertas y mantienen todo tipo de cabello ordenado. Enriquecido con Aceite de Linaza Bio y Aceite de Almendras Dulces, lo convierten en un excelente aliado para la belleza y salud del cabello. Formulado con [&hellip;]","og_url":"https:\/\/uniest.it\/prodotto\/cristales-liquidos\/","og_site_name":"Uniest","twitter_card":"summary_large_image","schema":{"@context":"https:\/\/schema.org","@graph":[{"@type":"WebPage","@id":"https:\/\/uniest.it\/prodotto\/cristales-liquidos\/","url":"https:\/\/uniest.it\/prodotto\/cristales-liquidos\/","name":"Cristales l\u00edquidos - Uniest","isPartOf":{"@id":"https:\/\/uniest.it\/#website"},"primaryImageOfPage":{"@id":"https:\/\/uniest.it\/prodotto\/cristales-liquidos\/#primaryimage"},"image":{"@id":"https:\/\/uniest.it\/prodotto\/cristales-liquidos\/#primaryimage"},"thumbnailUrl":"https:\/\/uniest.it\/wp-content\/uploads\/2020\/12\/047AAE.png","datePublished":"2024-10-23T16:26:13+00:00","breadcrumb":{"@id":"https:\/\/uniest.it\/prodotto\/cristales-liquidos\/#breadcrumb"},"inLanguage":"es","potentialAction":[{"@type":"ReadAction","target":["https:\/\/uniest.it\/prodotto\/cristales-liquidos\/"]}]},{"@type":"ImageObject","inLanguage":"es","@id":"https:\/\/uniest.it\/prodotto\/cristales-liquidos\/#primaryimage","url":"https:\/\/uniest.it\/wp-content\/uploads\/2020\/12\/047AAE.png","contentUrl":"https:\/\/uniest.it\/wp-content\/uploads\/2020\/12\/047AAE.png","width":1283,"height":2000},{"@type":"BreadcrumbList","@id":"https:\/\/uniest.it\/prodotto\/cristales-liquidos\/#breadcrumb","itemListElement":[{"@type":"ListItem","position":1,"name":"Home","item":"https:\/\/uniest.it\/es\/"},{"@type":"ListItem","position":2,"name":"Shop","item":"https:\/\/uniest.it\/shop\/"},{"@type":"ListItem","position":3,"name":"Cristales l\u00edquidos"}]},{"@type":"WebSite","@id":"https:\/\/uniest.it\/#website","url":"https:\/\/uniest.it\/","name":"Uniest","description":"Cosmetici Naturali e Bio","potentialAction":[{"@type":"SearchAction","target":{"@type":"EntryPoint","urlTemplate":"https:\/\/uniest.it\/?s={search_term_string}"},"query-input":{"@type":"PropertyValueSpecification","valueRequired":true,"valueName":"search_term_string"}}],"inLanguage":"es"}]}},"_links":{"self":[{"href":"https:\/\/uniest.it\/es\/wp-json\/wp\/v2\/product\/6122","targetHints":{"allow":["GET"]}}],"collection":[{"href":"https:\/\/uniest.it\/es\/wp-json\/wp\/v2\/product"}],"about":[{"href":"https:\/\/uniest.it\/es\/wp-json\/wp\/v2\/types\/product"}],"wp:featuredmedia":[{"embeddable":true,"href":"https:\/\/uniest.it\/es\/wp-json\/wp\/v2\/media\/6123"}],"wp:attachment":[{"href":"https:\/\/uniest.it\/es\/wp-json\/wp\/v2\/media?parent=6122"}],"wp:term":[{"taxonomy":"product_brand","embeddable":true,"href":"https:\/\/uniest.it\/es\/wp-json\/wp\/v2\/product_brand?post=6122"},{"taxonomy":"product_cat","embeddable":true,"href":"https:\/\/uniest.it\/es\/wp-json\/wp\/v2\/product_cat?post=6122"},{"taxonomy":"product_tag","embeddable":true,"href":"https:\/\/uniest.it\/es\/wp-json\/wp\/v2\/product_tag?post=6122"}],"curies":[{"name":"wp","href":"https:\/\/api.w.org\/{rel}","templated":true}]}}