{"id":6124,"date":"2021-02-04T12:59:03","date_gmt":"2024-10-23T16:26:13","guid":{"rendered":"https:\/\/uniest.it\/prodotto\/leche-limpiadora-elasticizante\/"},"modified":"2025-03-04T00:00:47","modified_gmt":"2025-03-03T23:00:47","slug":"leche-limpiadora-elasticizante","status":"publish","type":"product","link":"https:\/\/uniest.it\/es\/prodotto\/leche-limpiadora-elasticizante\/","title":{"rendered":"Leche Limpiadora Elasticizante"},"content":{"rendered":"<p>*Es posible que el embalaje difiera de la fotograf\u00eda. La Leche Limpiadora Hierbas Suave Elasticizante es un fluido cremoso, ideal para desmaquillar e impurezas al final del d\u00eda, preservando la salud de los procesos celulares. Para favorecer y aumentar el proceso natural de regeneraci\u00f3n y reparaci\u00f3n celular, especialmente por la noche, es muy importante eliminar las sustancias que se depositan en el rostro. Este producto es especialmente f\u00e1cil de aplicar y contiene ingredientes calmantes, hidratantes y nutritivos, que aportan numerosos beneficios a las zonas tratadas. La leche limpiadora suave a base de hierbas elastizante es rica en sales minerales, az\u00facares, alfa hidroxi\u00e1cidos, amino\u00e1cidos y vitaminas que ejercen una acci\u00f3n limpiadora, hidratante y nutritiva sobre nuestra piel. La presencia de extractos vegetales naturales de Ginseng y Tilo que, combinados con Aceite de Almendras Dulces Bio y Escualano Vegetal, tienen una acci\u00f3n protectora, hidratante, emoliente y reestructurante.<\/p>\n","protected":false},"excerpt":{"rendered":"<p>*Es posible que el embalaje difiera de la fotograf\u00eda. La Leche Limpiadora Hierbas Suave Elasticizante es un fluido cremoso, ideal para desmaquillar e impurezas al final del d\u00eda, preservando la salud de los procesos celulares. Para favorecer y aumentar el proceso natural de regeneraci\u00f3n y reparaci\u00f3n celular, especialmente por la noche, es muy importante eliminar [&hellip;]<\/p>\n","protected":false},"featured_media":6125,"template":"","meta":{"_acf_changed":false,"inline_featured_image":false},"product_brand":[],"product_cat":[1435],"product_tag":[],"class_list":{"0":"post-6124","1":"product","2":"type-product","3":"status-publish","4":"has-post-thumbnail","6":"product_beauty-antirughe","7":"product_beauty-detergere","8":"product_beauty-idratare","9":"product_beauty-rassodare-e-tonificare","10":"product_skin-pelli-mature-e-rughe","11":"product_kind-detergenti-e-struccanti-viso","12":"product_lines-antirughe","13":"product_cat-viso-es","14":"pa_size-200-es","16":"first","17":"instock","18":"taxable","19":"shipping-taxable","20":"purchasable","21":"product-type-simple"},"acf":[],"yoast_head":"<!-- This site is optimized with the Yoast SEO plugin v24.6 - https:\/\/yoast.com\/wordpress\/plugins\/seo\/ -->\n<title>Leche Limpiadora Elasticizante - Uniest<\/title>\n<meta name=\"robots\" content=\"index, follow, max-snippet:-1, max-image-preview:large, max-video-preview:-1\" \/>\n<link rel=\"canonical\" href=\"https:\/\/uniest.it\/prodotto\/leche-limpiadora-elasticizante\/\" \/>\n<meta property=\"og:locale\" content=\"es_ES\" \/>\n<meta property=\"og:type\" content=\"article\" \/>\n<meta property=\"og:title\" content=\"Leche Limpiadora Elasticizante - Uniest\" \/>\n<meta property=\"og:description\" content=\"*Es posible que el embalaje difiera de la fotograf\u00eda. La Leche Limpiadora Hierbas Suave Elasticizante es un fluido cremoso, ideal para desmaquillar e impurezas al final del d\u00eda, preservando la salud de los procesos celulares. Para favorecer y aumentar el proceso natural de regeneraci\u00f3n y reparaci\u00f3n celular, especialmente por la noche, es muy importante eliminar [&hellip;]\" \/>\n<meta property=\"og:url\" content=\"https:\/\/uniest.it\/prodotto\/leche-limpiadora-elasticizante\/\" \/>\n<meta property=\"og:site_name\" content=\"Uniest\" \/>\n<meta property=\"article:modified_time\" content=\"2025-03-03T23:00:47+00:00\" \/>\n<meta name=\"twitter:card\" content=\"summary_large_image\" \/>\n<meta name=\"twitter:label1\" content=\"Tiempo de lectura\" \/>\n\t<meta name=\"twitter:data1\" content=\"1 minuto\" \/>\n<script type=\"application\/ld+json\" class=\"yoast-schema-graph\">{\"@context\":\"https:\/\/schema.org\",\"@graph\":[{\"@type\":\"WebPage\",\"@id\":\"https:\/\/uniest.it\/prodotto\/leche-limpiadora-elasticizante\/\",\"url\":\"https:\/\/uniest.it\/prodotto\/leche-limpiadora-elasticizante\/\",\"name\":\"Leche Limpiadora Elasticizante - Uniest\",\"isPartOf\":{\"@id\":\"https:\/\/uniest.it\/#website\"},\"primaryImageOfPage\":{\"@id\":\"https:\/\/uniest.it\/prodotto\/leche-limpiadora-elasticizante\/#primaryimage\"},\"image\":{\"@id\":\"https:\/\/uniest.it\/prodotto\/leche-limpiadora-elasticizante\/#primaryimage\"},\"thumbnailUrl\":\"https:\/\/uniest.it\/wp-content\/uploads\/2020\/11\/048AAE.png\",\"datePublished\":\"2024-10-23T16:26:13+00:00\",\"dateModified\":\"2025-03-03T23:00:47+00:00\",\"breadcrumb\":{\"@id\":\"https:\/\/uniest.it\/prodotto\/leche-limpiadora-elasticizante\/#breadcrumb\"},\"inLanguage\":\"es\",\"potentialAction\":[{\"@type\":\"ReadAction\",\"target\":[\"https:\/\/uniest.it\/prodotto\/leche-limpiadora-elasticizante\/\"]}]},{\"@type\":\"ImageObject\",\"inLanguage\":\"es\",\"@id\":\"https:\/\/uniest.it\/prodotto\/leche-limpiadora-elasticizante\/#primaryimage\",\"url\":\"https:\/\/uniest.it\/wp-content\/uploads\/2020\/11\/048AAE.png\",\"contentUrl\":\"https:\/\/uniest.it\/wp-content\/uploads\/2020\/11\/048AAE.png\",\"width\":1283,\"height\":2001},{\"@type\":\"BreadcrumbList\",\"@id\":\"https:\/\/uniest.it\/prodotto\/leche-limpiadora-elasticizante\/#breadcrumb\",\"itemListElement\":[{\"@type\":\"ListItem\",\"position\":1,\"name\":\"Home\",\"item\":\"https:\/\/uniest.it\/es\/\"},{\"@type\":\"ListItem\",\"position\":2,\"name\":\"Shop\",\"item\":\"https:\/\/uniest.it\/shop\/\"},{\"@type\":\"ListItem\",\"position\":3,\"name\":\"Leche Limpiadora Elasticizante\"}]},{\"@type\":\"WebSite\",\"@id\":\"https:\/\/uniest.it\/#website\",\"url\":\"https:\/\/uniest.it\/\",\"name\":\"Uniest\",\"description\":\"Cosmetici Naturali e Bio\",\"potentialAction\":[{\"@type\":\"SearchAction\",\"target\":{\"@type\":\"EntryPoint\",\"urlTemplate\":\"https:\/\/uniest.it\/?s={search_term_string}\"},\"query-input\":{\"@type\":\"PropertyValueSpecification\",\"valueRequired\":true,\"valueName\":\"search_term_string\"}}],\"inLanguage\":\"es\"}]}<\/script>\n<!-- \/ Yoast SEO plugin. -->","yoast_head_json":{"title":"Leche Limpiadora Elasticizante - Uniest","robots":{"index":"index","follow":"follow","max-snippet":"max-snippet:-1","max-image-preview":"max-image-preview:large","max-video-preview":"max-video-preview:-1"},"canonical":"https:\/\/uniest.it\/prodotto\/leche-limpiadora-elasticizante\/","og_locale":"es_ES","og_type":"article","og_title":"Leche Limpiadora Elasticizante - Uniest","og_description":"*Es posible que el embalaje difiera de la fotograf\u00eda. La Leche Limpiadora Hierbas Suave Elasticizante es un fluido cremoso, ideal para desmaquillar e impurezas al final del d\u00eda, preservando la salud de los procesos celulares. Para favorecer y aumentar el proceso natural de regeneraci\u00f3n y reparaci\u00f3n celular, especialmente por la noche, es muy importante eliminar [&hellip;]","og_url":"https:\/\/uniest.it\/prodotto\/leche-limpiadora-elasticizante\/","og_site_name":"Uniest","article_modified_time":"2025-03-03T23:00:47+00:00","twitter_card":"summary_large_image","twitter_misc":{"Tiempo de lectura":"1 minuto"},"schema":{"@context":"https:\/\/schema.org","@graph":[{"@type":"WebPage","@id":"https:\/\/uniest.it\/prodotto\/leche-limpiadora-elasticizante\/","url":"https:\/\/uniest.it\/prodotto\/leche-limpiadora-elasticizante\/","name":"Leche Limpiadora Elasticizante - Uniest","isPartOf":{"@id":"https:\/\/uniest.it\/#website"},"primaryImageOfPage":{"@id":"https:\/\/uniest.it\/prodotto\/leche-limpiadora-elasticizante\/#primaryimage"},"image":{"@id":"https:\/\/uniest.it\/prodotto\/leche-limpiadora-elasticizante\/#primaryimage"},"thumbnailUrl":"https:\/\/uniest.it\/wp-content\/uploads\/2020\/11\/048AAE.png","datePublished":"2024-10-23T16:26:13+00:00","dateModified":"2025-03-03T23:00:47+00:00","breadcrumb":{"@id":"https:\/\/uniest.it\/prodotto\/leche-limpiadora-elasticizante\/#breadcrumb"},"inLanguage":"es","potentialAction":[{"@type":"ReadAction","target":["https:\/\/uniest.it\/prodotto\/leche-limpiadora-elasticizante\/"]}]},{"@type":"ImageObject","inLanguage":"es","@id":"https:\/\/uniest.it\/prodotto\/leche-limpiadora-elasticizante\/#primaryimage","url":"https:\/\/uniest.it\/wp-content\/uploads\/2020\/11\/048AAE.png","contentUrl":"https:\/\/uniest.it\/wp-content\/uploads\/2020\/11\/048AAE.png","width":1283,"height":2001},{"@type":"BreadcrumbList","@id":"https:\/\/uniest.it\/prodotto\/leche-limpiadora-elasticizante\/#breadcrumb","itemListElement":[{"@type":"ListItem","position":1,"name":"Home","item":"https:\/\/uniest.it\/es\/"},{"@type":"ListItem","position":2,"name":"Shop","item":"https:\/\/uniest.it\/shop\/"},{"@type":"ListItem","position":3,"name":"Leche Limpiadora Elasticizante"}]},{"@type":"WebSite","@id":"https:\/\/uniest.it\/#website","url":"https:\/\/uniest.it\/","name":"Uniest","description":"Cosmetici Naturali e Bio","potentialAction":[{"@type":"SearchAction","target":{"@type":"EntryPoint","urlTemplate":"https:\/\/uniest.it\/?s={search_term_string}"},"query-input":{"@type":"PropertyValueSpecification","valueRequired":true,"valueName":"search_term_string"}}],"inLanguage":"es"}]}},"_links":{"self":[{"href":"https:\/\/uniest.it\/es\/wp-json\/wp\/v2\/product\/6124","targetHints":{"allow":["GET"]}}],"collection":[{"href":"https:\/\/uniest.it\/es\/wp-json\/wp\/v2\/product"}],"about":[{"href":"https:\/\/uniest.it\/es\/wp-json\/wp\/v2\/types\/product"}],"wp:featuredmedia":[{"embeddable":true,"href":"https:\/\/uniest.it\/es\/wp-json\/wp\/v2\/media\/6125"}],"wp:attachment":[{"href":"https:\/\/uniest.it\/es\/wp-json\/wp\/v2\/media?parent=6124"}],"wp:term":[{"taxonomy":"product_brand","embeddable":true,"href":"https:\/\/uniest.it\/es\/wp-json\/wp\/v2\/product_brand?post=6124"},{"taxonomy":"product_cat","embeddable":true,"href":"https:\/\/uniest.it\/es\/wp-json\/wp\/v2\/product_cat?post=6124"},{"taxonomy":"product_tag","embeddable":true,"href":"https:\/\/uniest.it\/es\/wp-json\/wp\/v2\/product_tag?post=6124"}],"curies":[{"name":"wp","href":"https:\/\/api.w.org\/{rel}","templated":true}]}}