{"id":6126,"date":"2022-06-28T21:00:03","date_gmt":"2024-10-23T16:26:14","guid":{"rendered":"https:\/\/uniest.it\/prodotto\/crema-protectora-contra-el-calor-sin-aclarado\/"},"modified":"2024-10-23T17:26:14","modified_gmt":"2024-10-23T16:26:14","slug":"crema-protectora-contra-el-calor-sin-aclarado","status":"publish","type":"product","link":"https:\/\/uniest.it\/es\/prodotto\/crema-protectora-contra-el-calor-sin-aclarado\/","title":{"rendered":"Crema protectora contra el calor sin aclarado"},"content":{"rendered":"<p>Los tratamientos agresivos (secadores, planchas, tintes, decoloraciones), el sol, el smog, el cloro de las piscinas, la sal marina y otras situaciones diferentes pueden poner a prueba la salud de nuestro cabello, volvi\u00e9ndolo opaco, fr\u00e1gil, quebradizo, desnutrido, fibroso. , indisciplinado, roto con las puntas abiertas. Para contrarrestar todos estos problemas, la <strong>Crema Leave-In<\/strong> ha sido especialmente estudiada en nuestros laboratorios y formulada a base de un <strong>Termo Protector<\/strong><u>de origen vegetal<\/u>< fuerte. >. <\/strong>Este preciado activo es capaz de mejorar el aspecto natural del cabello ya que tiene la funci\u00f3n de <strong><u>reparar los da\u00f1os<\/u><\/strong> causados por los tratamientos qu\u00edmicos y el calor. Las fibras capilares, tras la aplicaci\u00f3n, muestran un aumento significativo de brillo, vitalidad y fuerza, los da\u00f1os se aten\u00faan, el cabello se reestructura, renace y muestra su mejor aspecto. <u>Este precioso ingrediente activo es capaz de<\/u>: <\/p>\n<ul>\n<li>reestructurar las fibras capilares;<\/li>\n<li>mejorar la integridad del cabello, en consecuencia, el cabello ser\u00e1 m\u00e1s resistente a factores nocivos;<\/li>\n<li>proteger el cabello de tratamientos t\u00e9rmicos;<\/li>\n<li>mejorar las caracter\u00edsticas sensoriales y f\u00edsicas del cabello, aumentando significativamente su brillo y vitalidad;<\/li>\n<li>restaurar el aspecto natural del cabello, ya que repara los efectos nocivos de los tratamientos qu\u00edmicos y del estr\u00e9s f\u00edsico.<\/li>\n<\/ul>\n<p> <strong>Leave-In Cream<\/strong> tambi\u00e9n ha sido enriquecida con <strong>< u> Aloe Org\u00e1nico*<\/u><\/strong> y <strong><u>Mantequilla de Karit\u00e9 Org\u00e1nica<\/u><\/strong>*que: <\/p>\n<ul>\n<li>ayudan a cerrar las cut\u00edculas;<\/li >\n<li> forma una pel\u00edcula protectora natural para contrarrestar la evaporaci\u00f3n del agua contenida en la fibra capilar, evitando as\u00ed su deshidrataci\u00f3n<\/li>\n<li>previniendo la formaci\u00f3n de las antiest\u00e9ticas puntas abiertas.<\/li>\n<\/ul>\n<p> Su especial formulaci\u00f3n no engrasa o apelmaza el cabello, adem\u00e1s tiene acci\u00f3n desenredante, facilita el peinado, protegiendo el cabello del calor y regula el cabello encrespado. Para un cabello revitalizado, protegido, brillante, sano, suave, sedoso y brillante (sin sensaci\u00f3n grasa). Adem\u00e1s, el cabello quedar\u00e1 desenredado, m\u00e1s f\u00e1cil de peinar y ligero.<\/p>\n","protected":false},"excerpt":{"rendered":"<p>Los tratamientos agresivos (secadores, planchas, tintes, decoloraciones), el sol, el smog, el cloro de las piscinas, la sal marina y otras situaciones diferentes pueden poner a prueba la salud de nuestro cabello, volvi\u00e9ndolo opaco, fr\u00e1gil, quebradizo, desnutrido, fibroso. , indisciplinado, roto con las puntas abiertas. Para contrarrestar todos estos problemas, la Crema Leave-In ha sido [&hellip;]<\/p>\n","protected":false},"featured_media":6127,"template":"","meta":{"_acf_changed":false,"inline_featured_image":false},"product_brand":[],"product_cat":[1436,1425],"product_tag":[],"class_list":{"0":"post-6126","1":"product","2":"type-product","3":"status-publish","4":"has-post-thumbnail","6":"product_beauty-idratare","7":"product_beauty-nutrire-e-rigenerare","8":"product_beauty-proteggere","9":"product_skin-tutti-i-capelli","10":"product_kind-trattamenti-speciali","11":"product_lines-capelli","12":"product_cat-capelli-es","13":"product_cat-corpo-es","14":"pa_size-150-es","16":"first","17":"instock","18":"taxable","19":"shipping-taxable","20":"purchasable","21":"product-type-simple"},"acf":[],"yoast_head":"<!-- This site is optimized with the Yoast SEO plugin v24.6 - https:\/\/yoast.com\/wordpress\/plugins\/seo\/ -->\n<title>Crema protectora contra el calor sin aclarado - Uniest<\/title>\n<meta name=\"robots\" content=\"index, follow, max-snippet:-1, max-image-preview:large, max-video-preview:-1\" \/>\n<link rel=\"canonical\" href=\"https:\/\/uniest.it\/es\/prodotto\/crema-protectora-contra-el-calor-sin-aclarado\/\" \/>\n<meta property=\"og:locale\" content=\"es_ES\" \/>\n<meta property=\"og:type\" content=\"article\" \/>\n<meta property=\"og:title\" content=\"Crema protectora contra el calor sin aclarado - Uniest\" \/>\n<meta property=\"og:description\" content=\"Los tratamientos agresivos (secadores, planchas, tintes, decoloraciones), el sol, el smog, el cloro de las piscinas, la sal marina y otras situaciones diferentes pueden poner a prueba la salud de nuestro cabello, volvi\u00e9ndolo opaco, fr\u00e1gil, quebradizo, desnutrido, fibroso. , indisciplinado, roto con las puntas abiertas. Para contrarrestar todos estos problemas, la Crema Leave-In ha sido [&hellip;]\" \/>\n<meta property=\"og:url\" content=\"https:\/\/uniest.it\/es\/prodotto\/crema-protectora-contra-el-calor-sin-aclarado\/\" \/>\n<meta property=\"og:site_name\" content=\"Uniest\" \/>\n<meta property=\"og:image\" content=\"https:\/\/uniest.it\/wp-content\/uploads\/2020\/11\/049AAE.png\" \/>\n\t<meta property=\"og:image:width\" content=\"1283\" \/>\n\t<meta property=\"og:image:height\" content=\"2000\" \/>\n\t<meta property=\"og:image:type\" content=\"image\/png\" \/>\n<meta name=\"twitter:card\" content=\"summary_large_image\" \/>\n<meta name=\"twitter:label1\" content=\"Tiempo de lectura\" \/>\n\t<meta name=\"twitter:data1\" content=\"2 minutos\" \/>\n<script type=\"application\/ld+json\" class=\"yoast-schema-graph\">{\"@context\":\"https:\/\/schema.org\",\"@graph\":[{\"@type\":\"WebPage\",\"@id\":\"https:\/\/uniest.it\/es\/prodotto\/crema-protectora-contra-el-calor-sin-aclarado\/\",\"url\":\"https:\/\/uniest.it\/es\/prodotto\/crema-protectora-contra-el-calor-sin-aclarado\/\",\"name\":\"Crema protectora contra el calor sin aclarado - Uniest\",\"isPartOf\":{\"@id\":\"https:\/\/uniest.it\/#website\"},\"primaryImageOfPage\":{\"@id\":\"https:\/\/uniest.it\/es\/prodotto\/crema-protectora-contra-el-calor-sin-aclarado\/#primaryimage\"},\"image\":{\"@id\":\"https:\/\/uniest.it\/es\/prodotto\/crema-protectora-contra-el-calor-sin-aclarado\/#primaryimage\"},\"thumbnailUrl\":\"https:\/\/uniest.it\/wp-content\/uploads\/2020\/11\/049AAE.png\",\"datePublished\":\"2024-10-23T16:26:14+00:00\",\"breadcrumb\":{\"@id\":\"https:\/\/uniest.it\/es\/prodotto\/crema-protectora-contra-el-calor-sin-aclarado\/#breadcrumb\"},\"inLanguage\":\"es\",\"potentialAction\":[{\"@type\":\"ReadAction\",\"target\":[\"https:\/\/uniest.it\/es\/prodotto\/crema-protectora-contra-el-calor-sin-aclarado\/\"]}]},{\"@type\":\"ImageObject\",\"inLanguage\":\"es\",\"@id\":\"https:\/\/uniest.it\/es\/prodotto\/crema-protectora-contra-el-calor-sin-aclarado\/#primaryimage\",\"url\":\"https:\/\/uniest.it\/wp-content\/uploads\/2020\/11\/049AAE.png\",\"contentUrl\":\"https:\/\/uniest.it\/wp-content\/uploads\/2020\/11\/049AAE.png\",\"width\":1283,\"height\":2000},{\"@type\":\"BreadcrumbList\",\"@id\":\"https:\/\/uniest.it\/es\/prodotto\/crema-protectora-contra-el-calor-sin-aclarado\/#breadcrumb\",\"itemListElement\":[{\"@type\":\"ListItem\",\"position\":1,\"name\":\"Home\",\"item\":\"https:\/\/uniest.it\/es\/\"},{\"@type\":\"ListItem\",\"position\":2,\"name\":\"Shop\",\"item\":\"https:\/\/uniest.it\/shop\/\"},{\"@type\":\"ListItem\",\"position\":3,\"name\":\"Crema protectora contra el calor sin aclarado\"}]},{\"@type\":\"WebSite\",\"@id\":\"https:\/\/uniest.it\/#website\",\"url\":\"https:\/\/uniest.it\/\",\"name\":\"Uniest\",\"description\":\"Cosmetici Naturali e Bio\",\"potentialAction\":[{\"@type\":\"SearchAction\",\"target\":{\"@type\":\"EntryPoint\",\"urlTemplate\":\"https:\/\/uniest.it\/?s={search_term_string}\"},\"query-input\":{\"@type\":\"PropertyValueSpecification\",\"valueRequired\":true,\"valueName\":\"search_term_string\"}}],\"inLanguage\":\"es\"}]}<\/script>\n<!-- \/ Yoast SEO plugin. -->","yoast_head_json":{"title":"Crema protectora contra el calor sin aclarado - Uniest","robots":{"index":"index","follow":"follow","max-snippet":"max-snippet:-1","max-image-preview":"max-image-preview:large","max-video-preview":"max-video-preview:-1"},"canonical":"https:\/\/uniest.it\/es\/prodotto\/crema-protectora-contra-el-calor-sin-aclarado\/","og_locale":"es_ES","og_type":"article","og_title":"Crema protectora contra el calor sin aclarado - Uniest","og_description":"Los tratamientos agresivos (secadores, planchas, tintes, decoloraciones), el sol, el smog, el cloro de las piscinas, la sal marina y otras situaciones diferentes pueden poner a prueba la salud de nuestro cabello, volvi\u00e9ndolo opaco, fr\u00e1gil, quebradizo, desnutrido, fibroso. , indisciplinado, roto con las puntas abiertas. Para contrarrestar todos estos problemas, la Crema Leave-In ha sido [&hellip;]","og_url":"https:\/\/uniest.it\/es\/prodotto\/crema-protectora-contra-el-calor-sin-aclarado\/","og_site_name":"Uniest","og_image":[{"width":1283,"height":2000,"url":"https:\/\/uniest.it\/wp-content\/uploads\/2020\/11\/049AAE.png","type":"image\/png"}],"twitter_card":"summary_large_image","twitter_misc":{"Tiempo de lectura":"2 minutos"},"schema":{"@context":"https:\/\/schema.org","@graph":[{"@type":"WebPage","@id":"https:\/\/uniest.it\/es\/prodotto\/crema-protectora-contra-el-calor-sin-aclarado\/","url":"https:\/\/uniest.it\/es\/prodotto\/crema-protectora-contra-el-calor-sin-aclarado\/","name":"Crema protectora contra el calor sin aclarado - Uniest","isPartOf":{"@id":"https:\/\/uniest.it\/#website"},"primaryImageOfPage":{"@id":"https:\/\/uniest.it\/es\/prodotto\/crema-protectora-contra-el-calor-sin-aclarado\/#primaryimage"},"image":{"@id":"https:\/\/uniest.it\/es\/prodotto\/crema-protectora-contra-el-calor-sin-aclarado\/#primaryimage"},"thumbnailUrl":"https:\/\/uniest.it\/wp-content\/uploads\/2020\/11\/049AAE.png","datePublished":"2024-10-23T16:26:14+00:00","breadcrumb":{"@id":"https:\/\/uniest.it\/es\/prodotto\/crema-protectora-contra-el-calor-sin-aclarado\/#breadcrumb"},"inLanguage":"es","potentialAction":[{"@type":"ReadAction","target":["https:\/\/uniest.it\/es\/prodotto\/crema-protectora-contra-el-calor-sin-aclarado\/"]}]},{"@type":"ImageObject","inLanguage":"es","@id":"https:\/\/uniest.it\/es\/prodotto\/crema-protectora-contra-el-calor-sin-aclarado\/#primaryimage","url":"https:\/\/uniest.it\/wp-content\/uploads\/2020\/11\/049AAE.png","contentUrl":"https:\/\/uniest.it\/wp-content\/uploads\/2020\/11\/049AAE.png","width":1283,"height":2000},{"@type":"BreadcrumbList","@id":"https:\/\/uniest.it\/es\/prodotto\/crema-protectora-contra-el-calor-sin-aclarado\/#breadcrumb","itemListElement":[{"@type":"ListItem","position":1,"name":"Home","item":"https:\/\/uniest.it\/es\/"},{"@type":"ListItem","position":2,"name":"Shop","item":"https:\/\/uniest.it\/shop\/"},{"@type":"ListItem","position":3,"name":"Crema protectora contra el calor sin aclarado"}]},{"@type":"WebSite","@id":"https:\/\/uniest.it\/#website","url":"https:\/\/uniest.it\/","name":"Uniest","description":"Cosmetici Naturali e Bio","potentialAction":[{"@type":"SearchAction","target":{"@type":"EntryPoint","urlTemplate":"https:\/\/uniest.it\/?s={search_term_string}"},"query-input":{"@type":"PropertyValueSpecification","valueRequired":true,"valueName":"search_term_string"}}],"inLanguage":"es"}]}},"_links":{"self":[{"href":"https:\/\/uniest.it\/es\/wp-json\/wp\/v2\/product\/6126","targetHints":{"allow":["GET"]}}],"collection":[{"href":"https:\/\/uniest.it\/es\/wp-json\/wp\/v2\/product"}],"about":[{"href":"https:\/\/uniest.it\/es\/wp-json\/wp\/v2\/types\/product"}],"wp:featuredmedia":[{"embeddable":true,"href":"https:\/\/uniest.it\/es\/wp-json\/wp\/v2\/media\/6127"}],"wp:attachment":[{"href":"https:\/\/uniest.it\/es\/wp-json\/wp\/v2\/media?parent=6126"}],"wp:term":[{"taxonomy":"product_brand","embeddable":true,"href":"https:\/\/uniest.it\/es\/wp-json\/wp\/v2\/product_brand?post=6126"},{"taxonomy":"product_cat","embeddable":true,"href":"https:\/\/uniest.it\/es\/wp-json\/wp\/v2\/product_cat?post=6126"},{"taxonomy":"product_tag","embeddable":true,"href":"https:\/\/uniest.it\/es\/wp-json\/wp\/v2\/product_tag?post=6126"}],"curies":[{"name":"wp","href":"https:\/\/api.w.org\/{rel}","templated":true}]}}