{"id":6135,"date":"2021-02-04T12:59:03","date_gmt":"2024-10-23T16:26:15","guid":{"rendered":"https:\/\/uniest.it\/prodotto\/champu-gel-de-ducha-antisal\/"},"modified":"2024-10-23T17:26:15","modified_gmt":"2024-10-23T16:26:15","slug":"champu-gel-de-ducha-antisal","status":"publish","type":"product","link":"https:\/\/uniest.it\/es\/prodotto\/champu-gel-de-ducha-antisal\/","title":{"rendered":"Champ\u00fa Gel de Ducha Antisal"},"content":{"rendered":"<p>El champ\u00fa gel de ducha es un champ\u00fa antisal y refrescante con tensioactivos derivados del coco para permitir una limpieza delicada pero eficaz. Elimina los restos de sal que se depositan tras el ba\u00f1o en el mar, sin alterar el bronceado y el cabello quedar\u00e1 m\u00e1s brillante y suave. El \u00c1cido L\u00e1ctico presente en la f\u00f3rmula reequilibra el pH de la piel y confiere a la emulsi\u00f3n una ligera acci\u00f3n acidificante. El aceite esencial de mentol y el extracto de aloe org\u00e1nico, conocidos por sus propiedades refrescantes y calmantes, aportan bienestar y frescura. El aceite de linaza, muy rico en Omega 3, y el aceite de Arg\u00e1n, rico en \u00e1cidos grasos, tienen propiedades antioxidantes gracias tambi\u00e9n a la presencia de Vitamina E.<\/p>\n","protected":false},"excerpt":{"rendered":"<p>El champ\u00fa gel de ducha es un champ\u00fa antisal y refrescante con tensioactivos derivados del coco para permitir una limpieza delicada pero eficaz. Elimina los restos de sal que se depositan tras el ba\u00f1o en el mar, sin alterar el bronceado y el cabello quedar\u00e1 m\u00e1s brillante y suave. El \u00c1cido L\u00e1ctico presente en la [&hellip;]<\/p>\n","protected":false},"featured_media":6136,"template":"","meta":{"_acf_changed":false,"inline_featured_image":false},"product_brand":[],"product_cat":[1436,1425,1432],"product_tag":[],"class_list":{"0":"post-6135","1":"product","2":"type-product","3":"status-publish","4":"has-post-thumbnail","6":"product_beauty-detergere","7":"product_beauty-idratare","8":"product_beauty-lenire","9":"product_beauty-nutrire-e-rigenerare","10":"product_beauty-proteggere","11":"product_beauty-rassodare-e-tonificare","12":"product_skin-tutte-le-pelli","13":"product_kind-bagno","14":"product_kind-doccia","15":"product_kind-shampoo-e-detergenza","16":"product_lines-solari","17":"product_cat-capelli-es","18":"product_cat-corpo-es","19":"product_cat-solari-es","20":"pa_size-250-es","22":"first","23":"instock","24":"taxable","25":"shipping-taxable","26":"purchasable","27":"product-type-simple"},"acf":[],"yoast_head":"<!-- This site is optimized with the Yoast SEO plugin v24.6 - https:\/\/yoast.com\/wordpress\/plugins\/seo\/ -->\n<title>Champ\u00fa Gel de Ducha Antisal - Uniest<\/title>\n<meta name=\"robots\" content=\"index, follow, max-snippet:-1, max-image-preview:large, max-video-preview:-1\" \/>\n<link rel=\"canonical\" href=\"https:\/\/uniest.it\/prodotto\/champu-gel-de-ducha-antisal\/\" \/>\n<meta property=\"og:locale\" content=\"es_ES\" \/>\n<meta property=\"og:type\" content=\"article\" \/>\n<meta property=\"og:title\" content=\"Champ\u00fa Gel de Ducha Antisal - Uniest\" \/>\n<meta property=\"og:description\" content=\"El champ\u00fa gel de ducha es un champ\u00fa antisal y refrescante con tensioactivos derivados del coco para permitir una limpieza delicada pero eficaz. Elimina los restos de sal que se depositan tras el ba\u00f1o en el mar, sin alterar el bronceado y el cabello quedar\u00e1 m\u00e1s brillante y suave. El \u00c1cido L\u00e1ctico presente en la [&hellip;]\" \/>\n<meta property=\"og:url\" content=\"https:\/\/uniest.it\/prodotto\/champu-gel-de-ducha-antisal\/\" \/>\n<meta property=\"og:site_name\" content=\"Uniest\" \/>\n<meta name=\"twitter:card\" content=\"summary_large_image\" \/>\n<meta name=\"twitter:label1\" content=\"Tiempo de lectura\" \/>\n\t<meta name=\"twitter:data1\" content=\"1 minuto\" \/>\n<script type=\"application\/ld+json\" class=\"yoast-schema-graph\">{\"@context\":\"https:\/\/schema.org\",\"@graph\":[{\"@type\":\"WebPage\",\"@id\":\"https:\/\/uniest.it\/prodotto\/champu-gel-de-ducha-antisal\/\",\"url\":\"https:\/\/uniest.it\/prodotto\/champu-gel-de-ducha-antisal\/\",\"name\":\"Champ\u00fa Gel de Ducha Antisal - Uniest\",\"isPartOf\":{\"@id\":\"https:\/\/uniest.it\/#website\"},\"primaryImageOfPage\":{\"@id\":\"https:\/\/uniest.it\/prodotto\/champu-gel-de-ducha-antisal\/#primaryimage\"},\"image\":{\"@id\":\"https:\/\/uniest.it\/prodotto\/champu-gel-de-ducha-antisal\/#primaryimage\"},\"thumbnailUrl\":\"https:\/\/uniest.it\/wp-content\/uploads\/2020\/11\/055AAS.png\",\"datePublished\":\"2024-10-23T16:26:15+00:00\",\"breadcrumb\":{\"@id\":\"https:\/\/uniest.it\/prodotto\/champu-gel-de-ducha-antisal\/#breadcrumb\"},\"inLanguage\":\"es\",\"potentialAction\":[{\"@type\":\"ReadAction\",\"target\":[\"https:\/\/uniest.it\/prodotto\/champu-gel-de-ducha-antisal\/\"]}]},{\"@type\":\"ImageObject\",\"inLanguage\":\"es\",\"@id\":\"https:\/\/uniest.it\/prodotto\/champu-gel-de-ducha-antisal\/#primaryimage\",\"url\":\"https:\/\/uniest.it\/wp-content\/uploads\/2020\/11\/055AAS.png\",\"contentUrl\":\"https:\/\/uniest.it\/wp-content\/uploads\/2020\/11\/055AAS.png\",\"width\":1283,\"height\":2000},{\"@type\":\"BreadcrumbList\",\"@id\":\"https:\/\/uniest.it\/prodotto\/champu-gel-de-ducha-antisal\/#breadcrumb\",\"itemListElement\":[{\"@type\":\"ListItem\",\"position\":1,\"name\":\"Home\",\"item\":\"https:\/\/uniest.it\/es\/\"},{\"@type\":\"ListItem\",\"position\":2,\"name\":\"Shop\",\"item\":\"https:\/\/uniest.it\/shop\/\"},{\"@type\":\"ListItem\",\"position\":3,\"name\":\"Champ\u00fa Gel de Ducha Antisal\"}]},{\"@type\":\"WebSite\",\"@id\":\"https:\/\/uniest.it\/#website\",\"url\":\"https:\/\/uniest.it\/\",\"name\":\"Uniest\",\"description\":\"Cosmetici Naturali e Bio\",\"potentialAction\":[{\"@type\":\"SearchAction\",\"target\":{\"@type\":\"EntryPoint\",\"urlTemplate\":\"https:\/\/uniest.it\/?s={search_term_string}\"},\"query-input\":{\"@type\":\"PropertyValueSpecification\",\"valueRequired\":true,\"valueName\":\"search_term_string\"}}],\"inLanguage\":\"es\"}]}<\/script>\n<!-- \/ Yoast SEO plugin. -->","yoast_head_json":{"title":"Champ\u00fa Gel de Ducha Antisal - Uniest","robots":{"index":"index","follow":"follow","max-snippet":"max-snippet:-1","max-image-preview":"max-image-preview:large","max-video-preview":"max-video-preview:-1"},"canonical":"https:\/\/uniest.it\/prodotto\/champu-gel-de-ducha-antisal\/","og_locale":"es_ES","og_type":"article","og_title":"Champ\u00fa Gel de Ducha Antisal - Uniest","og_description":"El champ\u00fa gel de ducha es un champ\u00fa antisal y refrescante con tensioactivos derivados del coco para permitir una limpieza delicada pero eficaz. Elimina los restos de sal que se depositan tras el ba\u00f1o en el mar, sin alterar el bronceado y el cabello quedar\u00e1 m\u00e1s brillante y suave. El \u00c1cido L\u00e1ctico presente en la [&hellip;]","og_url":"https:\/\/uniest.it\/prodotto\/champu-gel-de-ducha-antisal\/","og_site_name":"Uniest","twitter_card":"summary_large_image","twitter_misc":{"Tiempo de lectura":"1 minuto"},"schema":{"@context":"https:\/\/schema.org","@graph":[{"@type":"WebPage","@id":"https:\/\/uniest.it\/prodotto\/champu-gel-de-ducha-antisal\/","url":"https:\/\/uniest.it\/prodotto\/champu-gel-de-ducha-antisal\/","name":"Champ\u00fa Gel de Ducha Antisal - Uniest","isPartOf":{"@id":"https:\/\/uniest.it\/#website"},"primaryImageOfPage":{"@id":"https:\/\/uniest.it\/prodotto\/champu-gel-de-ducha-antisal\/#primaryimage"},"image":{"@id":"https:\/\/uniest.it\/prodotto\/champu-gel-de-ducha-antisal\/#primaryimage"},"thumbnailUrl":"https:\/\/uniest.it\/wp-content\/uploads\/2020\/11\/055AAS.png","datePublished":"2024-10-23T16:26:15+00:00","breadcrumb":{"@id":"https:\/\/uniest.it\/prodotto\/champu-gel-de-ducha-antisal\/#breadcrumb"},"inLanguage":"es","potentialAction":[{"@type":"ReadAction","target":["https:\/\/uniest.it\/prodotto\/champu-gel-de-ducha-antisal\/"]}]},{"@type":"ImageObject","inLanguage":"es","@id":"https:\/\/uniest.it\/prodotto\/champu-gel-de-ducha-antisal\/#primaryimage","url":"https:\/\/uniest.it\/wp-content\/uploads\/2020\/11\/055AAS.png","contentUrl":"https:\/\/uniest.it\/wp-content\/uploads\/2020\/11\/055AAS.png","width":1283,"height":2000},{"@type":"BreadcrumbList","@id":"https:\/\/uniest.it\/prodotto\/champu-gel-de-ducha-antisal\/#breadcrumb","itemListElement":[{"@type":"ListItem","position":1,"name":"Home","item":"https:\/\/uniest.it\/es\/"},{"@type":"ListItem","position":2,"name":"Shop","item":"https:\/\/uniest.it\/shop\/"},{"@type":"ListItem","position":3,"name":"Champ\u00fa Gel de Ducha Antisal"}]},{"@type":"WebSite","@id":"https:\/\/uniest.it\/#website","url":"https:\/\/uniest.it\/","name":"Uniest","description":"Cosmetici Naturali e Bio","potentialAction":[{"@type":"SearchAction","target":{"@type":"EntryPoint","urlTemplate":"https:\/\/uniest.it\/?s={search_term_string}"},"query-input":{"@type":"PropertyValueSpecification","valueRequired":true,"valueName":"search_term_string"}}],"inLanguage":"es"}]}},"_links":{"self":[{"href":"https:\/\/uniest.it\/es\/wp-json\/wp\/v2\/product\/6135","targetHints":{"allow":["GET"]}}],"collection":[{"href":"https:\/\/uniest.it\/es\/wp-json\/wp\/v2\/product"}],"about":[{"href":"https:\/\/uniest.it\/es\/wp-json\/wp\/v2\/types\/product"}],"wp:featuredmedia":[{"embeddable":true,"href":"https:\/\/uniest.it\/es\/wp-json\/wp\/v2\/media\/6136"}],"wp:attachment":[{"href":"https:\/\/uniest.it\/es\/wp-json\/wp\/v2\/media?parent=6135"}],"wp:term":[{"taxonomy":"product_brand","embeddable":true,"href":"https:\/\/uniest.it\/es\/wp-json\/wp\/v2\/product_brand?post=6135"},{"taxonomy":"product_cat","embeddable":true,"href":"https:\/\/uniest.it\/es\/wp-json\/wp\/v2\/product_cat?post=6135"},{"taxonomy":"product_tag","embeddable":true,"href":"https:\/\/uniest.it\/es\/wp-json\/wp\/v2\/product_tag?post=6135"}],"curies":[{"name":"wp","href":"https:\/\/api.w.org\/{rel}","templated":true}]}}