{"id":6137,"date":"2021-02-04T12:59:03","date_gmt":"2024-10-23T16:26:16","guid":{"rendered":"https:\/\/uniest.it\/prodotto\/nutridermo\/"},"modified":"2024-10-23T17:26:16","modified_gmt":"2024-10-23T16:26:16","slug":"nutridermo","status":"publish","type":"product","link":"https:\/\/uniest.it\/es\/prodotto\/nutridermo\/","title":{"rendered":"Nutridermo"},"content":{"rendered":"<p>Nutriderm es una crema antienvejecimiento natural y org\u00e1nica de textura con cuerpo ideal para nutrir y regenerar la piel durante el d\u00eda, especialmente durante las estaciones m\u00e1s fr\u00edas. De hecho, agentes como el fr\u00edo, el viento, el smog y el sol son capaces de da\u00f1ar nuestra piel, acelerando as\u00ed su envejecimiento. Rica en principios activos como Alfahidroxi\u00e1cidos, \u00c1cido L\u00e1ctico, Vitamina E y extractos vegetales naturales de L\u00fapulo, Centella Asi\u00e1tica y Melisa que contrarrestan la formaci\u00f3n de arrugas y por tanto la p\u00e9rdida de tono de las pieles maduras. Las prote\u00ednas de germen de trigo, la lecitina de soja, el sorbitol, la glicerina vegetal, el aceite de salvado de arroz y la manteca de karit\u00e9 org\u00e1nica completan el producto, capaz de devolver la elasticidad y la hidrataci\u00f3n a las pieles maduras de forma duradera. Contiene sustancias antioxidantes, fundamentales para contrarrestar la acci\u00f3n nociva de los radicales libres, que da\u00f1an gravemente las c\u00e9lulas de la piel, favoreciendo el envejecimiento. Las sustancias redensificantes de esta crema act\u00faan a nivel de la dermis y estimulan las c\u00e9lulas que la componen para producir nuevo col\u00e1geno y fibras el\u00e1sticas; tambi\u00e9n act\u00faan previniendo la degradaci\u00f3n de estos mismos elementos para una belleza constante en el tiempo.<\/p>\n","protected":false},"excerpt":{"rendered":"<p>Nutriderm es una crema antienvejecimiento natural y org\u00e1nica de textura con cuerpo ideal para nutrir y regenerar la piel durante el d\u00eda, especialmente durante las estaciones m\u00e1s fr\u00edas. De hecho, agentes como el fr\u00edo, el viento, el smog y el sol son capaces de da\u00f1ar nuestra piel, acelerando as\u00ed su envejecimiento. Rica en principios activos [&hellip;]<\/p>\n","protected":false},"featured_media":6138,"template":"","meta":{"_acf_changed":false,"inline_featured_image":false},"product_brand":[],"product_cat":[1435],"product_tag":[],"class_list":{"0":"post-6137","1":"product","2":"type-product","3":"status-publish","4":"has-post-thumbnail","6":"product_beauty-antirughe","7":"product_beauty-idratare","8":"product_beauty-nutrire-e-rigenerare","9":"product_beauty-rassodare-e-tonificare","10":"product_skin-pelli-mature-e-rughe","11":"product_kind-creme-antieta-e-prime-rughe","12":"product_kind-trattamenti-speciali","13":"product_kind-tutte-le-creme-viso","14":"product_lines-antirughe","15":"product_cat-viso-es","16":"pa_size-50-es","18":"first","19":"instock","20":"taxable","21":"shipping-taxable","22":"purchasable","23":"product-type-simple"},"acf":[],"yoast_head":"<!-- This site is optimized with the Yoast SEO plugin v24.6 - https:\/\/yoast.com\/wordpress\/plugins\/seo\/ -->\n<title>Nutridermo - Uniest<\/title>\n<meta name=\"robots\" content=\"index, follow, max-snippet:-1, max-image-preview:large, max-video-preview:-1\" \/>\n<link rel=\"canonical\" href=\"https:\/\/uniest.it\/prodotto\/nutridermo\/\" \/>\n<meta property=\"og:locale\" content=\"es_ES\" \/>\n<meta property=\"og:type\" content=\"article\" \/>\n<meta property=\"og:title\" content=\"Nutridermo - Uniest\" \/>\n<meta property=\"og:description\" content=\"Nutriderm es una crema antienvejecimiento natural y org\u00e1nica de textura con cuerpo ideal para nutrir y regenerar la piel durante el d\u00eda, especialmente durante las estaciones m\u00e1s fr\u00edas. De hecho, agentes como el fr\u00edo, el viento, el smog y el sol son capaces de da\u00f1ar nuestra piel, acelerando as\u00ed su envejecimiento. Rica en principios activos [&hellip;]\" \/>\n<meta property=\"og:url\" content=\"https:\/\/uniest.it\/prodotto\/nutridermo\/\" \/>\n<meta property=\"og:site_name\" content=\"Uniest\" \/>\n<meta name=\"twitter:card\" content=\"summary_large_image\" \/>\n<meta name=\"twitter:label1\" content=\"Tiempo de lectura\" \/>\n\t<meta name=\"twitter:data1\" content=\"1 minuto\" \/>\n<script type=\"application\/ld+json\" class=\"yoast-schema-graph\">{\"@context\":\"https:\/\/schema.org\",\"@graph\":[{\"@type\":\"WebPage\",\"@id\":\"https:\/\/uniest.it\/prodotto\/nutridermo\/\",\"url\":\"https:\/\/uniest.it\/prodotto\/nutridermo\/\",\"name\":\"Nutridermo - Uniest\",\"isPartOf\":{\"@id\":\"https:\/\/uniest.it\/#website\"},\"primaryImageOfPage\":{\"@id\":\"https:\/\/uniest.it\/prodotto\/nutridermo\/#primaryimage\"},\"image\":{\"@id\":\"https:\/\/uniest.it\/prodotto\/nutridermo\/#primaryimage\"},\"thumbnailUrl\":\"https:\/\/uniest.it\/wp-content\/uploads\/2020\/11\/057AAE.png\",\"datePublished\":\"2024-10-23T16:26:16+00:00\",\"breadcrumb\":{\"@id\":\"https:\/\/uniest.it\/prodotto\/nutridermo\/#breadcrumb\"},\"inLanguage\":\"es\",\"potentialAction\":[{\"@type\":\"ReadAction\",\"target\":[\"https:\/\/uniest.it\/prodotto\/nutridermo\/\"]}]},{\"@type\":\"ImageObject\",\"inLanguage\":\"es\",\"@id\":\"https:\/\/uniest.it\/prodotto\/nutridermo\/#primaryimage\",\"url\":\"https:\/\/uniest.it\/wp-content\/uploads\/2020\/11\/057AAE.png\",\"contentUrl\":\"https:\/\/uniest.it\/wp-content\/uploads\/2020\/11\/057AAE.png\",\"width\":1283,\"height\":2000},{\"@type\":\"BreadcrumbList\",\"@id\":\"https:\/\/uniest.it\/prodotto\/nutridermo\/#breadcrumb\",\"itemListElement\":[{\"@type\":\"ListItem\",\"position\":1,\"name\":\"Home\",\"item\":\"https:\/\/uniest.it\/es\/\"},{\"@type\":\"ListItem\",\"position\":2,\"name\":\"Shop\",\"item\":\"https:\/\/uniest.it\/shop\/\"},{\"@type\":\"ListItem\",\"position\":3,\"name\":\"Nutridermo\"}]},{\"@type\":\"WebSite\",\"@id\":\"https:\/\/uniest.it\/#website\",\"url\":\"https:\/\/uniest.it\/\",\"name\":\"Uniest\",\"description\":\"Cosmetici Naturali e Bio\",\"potentialAction\":[{\"@type\":\"SearchAction\",\"target\":{\"@type\":\"EntryPoint\",\"urlTemplate\":\"https:\/\/uniest.it\/?s={search_term_string}\"},\"query-input\":{\"@type\":\"PropertyValueSpecification\",\"valueRequired\":true,\"valueName\":\"search_term_string\"}}],\"inLanguage\":\"es\"}]}<\/script>\n<!-- \/ Yoast SEO plugin. -->","yoast_head_json":{"title":"Nutridermo - Uniest","robots":{"index":"index","follow":"follow","max-snippet":"max-snippet:-1","max-image-preview":"max-image-preview:large","max-video-preview":"max-video-preview:-1"},"canonical":"https:\/\/uniest.it\/prodotto\/nutridermo\/","og_locale":"es_ES","og_type":"article","og_title":"Nutridermo - Uniest","og_description":"Nutriderm es una crema antienvejecimiento natural y org\u00e1nica de textura con cuerpo ideal para nutrir y regenerar la piel durante el d\u00eda, especialmente durante las estaciones m\u00e1s fr\u00edas. De hecho, agentes como el fr\u00edo, el viento, el smog y el sol son capaces de da\u00f1ar nuestra piel, acelerando as\u00ed su envejecimiento. Rica en principios activos [&hellip;]","og_url":"https:\/\/uniest.it\/prodotto\/nutridermo\/","og_site_name":"Uniest","twitter_card":"summary_large_image","twitter_misc":{"Tiempo de lectura":"1 minuto"},"schema":{"@context":"https:\/\/schema.org","@graph":[{"@type":"WebPage","@id":"https:\/\/uniest.it\/prodotto\/nutridermo\/","url":"https:\/\/uniest.it\/prodotto\/nutridermo\/","name":"Nutridermo - Uniest","isPartOf":{"@id":"https:\/\/uniest.it\/#website"},"primaryImageOfPage":{"@id":"https:\/\/uniest.it\/prodotto\/nutridermo\/#primaryimage"},"image":{"@id":"https:\/\/uniest.it\/prodotto\/nutridermo\/#primaryimage"},"thumbnailUrl":"https:\/\/uniest.it\/wp-content\/uploads\/2020\/11\/057AAE.png","datePublished":"2024-10-23T16:26:16+00:00","breadcrumb":{"@id":"https:\/\/uniest.it\/prodotto\/nutridermo\/#breadcrumb"},"inLanguage":"es","potentialAction":[{"@type":"ReadAction","target":["https:\/\/uniest.it\/prodotto\/nutridermo\/"]}]},{"@type":"ImageObject","inLanguage":"es","@id":"https:\/\/uniest.it\/prodotto\/nutridermo\/#primaryimage","url":"https:\/\/uniest.it\/wp-content\/uploads\/2020\/11\/057AAE.png","contentUrl":"https:\/\/uniest.it\/wp-content\/uploads\/2020\/11\/057AAE.png","width":1283,"height":2000},{"@type":"BreadcrumbList","@id":"https:\/\/uniest.it\/prodotto\/nutridermo\/#breadcrumb","itemListElement":[{"@type":"ListItem","position":1,"name":"Home","item":"https:\/\/uniest.it\/es\/"},{"@type":"ListItem","position":2,"name":"Shop","item":"https:\/\/uniest.it\/shop\/"},{"@type":"ListItem","position":3,"name":"Nutridermo"}]},{"@type":"WebSite","@id":"https:\/\/uniest.it\/#website","url":"https:\/\/uniest.it\/","name":"Uniest","description":"Cosmetici Naturali e Bio","potentialAction":[{"@type":"SearchAction","target":{"@type":"EntryPoint","urlTemplate":"https:\/\/uniest.it\/?s={search_term_string}"},"query-input":{"@type":"PropertyValueSpecification","valueRequired":true,"valueName":"search_term_string"}}],"inLanguage":"es"}]}},"_links":{"self":[{"href":"https:\/\/uniest.it\/es\/wp-json\/wp\/v2\/product\/6137","targetHints":{"allow":["GET"]}}],"collection":[{"href":"https:\/\/uniest.it\/es\/wp-json\/wp\/v2\/product"}],"about":[{"href":"https:\/\/uniest.it\/es\/wp-json\/wp\/v2\/types\/product"}],"wp:featuredmedia":[{"embeddable":true,"href":"https:\/\/uniest.it\/es\/wp-json\/wp\/v2\/media\/6138"}],"wp:attachment":[{"href":"https:\/\/uniest.it\/es\/wp-json\/wp\/v2\/media?parent=6137"}],"wp:term":[{"taxonomy":"product_brand","embeddable":true,"href":"https:\/\/uniest.it\/es\/wp-json\/wp\/v2\/product_brand?post=6137"},{"taxonomy":"product_cat","embeddable":true,"href":"https:\/\/uniest.it\/es\/wp-json\/wp\/v2\/product_cat?post=6137"},{"taxonomy":"product_tag","embeddable":true,"href":"https:\/\/uniest.it\/es\/wp-json\/wp\/v2\/product_tag?post=6137"}],"curies":[{"name":"wp","href":"https:\/\/api.w.org\/{rel}","templated":true}]}}