{"id":6139,"date":"2024-10-23T17:26:16","date_gmt":"2024-10-23T16:26:16","guid":{"rendered":"https:\/\/uniest.it\/prodotto\/nutriderm-plus\/"},"modified":"2024-10-23T17:26:16","modified_gmt":"2024-10-23T16:26:16","slug":"nutriderm-plus","status":"publish","type":"product","link":"https:\/\/uniest.it\/es\/prodotto\/nutriderm-plus\/","title":{"rendered":"Nutriderm Plus"},"content":{"rendered":"<p>Nutriderm Plus es una crema nutritiva y antiarrugas a base de activos hidratantes y antioxidantes dise\u00f1ada para proteger la piel madura y restaurar la deshidrataci\u00f3n. Esta crema de textura con cuerpo es ideal para nutrir y regenerar la piel por la noche o durante las estaciones m\u00e1s fr\u00edas (oto\u00f1o\/invierno). Por la noche la piel despierta activando un proceso de regeneraci\u00f3n, reparando as\u00ed los da\u00f1os causados durante el d\u00eda y recreando as\u00ed la barrera protectora. El Complejo de Vitaminas A, E y F junto con la Coenzima Q10 realizan una excelente acci\u00f3n preventiva contra la formaci\u00f3n de arrugas, devolviendo as\u00ed vitalidad y elasticidad a las pieles maduras.<\/p>\n","protected":false},"excerpt":{"rendered":"<p>Nutriderm Plus es una crema nutritiva y antiarrugas a base de activos hidratantes y antioxidantes dise\u00f1ada para proteger la piel madura y restaurar la deshidrataci\u00f3n. Esta crema de textura con cuerpo es ideal para nutrir y regenerar la piel por la noche o durante las estaciones m\u00e1s fr\u00edas (oto\u00f1o\/invierno). Por la noche la piel despierta [&hellip;]<\/p>\n","protected":false},"featured_media":6140,"template":"","meta":{"_acf_changed":false,"inline_featured_image":false},"product_brand":[],"product_cat":[1435],"product_tag":[],"class_list":{"0":"post-6139","1":"product","2":"type-product","3":"status-publish","4":"has-post-thumbnail","6":"product_beauty-antirughe","7":"product_beauty-idratare","8":"product_beauty-nutrire-e-rigenerare","9":"product_beauty-rassodare-e-tonificare","10":"product_skin-pelli-mature-e-rughe","11":"product_kind-creme-antieta-e-prime-rughe","12":"product_kind-trattamenti-speciali","13":"product_kind-tutte-le-creme-viso","14":"product_lines-antirughe","15":"product_cat-viso-es","16":"pa_size-50-es","18":"first","19":"instock","20":"taxable","21":"shipping-taxable","22":"purchasable","23":"product-type-simple"},"acf":[],"yoast_head":"<!-- This site is optimized with the Yoast SEO plugin v24.6 - https:\/\/yoast.com\/wordpress\/plugins\/seo\/ -->\n<title>Nutriderm Plus - Uniest<\/title>\n<meta name=\"robots\" content=\"index, follow, max-snippet:-1, max-image-preview:large, max-video-preview:-1\" \/>\n<link rel=\"canonical\" href=\"https:\/\/uniest.it\/prodotto\/nutriderm-plus\/\" \/>\n<meta property=\"og:locale\" content=\"es_ES\" \/>\n<meta property=\"og:type\" content=\"article\" \/>\n<meta property=\"og:title\" content=\"Nutriderm Plus - Uniest\" \/>\n<meta property=\"og:description\" content=\"Nutriderm Plus es una crema nutritiva y antiarrugas a base de activos hidratantes y antioxidantes dise\u00f1ada para proteger la piel madura y restaurar la deshidrataci\u00f3n. Esta crema de textura con cuerpo es ideal para nutrir y regenerar la piel por la noche o durante las estaciones m\u00e1s fr\u00edas (oto\u00f1o\/invierno). Por la noche la piel despierta [&hellip;]\" \/>\n<meta property=\"og:url\" content=\"https:\/\/uniest.it\/prodotto\/nutriderm-plus\/\" \/>\n<meta property=\"og:site_name\" content=\"Uniest\" \/>\n<meta name=\"twitter:card\" content=\"summary_large_image\" \/>\n<meta name=\"twitter:label1\" content=\"Tiempo de lectura\" \/>\n\t<meta name=\"twitter:data1\" content=\"1 minuto\" \/>\n<script type=\"application\/ld+json\" class=\"yoast-schema-graph\">{\"@context\":\"https:\/\/schema.org\",\"@graph\":[{\"@type\":\"WebPage\",\"@id\":\"https:\/\/uniest.it\/prodotto\/nutriderm-plus\/\",\"url\":\"https:\/\/uniest.it\/prodotto\/nutriderm-plus\/\",\"name\":\"Nutriderm Plus - Uniest\",\"isPartOf\":{\"@id\":\"https:\/\/uniest.it\/#website\"},\"primaryImageOfPage\":{\"@id\":\"https:\/\/uniest.it\/prodotto\/nutriderm-plus\/#primaryimage\"},\"image\":{\"@id\":\"https:\/\/uniest.it\/prodotto\/nutriderm-plus\/#primaryimage\"},\"thumbnailUrl\":\"https:\/\/uniest.it\/wp-content\/uploads\/2020\/11\/060AAE.png\",\"datePublished\":\"2024-10-23T16:26:16+00:00\",\"breadcrumb\":{\"@id\":\"https:\/\/uniest.it\/prodotto\/nutriderm-plus\/#breadcrumb\"},\"inLanguage\":\"es\",\"potentialAction\":[{\"@type\":\"ReadAction\",\"target\":[\"https:\/\/uniest.it\/prodotto\/nutriderm-plus\/\"]}]},{\"@type\":\"ImageObject\",\"inLanguage\":\"es\",\"@id\":\"https:\/\/uniest.it\/prodotto\/nutriderm-plus\/#primaryimage\",\"url\":\"https:\/\/uniest.it\/wp-content\/uploads\/2020\/11\/060AAE.png\",\"contentUrl\":\"https:\/\/uniest.it\/wp-content\/uploads\/2020\/11\/060AAE.png\",\"width\":1283,\"height\":2000},{\"@type\":\"BreadcrumbList\",\"@id\":\"https:\/\/uniest.it\/prodotto\/nutriderm-plus\/#breadcrumb\",\"itemListElement\":[{\"@type\":\"ListItem\",\"position\":1,\"name\":\"Home\",\"item\":\"https:\/\/uniest.it\/es\/\"},{\"@type\":\"ListItem\",\"position\":2,\"name\":\"Shop\",\"item\":\"https:\/\/uniest.it\/shop\/\"},{\"@type\":\"ListItem\",\"position\":3,\"name\":\"Nutriderm Plus\"}]},{\"@type\":\"WebSite\",\"@id\":\"https:\/\/uniest.it\/#website\",\"url\":\"https:\/\/uniest.it\/\",\"name\":\"Uniest\",\"description\":\"Cosmetici Naturali e Bio\",\"potentialAction\":[{\"@type\":\"SearchAction\",\"target\":{\"@type\":\"EntryPoint\",\"urlTemplate\":\"https:\/\/uniest.it\/?s={search_term_string}\"},\"query-input\":{\"@type\":\"PropertyValueSpecification\",\"valueRequired\":true,\"valueName\":\"search_term_string\"}}],\"inLanguage\":\"es\"}]}<\/script>\n<!-- \/ Yoast SEO plugin. -->","yoast_head_json":{"title":"Nutriderm Plus - Uniest","robots":{"index":"index","follow":"follow","max-snippet":"max-snippet:-1","max-image-preview":"max-image-preview:large","max-video-preview":"max-video-preview:-1"},"canonical":"https:\/\/uniest.it\/prodotto\/nutriderm-plus\/","og_locale":"es_ES","og_type":"article","og_title":"Nutriderm Plus - Uniest","og_description":"Nutriderm Plus es una crema nutritiva y antiarrugas a base de activos hidratantes y antioxidantes dise\u00f1ada para proteger la piel madura y restaurar la deshidrataci\u00f3n. Esta crema de textura con cuerpo es ideal para nutrir y regenerar la piel por la noche o durante las estaciones m\u00e1s fr\u00edas (oto\u00f1o\/invierno). Por la noche la piel despierta [&hellip;]","og_url":"https:\/\/uniest.it\/prodotto\/nutriderm-plus\/","og_site_name":"Uniest","twitter_card":"summary_large_image","twitter_misc":{"Tiempo de lectura":"1 minuto"},"schema":{"@context":"https:\/\/schema.org","@graph":[{"@type":"WebPage","@id":"https:\/\/uniest.it\/prodotto\/nutriderm-plus\/","url":"https:\/\/uniest.it\/prodotto\/nutriderm-plus\/","name":"Nutriderm Plus - Uniest","isPartOf":{"@id":"https:\/\/uniest.it\/#website"},"primaryImageOfPage":{"@id":"https:\/\/uniest.it\/prodotto\/nutriderm-plus\/#primaryimage"},"image":{"@id":"https:\/\/uniest.it\/prodotto\/nutriderm-plus\/#primaryimage"},"thumbnailUrl":"https:\/\/uniest.it\/wp-content\/uploads\/2020\/11\/060AAE.png","datePublished":"2024-10-23T16:26:16+00:00","breadcrumb":{"@id":"https:\/\/uniest.it\/prodotto\/nutriderm-plus\/#breadcrumb"},"inLanguage":"es","potentialAction":[{"@type":"ReadAction","target":["https:\/\/uniest.it\/prodotto\/nutriderm-plus\/"]}]},{"@type":"ImageObject","inLanguage":"es","@id":"https:\/\/uniest.it\/prodotto\/nutriderm-plus\/#primaryimage","url":"https:\/\/uniest.it\/wp-content\/uploads\/2020\/11\/060AAE.png","contentUrl":"https:\/\/uniest.it\/wp-content\/uploads\/2020\/11\/060AAE.png","width":1283,"height":2000},{"@type":"BreadcrumbList","@id":"https:\/\/uniest.it\/prodotto\/nutriderm-plus\/#breadcrumb","itemListElement":[{"@type":"ListItem","position":1,"name":"Home","item":"https:\/\/uniest.it\/es\/"},{"@type":"ListItem","position":2,"name":"Shop","item":"https:\/\/uniest.it\/shop\/"},{"@type":"ListItem","position":3,"name":"Nutriderm Plus"}]},{"@type":"WebSite","@id":"https:\/\/uniest.it\/#website","url":"https:\/\/uniest.it\/","name":"Uniest","description":"Cosmetici Naturali e Bio","potentialAction":[{"@type":"SearchAction","target":{"@type":"EntryPoint","urlTemplate":"https:\/\/uniest.it\/?s={search_term_string}"},"query-input":{"@type":"PropertyValueSpecification","valueRequired":true,"valueName":"search_term_string"}}],"inLanguage":"es"}]}},"_links":{"self":[{"href":"https:\/\/uniest.it\/es\/wp-json\/wp\/v2\/product\/6139","targetHints":{"allow":["GET"]}}],"collection":[{"href":"https:\/\/uniest.it\/es\/wp-json\/wp\/v2\/product"}],"about":[{"href":"https:\/\/uniest.it\/es\/wp-json\/wp\/v2\/types\/product"}],"wp:featuredmedia":[{"embeddable":true,"href":"https:\/\/uniest.it\/es\/wp-json\/wp\/v2\/media\/6140"}],"wp:attachment":[{"href":"https:\/\/uniest.it\/es\/wp-json\/wp\/v2\/media?parent=6139"}],"wp:term":[{"taxonomy":"product_brand","embeddable":true,"href":"https:\/\/uniest.it\/es\/wp-json\/wp\/v2\/product_brand?post=6139"},{"taxonomy":"product_cat","embeddable":true,"href":"https:\/\/uniest.it\/es\/wp-json\/wp\/v2\/product_cat?post=6139"},{"taxonomy":"product_tag","embeddable":true,"href":"https:\/\/uniest.it\/es\/wp-json\/wp\/v2\/product_tag?post=6139"}],"curies":[{"name":"wp","href":"https:\/\/api.w.org\/{rel}","templated":true}]}}