{"id":6141,"date":"2024-10-23T17:26:17","date_gmt":"2024-10-23T16:26:17","guid":{"rendered":"https:\/\/uniest.it\/prodotto\/champu-delicado-para-bano-y-ducha\/"},"modified":"2024-10-23T17:26:17","modified_gmt":"2024-10-23T16:26:17","slug":"champu-delicado-para-bano-y-ducha","status":"publish","type":"product","link":"https:\/\/uniest.it\/es\/prodotto\/champu-delicado-para-bano-y-ducha\/","title":{"rendered":"Champ\u00fa delicado para ba\u00f1o y ducha"},"content":{"rendered":"<p>Ba\u00f1o de ducha delicado: es un ba\u00f1o de ducha delicado, hidratante y calmante, formulado con tensioactivos naturales y derivados vegetales del aceite de coco y de oliva. Contiene extracto de Cal\u00e9ndula Org\u00e1nica y Glicerina Vegetal, hidratante y reepitelizante, mientras que el \u00c1cido L\u00e1ctico ayuda a mantener el equilibrio del pH. Formulado con el extracto vegetal natural de Cal\u00e9ndula Org\u00e1nica*, es una v\u00e1lida ayuda en el tratamiento de casos de irritaci\u00f3n, enrojecimiento y otros problemas de la piel. El aceite esencial de mentol y el extracto org\u00e1nico de Aloe Barbadensis, conocidos por sus propiedades refrescantes y calmantes, aportan bienestar y frescura. Contiene Tensioactivo Natural particular delicado para la piel, con alto poder limpiador, altamente biodegradable, con buena formaci\u00f3n de espuma. Este gel de ducha es un precioso complemento para la higiene diaria de tu hijo y ayuda a la piel a mantener sus defensas naturales y a limpiarla suavemente. *Procedente de agricultura ecol\u00f3gica<\/p>\n","protected":false},"excerpt":{"rendered":"<p>Ba\u00f1o de ducha delicado: es un ba\u00f1o de ducha delicado, hidratante y calmante, formulado con tensioactivos naturales y derivados vegetales del aceite de coco y de oliva. Contiene extracto de Cal\u00e9ndula Org\u00e1nica y Glicerina Vegetal, hidratante y reepitelizante, mientras que el \u00c1cido L\u00e1ctico ayuda a mantener el equilibrio del pH. Formulado con el extracto vegetal [&hellip;]<\/p>\n","protected":false},"featured_media":6142,"template":"","meta":{"_acf_changed":false,"inline_featured_image":false},"product_brand":[],"product_cat":[1430],"product_tag":[],"class_list":{"0":"post-6141","1":"product","2":"type-product","3":"status-publish","4":"has-post-thumbnail","6":"product_beauty-aromatizzare-e-profumare","7":"product_beauty-detergere","8":"product_beauty-idratare","9":"product_beauty-lenire","10":"product_beauty-proteggere","11":"product_skin-pelli-delicate-e-sensibili","12":"product_skin-pelli-giovani-e-prime-rughe","13":"product_skin-pelli-grasse-e-miste","14":"product_skin-pelli-mature-e-rughe","15":"product_skin-pelli-secche-e-normali","16":"product_skin-tutte-le-pelli","17":"product_skin-tutti-i-capelli","18":"product_kind-bagno","19":"product_kind-doccia","20":"product_kind-prodotti-baby-mamy","21":"product_kind-shampoo-e-detergenza","22":"product_lines-baby-mamy","23":"product_cat-famiglia-e-pet-es","24":"pa_size-250-es","26":"first","27":"instock","28":"taxable","29":"shipping-taxable","30":"purchasable","31":"product-type-simple"},"acf":[],"yoast_head":"<!-- This site is optimized with the Yoast SEO plugin v24.6 - https:\/\/yoast.com\/wordpress\/plugins\/seo\/ -->\n<title>Champ\u00fa delicado para ba\u00f1o y ducha - Uniest<\/title>\n<meta name=\"robots\" content=\"index, follow, max-snippet:-1, max-image-preview:large, max-video-preview:-1\" \/>\n<link rel=\"canonical\" href=\"https:\/\/uniest.it\/prodotto\/champu-delicado-para-bano-y-ducha\/\" \/>\n<meta property=\"og:locale\" content=\"es_ES\" \/>\n<meta property=\"og:type\" content=\"article\" \/>\n<meta property=\"og:title\" content=\"Champ\u00fa delicado para ba\u00f1o y ducha - Uniest\" \/>\n<meta property=\"og:description\" content=\"Ba\u00f1o de ducha delicado: es un ba\u00f1o de ducha delicado, hidratante y calmante, formulado con tensioactivos naturales y derivados vegetales del aceite de coco y de oliva. Contiene extracto de Cal\u00e9ndula Org\u00e1nica y Glicerina Vegetal, hidratante y reepitelizante, mientras que el \u00c1cido L\u00e1ctico ayuda a mantener el equilibrio del pH. Formulado con el extracto vegetal [&hellip;]\" \/>\n<meta property=\"og:url\" content=\"https:\/\/uniest.it\/prodotto\/champu-delicado-para-bano-y-ducha\/\" \/>\n<meta property=\"og:site_name\" content=\"Uniest\" \/>\n<meta name=\"twitter:card\" content=\"summary_large_image\" \/>\n<meta name=\"twitter:label1\" content=\"Tiempo de lectura\" \/>\n\t<meta name=\"twitter:data1\" content=\"1 minuto\" \/>\n<script type=\"application\/ld+json\" class=\"yoast-schema-graph\">{\"@context\":\"https:\/\/schema.org\",\"@graph\":[{\"@type\":\"WebPage\",\"@id\":\"https:\/\/uniest.it\/prodotto\/champu-delicado-para-bano-y-ducha\/\",\"url\":\"https:\/\/uniest.it\/prodotto\/champu-delicado-para-bano-y-ducha\/\",\"name\":\"Champ\u00fa delicado para ba\u00f1o y ducha - Uniest\",\"isPartOf\":{\"@id\":\"https:\/\/uniest.it\/#website\"},\"primaryImageOfPage\":{\"@id\":\"https:\/\/uniest.it\/prodotto\/champu-delicado-para-bano-y-ducha\/#primaryimage\"},\"image\":{\"@id\":\"https:\/\/uniest.it\/prodotto\/champu-delicado-para-bano-y-ducha\/#primaryimage\"},\"thumbnailUrl\":\"https:\/\/uniest.it\/wp-content\/uploads\/2020\/11\/061AAA.png\",\"datePublished\":\"2024-10-23T16:26:17+00:00\",\"breadcrumb\":{\"@id\":\"https:\/\/uniest.it\/prodotto\/champu-delicado-para-bano-y-ducha\/#breadcrumb\"},\"inLanguage\":\"es\",\"potentialAction\":[{\"@type\":\"ReadAction\",\"target\":[\"https:\/\/uniest.it\/prodotto\/champu-delicado-para-bano-y-ducha\/\"]}]},{\"@type\":\"ImageObject\",\"inLanguage\":\"es\",\"@id\":\"https:\/\/uniest.it\/prodotto\/champu-delicado-para-bano-y-ducha\/#primaryimage\",\"url\":\"https:\/\/uniest.it\/wp-content\/uploads\/2020\/11\/061AAA.png\",\"contentUrl\":\"https:\/\/uniest.it\/wp-content\/uploads\/2020\/11\/061AAA.png\",\"width\":1283,\"height\":2001},{\"@type\":\"BreadcrumbList\",\"@id\":\"https:\/\/uniest.it\/prodotto\/champu-delicado-para-bano-y-ducha\/#breadcrumb\",\"itemListElement\":[{\"@type\":\"ListItem\",\"position\":1,\"name\":\"Home\",\"item\":\"https:\/\/uniest.it\/es\/\"},{\"@type\":\"ListItem\",\"position\":2,\"name\":\"Shop\",\"item\":\"https:\/\/uniest.it\/shop\/\"},{\"@type\":\"ListItem\",\"position\":3,\"name\":\"Champ\u00fa delicado para ba\u00f1o y ducha\"}]},{\"@type\":\"WebSite\",\"@id\":\"https:\/\/uniest.it\/#website\",\"url\":\"https:\/\/uniest.it\/\",\"name\":\"Uniest\",\"description\":\"Cosmetici Naturali e Bio\",\"potentialAction\":[{\"@type\":\"SearchAction\",\"target\":{\"@type\":\"EntryPoint\",\"urlTemplate\":\"https:\/\/uniest.it\/?s={search_term_string}\"},\"query-input\":{\"@type\":\"PropertyValueSpecification\",\"valueRequired\":true,\"valueName\":\"search_term_string\"}}],\"inLanguage\":\"es\"}]}<\/script>\n<!-- \/ Yoast SEO plugin. -->","yoast_head_json":{"title":"Champ\u00fa delicado para ba\u00f1o y ducha - Uniest","robots":{"index":"index","follow":"follow","max-snippet":"max-snippet:-1","max-image-preview":"max-image-preview:large","max-video-preview":"max-video-preview:-1"},"canonical":"https:\/\/uniest.it\/prodotto\/champu-delicado-para-bano-y-ducha\/","og_locale":"es_ES","og_type":"article","og_title":"Champ\u00fa delicado para ba\u00f1o y ducha - Uniest","og_description":"Ba\u00f1o de ducha delicado: es un ba\u00f1o de ducha delicado, hidratante y calmante, formulado con tensioactivos naturales y derivados vegetales del aceite de coco y de oliva. Contiene extracto de Cal\u00e9ndula Org\u00e1nica y Glicerina Vegetal, hidratante y reepitelizante, mientras que el \u00c1cido L\u00e1ctico ayuda a mantener el equilibrio del pH. Formulado con el extracto vegetal [&hellip;]","og_url":"https:\/\/uniest.it\/prodotto\/champu-delicado-para-bano-y-ducha\/","og_site_name":"Uniest","twitter_card":"summary_large_image","twitter_misc":{"Tiempo de lectura":"1 minuto"},"schema":{"@context":"https:\/\/schema.org","@graph":[{"@type":"WebPage","@id":"https:\/\/uniest.it\/prodotto\/champu-delicado-para-bano-y-ducha\/","url":"https:\/\/uniest.it\/prodotto\/champu-delicado-para-bano-y-ducha\/","name":"Champ\u00fa delicado para ba\u00f1o y ducha - Uniest","isPartOf":{"@id":"https:\/\/uniest.it\/#website"},"primaryImageOfPage":{"@id":"https:\/\/uniest.it\/prodotto\/champu-delicado-para-bano-y-ducha\/#primaryimage"},"image":{"@id":"https:\/\/uniest.it\/prodotto\/champu-delicado-para-bano-y-ducha\/#primaryimage"},"thumbnailUrl":"https:\/\/uniest.it\/wp-content\/uploads\/2020\/11\/061AAA.png","datePublished":"2024-10-23T16:26:17+00:00","breadcrumb":{"@id":"https:\/\/uniest.it\/prodotto\/champu-delicado-para-bano-y-ducha\/#breadcrumb"},"inLanguage":"es","potentialAction":[{"@type":"ReadAction","target":["https:\/\/uniest.it\/prodotto\/champu-delicado-para-bano-y-ducha\/"]}]},{"@type":"ImageObject","inLanguage":"es","@id":"https:\/\/uniest.it\/prodotto\/champu-delicado-para-bano-y-ducha\/#primaryimage","url":"https:\/\/uniest.it\/wp-content\/uploads\/2020\/11\/061AAA.png","contentUrl":"https:\/\/uniest.it\/wp-content\/uploads\/2020\/11\/061AAA.png","width":1283,"height":2001},{"@type":"BreadcrumbList","@id":"https:\/\/uniest.it\/prodotto\/champu-delicado-para-bano-y-ducha\/#breadcrumb","itemListElement":[{"@type":"ListItem","position":1,"name":"Home","item":"https:\/\/uniest.it\/es\/"},{"@type":"ListItem","position":2,"name":"Shop","item":"https:\/\/uniest.it\/shop\/"},{"@type":"ListItem","position":3,"name":"Champ\u00fa delicado para ba\u00f1o y ducha"}]},{"@type":"WebSite","@id":"https:\/\/uniest.it\/#website","url":"https:\/\/uniest.it\/","name":"Uniest","description":"Cosmetici Naturali e Bio","potentialAction":[{"@type":"SearchAction","target":{"@type":"EntryPoint","urlTemplate":"https:\/\/uniest.it\/?s={search_term_string}"},"query-input":{"@type":"PropertyValueSpecification","valueRequired":true,"valueName":"search_term_string"}}],"inLanguage":"es"}]}},"_links":{"self":[{"href":"https:\/\/uniest.it\/es\/wp-json\/wp\/v2\/product\/6141","targetHints":{"allow":["GET"]}}],"collection":[{"href":"https:\/\/uniest.it\/es\/wp-json\/wp\/v2\/product"}],"about":[{"href":"https:\/\/uniest.it\/es\/wp-json\/wp\/v2\/types\/product"}],"wp:featuredmedia":[{"embeddable":true,"href":"https:\/\/uniest.it\/es\/wp-json\/wp\/v2\/media\/6142"}],"wp:attachment":[{"href":"https:\/\/uniest.it\/es\/wp-json\/wp\/v2\/media?parent=6141"}],"wp:term":[{"taxonomy":"product_brand","embeddable":true,"href":"https:\/\/uniest.it\/es\/wp-json\/wp\/v2\/product_brand?post=6141"},{"taxonomy":"product_cat","embeddable":true,"href":"https:\/\/uniest.it\/es\/wp-json\/wp\/v2\/product_cat?post=6141"},{"taxonomy":"product_tag","embeddable":true,"href":"https:\/\/uniest.it\/es\/wp-json\/wp\/v2\/product_tag?post=6141"}],"curies":[{"name":"wp","href":"https:\/\/api.w.org\/{rel}","templated":true}]}}