{"id":6145,"date":"2024-10-23T17:26:18","date_gmt":"2024-10-23T16:26:18","guid":{"rendered":"https:\/\/uniest.it\/prodotto\/fluido-completo\/"},"modified":"2024-10-23T17:26:18","modified_gmt":"2024-10-23T16:26:18","slug":"fluido-completo","status":"publish","type":"product","link":"https:\/\/uniest.it\/es\/prodotto\/fluido-completo\/","title":{"rendered":"Fluido completo"},"content":{"rendered":"<p>*Es posible que el embalaje difiera de la fotograf\u00eda. El Fluido Antienvejecimiento Completo es innovador y natural, caracterizado por una textura ligera y de f\u00e1cil absorci\u00f3n cut\u00e1nea. Ideal para hidratar la piel durante las estaciones (Primavera\/Verano). Su uso diario aporta a la piel sustancias esenciales para mantener las condiciones est\u00e9ticas cut\u00e1neas que el organismo fisiol\u00f3gicamente tiende a perder con el paso de los a\u00f1os. Su acci\u00f3n comprende cuatro fases diferenciadas: 1) Hidrataci\u00f3n gracias a sus emolientes: \u00e1cido hialur\u00f3nico, aceite de salvado de arroz, manteca de karit\u00e9 org\u00e1nica, lecitina de soja, glicerina vegetal y sorbitol. 2) Complejos Vitam\u00ednicos (AE): aumentan la producci\u00f3n de col\u00e1geno y la actividad antioxidante, contrarrestando el deterioro provocado por los radicales libres. 3) Efecto astringente y antiinflamatorio gracias al extracto de la planta de hamamelis, que act\u00faa reactivando la microcirculaci\u00f3n y fortaleciendo las estructuras del tejido cut\u00e1neo; 4) Tiene una acci\u00f3n calmante, calmante y protectora gracias al uso del aceite esencial natural de Ylang Ylang, que nutre la dermis devolvi\u00e9ndole su tono y luminosidad.<\/p>\n","protected":false},"excerpt":{"rendered":"<p>*Es posible que el embalaje difiera de la fotograf\u00eda. El Fluido Antienvejecimiento Completo es innovador y natural, caracterizado por una textura ligera y de f\u00e1cil absorci\u00f3n cut\u00e1nea. Ideal para hidratar la piel durante las estaciones (Primavera\/Verano). Su uso diario aporta a la piel sustancias esenciales para mantener las condiciones est\u00e9ticas cut\u00e1neas que el organismo fisiol\u00f3gicamente [&hellip;]<\/p>\n","protected":false},"featured_media":6146,"template":"","meta":{"_acf_changed":false,"inline_featured_image":false},"product_brand":[],"product_cat":[1435],"product_tag":[],"class_list":{"0":"post-6145","1":"product","2":"type-product","3":"status-publish","4":"has-post-thumbnail","6":"product_beauty-antirughe","7":"product_beauty-idratare","8":"product_beauty-nutrire-e-rigenerare","9":"product_beauty-rassodare-e-tonificare","10":"product_skin-pelli-delicate-e-sensibili","11":"product_skin-pelli-giovani-e-prime-rughe","12":"product_skin-pelli-mature-e-rughe","13":"product_kind-creme-antieta-e-prime-rughe","14":"product_kind-sieri-ed-oli","15":"product_kind-trattamenti-speciali","16":"product_lines-antirughe","17":"product_cat-viso-es","18":"pa_size-50-es","20":"first","21":"instock","22":"taxable","23":"shipping-taxable","24":"purchasable","25":"product-type-simple"},"acf":[],"yoast_head":"<!-- This site is optimized with the Yoast SEO plugin v24.6 - https:\/\/yoast.com\/wordpress\/plugins\/seo\/ -->\n<title>Fluido completo - Uniest<\/title>\n<meta name=\"robots\" content=\"index, follow, max-snippet:-1, max-image-preview:large, max-video-preview:-1\" \/>\n<link rel=\"canonical\" href=\"https:\/\/uniest.it\/prodotto\/fluido-completo\/\" \/>\n<meta property=\"og:locale\" content=\"es_ES\" \/>\n<meta property=\"og:type\" content=\"article\" \/>\n<meta property=\"og:title\" content=\"Fluido completo - Uniest\" \/>\n<meta property=\"og:description\" content=\"*Es posible que el embalaje difiera de la fotograf\u00eda. El Fluido Antienvejecimiento Completo es innovador y natural, caracterizado por una textura ligera y de f\u00e1cil absorci\u00f3n cut\u00e1nea. Ideal para hidratar la piel durante las estaciones (Primavera\/Verano). Su uso diario aporta a la piel sustancias esenciales para mantener las condiciones est\u00e9ticas cut\u00e1neas que el organismo fisiol\u00f3gicamente [&hellip;]\" \/>\n<meta property=\"og:url\" content=\"https:\/\/uniest.it\/prodotto\/fluido-completo\/\" \/>\n<meta property=\"og:site_name\" content=\"Uniest\" \/>\n<meta name=\"twitter:card\" content=\"summary_large_image\" \/>\n<meta name=\"twitter:label1\" content=\"Tiempo de lectura\" \/>\n\t<meta name=\"twitter:data1\" content=\"1 minuto\" \/>\n<script type=\"application\/ld+json\" class=\"yoast-schema-graph\">{\"@context\":\"https:\/\/schema.org\",\"@graph\":[{\"@type\":\"WebPage\",\"@id\":\"https:\/\/uniest.it\/prodotto\/fluido-completo\/\",\"url\":\"https:\/\/uniest.it\/prodotto\/fluido-completo\/\",\"name\":\"Fluido completo - Uniest\",\"isPartOf\":{\"@id\":\"https:\/\/uniest.it\/#website\"},\"primaryImageOfPage\":{\"@id\":\"https:\/\/uniest.it\/prodotto\/fluido-completo\/#primaryimage\"},\"image\":{\"@id\":\"https:\/\/uniest.it\/prodotto\/fluido-completo\/#primaryimage\"},\"thumbnailUrl\":\"https:\/\/uniest.it\/wp-content\/uploads\/2020\/11\/069AAE.png\",\"datePublished\":\"2024-10-23T16:26:18+00:00\",\"breadcrumb\":{\"@id\":\"https:\/\/uniest.it\/prodotto\/fluido-completo\/#breadcrumb\"},\"inLanguage\":\"es\",\"potentialAction\":[{\"@type\":\"ReadAction\",\"target\":[\"https:\/\/uniest.it\/prodotto\/fluido-completo\/\"]}]},{\"@type\":\"ImageObject\",\"inLanguage\":\"es\",\"@id\":\"https:\/\/uniest.it\/prodotto\/fluido-completo\/#primaryimage\",\"url\":\"https:\/\/uniest.it\/wp-content\/uploads\/2020\/11\/069AAE.png\",\"contentUrl\":\"https:\/\/uniest.it\/wp-content\/uploads\/2020\/11\/069AAE.png\",\"width\":1283,\"height\":2000},{\"@type\":\"BreadcrumbList\",\"@id\":\"https:\/\/uniest.it\/prodotto\/fluido-completo\/#breadcrumb\",\"itemListElement\":[{\"@type\":\"ListItem\",\"position\":1,\"name\":\"Home\",\"item\":\"https:\/\/uniest.it\/es\/\"},{\"@type\":\"ListItem\",\"position\":2,\"name\":\"Shop\",\"item\":\"https:\/\/uniest.it\/shop\/\"},{\"@type\":\"ListItem\",\"position\":3,\"name\":\"Fluido completo\"}]},{\"@type\":\"WebSite\",\"@id\":\"https:\/\/uniest.it\/#website\",\"url\":\"https:\/\/uniest.it\/\",\"name\":\"Uniest\",\"description\":\"Cosmetici Naturali e Bio\",\"potentialAction\":[{\"@type\":\"SearchAction\",\"target\":{\"@type\":\"EntryPoint\",\"urlTemplate\":\"https:\/\/uniest.it\/?s={search_term_string}\"},\"query-input\":{\"@type\":\"PropertyValueSpecification\",\"valueRequired\":true,\"valueName\":\"search_term_string\"}}],\"inLanguage\":\"es\"}]}<\/script>\n<!-- \/ Yoast SEO plugin. -->","yoast_head_json":{"title":"Fluido completo - Uniest","robots":{"index":"index","follow":"follow","max-snippet":"max-snippet:-1","max-image-preview":"max-image-preview:large","max-video-preview":"max-video-preview:-1"},"canonical":"https:\/\/uniest.it\/prodotto\/fluido-completo\/","og_locale":"es_ES","og_type":"article","og_title":"Fluido completo - Uniest","og_description":"*Es posible que el embalaje difiera de la fotograf\u00eda. El Fluido Antienvejecimiento Completo es innovador y natural, caracterizado por una textura ligera y de f\u00e1cil absorci\u00f3n cut\u00e1nea. Ideal para hidratar la piel durante las estaciones (Primavera\/Verano). Su uso diario aporta a la piel sustancias esenciales para mantener las condiciones est\u00e9ticas cut\u00e1neas que el organismo fisiol\u00f3gicamente [&hellip;]","og_url":"https:\/\/uniest.it\/prodotto\/fluido-completo\/","og_site_name":"Uniest","twitter_card":"summary_large_image","twitter_misc":{"Tiempo de lectura":"1 minuto"},"schema":{"@context":"https:\/\/schema.org","@graph":[{"@type":"WebPage","@id":"https:\/\/uniest.it\/prodotto\/fluido-completo\/","url":"https:\/\/uniest.it\/prodotto\/fluido-completo\/","name":"Fluido completo - Uniest","isPartOf":{"@id":"https:\/\/uniest.it\/#website"},"primaryImageOfPage":{"@id":"https:\/\/uniest.it\/prodotto\/fluido-completo\/#primaryimage"},"image":{"@id":"https:\/\/uniest.it\/prodotto\/fluido-completo\/#primaryimage"},"thumbnailUrl":"https:\/\/uniest.it\/wp-content\/uploads\/2020\/11\/069AAE.png","datePublished":"2024-10-23T16:26:18+00:00","breadcrumb":{"@id":"https:\/\/uniest.it\/prodotto\/fluido-completo\/#breadcrumb"},"inLanguage":"es","potentialAction":[{"@type":"ReadAction","target":["https:\/\/uniest.it\/prodotto\/fluido-completo\/"]}]},{"@type":"ImageObject","inLanguage":"es","@id":"https:\/\/uniest.it\/prodotto\/fluido-completo\/#primaryimage","url":"https:\/\/uniest.it\/wp-content\/uploads\/2020\/11\/069AAE.png","contentUrl":"https:\/\/uniest.it\/wp-content\/uploads\/2020\/11\/069AAE.png","width":1283,"height":2000},{"@type":"BreadcrumbList","@id":"https:\/\/uniest.it\/prodotto\/fluido-completo\/#breadcrumb","itemListElement":[{"@type":"ListItem","position":1,"name":"Home","item":"https:\/\/uniest.it\/es\/"},{"@type":"ListItem","position":2,"name":"Shop","item":"https:\/\/uniest.it\/shop\/"},{"@type":"ListItem","position":3,"name":"Fluido completo"}]},{"@type":"WebSite","@id":"https:\/\/uniest.it\/#website","url":"https:\/\/uniest.it\/","name":"Uniest","description":"Cosmetici Naturali e Bio","potentialAction":[{"@type":"SearchAction","target":{"@type":"EntryPoint","urlTemplate":"https:\/\/uniest.it\/?s={search_term_string}"},"query-input":{"@type":"PropertyValueSpecification","valueRequired":true,"valueName":"search_term_string"}}],"inLanguage":"es"}]}},"_links":{"self":[{"href":"https:\/\/uniest.it\/es\/wp-json\/wp\/v2\/product\/6145","targetHints":{"allow":["GET"]}}],"collection":[{"href":"https:\/\/uniest.it\/es\/wp-json\/wp\/v2\/product"}],"about":[{"href":"https:\/\/uniest.it\/es\/wp-json\/wp\/v2\/types\/product"}],"wp:featuredmedia":[{"embeddable":true,"href":"https:\/\/uniest.it\/es\/wp-json\/wp\/v2\/media\/6146"}],"wp:attachment":[{"href":"https:\/\/uniest.it\/es\/wp-json\/wp\/v2\/media?parent=6145"}],"wp:term":[{"taxonomy":"product_brand","embeddable":true,"href":"https:\/\/uniest.it\/es\/wp-json\/wp\/v2\/product_brand?post=6145"},{"taxonomy":"product_cat","embeddable":true,"href":"https:\/\/uniest.it\/es\/wp-json\/wp\/v2\/product_cat?post=6145"},{"taxonomy":"product_tag","embeddable":true,"href":"https:\/\/uniest.it\/es\/wp-json\/wp\/v2\/product_tag?post=6145"}],"curies":[{"name":"wp","href":"https:\/\/api.w.org\/{rel}","templated":true}]}}