{"id":6147,"date":"2021-02-04T12:59:03","date_gmt":"2024-10-23T16:26:18","guid":{"rendered":"https:\/\/uniest.it\/prodotto\/fitomascarilla-anti-envejecimiento\/"},"modified":"2025-03-04T00:00:47","modified_gmt":"2025-03-03T23:00:47","slug":"fitomascarilla-anti-envejecimiento","status":"publish","type":"product","link":"https:\/\/uniest.it\/es\/prodotto\/fitomascarilla-anti-envejecimiento\/","title":{"rendered":"Fitomascarilla anti-envejecimiento"},"content":{"rendered":"<p>Fitomask Antiedad es una suave mascarilla antiedad, nutritiva y reestructurante sobre una base cremosa, dise\u00f1ada para nutrir y regenerar, reestructurar, reafirmar y tonificar las pieles maduras. Al estar enriquecida con Aceite de Salvado de Arroz y Aceite Esencial de Lim\u00f3n, la mascarilla hidrata y aclara la piel, y est\u00e1 dise\u00f1ada con el objetivo de atenuar los signos del envejecimiento. Los extractos de Pr\u00f3polis, Ginkgo Biloba, Centella Asi\u00e1tica y Lecitina de Soja que contiene son una ayuda fundamental para recuperar el tono, el bienestar y la elasticidad. La Mascarilla Facial Antiedad es un tratamiento antiedad espec\u00edfico, que ayuda a que la piel recupere el nivel adecuado de elasticidad en tan solo unos minutos, minimizando as\u00ed la aparici\u00f3n de radicales libres.<\/p>\n","protected":false},"excerpt":{"rendered":"<p>Fitomask Antiedad es una suave mascarilla antiedad, nutritiva y reestructurante sobre una base cremosa, dise\u00f1ada para nutrir y regenerar, reestructurar, reafirmar y tonificar las pieles maduras. Al estar enriquecida con Aceite de Salvado de Arroz y Aceite Esencial de Lim\u00f3n, la mascarilla hidrata y aclara la piel, y est\u00e1 dise\u00f1ada con el objetivo de atenuar [&hellip;]<\/p>\n","protected":false},"featured_media":6148,"template":"","meta":{"_acf_changed":false,"inline_featured_image":false},"product_brand":[],"product_cat":[1435],"product_tag":[],"class_list":{"0":"post-6147","1":"product","2":"type-product","3":"status-publish","4":"has-post-thumbnail","6":"product_beauty-antirughe","7":"product_beauty-idratare","8":"product_beauty-nutrire-e-rigenerare","9":"product_beauty-rassodare-e-tonificare","10":"product_skin-pelli-delicate-e-sensibili","11":"product_skin-pelli-giovani-e-prime-rughe","12":"product_skin-pelli-mature-e-rughe","13":"product_kind-creme-antieta-e-prime-rughe","14":"product_kind-maschere-ed-esfolianti-viso","15":"product_lines-antirughe","16":"product_cat-viso-es","17":"pa_size-50-es","19":"first","20":"instock","21":"taxable","22":"shipping-taxable","23":"purchasable","24":"product-type-simple"},"acf":[],"yoast_head":"<!-- This site is optimized with the Yoast SEO plugin v24.6 - https:\/\/yoast.com\/wordpress\/plugins\/seo\/ -->\n<title>Fitomascarilla anti-envejecimiento - Uniest<\/title>\n<meta name=\"robots\" content=\"index, follow, max-snippet:-1, max-image-preview:large, max-video-preview:-1\" \/>\n<link rel=\"canonical\" href=\"https:\/\/uniest.it\/prodotto\/fitomascarilla-anti-envejecimiento\/\" \/>\n<meta property=\"og:locale\" content=\"es_ES\" \/>\n<meta property=\"og:type\" content=\"article\" \/>\n<meta property=\"og:title\" content=\"Fitomascarilla anti-envejecimiento - Uniest\" \/>\n<meta property=\"og:description\" content=\"Fitomask Antiedad es una suave mascarilla antiedad, nutritiva y reestructurante sobre una base cremosa, dise\u00f1ada para nutrir y regenerar, reestructurar, reafirmar y tonificar las pieles maduras. Al estar enriquecida con Aceite de Salvado de Arroz y Aceite Esencial de Lim\u00f3n, la mascarilla hidrata y aclara la piel, y est\u00e1 dise\u00f1ada con el objetivo de atenuar [&hellip;]\" \/>\n<meta property=\"og:url\" content=\"https:\/\/uniest.it\/prodotto\/fitomascarilla-anti-envejecimiento\/\" \/>\n<meta property=\"og:site_name\" content=\"Uniest\" \/>\n<meta property=\"article:modified_time\" content=\"2025-03-03T23:00:47+00:00\" \/>\n<meta name=\"twitter:card\" content=\"summary_large_image\" \/>\n<meta name=\"twitter:label1\" content=\"Tiempo de lectura\" \/>\n\t<meta name=\"twitter:data1\" content=\"1 minuto\" \/>\n<script type=\"application\/ld+json\" class=\"yoast-schema-graph\">{\"@context\":\"https:\/\/schema.org\",\"@graph\":[{\"@type\":\"WebPage\",\"@id\":\"https:\/\/uniest.it\/prodotto\/fitomascarilla-anti-envejecimiento\/\",\"url\":\"https:\/\/uniest.it\/prodotto\/fitomascarilla-anti-envejecimiento\/\",\"name\":\"Fitomascarilla anti-envejecimiento - Uniest\",\"isPartOf\":{\"@id\":\"https:\/\/uniest.it\/#website\"},\"primaryImageOfPage\":{\"@id\":\"https:\/\/uniest.it\/prodotto\/fitomascarilla-anti-envejecimiento\/#primaryimage\"},\"image\":{\"@id\":\"https:\/\/uniest.it\/prodotto\/fitomascarilla-anti-envejecimiento\/#primaryimage\"},\"thumbnailUrl\":\"https:\/\/uniest.it\/wp-content\/uploads\/2020\/11\/075AAE.png\",\"datePublished\":\"2024-10-23T16:26:18+00:00\",\"dateModified\":\"2025-03-03T23:00:47+00:00\",\"breadcrumb\":{\"@id\":\"https:\/\/uniest.it\/prodotto\/fitomascarilla-anti-envejecimiento\/#breadcrumb\"},\"inLanguage\":\"es\",\"potentialAction\":[{\"@type\":\"ReadAction\",\"target\":[\"https:\/\/uniest.it\/prodotto\/fitomascarilla-anti-envejecimiento\/\"]}]},{\"@type\":\"ImageObject\",\"inLanguage\":\"es\",\"@id\":\"https:\/\/uniest.it\/prodotto\/fitomascarilla-anti-envejecimiento\/#primaryimage\",\"url\":\"https:\/\/uniest.it\/wp-content\/uploads\/2020\/11\/075AAE.png\",\"contentUrl\":\"https:\/\/uniest.it\/wp-content\/uploads\/2020\/11\/075AAE.png\",\"width\":1283,\"height\":2000},{\"@type\":\"BreadcrumbList\",\"@id\":\"https:\/\/uniest.it\/prodotto\/fitomascarilla-anti-envejecimiento\/#breadcrumb\",\"itemListElement\":[{\"@type\":\"ListItem\",\"position\":1,\"name\":\"Home\",\"item\":\"https:\/\/uniest.it\/es\/\"},{\"@type\":\"ListItem\",\"position\":2,\"name\":\"Shop\",\"item\":\"https:\/\/uniest.it\/shop\/\"},{\"@type\":\"ListItem\",\"position\":3,\"name\":\"Fitomascarilla anti-envejecimiento\"}]},{\"@type\":\"WebSite\",\"@id\":\"https:\/\/uniest.it\/#website\",\"url\":\"https:\/\/uniest.it\/\",\"name\":\"Uniest\",\"description\":\"Cosmetici Naturali e Bio\",\"potentialAction\":[{\"@type\":\"SearchAction\",\"target\":{\"@type\":\"EntryPoint\",\"urlTemplate\":\"https:\/\/uniest.it\/?s={search_term_string}\"},\"query-input\":{\"@type\":\"PropertyValueSpecification\",\"valueRequired\":true,\"valueName\":\"search_term_string\"}}],\"inLanguage\":\"es\"}]}<\/script>\n<!-- \/ Yoast SEO plugin. -->","yoast_head_json":{"title":"Fitomascarilla anti-envejecimiento - Uniest","robots":{"index":"index","follow":"follow","max-snippet":"max-snippet:-1","max-image-preview":"max-image-preview:large","max-video-preview":"max-video-preview:-1"},"canonical":"https:\/\/uniest.it\/prodotto\/fitomascarilla-anti-envejecimiento\/","og_locale":"es_ES","og_type":"article","og_title":"Fitomascarilla anti-envejecimiento - Uniest","og_description":"Fitomask Antiedad es una suave mascarilla antiedad, nutritiva y reestructurante sobre una base cremosa, dise\u00f1ada para nutrir y regenerar, reestructurar, reafirmar y tonificar las pieles maduras. Al estar enriquecida con Aceite de Salvado de Arroz y Aceite Esencial de Lim\u00f3n, la mascarilla hidrata y aclara la piel, y est\u00e1 dise\u00f1ada con el objetivo de atenuar [&hellip;]","og_url":"https:\/\/uniest.it\/prodotto\/fitomascarilla-anti-envejecimiento\/","og_site_name":"Uniest","article_modified_time":"2025-03-03T23:00:47+00:00","twitter_card":"summary_large_image","twitter_misc":{"Tiempo de lectura":"1 minuto"},"schema":{"@context":"https:\/\/schema.org","@graph":[{"@type":"WebPage","@id":"https:\/\/uniest.it\/prodotto\/fitomascarilla-anti-envejecimiento\/","url":"https:\/\/uniest.it\/prodotto\/fitomascarilla-anti-envejecimiento\/","name":"Fitomascarilla anti-envejecimiento - Uniest","isPartOf":{"@id":"https:\/\/uniest.it\/#website"},"primaryImageOfPage":{"@id":"https:\/\/uniest.it\/prodotto\/fitomascarilla-anti-envejecimiento\/#primaryimage"},"image":{"@id":"https:\/\/uniest.it\/prodotto\/fitomascarilla-anti-envejecimiento\/#primaryimage"},"thumbnailUrl":"https:\/\/uniest.it\/wp-content\/uploads\/2020\/11\/075AAE.png","datePublished":"2024-10-23T16:26:18+00:00","dateModified":"2025-03-03T23:00:47+00:00","breadcrumb":{"@id":"https:\/\/uniest.it\/prodotto\/fitomascarilla-anti-envejecimiento\/#breadcrumb"},"inLanguage":"es","potentialAction":[{"@type":"ReadAction","target":["https:\/\/uniest.it\/prodotto\/fitomascarilla-anti-envejecimiento\/"]}]},{"@type":"ImageObject","inLanguage":"es","@id":"https:\/\/uniest.it\/prodotto\/fitomascarilla-anti-envejecimiento\/#primaryimage","url":"https:\/\/uniest.it\/wp-content\/uploads\/2020\/11\/075AAE.png","contentUrl":"https:\/\/uniest.it\/wp-content\/uploads\/2020\/11\/075AAE.png","width":1283,"height":2000},{"@type":"BreadcrumbList","@id":"https:\/\/uniest.it\/prodotto\/fitomascarilla-anti-envejecimiento\/#breadcrumb","itemListElement":[{"@type":"ListItem","position":1,"name":"Home","item":"https:\/\/uniest.it\/es\/"},{"@type":"ListItem","position":2,"name":"Shop","item":"https:\/\/uniest.it\/shop\/"},{"@type":"ListItem","position":3,"name":"Fitomascarilla anti-envejecimiento"}]},{"@type":"WebSite","@id":"https:\/\/uniest.it\/#website","url":"https:\/\/uniest.it\/","name":"Uniest","description":"Cosmetici Naturali e Bio","potentialAction":[{"@type":"SearchAction","target":{"@type":"EntryPoint","urlTemplate":"https:\/\/uniest.it\/?s={search_term_string}"},"query-input":{"@type":"PropertyValueSpecification","valueRequired":true,"valueName":"search_term_string"}}],"inLanguage":"es"}]}},"_links":{"self":[{"href":"https:\/\/uniest.it\/es\/wp-json\/wp\/v2\/product\/6147","targetHints":{"allow":["GET"]}}],"collection":[{"href":"https:\/\/uniest.it\/es\/wp-json\/wp\/v2\/product"}],"about":[{"href":"https:\/\/uniest.it\/es\/wp-json\/wp\/v2\/types\/product"}],"wp:featuredmedia":[{"embeddable":true,"href":"https:\/\/uniest.it\/es\/wp-json\/wp\/v2\/media\/6148"}],"wp:attachment":[{"href":"https:\/\/uniest.it\/es\/wp-json\/wp\/v2\/media?parent=6147"}],"wp:term":[{"taxonomy":"product_brand","embeddable":true,"href":"https:\/\/uniest.it\/es\/wp-json\/wp\/v2\/product_brand?post=6147"},{"taxonomy":"product_cat","embeddable":true,"href":"https:\/\/uniest.it\/es\/wp-json\/wp\/v2\/product_cat?post=6147"},{"taxonomy":"product_tag","embeddable":true,"href":"https:\/\/uniest.it\/es\/wp-json\/wp\/v2\/product_tag?post=6147"}],"curies":[{"name":"wp","href":"https:\/\/api.w.org\/{rel}","templated":true}]}}