{"id":6149,"date":"2024-10-23T17:26:19","date_gmt":"2024-10-23T16:26:19","guid":{"rendered":"https:\/\/uniest.it\/prodotto\/crema-acida-de-frutas\/"},"modified":"2024-10-23T17:26:19","modified_gmt":"2024-10-23T16:26:19","slug":"crema-acida-de-frutas","status":"publish","type":"product","link":"https:\/\/uniest.it\/es\/prodotto\/crema-acida-de-frutas\/","title":{"rendered":"Crema \u00e1cida de frutas"},"content":{"rendered":"<p>Crema \u00c1cida de Frutas Hidratante y regeneradora, ideal para pieles maduras y en \u00e9pocas de cambio de estaci\u00f3n y en verano, por lo que se recomienda utilizarla por la noche. Rico en principios activos naturales como el \u00c1cido C\u00edtrico (c\u00edtricos), el \u00c1cido L\u00e1ctico (leche) y el \u00c1cido Glic\u00f3lico (ca\u00f1a de az\u00facar). La eficacia antienvejecimiento est\u00e1 confirmada por numerosos estudios que demuestran una reducci\u00f3n significativa de las arrugas, aportando as\u00ed a la piel un efecto m\u00e1s suave, aterciopelado y fresco. Por ello, ya en la adolescencia conviene utilizar una crema hidratante b\u00e1sica para evitar la deshidrataci\u00f3n, ya que es la responsable de la aparici\u00f3n de arrugas y l\u00edneas de expresi\u00f3n.<\/p>\n","protected":false},"excerpt":{"rendered":"<p>Crema \u00c1cida de Frutas Hidratante y regeneradora, ideal para pieles maduras y en \u00e9pocas de cambio de estaci\u00f3n y en verano, por lo que se recomienda utilizarla por la noche. Rico en principios activos naturales como el \u00c1cido C\u00edtrico (c\u00edtricos), el \u00c1cido L\u00e1ctico (leche) y el \u00c1cido Glic\u00f3lico (ca\u00f1a de az\u00facar). La eficacia antienvejecimiento est\u00e1 [&hellip;]<\/p>\n","protected":false},"featured_media":6150,"template":"","meta":{"_acf_changed":false,"inline_featured_image":false},"product_brand":[],"product_cat":[1435],"product_tag":[],"class_list":{"0":"post-6149","1":"product","2":"type-product","3":"status-publish","4":"has-post-thumbnail","6":"product_beauty-antirughe","7":"product_beauty-esfoliare","8":"product_beauty-idratare","9":"product_beauty-nutrire-e-rigenerare","10":"product_beauty-rassodare-e-tonificare","11":"product_skin-pelli-giovani-e-prime-rughe","12":"product_skin-pelli-mature-e-rughe","13":"product_kind-creme-antieta-e-prime-rughe","14":"product_kind-trattamenti-speciali","15":"product_kind-tutte-le-creme-viso","16":"product_lines-antirughe","17":"product_cat-viso-es","18":"pa_size-50-es","20":"first","21":"instock","22":"taxable","23":"shipping-taxable","24":"purchasable","25":"product-type-simple"},"acf":[],"yoast_head":"<!-- This site is optimized with the Yoast SEO plugin v24.6 - https:\/\/yoast.com\/wordpress\/plugins\/seo\/ -->\n<title>Crema \u00e1cida de frutas - Uniest<\/title>\n<meta name=\"robots\" content=\"index, follow, max-snippet:-1, max-image-preview:large, max-video-preview:-1\" \/>\n<link rel=\"canonical\" href=\"https:\/\/uniest.it\/prodotto\/crema-acida-de-frutas\/\" \/>\n<meta property=\"og:locale\" content=\"es_ES\" \/>\n<meta property=\"og:type\" content=\"article\" \/>\n<meta property=\"og:title\" content=\"Crema \u00e1cida de frutas - Uniest\" \/>\n<meta property=\"og:description\" content=\"Crema \u00c1cida de Frutas Hidratante y regeneradora, ideal para pieles maduras y en \u00e9pocas de cambio de estaci\u00f3n y en verano, por lo que se recomienda utilizarla por la noche. Rico en principios activos naturales como el \u00c1cido C\u00edtrico (c\u00edtricos), el \u00c1cido L\u00e1ctico (leche) y el \u00c1cido Glic\u00f3lico (ca\u00f1a de az\u00facar). La eficacia antienvejecimiento est\u00e1 [&hellip;]\" \/>\n<meta property=\"og:url\" content=\"https:\/\/uniest.it\/prodotto\/crema-acida-de-frutas\/\" \/>\n<meta property=\"og:site_name\" content=\"Uniest\" \/>\n<meta name=\"twitter:card\" content=\"summary_large_image\" \/>\n<meta name=\"twitter:label1\" content=\"Tiempo de lectura\" \/>\n\t<meta name=\"twitter:data1\" content=\"1 minuto\" \/>\n<script type=\"application\/ld+json\" class=\"yoast-schema-graph\">{\"@context\":\"https:\/\/schema.org\",\"@graph\":[{\"@type\":\"WebPage\",\"@id\":\"https:\/\/uniest.it\/prodotto\/crema-acida-de-frutas\/\",\"url\":\"https:\/\/uniest.it\/prodotto\/crema-acida-de-frutas\/\",\"name\":\"Crema \u00e1cida de frutas - Uniest\",\"isPartOf\":{\"@id\":\"https:\/\/uniest.it\/#website\"},\"primaryImageOfPage\":{\"@id\":\"https:\/\/uniest.it\/prodotto\/crema-acida-de-frutas\/#primaryimage\"},\"image\":{\"@id\":\"https:\/\/uniest.it\/prodotto\/crema-acida-de-frutas\/#primaryimage\"},\"thumbnailUrl\":\"https:\/\/uniest.it\/wp-content\/uploads\/2020\/11\/078AAE.png\",\"datePublished\":\"2024-10-23T16:26:19+00:00\",\"breadcrumb\":{\"@id\":\"https:\/\/uniest.it\/prodotto\/crema-acida-de-frutas\/#breadcrumb\"},\"inLanguage\":\"es\",\"potentialAction\":[{\"@type\":\"ReadAction\",\"target\":[\"https:\/\/uniest.it\/prodotto\/crema-acida-de-frutas\/\"]}]},{\"@type\":\"ImageObject\",\"inLanguage\":\"es\",\"@id\":\"https:\/\/uniest.it\/prodotto\/crema-acida-de-frutas\/#primaryimage\",\"url\":\"https:\/\/uniest.it\/wp-content\/uploads\/2020\/11\/078AAE.png\",\"contentUrl\":\"https:\/\/uniest.it\/wp-content\/uploads\/2020\/11\/078AAE.png\",\"width\":1283,\"height\":2000},{\"@type\":\"BreadcrumbList\",\"@id\":\"https:\/\/uniest.it\/prodotto\/crema-acida-de-frutas\/#breadcrumb\",\"itemListElement\":[{\"@type\":\"ListItem\",\"position\":1,\"name\":\"Home\",\"item\":\"https:\/\/uniest.it\/es\/\"},{\"@type\":\"ListItem\",\"position\":2,\"name\":\"Shop\",\"item\":\"https:\/\/uniest.it\/shop\/\"},{\"@type\":\"ListItem\",\"position\":3,\"name\":\"Crema \u00e1cida de frutas\"}]},{\"@type\":\"WebSite\",\"@id\":\"https:\/\/uniest.it\/#website\",\"url\":\"https:\/\/uniest.it\/\",\"name\":\"Uniest\",\"description\":\"Cosmetici Naturali e Bio\",\"potentialAction\":[{\"@type\":\"SearchAction\",\"target\":{\"@type\":\"EntryPoint\",\"urlTemplate\":\"https:\/\/uniest.it\/?s={search_term_string}\"},\"query-input\":{\"@type\":\"PropertyValueSpecification\",\"valueRequired\":true,\"valueName\":\"search_term_string\"}}],\"inLanguage\":\"es\"}]}<\/script>\n<!-- \/ Yoast SEO plugin. -->","yoast_head_json":{"title":"Crema \u00e1cida de frutas - Uniest","robots":{"index":"index","follow":"follow","max-snippet":"max-snippet:-1","max-image-preview":"max-image-preview:large","max-video-preview":"max-video-preview:-1"},"canonical":"https:\/\/uniest.it\/prodotto\/crema-acida-de-frutas\/","og_locale":"es_ES","og_type":"article","og_title":"Crema \u00e1cida de frutas - Uniest","og_description":"Crema \u00c1cida de Frutas Hidratante y regeneradora, ideal para pieles maduras y en \u00e9pocas de cambio de estaci\u00f3n y en verano, por lo que se recomienda utilizarla por la noche. Rico en principios activos naturales como el \u00c1cido C\u00edtrico (c\u00edtricos), el \u00c1cido L\u00e1ctico (leche) y el \u00c1cido Glic\u00f3lico (ca\u00f1a de az\u00facar). La eficacia antienvejecimiento est\u00e1 [&hellip;]","og_url":"https:\/\/uniest.it\/prodotto\/crema-acida-de-frutas\/","og_site_name":"Uniest","twitter_card":"summary_large_image","twitter_misc":{"Tiempo de lectura":"1 minuto"},"schema":{"@context":"https:\/\/schema.org","@graph":[{"@type":"WebPage","@id":"https:\/\/uniest.it\/prodotto\/crema-acida-de-frutas\/","url":"https:\/\/uniest.it\/prodotto\/crema-acida-de-frutas\/","name":"Crema \u00e1cida de frutas - Uniest","isPartOf":{"@id":"https:\/\/uniest.it\/#website"},"primaryImageOfPage":{"@id":"https:\/\/uniest.it\/prodotto\/crema-acida-de-frutas\/#primaryimage"},"image":{"@id":"https:\/\/uniest.it\/prodotto\/crema-acida-de-frutas\/#primaryimage"},"thumbnailUrl":"https:\/\/uniest.it\/wp-content\/uploads\/2020\/11\/078AAE.png","datePublished":"2024-10-23T16:26:19+00:00","breadcrumb":{"@id":"https:\/\/uniest.it\/prodotto\/crema-acida-de-frutas\/#breadcrumb"},"inLanguage":"es","potentialAction":[{"@type":"ReadAction","target":["https:\/\/uniest.it\/prodotto\/crema-acida-de-frutas\/"]}]},{"@type":"ImageObject","inLanguage":"es","@id":"https:\/\/uniest.it\/prodotto\/crema-acida-de-frutas\/#primaryimage","url":"https:\/\/uniest.it\/wp-content\/uploads\/2020\/11\/078AAE.png","contentUrl":"https:\/\/uniest.it\/wp-content\/uploads\/2020\/11\/078AAE.png","width":1283,"height":2000},{"@type":"BreadcrumbList","@id":"https:\/\/uniest.it\/prodotto\/crema-acida-de-frutas\/#breadcrumb","itemListElement":[{"@type":"ListItem","position":1,"name":"Home","item":"https:\/\/uniest.it\/es\/"},{"@type":"ListItem","position":2,"name":"Shop","item":"https:\/\/uniest.it\/shop\/"},{"@type":"ListItem","position":3,"name":"Crema \u00e1cida de frutas"}]},{"@type":"WebSite","@id":"https:\/\/uniest.it\/#website","url":"https:\/\/uniest.it\/","name":"Uniest","description":"Cosmetici Naturali e Bio","potentialAction":[{"@type":"SearchAction","target":{"@type":"EntryPoint","urlTemplate":"https:\/\/uniest.it\/?s={search_term_string}"},"query-input":{"@type":"PropertyValueSpecification","valueRequired":true,"valueName":"search_term_string"}}],"inLanguage":"es"}]}},"_links":{"self":[{"href":"https:\/\/uniest.it\/es\/wp-json\/wp\/v2\/product\/6149","targetHints":{"allow":["GET"]}}],"collection":[{"href":"https:\/\/uniest.it\/es\/wp-json\/wp\/v2\/product"}],"about":[{"href":"https:\/\/uniest.it\/es\/wp-json\/wp\/v2\/types\/product"}],"wp:featuredmedia":[{"embeddable":true,"href":"https:\/\/uniest.it\/es\/wp-json\/wp\/v2\/media\/6150"}],"wp:attachment":[{"href":"https:\/\/uniest.it\/es\/wp-json\/wp\/v2\/media?parent=6149"}],"wp:term":[{"taxonomy":"product_brand","embeddable":true,"href":"https:\/\/uniest.it\/es\/wp-json\/wp\/v2\/product_brand?post=6149"},{"taxonomy":"product_cat","embeddable":true,"href":"https:\/\/uniest.it\/es\/wp-json\/wp\/v2\/product_cat?post=6149"},{"taxonomy":"product_tag","embeddable":true,"href":"https:\/\/uniest.it\/es\/wp-json\/wp\/v2\/product_tag?post=6149"}],"curies":[{"name":"wp","href":"https:\/\/api.w.org\/{rel}","templated":true}]}}