{"id":6151,"date":"2024-10-23T17:26:19","date_gmt":"2024-10-23T16:26:19","guid":{"rendered":"https:\/\/uniest.it\/prodotto\/mascarilla-calmante\/"},"modified":"2024-10-23T17:26:19","modified_gmt":"2024-10-23T16:26:19","slug":"mascarilla-calmante","status":"publish","type":"product","link":"https:\/\/uniest.it\/es\/prodotto\/mascarilla-calmante\/","title":{"rendered":"Mascarilla Calmante"},"content":{"rendered":"<p>Soothing Mask es una innovadora mascarilla-b\u00e1lsamo previa al champ\u00fa, creada como un aut\u00e9ntico tratamiento de belleza con una fragancia no deseada para piojos e insectos. Su f\u00f3rmula natural especial ha sido mejorada con los ingredientes activos de Aceite de Andiroba, Aceite de Neem, Aceite de \u00c1rbol de T\u00e9 y Aceite Esencial de Lavanda. Esto permite que el producto libere en profundidad sus efectos beneficiosos y al mismo tiempo realice una delicada acci\u00f3n nutritiva y refrescante respetando plenamente el equilibrio epid\u00e9rmico. Su olor caracter\u00edstico es desagradable para los insectos\/piojos, creando un ambiente desfavorable para su asentamiento. Deja el cabello suave, brillante y f\u00e1cil de peinar y la piel hidratada y calmada y cabe destacar que no es un tratamiento qu\u00edmico ni un insecticida.<\/p>\n","protected":false},"excerpt":{"rendered":"<p>Soothing Mask es una innovadora mascarilla-b\u00e1lsamo previa al champ\u00fa, creada como un aut\u00e9ntico tratamiento de belleza con una fragancia no deseada para piojos e insectos. Su f\u00f3rmula natural especial ha sido mejorada con los ingredientes activos de Aceite de Andiroba, Aceite de Neem, Aceite de \u00c1rbol de T\u00e9 y Aceite Esencial de Lavanda. Esto permite [&hellip;]<\/p>\n","protected":false},"featured_media":6152,"template":"","meta":{"_acf_changed":false,"inline_featured_image":false},"product_brand":[],"product_cat":[1430],"product_tag":[],"class_list":{"0":"post-6151","1":"product","2":"type-product","3":"status-publish","4":"has-post-thumbnail","6":"product_beauty-idratare","7":"product_beauty-lenire","8":"product_beauty-proteggere","9":"product_skin-tutti-i-capelli","10":"product_kind-maschere-ed-esfolianti","11":"product_kind-prodotti-baby-mamy","12":"product_kind-trattamenti-speciali","13":"product_lines-baby-mamy","14":"product_cat-famiglia-e-pet-es","15":"pa_size-150-es","17":"first","18":"instock","19":"taxable","20":"shipping-taxable","21":"purchasable","22":"product-type-simple"},"acf":[],"yoast_head":"<!-- This site is optimized with the Yoast SEO plugin v24.6 - https:\/\/yoast.com\/wordpress\/plugins\/seo\/ -->\n<title>Mascarilla Calmante - Uniest<\/title>\n<meta name=\"robots\" content=\"index, follow, max-snippet:-1, max-image-preview:large, max-video-preview:-1\" \/>\n<link rel=\"canonical\" href=\"https:\/\/uniest.it\/prodotto\/mascarilla-calmante\/\" \/>\n<meta property=\"og:locale\" content=\"es_ES\" \/>\n<meta property=\"og:type\" content=\"article\" \/>\n<meta property=\"og:title\" content=\"Mascarilla Calmante - Uniest\" \/>\n<meta property=\"og:description\" content=\"Soothing Mask es una innovadora mascarilla-b\u00e1lsamo previa al champ\u00fa, creada como un aut\u00e9ntico tratamiento de belleza con una fragancia no deseada para piojos e insectos. Su f\u00f3rmula natural especial ha sido mejorada con los ingredientes activos de Aceite de Andiroba, Aceite de Neem, Aceite de \u00c1rbol de T\u00e9 y Aceite Esencial de Lavanda. Esto permite [&hellip;]\" \/>\n<meta property=\"og:url\" content=\"https:\/\/uniest.it\/prodotto\/mascarilla-calmante\/\" \/>\n<meta property=\"og:site_name\" content=\"Uniest\" \/>\n<meta name=\"twitter:card\" content=\"summary_large_image\" \/>\n<meta name=\"twitter:label1\" content=\"Tiempo de lectura\" \/>\n\t<meta name=\"twitter:data1\" content=\"1 minuto\" \/>\n<script type=\"application\/ld+json\" class=\"yoast-schema-graph\">{\"@context\":\"https:\/\/schema.org\",\"@graph\":[{\"@type\":\"WebPage\",\"@id\":\"https:\/\/uniest.it\/prodotto\/mascarilla-calmante\/\",\"url\":\"https:\/\/uniest.it\/prodotto\/mascarilla-calmante\/\",\"name\":\"Mascarilla Calmante - Uniest\",\"isPartOf\":{\"@id\":\"https:\/\/uniest.it\/#website\"},\"primaryImageOfPage\":{\"@id\":\"https:\/\/uniest.it\/prodotto\/mascarilla-calmante\/#primaryimage\"},\"image\":{\"@id\":\"https:\/\/uniest.it\/prodotto\/mascarilla-calmante\/#primaryimage\"},\"thumbnailUrl\":\"https:\/\/uniest.it\/wp-content\/uploads\/2020\/11\/080AAA.png\",\"datePublished\":\"2024-10-23T16:26:19+00:00\",\"breadcrumb\":{\"@id\":\"https:\/\/uniest.it\/prodotto\/mascarilla-calmante\/#breadcrumb\"},\"inLanguage\":\"es\",\"potentialAction\":[{\"@type\":\"ReadAction\",\"target\":[\"https:\/\/uniest.it\/prodotto\/mascarilla-calmante\/\"]}]},{\"@type\":\"ImageObject\",\"inLanguage\":\"es\",\"@id\":\"https:\/\/uniest.it\/prodotto\/mascarilla-calmante\/#primaryimage\",\"url\":\"https:\/\/uniest.it\/wp-content\/uploads\/2020\/11\/080AAA.png\",\"contentUrl\":\"https:\/\/uniest.it\/wp-content\/uploads\/2020\/11\/080AAA.png\",\"width\":1283,\"height\":2000},{\"@type\":\"BreadcrumbList\",\"@id\":\"https:\/\/uniest.it\/prodotto\/mascarilla-calmante\/#breadcrumb\",\"itemListElement\":[{\"@type\":\"ListItem\",\"position\":1,\"name\":\"Home\",\"item\":\"https:\/\/uniest.it\/es\/\"},{\"@type\":\"ListItem\",\"position\":2,\"name\":\"Shop\",\"item\":\"https:\/\/uniest.it\/shop\/\"},{\"@type\":\"ListItem\",\"position\":3,\"name\":\"Mascarilla Calmante\"}]},{\"@type\":\"WebSite\",\"@id\":\"https:\/\/uniest.it\/#website\",\"url\":\"https:\/\/uniest.it\/\",\"name\":\"Uniest\",\"description\":\"Cosmetici Naturali e Bio\",\"potentialAction\":[{\"@type\":\"SearchAction\",\"target\":{\"@type\":\"EntryPoint\",\"urlTemplate\":\"https:\/\/uniest.it\/?s={search_term_string}\"},\"query-input\":{\"@type\":\"PropertyValueSpecification\",\"valueRequired\":true,\"valueName\":\"search_term_string\"}}],\"inLanguage\":\"es\"}]}<\/script>\n<!-- \/ Yoast SEO plugin. -->","yoast_head_json":{"title":"Mascarilla Calmante - Uniest","robots":{"index":"index","follow":"follow","max-snippet":"max-snippet:-1","max-image-preview":"max-image-preview:large","max-video-preview":"max-video-preview:-1"},"canonical":"https:\/\/uniest.it\/prodotto\/mascarilla-calmante\/","og_locale":"es_ES","og_type":"article","og_title":"Mascarilla Calmante - Uniest","og_description":"Soothing Mask es una innovadora mascarilla-b\u00e1lsamo previa al champ\u00fa, creada como un aut\u00e9ntico tratamiento de belleza con una fragancia no deseada para piojos e insectos. Su f\u00f3rmula natural especial ha sido mejorada con los ingredientes activos de Aceite de Andiroba, Aceite de Neem, Aceite de \u00c1rbol de T\u00e9 y Aceite Esencial de Lavanda. Esto permite [&hellip;]","og_url":"https:\/\/uniest.it\/prodotto\/mascarilla-calmante\/","og_site_name":"Uniest","twitter_card":"summary_large_image","twitter_misc":{"Tiempo de lectura":"1 minuto"},"schema":{"@context":"https:\/\/schema.org","@graph":[{"@type":"WebPage","@id":"https:\/\/uniest.it\/prodotto\/mascarilla-calmante\/","url":"https:\/\/uniest.it\/prodotto\/mascarilla-calmante\/","name":"Mascarilla Calmante - Uniest","isPartOf":{"@id":"https:\/\/uniest.it\/#website"},"primaryImageOfPage":{"@id":"https:\/\/uniest.it\/prodotto\/mascarilla-calmante\/#primaryimage"},"image":{"@id":"https:\/\/uniest.it\/prodotto\/mascarilla-calmante\/#primaryimage"},"thumbnailUrl":"https:\/\/uniest.it\/wp-content\/uploads\/2020\/11\/080AAA.png","datePublished":"2024-10-23T16:26:19+00:00","breadcrumb":{"@id":"https:\/\/uniest.it\/prodotto\/mascarilla-calmante\/#breadcrumb"},"inLanguage":"es","potentialAction":[{"@type":"ReadAction","target":["https:\/\/uniest.it\/prodotto\/mascarilla-calmante\/"]}]},{"@type":"ImageObject","inLanguage":"es","@id":"https:\/\/uniest.it\/prodotto\/mascarilla-calmante\/#primaryimage","url":"https:\/\/uniest.it\/wp-content\/uploads\/2020\/11\/080AAA.png","contentUrl":"https:\/\/uniest.it\/wp-content\/uploads\/2020\/11\/080AAA.png","width":1283,"height":2000},{"@type":"BreadcrumbList","@id":"https:\/\/uniest.it\/prodotto\/mascarilla-calmante\/#breadcrumb","itemListElement":[{"@type":"ListItem","position":1,"name":"Home","item":"https:\/\/uniest.it\/es\/"},{"@type":"ListItem","position":2,"name":"Shop","item":"https:\/\/uniest.it\/shop\/"},{"@type":"ListItem","position":3,"name":"Mascarilla Calmante"}]},{"@type":"WebSite","@id":"https:\/\/uniest.it\/#website","url":"https:\/\/uniest.it\/","name":"Uniest","description":"Cosmetici Naturali e Bio","potentialAction":[{"@type":"SearchAction","target":{"@type":"EntryPoint","urlTemplate":"https:\/\/uniest.it\/?s={search_term_string}"},"query-input":{"@type":"PropertyValueSpecification","valueRequired":true,"valueName":"search_term_string"}}],"inLanguage":"es"}]}},"_links":{"self":[{"href":"https:\/\/uniest.it\/es\/wp-json\/wp\/v2\/product\/6151","targetHints":{"allow":["GET"]}}],"collection":[{"href":"https:\/\/uniest.it\/es\/wp-json\/wp\/v2\/product"}],"about":[{"href":"https:\/\/uniest.it\/es\/wp-json\/wp\/v2\/types\/product"}],"wp:featuredmedia":[{"embeddable":true,"href":"https:\/\/uniest.it\/es\/wp-json\/wp\/v2\/media\/6152"}],"wp:attachment":[{"href":"https:\/\/uniest.it\/es\/wp-json\/wp\/v2\/media?parent=6151"}],"wp:term":[{"taxonomy":"product_brand","embeddable":true,"href":"https:\/\/uniest.it\/es\/wp-json\/wp\/v2\/product_brand?post=6151"},{"taxonomy":"product_cat","embeddable":true,"href":"https:\/\/uniest.it\/es\/wp-json\/wp\/v2\/product_cat?post=6151"},{"taxonomy":"product_tag","embeddable":true,"href":"https:\/\/uniest.it\/es\/wp-json\/wp\/v2\/product_tag?post=6151"}],"curies":[{"name":"wp","href":"https:\/\/api.w.org\/{rel}","templated":true}]}}