{"id":6155,"date":"2024-10-23T17:26:20","date_gmt":"2024-10-23T16:26:20","guid":{"rendered":"https:\/\/uniest.it\/prodotto\/biogotas-antiarrugas\/"},"modified":"2024-10-23T17:26:20","modified_gmt":"2024-10-23T16:26:20","slug":"biogotas-antiarrugas","status":"publish","type":"product","link":"https:\/\/uniest.it\/es\/prodotto\/biogotas-antiarrugas\/","title":{"rendered":"Biogotas antiarrugas"},"content":{"rendered":"<p>Biogocce Antiarrugas: \u00edntegramente de origen vegetal y gracias a sus propiedades hidratantes, este s\u00e9rum alisa, reafirma y devuelve una nueva juventud al rostro. Este complejo de principios activos de origen vegetal est\u00e1 contenido en extractos de Enebro, Salvia y Tilo y en aceites esenciales de Eucalipto y Melisa. Es capaz de restablecer un perfecto equilibrio h\u00eddrico y proteger la piel, tanto neutralizando las agresiones externas como fortaleciendo las defensas naturales, y tambi\u00e9n es excelente como base de maquillaje. S\u00e9rum suave al tacto, ligero y, por tanto, de f\u00e1cil e inmediata absorci\u00f3n, este producto deja la piel fresca, agradablemente hidratada y visiblemente m\u00e1s joven. Por lo tanto, a\u00f1adir suero a los productos que utilizas para el cuidado diario de la piel puede marcar la diferencia en tu forma de sentir y, sobre todo, en tu belleza.<\/p>\n","protected":false},"excerpt":{"rendered":"<p>Biogocce Antiarrugas: \u00edntegramente de origen vegetal y gracias a sus propiedades hidratantes, este s\u00e9rum alisa, reafirma y devuelve una nueva juventud al rostro. Este complejo de principios activos de origen vegetal est\u00e1 contenido en extractos de Enebro, Salvia y Tilo y en aceites esenciales de Eucalipto y Melisa. Es capaz de restablecer un perfecto equilibrio [&hellip;]<\/p>\n","protected":false},"featured_media":6156,"template":"","meta":{"_acf_changed":false,"inline_featured_image":false},"product_brand":[],"product_cat":[1435],"product_tag":[],"class_list":{"0":"post-6155","1":"product","2":"type-product","3":"status-publish","4":"has-post-thumbnail","6":"product_beauty-antirughe","7":"product_beauty-idratare","8":"product_beauty-nutrire-e-rigenerare","9":"product_beauty-rassodare-e-tonificare","10":"product_skin-pelli-giovani-e-prime-rughe","11":"product_skin-pelli-mature-e-rughe","12":"product_kind-tonici-e-lozioni-viso","13":"product_lines-antirughe","14":"product_cat-viso-es","15":"pa_size-50-es","17":"first","18":"outofstock","19":"taxable","20":"shipping-taxable","21":"purchasable","22":"product-type-simple"},"acf":[],"yoast_head":"<!-- This site is optimized with the Yoast SEO plugin v24.6 - https:\/\/yoast.com\/wordpress\/plugins\/seo\/ -->\n<title>Biogotas antiarrugas - Uniest<\/title>\n<meta name=\"robots\" content=\"index, follow, max-snippet:-1, max-image-preview:large, max-video-preview:-1\" \/>\n<link rel=\"canonical\" href=\"https:\/\/uniest.it\/prodotto\/biogotas-antiarrugas\/\" \/>\n<meta property=\"og:locale\" content=\"es_ES\" \/>\n<meta property=\"og:type\" content=\"article\" \/>\n<meta property=\"og:title\" content=\"Biogotas antiarrugas - Uniest\" \/>\n<meta property=\"og:description\" content=\"Biogocce Antiarrugas: \u00edntegramente de origen vegetal y gracias a sus propiedades hidratantes, este s\u00e9rum alisa, reafirma y devuelve una nueva juventud al rostro. Este complejo de principios activos de origen vegetal est\u00e1 contenido en extractos de Enebro, Salvia y Tilo y en aceites esenciales de Eucalipto y Melisa. Es capaz de restablecer un perfecto equilibrio [&hellip;]\" \/>\n<meta property=\"og:url\" content=\"https:\/\/uniest.it\/prodotto\/biogotas-antiarrugas\/\" \/>\n<meta property=\"og:site_name\" content=\"Uniest\" \/>\n<meta name=\"twitter:card\" content=\"summary_large_image\" \/>\n<meta name=\"twitter:label1\" content=\"Tiempo de lectura\" \/>\n\t<meta name=\"twitter:data1\" content=\"1 minuto\" \/>\n<script type=\"application\/ld+json\" class=\"yoast-schema-graph\">{\"@context\":\"https:\/\/schema.org\",\"@graph\":[{\"@type\":\"WebPage\",\"@id\":\"https:\/\/uniest.it\/prodotto\/biogotas-antiarrugas\/\",\"url\":\"https:\/\/uniest.it\/prodotto\/biogotas-antiarrugas\/\",\"name\":\"Biogotas antiarrugas - Uniest\",\"isPartOf\":{\"@id\":\"https:\/\/uniest.it\/#website\"},\"primaryImageOfPage\":{\"@id\":\"https:\/\/uniest.it\/prodotto\/biogotas-antiarrugas\/#primaryimage\"},\"image\":{\"@id\":\"https:\/\/uniest.it\/prodotto\/biogotas-antiarrugas\/#primaryimage\"},\"thumbnailUrl\":\"https:\/\/uniest.it\/wp-content\/uploads\/2020\/11\/084AAE.png\",\"datePublished\":\"2024-10-23T16:26:20+00:00\",\"breadcrumb\":{\"@id\":\"https:\/\/uniest.it\/prodotto\/biogotas-antiarrugas\/#breadcrumb\"},\"inLanguage\":\"es\",\"potentialAction\":[{\"@type\":\"ReadAction\",\"target\":[\"https:\/\/uniest.it\/prodotto\/biogotas-antiarrugas\/\"]}]},{\"@type\":\"ImageObject\",\"inLanguage\":\"es\",\"@id\":\"https:\/\/uniest.it\/prodotto\/biogotas-antiarrugas\/#primaryimage\",\"url\":\"https:\/\/uniest.it\/wp-content\/uploads\/2020\/11\/084AAE.png\",\"contentUrl\":\"https:\/\/uniest.it\/wp-content\/uploads\/2020\/11\/084AAE.png\",\"width\":1283,\"height\":2000},{\"@type\":\"BreadcrumbList\",\"@id\":\"https:\/\/uniest.it\/prodotto\/biogotas-antiarrugas\/#breadcrumb\",\"itemListElement\":[{\"@type\":\"ListItem\",\"position\":1,\"name\":\"Home\",\"item\":\"https:\/\/uniest.it\/es\/\"},{\"@type\":\"ListItem\",\"position\":2,\"name\":\"Shop\",\"item\":\"https:\/\/uniest.it\/shop\/\"},{\"@type\":\"ListItem\",\"position\":3,\"name\":\"Biogotas antiarrugas\"}]},{\"@type\":\"WebSite\",\"@id\":\"https:\/\/uniest.it\/#website\",\"url\":\"https:\/\/uniest.it\/\",\"name\":\"Uniest\",\"description\":\"Cosmetici Naturali e Bio\",\"potentialAction\":[{\"@type\":\"SearchAction\",\"target\":{\"@type\":\"EntryPoint\",\"urlTemplate\":\"https:\/\/uniest.it\/?s={search_term_string}\"},\"query-input\":{\"@type\":\"PropertyValueSpecification\",\"valueRequired\":true,\"valueName\":\"search_term_string\"}}],\"inLanguage\":\"es\"}]}<\/script>\n<!-- \/ Yoast SEO plugin. -->","yoast_head_json":{"title":"Biogotas antiarrugas - Uniest","robots":{"index":"index","follow":"follow","max-snippet":"max-snippet:-1","max-image-preview":"max-image-preview:large","max-video-preview":"max-video-preview:-1"},"canonical":"https:\/\/uniest.it\/prodotto\/biogotas-antiarrugas\/","og_locale":"es_ES","og_type":"article","og_title":"Biogotas antiarrugas - Uniest","og_description":"Biogocce Antiarrugas: \u00edntegramente de origen vegetal y gracias a sus propiedades hidratantes, este s\u00e9rum alisa, reafirma y devuelve una nueva juventud al rostro. Este complejo de principios activos de origen vegetal est\u00e1 contenido en extractos de Enebro, Salvia y Tilo y en aceites esenciales de Eucalipto y Melisa. Es capaz de restablecer un perfecto equilibrio [&hellip;]","og_url":"https:\/\/uniest.it\/prodotto\/biogotas-antiarrugas\/","og_site_name":"Uniest","twitter_card":"summary_large_image","twitter_misc":{"Tiempo de lectura":"1 minuto"},"schema":{"@context":"https:\/\/schema.org","@graph":[{"@type":"WebPage","@id":"https:\/\/uniest.it\/prodotto\/biogotas-antiarrugas\/","url":"https:\/\/uniest.it\/prodotto\/biogotas-antiarrugas\/","name":"Biogotas antiarrugas - Uniest","isPartOf":{"@id":"https:\/\/uniest.it\/#website"},"primaryImageOfPage":{"@id":"https:\/\/uniest.it\/prodotto\/biogotas-antiarrugas\/#primaryimage"},"image":{"@id":"https:\/\/uniest.it\/prodotto\/biogotas-antiarrugas\/#primaryimage"},"thumbnailUrl":"https:\/\/uniest.it\/wp-content\/uploads\/2020\/11\/084AAE.png","datePublished":"2024-10-23T16:26:20+00:00","breadcrumb":{"@id":"https:\/\/uniest.it\/prodotto\/biogotas-antiarrugas\/#breadcrumb"},"inLanguage":"es","potentialAction":[{"@type":"ReadAction","target":["https:\/\/uniest.it\/prodotto\/biogotas-antiarrugas\/"]}]},{"@type":"ImageObject","inLanguage":"es","@id":"https:\/\/uniest.it\/prodotto\/biogotas-antiarrugas\/#primaryimage","url":"https:\/\/uniest.it\/wp-content\/uploads\/2020\/11\/084AAE.png","contentUrl":"https:\/\/uniest.it\/wp-content\/uploads\/2020\/11\/084AAE.png","width":1283,"height":2000},{"@type":"BreadcrumbList","@id":"https:\/\/uniest.it\/prodotto\/biogotas-antiarrugas\/#breadcrumb","itemListElement":[{"@type":"ListItem","position":1,"name":"Home","item":"https:\/\/uniest.it\/es\/"},{"@type":"ListItem","position":2,"name":"Shop","item":"https:\/\/uniest.it\/shop\/"},{"@type":"ListItem","position":3,"name":"Biogotas antiarrugas"}]},{"@type":"WebSite","@id":"https:\/\/uniest.it\/#website","url":"https:\/\/uniest.it\/","name":"Uniest","description":"Cosmetici Naturali e Bio","potentialAction":[{"@type":"SearchAction","target":{"@type":"EntryPoint","urlTemplate":"https:\/\/uniest.it\/?s={search_term_string}"},"query-input":{"@type":"PropertyValueSpecification","valueRequired":true,"valueName":"search_term_string"}}],"inLanguage":"es"}]}},"_links":{"self":[{"href":"https:\/\/uniest.it\/es\/wp-json\/wp\/v2\/product\/6155","targetHints":{"allow":["GET"]}}],"collection":[{"href":"https:\/\/uniest.it\/es\/wp-json\/wp\/v2\/product"}],"about":[{"href":"https:\/\/uniest.it\/es\/wp-json\/wp\/v2\/types\/product"}],"wp:featuredmedia":[{"embeddable":true,"href":"https:\/\/uniest.it\/es\/wp-json\/wp\/v2\/media\/6156"}],"wp:attachment":[{"href":"https:\/\/uniest.it\/es\/wp-json\/wp\/v2\/media?parent=6155"}],"wp:term":[{"taxonomy":"product_brand","embeddable":true,"href":"https:\/\/uniest.it\/es\/wp-json\/wp\/v2\/product_brand?post=6155"},{"taxonomy":"product_cat","embeddable":true,"href":"https:\/\/uniest.it\/es\/wp-json\/wp\/v2\/product_cat?post=6155"},{"taxonomy":"product_tag","embeddable":true,"href":"https:\/\/uniest.it\/es\/wp-json\/wp\/v2\/product_tag?post=6155"}],"curies":[{"name":"wp","href":"https:\/\/api.w.org\/{rel}","templated":true}]}}