{"id":6159,"date":"2024-10-23T17:26:21","date_gmt":"2024-10-23T16:26:21","guid":{"rendered":"https:\/\/uniest.it\/prodotto\/tonica-vegetal-drenante\/"},"modified":"2024-10-23T17:26:21","modified_gmt":"2024-10-23T16:26:21","slug":"tonica-vegetal-drenante","status":"publish","type":"product","link":"https:\/\/uniest.it\/es\/prodotto\/tonica-vegetal-drenante\/","title":{"rendered":"T\u00f3nica Vegetal Drenante"},"content":{"rendered":"<p>*Es posible que el embalaje difiera de la fotograf\u00eda. T\u00f3nico vegetal defluente: utilizar el t\u00f3nico supone limpiar la piel a\u00fan m\u00e1s profundamente tras la limpieza habitual. Elimina las impurezas residuales (sebo, maquillaje, c\u00e9lulas muertas), restos de maquillaje (leches limpiadoras, aceites o jabones), que quedan en el rostro y obstruyen los poros de la piel. Utilizar t\u00f3nico, por tanto, significa completar y perfeccionar la acci\u00f3n del desmaquillante, ya que libera definitivamente la piel, dej\u00e1ndola respirar. Es una sinergia de 7 extractos que incluyen Cal\u00e9ndula Org\u00e1nica, Hamamelis, Ar\u00e1ndano, Rosa Mosqueta, Hip\u00e9rico, Manzanilla y Malva Org\u00e1nica y 3 aceites esenciales de Salvia, Mentol y Confora. Estos extractos naturales, junto al poder hidratante del Sorbitol, tienen una acci\u00f3n descongestionante, calmante y antiinflamatoria, mejorando notablemente nuestra piel. Adem\u00e1s, su f\u00f3rmula especial favorece la permeabilidad de la barrera cut\u00e1nea, facilitando la penetraci\u00f3n de los preciados activos contenidos en el t\u00f3nico y en las cremas aplicadas posteriormente.<\/p>\n","protected":false},"excerpt":{"rendered":"<p>*Es posible que el embalaje difiera de la fotograf\u00eda. T\u00f3nico vegetal defluente: utilizar el t\u00f3nico supone limpiar la piel a\u00fan m\u00e1s profundamente tras la limpieza habitual. Elimina las impurezas residuales (sebo, maquillaje, c\u00e9lulas muertas), restos de maquillaje (leches limpiadoras, aceites o jabones), que quedan en el rostro y obstruyen los poros de la piel. Utilizar [&hellip;]<\/p>\n","protected":false},"featured_media":6160,"template":"","meta":{"_acf_changed":false,"inline_featured_image":false},"product_brand":[],"product_cat":[1435],"product_tag":[],"class_list":{"0":"post-6159","1":"product","2":"type-product","3":"status-publish","4":"has-post-thumbnail","6":"product_beauty-detox-e-dren","7":"product_beauty-idratare","8":"product_beauty-lenire","9":"product_beauty-purificare","10":"product_skin-pelli-delicate-e-sensibili","11":"product_skin-pelli-giovani-e-prime-rughe","12":"product_kind-tonici-e-lozioni-viso","13":"product_lines-pelli-delicate-e-sensibili","14":"product_cat-viso-es","15":"pa_size-200-es","17":"first","18":"instock","19":"taxable","20":"shipping-taxable","21":"purchasable","22":"product-type-simple"},"acf":[],"yoast_head":"<!-- This site is optimized with the Yoast SEO plugin v24.6 - https:\/\/yoast.com\/wordpress\/plugins\/seo\/ -->\n<title>T\u00f3nica Vegetal Drenante - Uniest<\/title>\n<meta name=\"robots\" content=\"index, follow, max-snippet:-1, max-image-preview:large, max-video-preview:-1\" \/>\n<link rel=\"canonical\" href=\"https:\/\/uniest.it\/prodotto\/tonica-vegetal-drenante\/\" \/>\n<meta property=\"og:locale\" content=\"es_ES\" \/>\n<meta property=\"og:type\" content=\"article\" \/>\n<meta property=\"og:title\" content=\"T\u00f3nica Vegetal Drenante - Uniest\" \/>\n<meta property=\"og:description\" content=\"*Es posible que el embalaje difiera de la fotograf\u00eda. T\u00f3nico vegetal defluente: utilizar el t\u00f3nico supone limpiar la piel a\u00fan m\u00e1s profundamente tras la limpieza habitual. Elimina las impurezas residuales (sebo, maquillaje, c\u00e9lulas muertas), restos de maquillaje (leches limpiadoras, aceites o jabones), que quedan en el rostro y obstruyen los poros de la piel. Utilizar [&hellip;]\" \/>\n<meta property=\"og:url\" content=\"https:\/\/uniest.it\/prodotto\/tonica-vegetal-drenante\/\" \/>\n<meta property=\"og:site_name\" content=\"Uniest\" \/>\n<meta name=\"twitter:card\" content=\"summary_large_image\" \/>\n<meta name=\"twitter:label1\" content=\"Tiempo de lectura\" \/>\n\t<meta name=\"twitter:data1\" content=\"1 minuto\" \/>\n<script type=\"application\/ld+json\" class=\"yoast-schema-graph\">{\"@context\":\"https:\/\/schema.org\",\"@graph\":[{\"@type\":\"WebPage\",\"@id\":\"https:\/\/uniest.it\/prodotto\/tonica-vegetal-drenante\/\",\"url\":\"https:\/\/uniest.it\/prodotto\/tonica-vegetal-drenante\/\",\"name\":\"T\u00f3nica Vegetal Drenante - Uniest\",\"isPartOf\":{\"@id\":\"https:\/\/uniest.it\/#website\"},\"primaryImageOfPage\":{\"@id\":\"https:\/\/uniest.it\/prodotto\/tonica-vegetal-drenante\/#primaryimage\"},\"image\":{\"@id\":\"https:\/\/uniest.it\/prodotto\/tonica-vegetal-drenante\/#primaryimage\"},\"thumbnailUrl\":\"https:\/\/uniest.it\/wp-content\/uploads\/2020\/11\/090AAE.png\",\"datePublished\":\"2024-10-23T16:26:21+00:00\",\"breadcrumb\":{\"@id\":\"https:\/\/uniest.it\/prodotto\/tonica-vegetal-drenante\/#breadcrumb\"},\"inLanguage\":\"es\",\"potentialAction\":[{\"@type\":\"ReadAction\",\"target\":[\"https:\/\/uniest.it\/prodotto\/tonica-vegetal-drenante\/\"]}]},{\"@type\":\"ImageObject\",\"inLanguage\":\"es\",\"@id\":\"https:\/\/uniest.it\/prodotto\/tonica-vegetal-drenante\/#primaryimage\",\"url\":\"https:\/\/uniest.it\/wp-content\/uploads\/2020\/11\/090AAE.png\",\"contentUrl\":\"https:\/\/uniest.it\/wp-content\/uploads\/2020\/11\/090AAE.png\",\"width\":1283,\"height\":2001},{\"@type\":\"BreadcrumbList\",\"@id\":\"https:\/\/uniest.it\/prodotto\/tonica-vegetal-drenante\/#breadcrumb\",\"itemListElement\":[{\"@type\":\"ListItem\",\"position\":1,\"name\":\"Home\",\"item\":\"https:\/\/uniest.it\/es\/\"},{\"@type\":\"ListItem\",\"position\":2,\"name\":\"Shop\",\"item\":\"https:\/\/uniest.it\/shop\/\"},{\"@type\":\"ListItem\",\"position\":3,\"name\":\"T\u00f3nica Vegetal Drenante\"}]},{\"@type\":\"WebSite\",\"@id\":\"https:\/\/uniest.it\/#website\",\"url\":\"https:\/\/uniest.it\/\",\"name\":\"Uniest\",\"description\":\"Cosmetici Naturali e Bio\",\"potentialAction\":[{\"@type\":\"SearchAction\",\"target\":{\"@type\":\"EntryPoint\",\"urlTemplate\":\"https:\/\/uniest.it\/?s={search_term_string}\"},\"query-input\":{\"@type\":\"PropertyValueSpecification\",\"valueRequired\":true,\"valueName\":\"search_term_string\"}}],\"inLanguage\":\"es\"}]}<\/script>\n<!-- \/ Yoast SEO plugin. -->","yoast_head_json":{"title":"T\u00f3nica Vegetal Drenante - Uniest","robots":{"index":"index","follow":"follow","max-snippet":"max-snippet:-1","max-image-preview":"max-image-preview:large","max-video-preview":"max-video-preview:-1"},"canonical":"https:\/\/uniest.it\/prodotto\/tonica-vegetal-drenante\/","og_locale":"es_ES","og_type":"article","og_title":"T\u00f3nica Vegetal Drenante - Uniest","og_description":"*Es posible que el embalaje difiera de la fotograf\u00eda. T\u00f3nico vegetal defluente: utilizar el t\u00f3nico supone limpiar la piel a\u00fan m\u00e1s profundamente tras la limpieza habitual. Elimina las impurezas residuales (sebo, maquillaje, c\u00e9lulas muertas), restos de maquillaje (leches limpiadoras, aceites o jabones), que quedan en el rostro y obstruyen los poros de la piel. Utilizar [&hellip;]","og_url":"https:\/\/uniest.it\/prodotto\/tonica-vegetal-drenante\/","og_site_name":"Uniest","twitter_card":"summary_large_image","twitter_misc":{"Tiempo de lectura":"1 minuto"},"schema":{"@context":"https:\/\/schema.org","@graph":[{"@type":"WebPage","@id":"https:\/\/uniest.it\/prodotto\/tonica-vegetal-drenante\/","url":"https:\/\/uniest.it\/prodotto\/tonica-vegetal-drenante\/","name":"T\u00f3nica Vegetal Drenante - Uniest","isPartOf":{"@id":"https:\/\/uniest.it\/#website"},"primaryImageOfPage":{"@id":"https:\/\/uniest.it\/prodotto\/tonica-vegetal-drenante\/#primaryimage"},"image":{"@id":"https:\/\/uniest.it\/prodotto\/tonica-vegetal-drenante\/#primaryimage"},"thumbnailUrl":"https:\/\/uniest.it\/wp-content\/uploads\/2020\/11\/090AAE.png","datePublished":"2024-10-23T16:26:21+00:00","breadcrumb":{"@id":"https:\/\/uniest.it\/prodotto\/tonica-vegetal-drenante\/#breadcrumb"},"inLanguage":"es","potentialAction":[{"@type":"ReadAction","target":["https:\/\/uniest.it\/prodotto\/tonica-vegetal-drenante\/"]}]},{"@type":"ImageObject","inLanguage":"es","@id":"https:\/\/uniest.it\/prodotto\/tonica-vegetal-drenante\/#primaryimage","url":"https:\/\/uniest.it\/wp-content\/uploads\/2020\/11\/090AAE.png","contentUrl":"https:\/\/uniest.it\/wp-content\/uploads\/2020\/11\/090AAE.png","width":1283,"height":2001},{"@type":"BreadcrumbList","@id":"https:\/\/uniest.it\/prodotto\/tonica-vegetal-drenante\/#breadcrumb","itemListElement":[{"@type":"ListItem","position":1,"name":"Home","item":"https:\/\/uniest.it\/es\/"},{"@type":"ListItem","position":2,"name":"Shop","item":"https:\/\/uniest.it\/shop\/"},{"@type":"ListItem","position":3,"name":"T\u00f3nica Vegetal Drenante"}]},{"@type":"WebSite","@id":"https:\/\/uniest.it\/#website","url":"https:\/\/uniest.it\/","name":"Uniest","description":"Cosmetici Naturali e Bio","potentialAction":[{"@type":"SearchAction","target":{"@type":"EntryPoint","urlTemplate":"https:\/\/uniest.it\/?s={search_term_string}"},"query-input":{"@type":"PropertyValueSpecification","valueRequired":true,"valueName":"search_term_string"}}],"inLanguage":"es"}]}},"_links":{"self":[{"href":"https:\/\/uniest.it\/es\/wp-json\/wp\/v2\/product\/6159","targetHints":{"allow":["GET"]}}],"collection":[{"href":"https:\/\/uniest.it\/es\/wp-json\/wp\/v2\/product"}],"about":[{"href":"https:\/\/uniest.it\/es\/wp-json\/wp\/v2\/types\/product"}],"wp:featuredmedia":[{"embeddable":true,"href":"https:\/\/uniest.it\/es\/wp-json\/wp\/v2\/media\/6160"}],"wp:attachment":[{"href":"https:\/\/uniest.it\/es\/wp-json\/wp\/v2\/media?parent=6159"}],"wp:term":[{"taxonomy":"product_brand","embeddable":true,"href":"https:\/\/uniest.it\/es\/wp-json\/wp\/v2\/product_brand?post=6159"},{"taxonomy":"product_cat","embeddable":true,"href":"https:\/\/uniest.it\/es\/wp-json\/wp\/v2\/product_cat?post=6159"},{"taxonomy":"product_tag","embeddable":true,"href":"https:\/\/uniest.it\/es\/wp-json\/wp\/v2\/product_tag?post=6159"}],"curies":[{"name":"wp","href":"https:\/\/api.w.org\/{rel}","templated":true}]}}