{"id":6161,"date":"2024-10-23T17:26:21","date_gmt":"2024-10-23T16:26:21","guid":{"rendered":"https:\/\/uniest.it\/prodotto\/crema-protectora-y-nutritiva\/"},"modified":"2024-10-23T17:26:21","modified_gmt":"2024-10-23T16:26:21","slug":"crema-protectora-y-nutritiva","status":"publish","type":"product","link":"https:\/\/uniest.it\/es\/prodotto\/crema-protectora-y-nutritiva\/","title":{"rendered":"Crema Protectora y Nutritiva"},"content":{"rendered":"<p>Crema protectora y nutritiva: es una crema de textura con cuerpo ideal para hidratar y proteger la piel durante las estaciones m\u00e1s fr\u00edas (oto\u00f1o\/invierno). Combate la irritaci\u00f3n y la sequedad cut\u00e1nea, protegiendo las ceramidas fisiol\u00f3gicas, ayudando a restaurar la funci\u00f3n barrera de la piel y mejorando significativamente su hidrataci\u00f3n. Sustancias naturales como la lecitina de soja, el sorbitol y la manteca de karit\u00e9 org\u00e1nica favorecen la formaci\u00f3n de col\u00e1geno, aumentando el tono y la elasticidad de la piel. Mientras que los extractos vegetales de Malva y Cal\u00e9ndula Org\u00e1nica que contiene contrarrestan las rojeces y refrescan la piel, ejerciendo una acci\u00f3n emoliente y antirojeces. Los preciosos principios activos de Rosa Mosqueta, Milenrama Bio y S\u00e1ndalo tienen un efecto calmante y aclarante y los del Cipr\u00e9s tienen una acci\u00f3n astringente.<\/p>\n","protected":false},"excerpt":{"rendered":"<p>Crema protectora y nutritiva: es una crema de textura con cuerpo ideal para hidratar y proteger la piel durante las estaciones m\u00e1s fr\u00edas (oto\u00f1o\/invierno). Combate la irritaci\u00f3n y la sequedad cut\u00e1nea, protegiendo las ceramidas fisiol\u00f3gicas, ayudando a restaurar la funci\u00f3n barrera de la piel y mejorando significativamente su hidrataci\u00f3n. Sustancias naturales como la lecitina de [&hellip;]<\/p>\n","protected":false},"featured_media":6162,"template":"","meta":{"_acf_changed":false,"inline_featured_image":false},"product_brand":[],"product_cat":[1435],"product_tag":[],"class_list":{"0":"post-6161","1":"product","2":"type-product","3":"status-publish","4":"has-post-thumbnail","6":"product_beauty-idratare","7":"product_beauty-lenire","8":"product_beauty-nutrire-e-rigenerare","9":"product_beauty-proteggere","10":"product_beauty-rassodare-e-tonificare","11":"product_beauty-schiarire","12":"product_skin-pelli-delicate-e-sensibili","13":"product_skin-pelli-giovani-e-prime-rughe","14":"product_skin-pelli-grasse-e-miste","15":"product_skin-pelli-mature-e-rughe","16":"product_skin-pelli-secche-e-normali","17":"product_skin-tutte-le-pelli","18":"product_kind-creme-antieta-e-prime-rughe","19":"product_kind-creme-pelli-complesse","20":"product_kind-tutte-le-creme-viso","21":"product_lines-pelli-delicate-e-sensibili","22":"product_cat-viso-es","23":"pa_size-50-es","25":"first","26":"instock","27":"taxable","28":"shipping-taxable","29":"purchasable","30":"product-type-simple"},"acf":[],"yoast_head":"<!-- This site is optimized with the Yoast SEO plugin v24.6 - https:\/\/yoast.com\/wordpress\/plugins\/seo\/ -->\n<title>Crema Protectora y Nutritiva - Uniest<\/title>\n<meta name=\"robots\" content=\"index, follow, max-snippet:-1, max-image-preview:large, max-video-preview:-1\" \/>\n<link rel=\"canonical\" href=\"https:\/\/uniest.it\/prodotto\/crema-protectora-y-nutritiva\/\" \/>\n<meta property=\"og:locale\" content=\"es_ES\" \/>\n<meta property=\"og:type\" content=\"article\" \/>\n<meta property=\"og:title\" content=\"Crema Protectora y Nutritiva - Uniest\" \/>\n<meta property=\"og:description\" content=\"Crema protectora y nutritiva: es una crema de textura con cuerpo ideal para hidratar y proteger la piel durante las estaciones m\u00e1s fr\u00edas (oto\u00f1o\/invierno). Combate la irritaci\u00f3n y la sequedad cut\u00e1nea, protegiendo las ceramidas fisiol\u00f3gicas, ayudando a restaurar la funci\u00f3n barrera de la piel y mejorando significativamente su hidrataci\u00f3n. Sustancias naturales como la lecitina de [&hellip;]\" \/>\n<meta property=\"og:url\" content=\"https:\/\/uniest.it\/prodotto\/crema-protectora-y-nutritiva\/\" \/>\n<meta property=\"og:site_name\" content=\"Uniest\" \/>\n<meta name=\"twitter:card\" content=\"summary_large_image\" \/>\n<meta name=\"twitter:label1\" content=\"Tiempo de lectura\" \/>\n\t<meta name=\"twitter:data1\" content=\"1 minuto\" \/>\n<script type=\"application\/ld+json\" class=\"yoast-schema-graph\">{\"@context\":\"https:\/\/schema.org\",\"@graph\":[{\"@type\":\"WebPage\",\"@id\":\"https:\/\/uniest.it\/prodotto\/crema-protectora-y-nutritiva\/\",\"url\":\"https:\/\/uniest.it\/prodotto\/crema-protectora-y-nutritiva\/\",\"name\":\"Crema Protectora y Nutritiva - Uniest\",\"isPartOf\":{\"@id\":\"https:\/\/uniest.it\/#website\"},\"primaryImageOfPage\":{\"@id\":\"https:\/\/uniest.it\/prodotto\/crema-protectora-y-nutritiva\/#primaryimage\"},\"image\":{\"@id\":\"https:\/\/uniest.it\/prodotto\/crema-protectora-y-nutritiva\/#primaryimage\"},\"thumbnailUrl\":\"https:\/\/uniest.it\/wp-content\/uploads\/2020\/11\/093AAE.png\",\"datePublished\":\"2024-10-23T16:26:21+00:00\",\"breadcrumb\":{\"@id\":\"https:\/\/uniest.it\/prodotto\/crema-protectora-y-nutritiva\/#breadcrumb\"},\"inLanguage\":\"es\",\"potentialAction\":[{\"@type\":\"ReadAction\",\"target\":[\"https:\/\/uniest.it\/prodotto\/crema-protectora-y-nutritiva\/\"]}]},{\"@type\":\"ImageObject\",\"inLanguage\":\"es\",\"@id\":\"https:\/\/uniest.it\/prodotto\/crema-protectora-y-nutritiva\/#primaryimage\",\"url\":\"https:\/\/uniest.it\/wp-content\/uploads\/2020\/11\/093AAE.png\",\"contentUrl\":\"https:\/\/uniest.it\/wp-content\/uploads\/2020\/11\/093AAE.png\",\"width\":1283,\"height\":2001},{\"@type\":\"BreadcrumbList\",\"@id\":\"https:\/\/uniest.it\/prodotto\/crema-protectora-y-nutritiva\/#breadcrumb\",\"itemListElement\":[{\"@type\":\"ListItem\",\"position\":1,\"name\":\"Home\",\"item\":\"https:\/\/uniest.it\/es\/\"},{\"@type\":\"ListItem\",\"position\":2,\"name\":\"Shop\",\"item\":\"https:\/\/uniest.it\/shop\/\"},{\"@type\":\"ListItem\",\"position\":3,\"name\":\"Crema Protectora y Nutritiva\"}]},{\"@type\":\"WebSite\",\"@id\":\"https:\/\/uniest.it\/#website\",\"url\":\"https:\/\/uniest.it\/\",\"name\":\"Uniest\",\"description\":\"Cosmetici Naturali e Bio\",\"potentialAction\":[{\"@type\":\"SearchAction\",\"target\":{\"@type\":\"EntryPoint\",\"urlTemplate\":\"https:\/\/uniest.it\/?s={search_term_string}\"},\"query-input\":{\"@type\":\"PropertyValueSpecification\",\"valueRequired\":true,\"valueName\":\"search_term_string\"}}],\"inLanguage\":\"es\"}]}<\/script>\n<!-- \/ Yoast SEO plugin. -->","yoast_head_json":{"title":"Crema Protectora y Nutritiva - Uniest","robots":{"index":"index","follow":"follow","max-snippet":"max-snippet:-1","max-image-preview":"max-image-preview:large","max-video-preview":"max-video-preview:-1"},"canonical":"https:\/\/uniest.it\/prodotto\/crema-protectora-y-nutritiva\/","og_locale":"es_ES","og_type":"article","og_title":"Crema Protectora y Nutritiva - Uniest","og_description":"Crema protectora y nutritiva: es una crema de textura con cuerpo ideal para hidratar y proteger la piel durante las estaciones m\u00e1s fr\u00edas (oto\u00f1o\/invierno). Combate la irritaci\u00f3n y la sequedad cut\u00e1nea, protegiendo las ceramidas fisiol\u00f3gicas, ayudando a restaurar la funci\u00f3n barrera de la piel y mejorando significativamente su hidrataci\u00f3n. Sustancias naturales como la lecitina de [&hellip;]","og_url":"https:\/\/uniest.it\/prodotto\/crema-protectora-y-nutritiva\/","og_site_name":"Uniest","twitter_card":"summary_large_image","twitter_misc":{"Tiempo de lectura":"1 minuto"},"schema":{"@context":"https:\/\/schema.org","@graph":[{"@type":"WebPage","@id":"https:\/\/uniest.it\/prodotto\/crema-protectora-y-nutritiva\/","url":"https:\/\/uniest.it\/prodotto\/crema-protectora-y-nutritiva\/","name":"Crema Protectora y Nutritiva - Uniest","isPartOf":{"@id":"https:\/\/uniest.it\/#website"},"primaryImageOfPage":{"@id":"https:\/\/uniest.it\/prodotto\/crema-protectora-y-nutritiva\/#primaryimage"},"image":{"@id":"https:\/\/uniest.it\/prodotto\/crema-protectora-y-nutritiva\/#primaryimage"},"thumbnailUrl":"https:\/\/uniest.it\/wp-content\/uploads\/2020\/11\/093AAE.png","datePublished":"2024-10-23T16:26:21+00:00","breadcrumb":{"@id":"https:\/\/uniest.it\/prodotto\/crema-protectora-y-nutritiva\/#breadcrumb"},"inLanguage":"es","potentialAction":[{"@type":"ReadAction","target":["https:\/\/uniest.it\/prodotto\/crema-protectora-y-nutritiva\/"]}]},{"@type":"ImageObject","inLanguage":"es","@id":"https:\/\/uniest.it\/prodotto\/crema-protectora-y-nutritiva\/#primaryimage","url":"https:\/\/uniest.it\/wp-content\/uploads\/2020\/11\/093AAE.png","contentUrl":"https:\/\/uniest.it\/wp-content\/uploads\/2020\/11\/093AAE.png","width":1283,"height":2001},{"@type":"BreadcrumbList","@id":"https:\/\/uniest.it\/prodotto\/crema-protectora-y-nutritiva\/#breadcrumb","itemListElement":[{"@type":"ListItem","position":1,"name":"Home","item":"https:\/\/uniest.it\/es\/"},{"@type":"ListItem","position":2,"name":"Shop","item":"https:\/\/uniest.it\/shop\/"},{"@type":"ListItem","position":3,"name":"Crema Protectora y Nutritiva"}]},{"@type":"WebSite","@id":"https:\/\/uniest.it\/#website","url":"https:\/\/uniest.it\/","name":"Uniest","description":"Cosmetici Naturali e Bio","potentialAction":[{"@type":"SearchAction","target":{"@type":"EntryPoint","urlTemplate":"https:\/\/uniest.it\/?s={search_term_string}"},"query-input":{"@type":"PropertyValueSpecification","valueRequired":true,"valueName":"search_term_string"}}],"inLanguage":"es"}]}},"_links":{"self":[{"href":"https:\/\/uniest.it\/es\/wp-json\/wp\/v2\/product\/6161","targetHints":{"allow":["GET"]}}],"collection":[{"href":"https:\/\/uniest.it\/es\/wp-json\/wp\/v2\/product"}],"about":[{"href":"https:\/\/uniest.it\/es\/wp-json\/wp\/v2\/types\/product"}],"wp:featuredmedia":[{"embeddable":true,"href":"https:\/\/uniest.it\/es\/wp-json\/wp\/v2\/media\/6162"}],"wp:attachment":[{"href":"https:\/\/uniest.it\/es\/wp-json\/wp\/v2\/media?parent=6161"}],"wp:term":[{"taxonomy":"product_brand","embeddable":true,"href":"https:\/\/uniest.it\/es\/wp-json\/wp\/v2\/product_brand?post=6161"},{"taxonomy":"product_cat","embeddable":true,"href":"https:\/\/uniest.it\/es\/wp-json\/wp\/v2\/product_cat?post=6161"},{"taxonomy":"product_tag","embeddable":true,"href":"https:\/\/uniest.it\/es\/wp-json\/wp\/v2\/product_tag?post=6161"}],"curies":[{"name":"wp","href":"https:\/\/api.w.org\/{rel}","templated":true}]}}