{"id":6163,"date":"2021-02-04T12:59:20","date_gmt":"2024-10-23T16:26:22","guid":{"rendered":"https:\/\/uniest.it\/prodotto\/crema-para-pieles-sensibles\/"},"modified":"2024-10-23T17:26:22","modified_gmt":"2024-10-23T16:26:22","slug":"crema-para-pieles-sensibles","status":"publish","type":"product","link":"https:\/\/uniest.it\/es\/prodotto\/crema-para-pieles-sensibles\/","title":{"rendered":"Crema para pieles sensibles"},"content":{"rendered":"<p>Crema para pieles sensibles: es una crema ligera, por lo que se caracteriza por una f\u00e1cil absorci\u00f3n y una textura suave, ideal para hidratar y proteger las pieles m\u00e1s delicadas en las estaciones c\u00e1lidas (primavera\/verano). Entre sus extractos encontramos el Romero, normalizante y purificante de la piel, el Lim\u00f3n, vitaminante, antiinflamatorio y astringente, el L\u00fapulo, calmante, calmante e hidratante. Adem\u00e1s, la rosa mosqueta nutre y protege la piel, mientras que la vitamina E favorece los procesos fisiol\u00f3gicos revitalizando los tejidos cut\u00e1neos&#8230; Por lo tanto, hidrata continuamente la piel gracias a sus emolientes que incluyen el aceite de almendras dulces org\u00e1nico y la manteca de karit\u00e9 org\u00e1nica, tambi\u00e9n es excelente como base. para maquillaje.<\/p>\n","protected":false},"excerpt":{"rendered":"<p>Crema para pieles sensibles: es una crema ligera, por lo que se caracteriza por una f\u00e1cil absorci\u00f3n y una textura suave, ideal para hidratar y proteger las pieles m\u00e1s delicadas en las estaciones c\u00e1lidas (primavera\/verano). Entre sus extractos encontramos el Romero, normalizante y purificante de la piel, el Lim\u00f3n, vitaminante, antiinflamatorio y astringente, el L\u00fapulo, [&hellip;]<\/p>\n","protected":false},"featured_media":6164,"template":"","meta":{"_acf_changed":false,"inline_featured_image":false},"product_brand":[],"product_cat":[1435],"product_tag":[],"class_list":{"0":"post-6163","1":"product","2":"type-product","3":"status-publish","4":"has-post-thumbnail","6":"product_beauty-detox-e-dren","7":"product_beauty-idratare","8":"product_beauty-lenire","9":"product_beauty-nutrire-e-rigenerare","10":"product_beauty-proteggere","11":"product_beauty-rassodare-e-tonificare","12":"product_beauty-schiarire","13":"product_skin-pelli-delicate-e-sensibili","14":"product_skin-pelli-giovani-e-prime-rughe","15":"product_kind-creme-pelli-complesse","16":"product_kind-tutte-le-creme-viso","17":"product_lines-pelli-delicate-e-sensibili","18":"product_cat-viso-es","19":"pa_size-50-es","21":"first","22":"instock","23":"taxable","24":"shipping-taxable","25":"purchasable","26":"product-type-simple"},"acf":[],"yoast_head":"<!-- This site is optimized with the Yoast SEO plugin v24.6 - https:\/\/yoast.com\/wordpress\/plugins\/seo\/ -->\n<title>Crema para pieles sensibles - Uniest<\/title>\n<meta name=\"robots\" content=\"index, follow, max-snippet:-1, max-image-preview:large, max-video-preview:-1\" \/>\n<link rel=\"canonical\" href=\"https:\/\/uniest.it\/prodotto\/crema-para-pieles-sensibles\/\" \/>\n<meta property=\"og:locale\" content=\"es_ES\" \/>\n<meta property=\"og:type\" content=\"article\" \/>\n<meta property=\"og:title\" content=\"Crema para pieles sensibles - Uniest\" \/>\n<meta property=\"og:description\" content=\"Crema para pieles sensibles: es una crema ligera, por lo que se caracteriza por una f\u00e1cil absorci\u00f3n y una textura suave, ideal para hidratar y proteger las pieles m\u00e1s delicadas en las estaciones c\u00e1lidas (primavera\/verano). Entre sus extractos encontramos el Romero, normalizante y purificante de la piel, el Lim\u00f3n, vitaminante, antiinflamatorio y astringente, el L\u00fapulo, [&hellip;]\" \/>\n<meta property=\"og:url\" content=\"https:\/\/uniest.it\/prodotto\/crema-para-pieles-sensibles\/\" \/>\n<meta property=\"og:site_name\" content=\"Uniest\" \/>\n<meta name=\"twitter:card\" content=\"summary_large_image\" \/>\n<meta name=\"twitter:label1\" content=\"Tiempo de lectura\" \/>\n\t<meta name=\"twitter:data1\" content=\"1 minuto\" \/>\n<script type=\"application\/ld+json\" class=\"yoast-schema-graph\">{\"@context\":\"https:\/\/schema.org\",\"@graph\":[{\"@type\":\"WebPage\",\"@id\":\"https:\/\/uniest.it\/prodotto\/crema-para-pieles-sensibles\/\",\"url\":\"https:\/\/uniest.it\/prodotto\/crema-para-pieles-sensibles\/\",\"name\":\"Crema para pieles sensibles - Uniest\",\"isPartOf\":{\"@id\":\"https:\/\/uniest.it\/#website\"},\"primaryImageOfPage\":{\"@id\":\"https:\/\/uniest.it\/prodotto\/crema-para-pieles-sensibles\/#primaryimage\"},\"image\":{\"@id\":\"https:\/\/uniest.it\/prodotto\/crema-para-pieles-sensibles\/#primaryimage\"},\"thumbnailUrl\":\"https:\/\/uniest.it\/wp-content\/uploads\/2020\/11\/096AAE.png\",\"datePublished\":\"2024-10-23T16:26:22+00:00\",\"breadcrumb\":{\"@id\":\"https:\/\/uniest.it\/prodotto\/crema-para-pieles-sensibles\/#breadcrumb\"},\"inLanguage\":\"es\",\"potentialAction\":[{\"@type\":\"ReadAction\",\"target\":[\"https:\/\/uniest.it\/prodotto\/crema-para-pieles-sensibles\/\"]}]},{\"@type\":\"ImageObject\",\"inLanguage\":\"es\",\"@id\":\"https:\/\/uniest.it\/prodotto\/crema-para-pieles-sensibles\/#primaryimage\",\"url\":\"https:\/\/uniest.it\/wp-content\/uploads\/2020\/11\/096AAE.png\",\"contentUrl\":\"https:\/\/uniest.it\/wp-content\/uploads\/2020\/11\/096AAE.png\",\"width\":1283,\"height\":2001},{\"@type\":\"BreadcrumbList\",\"@id\":\"https:\/\/uniest.it\/prodotto\/crema-para-pieles-sensibles\/#breadcrumb\",\"itemListElement\":[{\"@type\":\"ListItem\",\"position\":1,\"name\":\"Home\",\"item\":\"https:\/\/uniest.it\/es\/\"},{\"@type\":\"ListItem\",\"position\":2,\"name\":\"Shop\",\"item\":\"https:\/\/uniest.it\/shop\/\"},{\"@type\":\"ListItem\",\"position\":3,\"name\":\"Crema para pieles sensibles\"}]},{\"@type\":\"WebSite\",\"@id\":\"https:\/\/uniest.it\/#website\",\"url\":\"https:\/\/uniest.it\/\",\"name\":\"Uniest\",\"description\":\"Cosmetici Naturali e Bio\",\"potentialAction\":[{\"@type\":\"SearchAction\",\"target\":{\"@type\":\"EntryPoint\",\"urlTemplate\":\"https:\/\/uniest.it\/?s={search_term_string}\"},\"query-input\":{\"@type\":\"PropertyValueSpecification\",\"valueRequired\":true,\"valueName\":\"search_term_string\"}}],\"inLanguage\":\"es\"}]}<\/script>\n<!-- \/ Yoast SEO plugin. -->","yoast_head_json":{"title":"Crema para pieles sensibles - Uniest","robots":{"index":"index","follow":"follow","max-snippet":"max-snippet:-1","max-image-preview":"max-image-preview:large","max-video-preview":"max-video-preview:-1"},"canonical":"https:\/\/uniest.it\/prodotto\/crema-para-pieles-sensibles\/","og_locale":"es_ES","og_type":"article","og_title":"Crema para pieles sensibles - Uniest","og_description":"Crema para pieles sensibles: es una crema ligera, por lo que se caracteriza por una f\u00e1cil absorci\u00f3n y una textura suave, ideal para hidratar y proteger las pieles m\u00e1s delicadas en las estaciones c\u00e1lidas (primavera\/verano). Entre sus extractos encontramos el Romero, normalizante y purificante de la piel, el Lim\u00f3n, vitaminante, antiinflamatorio y astringente, el L\u00fapulo, [&hellip;]","og_url":"https:\/\/uniest.it\/prodotto\/crema-para-pieles-sensibles\/","og_site_name":"Uniest","twitter_card":"summary_large_image","twitter_misc":{"Tiempo de lectura":"1 minuto"},"schema":{"@context":"https:\/\/schema.org","@graph":[{"@type":"WebPage","@id":"https:\/\/uniest.it\/prodotto\/crema-para-pieles-sensibles\/","url":"https:\/\/uniest.it\/prodotto\/crema-para-pieles-sensibles\/","name":"Crema para pieles sensibles - Uniest","isPartOf":{"@id":"https:\/\/uniest.it\/#website"},"primaryImageOfPage":{"@id":"https:\/\/uniest.it\/prodotto\/crema-para-pieles-sensibles\/#primaryimage"},"image":{"@id":"https:\/\/uniest.it\/prodotto\/crema-para-pieles-sensibles\/#primaryimage"},"thumbnailUrl":"https:\/\/uniest.it\/wp-content\/uploads\/2020\/11\/096AAE.png","datePublished":"2024-10-23T16:26:22+00:00","breadcrumb":{"@id":"https:\/\/uniest.it\/prodotto\/crema-para-pieles-sensibles\/#breadcrumb"},"inLanguage":"es","potentialAction":[{"@type":"ReadAction","target":["https:\/\/uniest.it\/prodotto\/crema-para-pieles-sensibles\/"]}]},{"@type":"ImageObject","inLanguage":"es","@id":"https:\/\/uniest.it\/prodotto\/crema-para-pieles-sensibles\/#primaryimage","url":"https:\/\/uniest.it\/wp-content\/uploads\/2020\/11\/096AAE.png","contentUrl":"https:\/\/uniest.it\/wp-content\/uploads\/2020\/11\/096AAE.png","width":1283,"height":2001},{"@type":"BreadcrumbList","@id":"https:\/\/uniest.it\/prodotto\/crema-para-pieles-sensibles\/#breadcrumb","itemListElement":[{"@type":"ListItem","position":1,"name":"Home","item":"https:\/\/uniest.it\/es\/"},{"@type":"ListItem","position":2,"name":"Shop","item":"https:\/\/uniest.it\/shop\/"},{"@type":"ListItem","position":3,"name":"Crema para pieles sensibles"}]},{"@type":"WebSite","@id":"https:\/\/uniest.it\/#website","url":"https:\/\/uniest.it\/","name":"Uniest","description":"Cosmetici Naturali e Bio","potentialAction":[{"@type":"SearchAction","target":{"@type":"EntryPoint","urlTemplate":"https:\/\/uniest.it\/?s={search_term_string}"},"query-input":{"@type":"PropertyValueSpecification","valueRequired":true,"valueName":"search_term_string"}}],"inLanguage":"es"}]}},"_links":{"self":[{"href":"https:\/\/uniest.it\/es\/wp-json\/wp\/v2\/product\/6163","targetHints":{"allow":["GET"]}}],"collection":[{"href":"https:\/\/uniest.it\/es\/wp-json\/wp\/v2\/product"}],"about":[{"href":"https:\/\/uniest.it\/es\/wp-json\/wp\/v2\/types\/product"}],"wp:featuredmedia":[{"embeddable":true,"href":"https:\/\/uniest.it\/es\/wp-json\/wp\/v2\/media\/6164"}],"wp:attachment":[{"href":"https:\/\/uniest.it\/es\/wp-json\/wp\/v2\/media?parent=6163"}],"wp:term":[{"taxonomy":"product_brand","embeddable":true,"href":"https:\/\/uniest.it\/es\/wp-json\/wp\/v2\/product_brand?post=6163"},{"taxonomy":"product_cat","embeddable":true,"href":"https:\/\/uniest.it\/es\/wp-json\/wp\/v2\/product_cat?post=6163"},{"taxonomy":"product_tag","embeddable":true,"href":"https:\/\/uniest.it\/es\/wp-json\/wp\/v2\/product_tag?post=6163"}],"curies":[{"name":"wp","href":"https:\/\/api.w.org\/{rel}","templated":true}]}}