{"id":6165,"date":"2024-10-23T17:26:23","date_gmt":"2024-10-23T16:26:23","guid":{"rendered":"https:\/\/uniest.it\/prodotto\/crema-acidificante\/"},"modified":"2024-10-23T17:26:23","modified_gmt":"2024-10-23T16:26:23","slug":"crema-acidificante","status":"publish","type":"product","link":"https:\/\/uniest.it\/es\/prodotto\/crema-acidificante\/","title":{"rendered":"Crema acidificante"},"content":{"rendered":"<p>La crema acidificante es una crema dermoprotectora, por tanto ideal para las estaciones fr\u00edas (oto\u00f1o\/invierno), o para pieles con tendencia a enrojecerse. A base de Aceite de Salvado de Arroz y Sorbitol con propiedades protectoras, hidratantes y antienvejecimiento, est\u00e1 enriquecido con extractos de plantas de Romero, que tienen una acci\u00f3n hidratante y normalizadora. Contiene Malva, que tiene reconocidas propiedades emolientes, descongestionantes, hidratantes y refrescantes, y Lim\u00f3n, que finalmente tiene un efecto purificante, t\u00f3nico y aclarante de la piel. Por tanto, esta suave crema ayuda a reequilibrar delicadamente el pH de la piel y tambi\u00e9n es ideal como base de maquillaje y en todos los casos de enrojecimiento, descamaci\u00f3n e irritaci\u00f3n de la piel. Cuidar la piel cada d\u00eda es fundamental para lucir una tez fresca, colorida, homog\u00e9nea y sin imperfecciones, muchas veces provocadas por un maquillaje excesivamente agresivo, el smog y tambi\u00e9n por una incorrecta o mala limpieza facial.<\/p>\n","protected":false},"excerpt":{"rendered":"<p>La crema acidificante es una crema dermoprotectora, por tanto ideal para las estaciones fr\u00edas (oto\u00f1o\/invierno), o para pieles con tendencia a enrojecerse. A base de Aceite de Salvado de Arroz y Sorbitol con propiedades protectoras, hidratantes y antienvejecimiento, est\u00e1 enriquecido con extractos de plantas de Romero, que tienen una acci\u00f3n hidratante y normalizadora. Contiene Malva, [&hellip;]<\/p>\n","protected":false},"featured_media":6166,"template":"","meta":{"_acf_changed":false,"inline_featured_image":false},"product_brand":[],"product_cat":[1435],"product_tag":[],"class_list":{"0":"post-6165","1":"product","2":"type-product","3":"status-publish","4":"has-post-thumbnail","6":"product_beauty-detox-e-dren","7":"product_beauty-idratare","8":"product_beauty-lenire","9":"product_beauty-nutrire-e-rigenerare","10":"product_beauty-proteggere","11":"product_beauty-purificare","12":"product_beauty-rassodare-e-tonificare","13":"product_beauty-riequilibrare","14":"product_beauty-schiarire","15":"product_skin-pelli-delicate-e-sensibili","16":"product_skin-pelli-giovani-e-prime-rughe","17":"product_skin-pelli-grasse-e-miste","18":"product_skin-pelli-mature-e-rughe","19":"product_skin-pelli-secche-e-normali","20":"product_skin-tutte-le-pelli","21":"product_kind-creme-pelli-complesse","22":"product_kind-tutte-le-creme-viso","23":"product_lines-pelli-delicate-e-sensibili","24":"product_cat-viso-es","25":"pa_size-50-es","27":"first","28":"instock","29":"taxable","30":"shipping-taxable","31":"purchasable","32":"product-type-simple"},"acf":[],"yoast_head":"<!-- This site is optimized with the Yoast SEO plugin v24.6 - https:\/\/yoast.com\/wordpress\/plugins\/seo\/ -->\n<title>Crema acidificante - Uniest<\/title>\n<meta name=\"robots\" content=\"index, follow, max-snippet:-1, max-image-preview:large, max-video-preview:-1\" \/>\n<link rel=\"canonical\" href=\"https:\/\/uniest.it\/prodotto\/crema-acidificante\/\" \/>\n<meta property=\"og:locale\" content=\"es_ES\" \/>\n<meta property=\"og:type\" content=\"article\" \/>\n<meta property=\"og:title\" content=\"Crema acidificante - Uniest\" \/>\n<meta property=\"og:description\" content=\"La crema acidificante es una crema dermoprotectora, por tanto ideal para las estaciones fr\u00edas (oto\u00f1o\/invierno), o para pieles con tendencia a enrojecerse. A base de Aceite de Salvado de Arroz y Sorbitol con propiedades protectoras, hidratantes y antienvejecimiento, est\u00e1 enriquecido con extractos de plantas de Romero, que tienen una acci\u00f3n hidratante y normalizadora. Contiene Malva, [&hellip;]\" \/>\n<meta property=\"og:url\" content=\"https:\/\/uniest.it\/prodotto\/crema-acidificante\/\" \/>\n<meta property=\"og:site_name\" content=\"Uniest\" \/>\n<meta name=\"twitter:card\" content=\"summary_large_image\" \/>\n<meta name=\"twitter:label1\" content=\"Tiempo de lectura\" \/>\n\t<meta name=\"twitter:data1\" content=\"1 minuto\" \/>\n<script type=\"application\/ld+json\" class=\"yoast-schema-graph\">{\"@context\":\"https:\/\/schema.org\",\"@graph\":[{\"@type\":\"WebPage\",\"@id\":\"https:\/\/uniest.it\/prodotto\/crema-acidificante\/\",\"url\":\"https:\/\/uniest.it\/prodotto\/crema-acidificante\/\",\"name\":\"Crema acidificante - Uniest\",\"isPartOf\":{\"@id\":\"https:\/\/uniest.it\/#website\"},\"primaryImageOfPage\":{\"@id\":\"https:\/\/uniest.it\/prodotto\/crema-acidificante\/#primaryimage\"},\"image\":{\"@id\":\"https:\/\/uniest.it\/prodotto\/crema-acidificante\/#primaryimage\"},\"thumbnailUrl\":\"https:\/\/uniest.it\/wp-content\/uploads\/2020\/11\/099AAE.png\",\"datePublished\":\"2024-10-23T16:26:23+00:00\",\"breadcrumb\":{\"@id\":\"https:\/\/uniest.it\/prodotto\/crema-acidificante\/#breadcrumb\"},\"inLanguage\":\"es\",\"potentialAction\":[{\"@type\":\"ReadAction\",\"target\":[\"https:\/\/uniest.it\/prodotto\/crema-acidificante\/\"]}]},{\"@type\":\"ImageObject\",\"inLanguage\":\"es\",\"@id\":\"https:\/\/uniest.it\/prodotto\/crema-acidificante\/#primaryimage\",\"url\":\"https:\/\/uniest.it\/wp-content\/uploads\/2020\/11\/099AAE.png\",\"contentUrl\":\"https:\/\/uniest.it\/wp-content\/uploads\/2020\/11\/099AAE.png\",\"width\":1283,\"height\":2000},{\"@type\":\"BreadcrumbList\",\"@id\":\"https:\/\/uniest.it\/prodotto\/crema-acidificante\/#breadcrumb\",\"itemListElement\":[{\"@type\":\"ListItem\",\"position\":1,\"name\":\"Home\",\"item\":\"https:\/\/uniest.it\/es\/\"},{\"@type\":\"ListItem\",\"position\":2,\"name\":\"Shop\",\"item\":\"https:\/\/uniest.it\/shop\/\"},{\"@type\":\"ListItem\",\"position\":3,\"name\":\"Crema acidificante\"}]},{\"@type\":\"WebSite\",\"@id\":\"https:\/\/uniest.it\/#website\",\"url\":\"https:\/\/uniest.it\/\",\"name\":\"Uniest\",\"description\":\"Cosmetici Naturali e Bio\",\"potentialAction\":[{\"@type\":\"SearchAction\",\"target\":{\"@type\":\"EntryPoint\",\"urlTemplate\":\"https:\/\/uniest.it\/?s={search_term_string}\"},\"query-input\":{\"@type\":\"PropertyValueSpecification\",\"valueRequired\":true,\"valueName\":\"search_term_string\"}}],\"inLanguage\":\"es\"}]}<\/script>\n<!-- \/ Yoast SEO plugin. -->","yoast_head_json":{"title":"Crema acidificante - Uniest","robots":{"index":"index","follow":"follow","max-snippet":"max-snippet:-1","max-image-preview":"max-image-preview:large","max-video-preview":"max-video-preview:-1"},"canonical":"https:\/\/uniest.it\/prodotto\/crema-acidificante\/","og_locale":"es_ES","og_type":"article","og_title":"Crema acidificante - Uniest","og_description":"La crema acidificante es una crema dermoprotectora, por tanto ideal para las estaciones fr\u00edas (oto\u00f1o\/invierno), o para pieles con tendencia a enrojecerse. A base de Aceite de Salvado de Arroz y Sorbitol con propiedades protectoras, hidratantes y antienvejecimiento, est\u00e1 enriquecido con extractos de plantas de Romero, que tienen una acci\u00f3n hidratante y normalizadora. Contiene Malva, [&hellip;]","og_url":"https:\/\/uniest.it\/prodotto\/crema-acidificante\/","og_site_name":"Uniest","twitter_card":"summary_large_image","twitter_misc":{"Tiempo de lectura":"1 minuto"},"schema":{"@context":"https:\/\/schema.org","@graph":[{"@type":"WebPage","@id":"https:\/\/uniest.it\/prodotto\/crema-acidificante\/","url":"https:\/\/uniest.it\/prodotto\/crema-acidificante\/","name":"Crema acidificante - Uniest","isPartOf":{"@id":"https:\/\/uniest.it\/#website"},"primaryImageOfPage":{"@id":"https:\/\/uniest.it\/prodotto\/crema-acidificante\/#primaryimage"},"image":{"@id":"https:\/\/uniest.it\/prodotto\/crema-acidificante\/#primaryimage"},"thumbnailUrl":"https:\/\/uniest.it\/wp-content\/uploads\/2020\/11\/099AAE.png","datePublished":"2024-10-23T16:26:23+00:00","breadcrumb":{"@id":"https:\/\/uniest.it\/prodotto\/crema-acidificante\/#breadcrumb"},"inLanguage":"es","potentialAction":[{"@type":"ReadAction","target":["https:\/\/uniest.it\/prodotto\/crema-acidificante\/"]}]},{"@type":"ImageObject","inLanguage":"es","@id":"https:\/\/uniest.it\/prodotto\/crema-acidificante\/#primaryimage","url":"https:\/\/uniest.it\/wp-content\/uploads\/2020\/11\/099AAE.png","contentUrl":"https:\/\/uniest.it\/wp-content\/uploads\/2020\/11\/099AAE.png","width":1283,"height":2000},{"@type":"BreadcrumbList","@id":"https:\/\/uniest.it\/prodotto\/crema-acidificante\/#breadcrumb","itemListElement":[{"@type":"ListItem","position":1,"name":"Home","item":"https:\/\/uniest.it\/es\/"},{"@type":"ListItem","position":2,"name":"Shop","item":"https:\/\/uniest.it\/shop\/"},{"@type":"ListItem","position":3,"name":"Crema acidificante"}]},{"@type":"WebSite","@id":"https:\/\/uniest.it\/#website","url":"https:\/\/uniest.it\/","name":"Uniest","description":"Cosmetici Naturali e Bio","potentialAction":[{"@type":"SearchAction","target":{"@type":"EntryPoint","urlTemplate":"https:\/\/uniest.it\/?s={search_term_string}"},"query-input":{"@type":"PropertyValueSpecification","valueRequired":true,"valueName":"search_term_string"}}],"inLanguage":"es"}]}},"_links":{"self":[{"href":"https:\/\/uniest.it\/es\/wp-json\/wp\/v2\/product\/6165","targetHints":{"allow":["GET"]}}],"collection":[{"href":"https:\/\/uniest.it\/es\/wp-json\/wp\/v2\/product"}],"about":[{"href":"https:\/\/uniest.it\/es\/wp-json\/wp\/v2\/types\/product"}],"wp:featuredmedia":[{"embeddable":true,"href":"https:\/\/uniest.it\/es\/wp-json\/wp\/v2\/media\/6166"}],"wp:attachment":[{"href":"https:\/\/uniest.it\/es\/wp-json\/wp\/v2\/media?parent=6165"}],"wp:term":[{"taxonomy":"product_brand","embeddable":true,"href":"https:\/\/uniest.it\/es\/wp-json\/wp\/v2\/product_brand?post=6165"},{"taxonomy":"product_cat","embeddable":true,"href":"https:\/\/uniest.it\/es\/wp-json\/wp\/v2\/product_cat?post=6165"},{"taxonomy":"product_tag","embeddable":true,"href":"https:\/\/uniest.it\/es\/wp-json\/wp\/v2\/product_tag?post=6165"}],"curies":[{"name":"wp","href":"https:\/\/api.w.org\/{rel}","templated":true}]}}