{"id":6167,"date":"2024-10-23T17:26:24","date_gmt":"2024-10-23T16:26:24","guid":{"rendered":"https:\/\/uniest.it\/prodotto\/champu-calmante\/"},"modified":"2024-10-23T17:26:24","modified_gmt":"2024-10-23T16:26:24","slug":"champu-calmante","status":"publish","type":"product","link":"https:\/\/uniest.it\/es\/prodotto\/champu-calmante\/","title":{"rendered":"Champ\u00fa calmante"},"content":{"rendered":"<p>Champ\u00fa Calmante es un champ\u00fa natural muy delicado formulado con las mejores materias primas de origen vegetal, no es un tratamiento qu\u00edmico ni un insecticida. Enriquecido con Aceite de Almendras Dulces* y Extracto Natural de Tomillo, limpia respetando el pH de la piel, dejando el cabello suave y bien limpio, adem\u00e1s de hidratar la piel. Su preciosa f\u00f3rmula natural ha sido enriquecida con los ingredientes vegetales activos de Aceite de Andiroba, Aceite de Oliva, Aceite de Neem, Aceite de \u00c1rbol de T\u00e9 y Aceite Esencial de Lavanda. Estos aceites liberan sus beneficios en profundidad, nutriendo, suavizando y refrescando respetando plenamente el equilibrio epid\u00e9rmico y el bienestar del cabello. Su olor caracter\u00edstico es desagradable para los insectos\/piojos, creando un ambiente desfavorable para su asentamiento, dejando el cabello suave y brillante.<\/p>\n","protected":false},"excerpt":{"rendered":"<p>Champ\u00fa Calmante es un champ\u00fa natural muy delicado formulado con las mejores materias primas de origen vegetal, no es un tratamiento qu\u00edmico ni un insecticida. Enriquecido con Aceite de Almendras Dulces* y Extracto Natural de Tomillo, limpia respetando el pH de la piel, dejando el cabello suave y bien limpio, adem\u00e1s de hidratar la piel. [&hellip;]<\/p>\n","protected":false},"featured_media":6168,"template":"","meta":{"_acf_changed":false,"inline_featured_image":false},"product_brand":[],"product_cat":[1430],"product_tag":[],"class_list":{"0":"post-6167","1":"product","2":"type-product","3":"status-publish","4":"has-post-thumbnail","6":"product_beauty-detergere","7":"product_beauty-idratare","8":"product_beauty-lenire","9":"product_beauty-proteggere","10":"product_skin-tutti-i-capelli","11":"product_kind-bagno","12":"product_kind-doccia","13":"product_kind-shampoo-e-detergenza","14":"product_lines-baby-mamy","15":"product_cat-famiglia-e-pet-es","16":"pa_size-125-es","18":"first","19":"instock","20":"taxable","21":"shipping-taxable","22":"purchasable","23":"product-type-simple"},"acf":[],"yoast_head":"<!-- This site is optimized with the Yoast SEO plugin v24.6 - https:\/\/yoast.com\/wordpress\/plugins\/seo\/ -->\n<title>Champ\u00fa calmante - Uniest<\/title>\n<meta name=\"robots\" content=\"index, follow, max-snippet:-1, max-image-preview:large, max-video-preview:-1\" \/>\n<link rel=\"canonical\" href=\"https:\/\/uniest.it\/prodotto\/champu-calmante\/\" \/>\n<meta property=\"og:locale\" content=\"es_ES\" \/>\n<meta property=\"og:type\" content=\"article\" \/>\n<meta property=\"og:title\" content=\"Champ\u00fa calmante - Uniest\" \/>\n<meta property=\"og:description\" content=\"Champ\u00fa Calmante es un champ\u00fa natural muy delicado formulado con las mejores materias primas de origen vegetal, no es un tratamiento qu\u00edmico ni un insecticida. Enriquecido con Aceite de Almendras Dulces* y Extracto Natural de Tomillo, limpia respetando el pH de la piel, dejando el cabello suave y bien limpio, adem\u00e1s de hidratar la piel. [&hellip;]\" \/>\n<meta property=\"og:url\" content=\"https:\/\/uniest.it\/prodotto\/champu-calmante\/\" \/>\n<meta property=\"og:site_name\" content=\"Uniest\" \/>\n<meta name=\"twitter:card\" content=\"summary_large_image\" \/>\n<meta name=\"twitter:label1\" content=\"Tiempo de lectura\" \/>\n\t<meta name=\"twitter:data1\" content=\"1 minuto\" \/>\n<script type=\"application\/ld+json\" class=\"yoast-schema-graph\">{\"@context\":\"https:\/\/schema.org\",\"@graph\":[{\"@type\":\"WebPage\",\"@id\":\"https:\/\/uniest.it\/prodotto\/champu-calmante\/\",\"url\":\"https:\/\/uniest.it\/prodotto\/champu-calmante\/\",\"name\":\"Champ\u00fa calmante - Uniest\",\"isPartOf\":{\"@id\":\"https:\/\/uniest.it\/#website\"},\"primaryImageOfPage\":{\"@id\":\"https:\/\/uniest.it\/prodotto\/champu-calmante\/#primaryimage\"},\"image\":{\"@id\":\"https:\/\/uniest.it\/prodotto\/champu-calmante\/#primaryimage\"},\"thumbnailUrl\":\"https:\/\/uniest.it\/wp-content\/uploads\/2020\/11\/100AAA.png\",\"datePublished\":\"2024-10-23T16:26:24+00:00\",\"breadcrumb\":{\"@id\":\"https:\/\/uniest.it\/prodotto\/champu-calmante\/#breadcrumb\"},\"inLanguage\":\"es\",\"potentialAction\":[{\"@type\":\"ReadAction\",\"target\":[\"https:\/\/uniest.it\/prodotto\/champu-calmante\/\"]}]},{\"@type\":\"ImageObject\",\"inLanguage\":\"es\",\"@id\":\"https:\/\/uniest.it\/prodotto\/champu-calmante\/#primaryimage\",\"url\":\"https:\/\/uniest.it\/wp-content\/uploads\/2020\/11\/100AAA.png\",\"contentUrl\":\"https:\/\/uniest.it\/wp-content\/uploads\/2020\/11\/100AAA.png\",\"width\":1283,\"height\":2000},{\"@type\":\"BreadcrumbList\",\"@id\":\"https:\/\/uniest.it\/prodotto\/champu-calmante\/#breadcrumb\",\"itemListElement\":[{\"@type\":\"ListItem\",\"position\":1,\"name\":\"Home\",\"item\":\"https:\/\/uniest.it\/es\/\"},{\"@type\":\"ListItem\",\"position\":2,\"name\":\"Shop\",\"item\":\"https:\/\/uniest.it\/shop\/\"},{\"@type\":\"ListItem\",\"position\":3,\"name\":\"Champ\u00fa calmante\"}]},{\"@type\":\"WebSite\",\"@id\":\"https:\/\/uniest.it\/#website\",\"url\":\"https:\/\/uniest.it\/\",\"name\":\"Uniest\",\"description\":\"Cosmetici Naturali e Bio\",\"potentialAction\":[{\"@type\":\"SearchAction\",\"target\":{\"@type\":\"EntryPoint\",\"urlTemplate\":\"https:\/\/uniest.it\/?s={search_term_string}\"},\"query-input\":{\"@type\":\"PropertyValueSpecification\",\"valueRequired\":true,\"valueName\":\"search_term_string\"}}],\"inLanguage\":\"es\"}]}<\/script>\n<!-- \/ Yoast SEO plugin. -->","yoast_head_json":{"title":"Champ\u00fa calmante - Uniest","robots":{"index":"index","follow":"follow","max-snippet":"max-snippet:-1","max-image-preview":"max-image-preview:large","max-video-preview":"max-video-preview:-1"},"canonical":"https:\/\/uniest.it\/prodotto\/champu-calmante\/","og_locale":"es_ES","og_type":"article","og_title":"Champ\u00fa calmante - Uniest","og_description":"Champ\u00fa Calmante es un champ\u00fa natural muy delicado formulado con las mejores materias primas de origen vegetal, no es un tratamiento qu\u00edmico ni un insecticida. Enriquecido con Aceite de Almendras Dulces* y Extracto Natural de Tomillo, limpia respetando el pH de la piel, dejando el cabello suave y bien limpio, adem\u00e1s de hidratar la piel. [&hellip;]","og_url":"https:\/\/uniest.it\/prodotto\/champu-calmante\/","og_site_name":"Uniest","twitter_card":"summary_large_image","twitter_misc":{"Tiempo de lectura":"1 minuto"},"schema":{"@context":"https:\/\/schema.org","@graph":[{"@type":"WebPage","@id":"https:\/\/uniest.it\/prodotto\/champu-calmante\/","url":"https:\/\/uniest.it\/prodotto\/champu-calmante\/","name":"Champ\u00fa calmante - Uniest","isPartOf":{"@id":"https:\/\/uniest.it\/#website"},"primaryImageOfPage":{"@id":"https:\/\/uniest.it\/prodotto\/champu-calmante\/#primaryimage"},"image":{"@id":"https:\/\/uniest.it\/prodotto\/champu-calmante\/#primaryimage"},"thumbnailUrl":"https:\/\/uniest.it\/wp-content\/uploads\/2020\/11\/100AAA.png","datePublished":"2024-10-23T16:26:24+00:00","breadcrumb":{"@id":"https:\/\/uniest.it\/prodotto\/champu-calmante\/#breadcrumb"},"inLanguage":"es","potentialAction":[{"@type":"ReadAction","target":["https:\/\/uniest.it\/prodotto\/champu-calmante\/"]}]},{"@type":"ImageObject","inLanguage":"es","@id":"https:\/\/uniest.it\/prodotto\/champu-calmante\/#primaryimage","url":"https:\/\/uniest.it\/wp-content\/uploads\/2020\/11\/100AAA.png","contentUrl":"https:\/\/uniest.it\/wp-content\/uploads\/2020\/11\/100AAA.png","width":1283,"height":2000},{"@type":"BreadcrumbList","@id":"https:\/\/uniest.it\/prodotto\/champu-calmante\/#breadcrumb","itemListElement":[{"@type":"ListItem","position":1,"name":"Home","item":"https:\/\/uniest.it\/es\/"},{"@type":"ListItem","position":2,"name":"Shop","item":"https:\/\/uniest.it\/shop\/"},{"@type":"ListItem","position":3,"name":"Champ\u00fa calmante"}]},{"@type":"WebSite","@id":"https:\/\/uniest.it\/#website","url":"https:\/\/uniest.it\/","name":"Uniest","description":"Cosmetici Naturali e Bio","potentialAction":[{"@type":"SearchAction","target":{"@type":"EntryPoint","urlTemplate":"https:\/\/uniest.it\/?s={search_term_string}"},"query-input":{"@type":"PropertyValueSpecification","valueRequired":true,"valueName":"search_term_string"}}],"inLanguage":"es"}]}},"_links":{"self":[{"href":"https:\/\/uniest.it\/es\/wp-json\/wp\/v2\/product\/6167","targetHints":{"allow":["GET"]}}],"collection":[{"href":"https:\/\/uniest.it\/es\/wp-json\/wp\/v2\/product"}],"about":[{"href":"https:\/\/uniest.it\/es\/wp-json\/wp\/v2\/types\/product"}],"wp:featuredmedia":[{"embeddable":true,"href":"https:\/\/uniest.it\/es\/wp-json\/wp\/v2\/media\/6168"}],"wp:attachment":[{"href":"https:\/\/uniest.it\/es\/wp-json\/wp\/v2\/media?parent=6167"}],"wp:term":[{"taxonomy":"product_brand","embeddable":true,"href":"https:\/\/uniest.it\/es\/wp-json\/wp\/v2\/product_brand?post=6167"},{"taxonomy":"product_cat","embeddable":true,"href":"https:\/\/uniest.it\/es\/wp-json\/wp\/v2\/product_cat?post=6167"},{"taxonomy":"product_tag","embeddable":true,"href":"https:\/\/uniest.it\/es\/wp-json\/wp\/v2\/product_tag?post=6167"}],"curies":[{"name":"wp","href":"https:\/\/api.w.org\/{rel}","templated":true}]}}