{"id":6169,"date":"2021-02-04T12:59:20","date_gmt":"2024-10-23T16:26:24","guid":{"rendered":"https:\/\/uniest.it\/prodotto\/fitomascarilla-aclaradora\/"},"modified":"2025-03-04T00:00:48","modified_gmt":"2025-03-03T23:00:48","slug":"fitomascarilla-aclaradora","status":"publish","type":"product","link":"https:\/\/uniest.it\/es\/prodotto\/fitomascarilla-aclaradora\/","title":{"rendered":"Fitomascarilla aclaradora"},"content":{"rendered":"<p>Phytomask aclarante es una mascarilla que ayuda a reducir las antiest\u00e9ticas manchas oscuras, para una piel siempre hidratada y el\u00e1stica y un cutis uniforme y radiante. Se caracteriza por las sustancias nutritivas de los aceites vegetales (Zanahoria y Germen de Ma\u00edz) y ceras (Salvado de Arroz, Candelilla y Jojoba), emolientes, protectoras, calmantes y antioxidantes. Las sustancias reestructurantes de los extractos de plantas (Manzanilla, Enebro y Hamamelis) y de los aceites esenciales (Naranja amarga y Lim\u00f3n) son excelentes para restablecer el equilibrio de la piel. Contiene las sustancias antis\u00e9pticas y cicatrizantes de la arcilla, excelente por sus numerosas propiedades cicatrizantes, desintoxicantes, antifermentativas y antiinflamatorias. La arcilla tambi\u00e9n ayuda a activar los intercambios entre toxinas (absorbidas) y minerales (liberados), facilitando el transporte de los principios activos contenidos en la mascarilla. Adem\u00e1s, contiene di\u00f3xido de titanio, una sustancia de cobertura natural que, en comparaci\u00f3n con los filtros qu\u00edmicos, es adecuado para pieles sensibles, ya que act\u00faa como barrera protectora.<\/p>\n","protected":false},"excerpt":{"rendered":"<p>Phytomask aclarante es una mascarilla que ayuda a reducir las antiest\u00e9ticas manchas oscuras, para una piel siempre hidratada y el\u00e1stica y un cutis uniforme y radiante. Se caracteriza por las sustancias nutritivas de los aceites vegetales (Zanahoria y Germen de Ma\u00edz) y ceras (Salvado de Arroz, Candelilla y Jojoba), emolientes, protectoras, calmantes y antioxidantes. Las [&hellip;]<\/p>\n","protected":false},"featured_media":6170,"template":"","meta":{"_acf_changed":false,"inline_featured_image":false},"product_brand":[],"product_cat":[1435],"product_tag":[],"class_list":{"0":"post-6169","1":"product","2":"type-product","3":"status-publish","4":"has-post-thumbnail","6":"product_beauty-idratare","7":"product_beauty-lenire","8":"product_beauty-nutrire-e-rigenerare","9":"product_beauty-schiarire","10":"product_skin-pelli-delicate-e-sensibili","11":"product_skin-pelli-giovani-e-prime-rughe","12":"product_kind-creme-pelli-complesse","13":"product_kind-maschere-ed-esfolianti-viso","14":"product_kind-trattamenti-speciali","15":"product_lines-pelli-delicate-e-sensibili","16":"product_cat-viso-es","17":"pa_size-50-es","19":"first","20":"instock","21":"taxable","22":"shipping-taxable","23":"purchasable","24":"product-type-simple"},"acf":[],"yoast_head":"<!-- This site is optimized with the Yoast SEO plugin v24.6 - https:\/\/yoast.com\/wordpress\/plugins\/seo\/ -->\n<title>Fitomascarilla aclaradora - Uniest<\/title>\n<meta name=\"robots\" content=\"index, follow, max-snippet:-1, max-image-preview:large, max-video-preview:-1\" \/>\n<link rel=\"canonical\" href=\"https:\/\/uniest.it\/prodotto\/fitomascarilla-aclaradora\/\" \/>\n<meta property=\"og:locale\" content=\"es_ES\" \/>\n<meta property=\"og:type\" content=\"article\" \/>\n<meta property=\"og:title\" content=\"Fitomascarilla aclaradora - Uniest\" \/>\n<meta property=\"og:description\" content=\"Phytomask aclarante es una mascarilla que ayuda a reducir las antiest\u00e9ticas manchas oscuras, para una piel siempre hidratada y el\u00e1stica y un cutis uniforme y radiante. Se caracteriza por las sustancias nutritivas de los aceites vegetales (Zanahoria y Germen de Ma\u00edz) y ceras (Salvado de Arroz, Candelilla y Jojoba), emolientes, protectoras, calmantes y antioxidantes. Las [&hellip;]\" \/>\n<meta property=\"og:url\" content=\"https:\/\/uniest.it\/prodotto\/fitomascarilla-aclaradora\/\" \/>\n<meta property=\"og:site_name\" content=\"Uniest\" \/>\n<meta property=\"article:modified_time\" content=\"2025-03-03T23:00:48+00:00\" \/>\n<meta name=\"twitter:card\" content=\"summary_large_image\" \/>\n<meta name=\"twitter:label1\" content=\"Tiempo de lectura\" \/>\n\t<meta name=\"twitter:data1\" content=\"1 minuto\" \/>\n<script type=\"application\/ld+json\" class=\"yoast-schema-graph\">{\"@context\":\"https:\/\/schema.org\",\"@graph\":[{\"@type\":\"WebPage\",\"@id\":\"https:\/\/uniest.it\/prodotto\/fitomascarilla-aclaradora\/\",\"url\":\"https:\/\/uniest.it\/prodotto\/fitomascarilla-aclaradora\/\",\"name\":\"Fitomascarilla aclaradora - Uniest\",\"isPartOf\":{\"@id\":\"https:\/\/uniest.it\/#website\"},\"primaryImageOfPage\":{\"@id\":\"https:\/\/uniest.it\/prodotto\/fitomascarilla-aclaradora\/#primaryimage\"},\"image\":{\"@id\":\"https:\/\/uniest.it\/prodotto\/fitomascarilla-aclaradora\/#primaryimage\"},\"thumbnailUrl\":\"https:\/\/uniest.it\/wp-content\/uploads\/2020\/11\/102AAE.png\",\"datePublished\":\"2024-10-23T16:26:24+00:00\",\"dateModified\":\"2025-03-03T23:00:48+00:00\",\"breadcrumb\":{\"@id\":\"https:\/\/uniest.it\/prodotto\/fitomascarilla-aclaradora\/#breadcrumb\"},\"inLanguage\":\"es\",\"potentialAction\":[{\"@type\":\"ReadAction\",\"target\":[\"https:\/\/uniest.it\/prodotto\/fitomascarilla-aclaradora\/\"]}]},{\"@type\":\"ImageObject\",\"inLanguage\":\"es\",\"@id\":\"https:\/\/uniest.it\/prodotto\/fitomascarilla-aclaradora\/#primaryimage\",\"url\":\"https:\/\/uniest.it\/wp-content\/uploads\/2020\/11\/102AAE.png\",\"contentUrl\":\"https:\/\/uniest.it\/wp-content\/uploads\/2020\/11\/102AAE.png\",\"width\":1283,\"height\":2000},{\"@type\":\"BreadcrumbList\",\"@id\":\"https:\/\/uniest.it\/prodotto\/fitomascarilla-aclaradora\/#breadcrumb\",\"itemListElement\":[{\"@type\":\"ListItem\",\"position\":1,\"name\":\"Home\",\"item\":\"https:\/\/uniest.it\/es\/\"},{\"@type\":\"ListItem\",\"position\":2,\"name\":\"Shop\",\"item\":\"https:\/\/uniest.it\/shop\/\"},{\"@type\":\"ListItem\",\"position\":3,\"name\":\"Fitomascarilla aclaradora\"}]},{\"@type\":\"WebSite\",\"@id\":\"https:\/\/uniest.it\/#website\",\"url\":\"https:\/\/uniest.it\/\",\"name\":\"Uniest\",\"description\":\"Cosmetici Naturali e Bio\",\"potentialAction\":[{\"@type\":\"SearchAction\",\"target\":{\"@type\":\"EntryPoint\",\"urlTemplate\":\"https:\/\/uniest.it\/?s={search_term_string}\"},\"query-input\":{\"@type\":\"PropertyValueSpecification\",\"valueRequired\":true,\"valueName\":\"search_term_string\"}}],\"inLanguage\":\"es\"}]}<\/script>\n<!-- \/ Yoast SEO plugin. -->","yoast_head_json":{"title":"Fitomascarilla aclaradora - Uniest","robots":{"index":"index","follow":"follow","max-snippet":"max-snippet:-1","max-image-preview":"max-image-preview:large","max-video-preview":"max-video-preview:-1"},"canonical":"https:\/\/uniest.it\/prodotto\/fitomascarilla-aclaradora\/","og_locale":"es_ES","og_type":"article","og_title":"Fitomascarilla aclaradora - Uniest","og_description":"Phytomask aclarante es una mascarilla que ayuda a reducir las antiest\u00e9ticas manchas oscuras, para una piel siempre hidratada y el\u00e1stica y un cutis uniforme y radiante. Se caracteriza por las sustancias nutritivas de los aceites vegetales (Zanahoria y Germen de Ma\u00edz) y ceras (Salvado de Arroz, Candelilla y Jojoba), emolientes, protectoras, calmantes y antioxidantes. Las [&hellip;]","og_url":"https:\/\/uniest.it\/prodotto\/fitomascarilla-aclaradora\/","og_site_name":"Uniest","article_modified_time":"2025-03-03T23:00:48+00:00","twitter_card":"summary_large_image","twitter_misc":{"Tiempo de lectura":"1 minuto"},"schema":{"@context":"https:\/\/schema.org","@graph":[{"@type":"WebPage","@id":"https:\/\/uniest.it\/prodotto\/fitomascarilla-aclaradora\/","url":"https:\/\/uniest.it\/prodotto\/fitomascarilla-aclaradora\/","name":"Fitomascarilla aclaradora - Uniest","isPartOf":{"@id":"https:\/\/uniest.it\/#website"},"primaryImageOfPage":{"@id":"https:\/\/uniest.it\/prodotto\/fitomascarilla-aclaradora\/#primaryimage"},"image":{"@id":"https:\/\/uniest.it\/prodotto\/fitomascarilla-aclaradora\/#primaryimage"},"thumbnailUrl":"https:\/\/uniest.it\/wp-content\/uploads\/2020\/11\/102AAE.png","datePublished":"2024-10-23T16:26:24+00:00","dateModified":"2025-03-03T23:00:48+00:00","breadcrumb":{"@id":"https:\/\/uniest.it\/prodotto\/fitomascarilla-aclaradora\/#breadcrumb"},"inLanguage":"es","potentialAction":[{"@type":"ReadAction","target":["https:\/\/uniest.it\/prodotto\/fitomascarilla-aclaradora\/"]}]},{"@type":"ImageObject","inLanguage":"es","@id":"https:\/\/uniest.it\/prodotto\/fitomascarilla-aclaradora\/#primaryimage","url":"https:\/\/uniest.it\/wp-content\/uploads\/2020\/11\/102AAE.png","contentUrl":"https:\/\/uniest.it\/wp-content\/uploads\/2020\/11\/102AAE.png","width":1283,"height":2000},{"@type":"BreadcrumbList","@id":"https:\/\/uniest.it\/prodotto\/fitomascarilla-aclaradora\/#breadcrumb","itemListElement":[{"@type":"ListItem","position":1,"name":"Home","item":"https:\/\/uniest.it\/es\/"},{"@type":"ListItem","position":2,"name":"Shop","item":"https:\/\/uniest.it\/shop\/"},{"@type":"ListItem","position":3,"name":"Fitomascarilla aclaradora"}]},{"@type":"WebSite","@id":"https:\/\/uniest.it\/#website","url":"https:\/\/uniest.it\/","name":"Uniest","description":"Cosmetici Naturali e Bio","potentialAction":[{"@type":"SearchAction","target":{"@type":"EntryPoint","urlTemplate":"https:\/\/uniest.it\/?s={search_term_string}"},"query-input":{"@type":"PropertyValueSpecification","valueRequired":true,"valueName":"search_term_string"}}],"inLanguage":"es"}]}},"_links":{"self":[{"href":"https:\/\/uniest.it\/es\/wp-json\/wp\/v2\/product\/6169","targetHints":{"allow":["GET"]}}],"collection":[{"href":"https:\/\/uniest.it\/es\/wp-json\/wp\/v2\/product"}],"about":[{"href":"https:\/\/uniest.it\/es\/wp-json\/wp\/v2\/types\/product"}],"wp:featuredmedia":[{"embeddable":true,"href":"https:\/\/uniest.it\/es\/wp-json\/wp\/v2\/media\/6170"}],"wp:attachment":[{"href":"https:\/\/uniest.it\/es\/wp-json\/wp\/v2\/media?parent=6169"}],"wp:term":[{"taxonomy":"product_brand","embeddable":true,"href":"https:\/\/uniest.it\/es\/wp-json\/wp\/v2\/product_brand?post=6169"},{"taxonomy":"product_cat","embeddable":true,"href":"https:\/\/uniest.it\/es\/wp-json\/wp\/v2\/product_cat?post=6169"},{"taxonomy":"product_tag","embeddable":true,"href":"https:\/\/uniest.it\/es\/wp-json\/wp\/v2\/product_tag?post=6169"}],"curies":[{"name":"wp","href":"https:\/\/api.w.org\/{rel}","templated":true}]}}