{"id":6171,"date":"2021-02-04T12:59:20","date_gmt":"2024-10-23T16:26:25","guid":{"rendered":"https:\/\/uniest.it\/prodotto\/biogotas-defluentes\/"},"modified":"2024-10-23T17:26:25","modified_gmt":"2024-10-23T16:26:25","slug":"biogotas-defluentes","status":"publish","type":"product","link":"https:\/\/uniest.it\/es\/prodotto\/biogotas-defluentes\/","title":{"rendered":"Biogotas defluentes"},"content":{"rendered":"<p>Biogotas salientes: son preciosas gotas vegetales, de peque\u00f1o tama\u00f1o molecular, que ayudan a la piel, sometida a ataques de agentes agresivos, a recuperar una nueva frescura. Dan tono a la piel y son excelentes en todos los casos de rojeces, descamaciones, ligeras hinchaz\u00f3n y quemaduras solares leves, ya que contrarrestan las molestias dejando una sensaci\u00f3n de alivio. La f\u00f3rmula de Biogocce se cre\u00f3 utilizando los ingredientes activos naturales contenidos en los extractos de plantas de \u00e1rnica, hamamelis, casta\u00f1o de indias y mejorana. Estos activos naturales, combinados con el precioso aceite esencial de Eucalipto, aseguran un perfecto equilibrio h\u00eddrico, neutralizando las agresiones y fortaleciendo las defensas naturales.<\/p>\n","protected":false},"excerpt":{"rendered":"<p>Biogotas salientes: son preciosas gotas vegetales, de peque\u00f1o tama\u00f1o molecular, que ayudan a la piel, sometida a ataques de agentes agresivos, a recuperar una nueva frescura. Dan tono a la piel y son excelentes en todos los casos de rojeces, descamaciones, ligeras hinchaz\u00f3n y quemaduras solares leves, ya que contrarrestan las molestias dejando una sensaci\u00f3n [&hellip;]<\/p>\n","protected":false},"featured_media":6172,"template":"","meta":{"_acf_changed":false,"inline_featured_image":false},"product_brand":[],"product_cat":[1425,1435],"product_tag":[],"class_list":{"0":"post-6171","1":"product","2":"type-product","3":"status-publish","4":"has-post-thumbnail","6":"product_beauty-anti-cellulite","7":"product_beauty-detox-e-dren","8":"product_beauty-idratare","9":"product_skin-tutte-le-pelli","10":"product_kind-tonici-e-lozioni-viso","11":"product_lines-pelli-delicate-e-sensibili","12":"product_cat-corpo-es","13":"product_cat-viso-es","14":"pa_size-50-es","16":"first","17":"instock","18":"taxable","19":"shipping-taxable","20":"purchasable","21":"product-type-simple"},"acf":[],"yoast_head":"<!-- This site is optimized with the Yoast SEO plugin v24.6 - https:\/\/yoast.com\/wordpress\/plugins\/seo\/ -->\n<title>Biogotas defluentes - Uniest<\/title>\n<meta name=\"robots\" content=\"index, follow, max-snippet:-1, max-image-preview:large, max-video-preview:-1\" \/>\n<link rel=\"canonical\" href=\"https:\/\/uniest.it\/prodotto\/biogotas-defluentes\/\" \/>\n<meta property=\"og:locale\" content=\"es_ES\" \/>\n<meta property=\"og:type\" content=\"article\" \/>\n<meta property=\"og:title\" content=\"Biogotas defluentes - Uniest\" \/>\n<meta property=\"og:description\" content=\"Biogotas salientes: son preciosas gotas vegetales, de peque\u00f1o tama\u00f1o molecular, que ayudan a la piel, sometida a ataques de agentes agresivos, a recuperar una nueva frescura. Dan tono a la piel y son excelentes en todos los casos de rojeces, descamaciones, ligeras hinchaz\u00f3n y quemaduras solares leves, ya que contrarrestan las molestias dejando una sensaci\u00f3n [&hellip;]\" \/>\n<meta property=\"og:url\" content=\"https:\/\/uniest.it\/prodotto\/biogotas-defluentes\/\" \/>\n<meta property=\"og:site_name\" content=\"Uniest\" \/>\n<meta name=\"twitter:card\" content=\"summary_large_image\" \/>\n<meta name=\"twitter:label1\" content=\"Tiempo de lectura\" \/>\n\t<meta name=\"twitter:data1\" content=\"1 minuto\" \/>\n<script type=\"application\/ld+json\" class=\"yoast-schema-graph\">{\"@context\":\"https:\/\/schema.org\",\"@graph\":[{\"@type\":\"WebPage\",\"@id\":\"https:\/\/uniest.it\/prodotto\/biogotas-defluentes\/\",\"url\":\"https:\/\/uniest.it\/prodotto\/biogotas-defluentes\/\",\"name\":\"Biogotas defluentes - Uniest\",\"isPartOf\":{\"@id\":\"https:\/\/uniest.it\/#website\"},\"primaryImageOfPage\":{\"@id\":\"https:\/\/uniest.it\/prodotto\/biogotas-defluentes\/#primaryimage\"},\"image\":{\"@id\":\"https:\/\/uniest.it\/prodotto\/biogotas-defluentes\/#primaryimage\"},\"thumbnailUrl\":\"https:\/\/uniest.it\/wp-content\/uploads\/2020\/11\/105AAE.png\",\"datePublished\":\"2024-10-23T16:26:25+00:00\",\"breadcrumb\":{\"@id\":\"https:\/\/uniest.it\/prodotto\/biogotas-defluentes\/#breadcrumb\"},\"inLanguage\":\"es\",\"potentialAction\":[{\"@type\":\"ReadAction\",\"target\":[\"https:\/\/uniest.it\/prodotto\/biogotas-defluentes\/\"]}]},{\"@type\":\"ImageObject\",\"inLanguage\":\"es\",\"@id\":\"https:\/\/uniest.it\/prodotto\/biogotas-defluentes\/#primaryimage\",\"url\":\"https:\/\/uniest.it\/wp-content\/uploads\/2020\/11\/105AAE.png\",\"contentUrl\":\"https:\/\/uniest.it\/wp-content\/uploads\/2020\/11\/105AAE.png\",\"width\":1283,\"height\":2001},{\"@type\":\"BreadcrumbList\",\"@id\":\"https:\/\/uniest.it\/prodotto\/biogotas-defluentes\/#breadcrumb\",\"itemListElement\":[{\"@type\":\"ListItem\",\"position\":1,\"name\":\"Home\",\"item\":\"https:\/\/uniest.it\/es\/\"},{\"@type\":\"ListItem\",\"position\":2,\"name\":\"Shop\",\"item\":\"https:\/\/uniest.it\/shop\/\"},{\"@type\":\"ListItem\",\"position\":3,\"name\":\"Biogotas defluentes\"}]},{\"@type\":\"WebSite\",\"@id\":\"https:\/\/uniest.it\/#website\",\"url\":\"https:\/\/uniest.it\/\",\"name\":\"Uniest\",\"description\":\"Cosmetici Naturali e Bio\",\"potentialAction\":[{\"@type\":\"SearchAction\",\"target\":{\"@type\":\"EntryPoint\",\"urlTemplate\":\"https:\/\/uniest.it\/?s={search_term_string}\"},\"query-input\":{\"@type\":\"PropertyValueSpecification\",\"valueRequired\":true,\"valueName\":\"search_term_string\"}}],\"inLanguage\":\"es\"}]}<\/script>\n<!-- \/ Yoast SEO plugin. -->","yoast_head_json":{"title":"Biogotas defluentes - Uniest","robots":{"index":"index","follow":"follow","max-snippet":"max-snippet:-1","max-image-preview":"max-image-preview:large","max-video-preview":"max-video-preview:-1"},"canonical":"https:\/\/uniest.it\/prodotto\/biogotas-defluentes\/","og_locale":"es_ES","og_type":"article","og_title":"Biogotas defluentes - Uniest","og_description":"Biogotas salientes: son preciosas gotas vegetales, de peque\u00f1o tama\u00f1o molecular, que ayudan a la piel, sometida a ataques de agentes agresivos, a recuperar una nueva frescura. Dan tono a la piel y son excelentes en todos los casos de rojeces, descamaciones, ligeras hinchaz\u00f3n y quemaduras solares leves, ya que contrarrestan las molestias dejando una sensaci\u00f3n [&hellip;]","og_url":"https:\/\/uniest.it\/prodotto\/biogotas-defluentes\/","og_site_name":"Uniest","twitter_card":"summary_large_image","twitter_misc":{"Tiempo de lectura":"1 minuto"},"schema":{"@context":"https:\/\/schema.org","@graph":[{"@type":"WebPage","@id":"https:\/\/uniest.it\/prodotto\/biogotas-defluentes\/","url":"https:\/\/uniest.it\/prodotto\/biogotas-defluentes\/","name":"Biogotas defluentes - Uniest","isPartOf":{"@id":"https:\/\/uniest.it\/#website"},"primaryImageOfPage":{"@id":"https:\/\/uniest.it\/prodotto\/biogotas-defluentes\/#primaryimage"},"image":{"@id":"https:\/\/uniest.it\/prodotto\/biogotas-defluentes\/#primaryimage"},"thumbnailUrl":"https:\/\/uniest.it\/wp-content\/uploads\/2020\/11\/105AAE.png","datePublished":"2024-10-23T16:26:25+00:00","breadcrumb":{"@id":"https:\/\/uniest.it\/prodotto\/biogotas-defluentes\/#breadcrumb"},"inLanguage":"es","potentialAction":[{"@type":"ReadAction","target":["https:\/\/uniest.it\/prodotto\/biogotas-defluentes\/"]}]},{"@type":"ImageObject","inLanguage":"es","@id":"https:\/\/uniest.it\/prodotto\/biogotas-defluentes\/#primaryimage","url":"https:\/\/uniest.it\/wp-content\/uploads\/2020\/11\/105AAE.png","contentUrl":"https:\/\/uniest.it\/wp-content\/uploads\/2020\/11\/105AAE.png","width":1283,"height":2001},{"@type":"BreadcrumbList","@id":"https:\/\/uniest.it\/prodotto\/biogotas-defluentes\/#breadcrumb","itemListElement":[{"@type":"ListItem","position":1,"name":"Home","item":"https:\/\/uniest.it\/es\/"},{"@type":"ListItem","position":2,"name":"Shop","item":"https:\/\/uniest.it\/shop\/"},{"@type":"ListItem","position":3,"name":"Biogotas defluentes"}]},{"@type":"WebSite","@id":"https:\/\/uniest.it\/#website","url":"https:\/\/uniest.it\/","name":"Uniest","description":"Cosmetici Naturali e Bio","potentialAction":[{"@type":"SearchAction","target":{"@type":"EntryPoint","urlTemplate":"https:\/\/uniest.it\/?s={search_term_string}"},"query-input":{"@type":"PropertyValueSpecification","valueRequired":true,"valueName":"search_term_string"}}],"inLanguage":"es"}]}},"_links":{"self":[{"href":"https:\/\/uniest.it\/es\/wp-json\/wp\/v2\/product\/6171","targetHints":{"allow":["GET"]}}],"collection":[{"href":"https:\/\/uniest.it\/es\/wp-json\/wp\/v2\/product"}],"about":[{"href":"https:\/\/uniest.it\/es\/wp-json\/wp\/v2\/types\/product"}],"wp:featuredmedia":[{"embeddable":true,"href":"https:\/\/uniest.it\/es\/wp-json\/wp\/v2\/media\/6172"}],"wp:attachment":[{"href":"https:\/\/uniest.it\/es\/wp-json\/wp\/v2\/media?parent=6171"}],"wp:term":[{"taxonomy":"product_brand","embeddable":true,"href":"https:\/\/uniest.it\/es\/wp-json\/wp\/v2\/product_brand?post=6171"},{"taxonomy":"product_cat","embeddable":true,"href":"https:\/\/uniest.it\/es\/wp-json\/wp\/v2\/product_cat?post=6171"},{"taxonomy":"product_tag","embeddable":true,"href":"https:\/\/uniest.it\/es\/wp-json\/wp\/v2\/product_tag?post=6171"}],"curies":[{"name":"wp","href":"https:\/\/api.w.org\/{rel}","templated":true}]}}