{"id":6173,"date":"2024-10-23T17:26:25","date_gmt":"2024-10-23T16:26:25","guid":{"rendered":"https:\/\/uniest.it\/prodotto\/champu-bio-250-ml\/"},"modified":"2024-10-23T17:26:25","modified_gmt":"2024-10-23T16:26:25","slug":"champu-bio-250-ml","status":"publish","type":"product","link":"https:\/\/uniest.it\/es\/prodotto\/champu-bio-250-ml\/","title":{"rendered":"Champ\u00fa Bio &#8211; 250 ml"},"content":{"rendered":"<p>Champ\u00fa Bio Natural para Animales es un Champ\u00fa muy delicado creado como un aut\u00e9ntico tratamiento de belleza para nuestros amigos animales. Formulado con las mejores materias primas capaces de aportar nutrici\u00f3n, suavidad y protecci\u00f3n respetando el pH fisiol\u00f3gico natural. Enriquecido con \u00c1cido L\u00e1ctico, regula y normaliza el pH fisiol\u00f3gico; El Aloe Org\u00e1nico* en sinergia con el Extracto de Manzanilla Org\u00e1nica* y el Pantenol son capaces de proporcionar la nutrici\u00f3n adecuada incluso a los animales que requieren una protecci\u00f3n y limpieza delicadas.<\/p>\n","protected":false},"excerpt":{"rendered":"<p>Champ\u00fa Bio Natural para Animales es un Champ\u00fa muy delicado creado como un aut\u00e9ntico tratamiento de belleza para nuestros amigos animales. Formulado con las mejores materias primas capaces de aportar nutrici\u00f3n, suavidad y protecci\u00f3n respetando el pH fisiol\u00f3gico natural. Enriquecido con \u00c1cido L\u00e1ctico, regula y normaliza el pH fisiol\u00f3gico; El Aloe Org\u00e1nico* en sinergia con [&hellip;]<\/p>\n","protected":false},"featured_media":6174,"template":"","meta":{"_acf_changed":false,"inline_featured_image":false},"product_brand":[],"product_cat":[1430],"product_tag":[],"class_list":{"0":"post-6173","1":"product","2":"type-product","3":"status-publish","4":"has-post-thumbnail","6":"product_beauty-aromatizzare-e-profumare","7":"product_beauty-detergere","8":"product_beauty-idratare","9":"product_skin-tutti-gli-animali","10":"product_kind-trattamenti-speciali","11":"product_kind_pets-detergenti-animali","12":"product_lines-animal-care","13":"product_cat-famiglia-e-pet-es","14":"pa_size-250-es","16":"first","17":"instock","18":"taxable","19":"shipping-taxable","20":"purchasable","21":"product-type-simple"},"acf":[],"yoast_head":"<!-- This site is optimized with the Yoast SEO plugin v24.6 - https:\/\/yoast.com\/wordpress\/plugins\/seo\/ -->\n<title>Champ\u00fa Bio - 250 ml - Uniest<\/title>\n<meta name=\"robots\" content=\"index, follow, max-snippet:-1, max-image-preview:large, max-video-preview:-1\" \/>\n<link rel=\"canonical\" href=\"https:\/\/uniest.it\/prodotto\/champu-bio-250-ml\/\" \/>\n<meta property=\"og:locale\" content=\"es_ES\" \/>\n<meta property=\"og:type\" content=\"article\" \/>\n<meta property=\"og:title\" content=\"Champ\u00fa Bio - 250 ml - Uniest\" \/>\n<meta property=\"og:description\" content=\"Champ\u00fa Bio Natural para Animales es un Champ\u00fa muy delicado creado como un aut\u00e9ntico tratamiento de belleza para nuestros amigos animales. Formulado con las mejores materias primas capaces de aportar nutrici\u00f3n, suavidad y protecci\u00f3n respetando el pH fisiol\u00f3gico natural. Enriquecido con \u00c1cido L\u00e1ctico, regula y normaliza el pH fisiol\u00f3gico; El Aloe Org\u00e1nico* en sinergia con [&hellip;]\" \/>\n<meta property=\"og:url\" content=\"https:\/\/uniest.it\/prodotto\/champu-bio-250-ml\/\" \/>\n<meta property=\"og:site_name\" content=\"Uniest\" \/>\n<meta name=\"twitter:card\" content=\"summary_large_image\" \/>\n<script type=\"application\/ld+json\" class=\"yoast-schema-graph\">{\"@context\":\"https:\/\/schema.org\",\"@graph\":[{\"@type\":\"WebPage\",\"@id\":\"https:\/\/uniest.it\/prodotto\/champu-bio-250-ml\/\",\"url\":\"https:\/\/uniest.it\/prodotto\/champu-bio-250-ml\/\",\"name\":\"Champ\u00fa Bio - 250 ml - Uniest\",\"isPartOf\":{\"@id\":\"https:\/\/uniest.it\/#website\"},\"primaryImageOfPage\":{\"@id\":\"https:\/\/uniest.it\/prodotto\/champu-bio-250-ml\/#primaryimage\"},\"image\":{\"@id\":\"https:\/\/uniest.it\/prodotto\/champu-bio-250-ml\/#primaryimage\"},\"thumbnailUrl\":\"https:\/\/uniest.it\/wp-content\/uploads\/2020\/12\/109AAC.png\",\"datePublished\":\"2024-10-23T16:26:25+00:00\",\"breadcrumb\":{\"@id\":\"https:\/\/uniest.it\/prodotto\/champu-bio-250-ml\/#breadcrumb\"},\"inLanguage\":\"es\",\"potentialAction\":[{\"@type\":\"ReadAction\",\"target\":[\"https:\/\/uniest.it\/prodotto\/champu-bio-250-ml\/\"]}]},{\"@type\":\"ImageObject\",\"inLanguage\":\"es\",\"@id\":\"https:\/\/uniest.it\/prodotto\/champu-bio-250-ml\/#primaryimage\",\"url\":\"https:\/\/uniest.it\/wp-content\/uploads\/2020\/12\/109AAC.png\",\"contentUrl\":\"https:\/\/uniest.it\/wp-content\/uploads\/2020\/12\/109AAC.png\",\"width\":1283,\"height\":2000},{\"@type\":\"BreadcrumbList\",\"@id\":\"https:\/\/uniest.it\/prodotto\/champu-bio-250-ml\/#breadcrumb\",\"itemListElement\":[{\"@type\":\"ListItem\",\"position\":1,\"name\":\"Home\",\"item\":\"https:\/\/uniest.it\/es\/\"},{\"@type\":\"ListItem\",\"position\":2,\"name\":\"Shop\",\"item\":\"https:\/\/uniest.it\/shop\/\"},{\"@type\":\"ListItem\",\"position\":3,\"name\":\"Champ\u00fa Bio &#8211; 250 ml\"}]},{\"@type\":\"WebSite\",\"@id\":\"https:\/\/uniest.it\/#website\",\"url\":\"https:\/\/uniest.it\/\",\"name\":\"Uniest\",\"description\":\"Cosmetici Naturali e Bio\",\"potentialAction\":[{\"@type\":\"SearchAction\",\"target\":{\"@type\":\"EntryPoint\",\"urlTemplate\":\"https:\/\/uniest.it\/?s={search_term_string}\"},\"query-input\":{\"@type\":\"PropertyValueSpecification\",\"valueRequired\":true,\"valueName\":\"search_term_string\"}}],\"inLanguage\":\"es\"}]}<\/script>\n<!-- \/ Yoast SEO plugin. -->","yoast_head_json":{"title":"Champ\u00fa Bio - 250 ml - Uniest","robots":{"index":"index","follow":"follow","max-snippet":"max-snippet:-1","max-image-preview":"max-image-preview:large","max-video-preview":"max-video-preview:-1"},"canonical":"https:\/\/uniest.it\/prodotto\/champu-bio-250-ml\/","og_locale":"es_ES","og_type":"article","og_title":"Champ\u00fa Bio - 250 ml - Uniest","og_description":"Champ\u00fa Bio Natural para Animales es un Champ\u00fa muy delicado creado como un aut\u00e9ntico tratamiento de belleza para nuestros amigos animales. Formulado con las mejores materias primas capaces de aportar nutrici\u00f3n, suavidad y protecci\u00f3n respetando el pH fisiol\u00f3gico natural. Enriquecido con \u00c1cido L\u00e1ctico, regula y normaliza el pH fisiol\u00f3gico; El Aloe Org\u00e1nico* en sinergia con [&hellip;]","og_url":"https:\/\/uniest.it\/prodotto\/champu-bio-250-ml\/","og_site_name":"Uniest","twitter_card":"summary_large_image","schema":{"@context":"https:\/\/schema.org","@graph":[{"@type":"WebPage","@id":"https:\/\/uniest.it\/prodotto\/champu-bio-250-ml\/","url":"https:\/\/uniest.it\/prodotto\/champu-bio-250-ml\/","name":"Champ\u00fa Bio - 250 ml - Uniest","isPartOf":{"@id":"https:\/\/uniest.it\/#website"},"primaryImageOfPage":{"@id":"https:\/\/uniest.it\/prodotto\/champu-bio-250-ml\/#primaryimage"},"image":{"@id":"https:\/\/uniest.it\/prodotto\/champu-bio-250-ml\/#primaryimage"},"thumbnailUrl":"https:\/\/uniest.it\/wp-content\/uploads\/2020\/12\/109AAC.png","datePublished":"2024-10-23T16:26:25+00:00","breadcrumb":{"@id":"https:\/\/uniest.it\/prodotto\/champu-bio-250-ml\/#breadcrumb"},"inLanguage":"es","potentialAction":[{"@type":"ReadAction","target":["https:\/\/uniest.it\/prodotto\/champu-bio-250-ml\/"]}]},{"@type":"ImageObject","inLanguage":"es","@id":"https:\/\/uniest.it\/prodotto\/champu-bio-250-ml\/#primaryimage","url":"https:\/\/uniest.it\/wp-content\/uploads\/2020\/12\/109AAC.png","contentUrl":"https:\/\/uniest.it\/wp-content\/uploads\/2020\/12\/109AAC.png","width":1283,"height":2000},{"@type":"BreadcrumbList","@id":"https:\/\/uniest.it\/prodotto\/champu-bio-250-ml\/#breadcrumb","itemListElement":[{"@type":"ListItem","position":1,"name":"Home","item":"https:\/\/uniest.it\/es\/"},{"@type":"ListItem","position":2,"name":"Shop","item":"https:\/\/uniest.it\/shop\/"},{"@type":"ListItem","position":3,"name":"Champ\u00fa Bio &#8211; 250 ml"}]},{"@type":"WebSite","@id":"https:\/\/uniest.it\/#website","url":"https:\/\/uniest.it\/","name":"Uniest","description":"Cosmetici Naturali e Bio","potentialAction":[{"@type":"SearchAction","target":{"@type":"EntryPoint","urlTemplate":"https:\/\/uniest.it\/?s={search_term_string}"},"query-input":{"@type":"PropertyValueSpecification","valueRequired":true,"valueName":"search_term_string"}}],"inLanguage":"es"}]}},"_links":{"self":[{"href":"https:\/\/uniest.it\/es\/wp-json\/wp\/v2\/product\/6173","targetHints":{"allow":["GET"]}}],"collection":[{"href":"https:\/\/uniest.it\/es\/wp-json\/wp\/v2\/product"}],"about":[{"href":"https:\/\/uniest.it\/es\/wp-json\/wp\/v2\/types\/product"}],"wp:featuredmedia":[{"embeddable":true,"href":"https:\/\/uniest.it\/es\/wp-json\/wp\/v2\/media\/6174"}],"wp:attachment":[{"href":"https:\/\/uniest.it\/es\/wp-json\/wp\/v2\/media?parent=6173"}],"wp:term":[{"taxonomy":"product_brand","embeddable":true,"href":"https:\/\/uniest.it\/es\/wp-json\/wp\/v2\/product_brand?post=6173"},{"taxonomy":"product_cat","embeddable":true,"href":"https:\/\/uniest.it\/es\/wp-json\/wp\/v2\/product_cat?post=6173"},{"taxonomy":"product_tag","embeddable":true,"href":"https:\/\/uniest.it\/es\/wp-json\/wp\/v2\/product_tag?post=6173"}],"curies":[{"name":"wp","href":"https:\/\/api.w.org\/{rel}","templated":true}]}}